{"id":19293,"date":"2017-08-09T11:21:35","date_gmt":"2017-08-09T10:21:35","guid":{"rendered":"https:\/\/abilica.com\/se\/\/abilica-winelip-cruise\/"},"modified":"2025-12-05T15:31:07","modified_gmt":"2025-12-05T14:31:07","slug":"abilica-winelip-cruise","status":"publish","type":"product","link":"https:\/\/abilica.com\/sv\/kondition\/crosstrainers\/abilica-winelip-cruise\/","title":{"rendered":"Abilica WinElip Cruise"},"content":{"rendered":"<div class=\"wpb-content-wrapper\"><p>[vc_row][vc_column][vc_column_text]En stabil crosstrainer som l\u00e4mpar sig perfekt f\u00f6r b\u00e5de uppv\u00e4rmning och konditionstr\u00e4ning. F\u00f6rhandsinst\u00e4llda program g\u00f6r det enkelt att komma ig\u00e5ng. Helt nya Abilica WinElip Cruise har elektroniskt justerbart motst\u00e5nd i 32 niv\u00e5er och en dator med 12 f\u00f6rhandsinst\u00e4llda tr\u00e4ningsprogram. Med en elegant design och en stegl\u00e4ngd p\u00e5 32 cm \u00e4r detta ett perfekt val f\u00f6r de som \u00f6nskar en kompakt crosstrainer. De f\u00f6rhandsinst\u00e4llda programmen g\u00f6r det enkelt att komma ig\u00e5ng med tr\u00e4ningen. Variation fr\u00e5n de olika motst\u00e5ndsniv\u00e5erna \u00f6kar konditionen genom varierande tr\u00e4ningspass. Apparaten levereras dessutom med handpulsm\u00e4tare som kan l\u00e4sas av p\u00e5 displayen. Maximal anv\u00e4ndarvikt \u00e4r 130 kg.<\/p>\n<p><strong>NB!\u00a0Bilderna p\u00e5 datorn kan\u00a0skilja fr\u00e5n verkligheten.<\/strong>[\/vc_column_text][vc_empty_space height=&#8221;52px&#8221;][\/vc_column][\/vc_row][vc_row][vc_column][vc_btn title=&#8221;Teknisk information&#8221; style=&#8221;flat&#8221; color=&#8221;black&#8221; i_icon_fontawesome=&#8221;&#8221; add_icon=&#8221;true&#8221; link=&#8221;url:https%3A%2F%2Fabilica.com%2Fse%2Fwp-content%2Fuploads%2F2021%2F06%2FEllipsemaskiner-UK-1.pdf|target:_blank&#8221;][vc_btn title=&#8221;Anv\u00e4ndarmanual&#8221; style=&#8221;flat&#8221; color=&#8221;black&#8221; i_icon_fontawesome=&#8221;fa fa-file-pdf-o&#8221; add_icon=&#8221;true&#8221; link=&#8221;url:https%3A%2F%2Fabilica.com%2Fse%2Fwp-content%2Fuploads%2F2021%2F01%2FAbilica-WinElip-Cruise.pdf||target:%20_blank|&#8221;][vc_btn title=&#8221;Underh\u00e5llstips&#8221; style=&#8221;flat&#8221; color=&#8221;black&#8221; i_icon_fontawesome=&#8221;fa fa-align-left&#8221; add_icon=&#8221;true&#8221; link=&#8221;url:https%3A%2F%2Fabilica.com%2Fse%2Ftraningsartiklar%2Ftraningstips-for-kondition%2Funderhall-av-traningsmaskiner%2F||target:%20_blank|&#8221;][vc_btn title=&#8221;Tr\u00e4ningstips&#8221; style=&#8221;flat&#8221; color=&#8221;black&#8221; i_icon_fontawesome=&#8221;fa fa-align-left&#8221; add_icon=&#8221;true&#8221; link=&#8221;url:http%3A%2F%2Fwww.hemmatraningsbloggen.se%2Fkondition%2Fintervall-pa-crosstrainer%2F||target:%20_blank|&#8221;][\/vc_column][\/vc_row]<\/p>\n<\/div>","protected":false},"excerpt":{"rendered":"<p>[vc_row][vc_column][vc_column_text]En stabil crosstrainer som l\u00e4mpar sig perfekt f\u00f6r b\u00e5de uppv\u00e4rmning och konditionstr\u00e4ning. F\u00f6rhandsinst\u00e4llda program g\u00f6r&#8230;<\/p>\n","protected":false},"featured_media":30694,"template":"","meta":{"_acf_changed":false},"product_brand":[],"product_cat":[496,475],"product_tag":[],"class_list":{"0":"post-19293","1":"product","2":"type-product","3":"status-publish","4":"has-post-thumbnail","6":"product_cat-crosstrainers","7":"product_cat-kondition","9":"first","10":"instock","11":"product-type-simple"},"acf":[],"yoast_head":"<!-- This site is optimized with the Yoast SEO Premium plugin v21.1 (Yoast SEO v25.4) - https:\/\/yoast.com\/wordpress\/plugins\/seo\/ -->\n<title>Abilica WinElip Cruise Abilica<\/title>\n<meta name=\"robots\" content=\"index, follow, max-snippet:-1, max-image-preview:large, max-video-preview:-1\" \/>\n<link rel=\"canonical\" href=\"https:\/\/abilica.com\/sv\/kondition\/crosstrainers\/abilica-winelip-cruise\/\" \/>\n<meta property=\"og:locale\" content=\"sv_SE\" \/>\n<meta property=\"og:type\" content=\"article\" \/>\n<meta property=\"og:title\" content=\"Abilica WinElip Cruise\" \/>\n<meta property=\"og:description\" content=\"[vc_row][vc_column][vc_column_text]En stabil crosstrainer som l\u00e4mpar sig perfekt f\u00f6r b\u00e5de uppv\u00e4rmning och konditionstr\u00e4ning. F\u00f6rhandsinst\u00e4llda program g\u00f6r...\" \/>\n<meta property=\"og:url\" content=\"https:\/\/abilica.com\/sv\/kondition\/crosstrainers\/abilica-winelip-cruise\/\" \/>\n<meta property=\"og:site_name\" content=\"Abilica\" \/>\n<meta property=\"article:publisher\" content=\"https:\/\/www.facebook.com\/abilicahometraining\/\" \/>\n<meta property=\"article:modified_time\" content=\"2025-12-05T14:31:07+00:00\" \/>\n<meta property=\"og:image\" content=\"https:\/\/abilica.com\/wp-content\/uploads\/2017\/08\/300934-1.jpg\" \/>\n\t<meta property=\"og:image:width\" content=\"1200\" \/>\n\t<meta property=\"og:image:height\" content=\"1200\" \/>\n\t<meta property=\"og:image:type\" content=\"image\/jpeg\" \/>\n<meta name=\"twitter:card\" content=\"summary_large_image\" \/>\n<meta name=\"twitter:label1\" content=\"Ber\u00e4knad l\u00e4stid\" \/>\n\t<meta name=\"twitter:data1\" content=\"1 minut\" \/>\n<script type=\"application\/ld+json\" class=\"yoast-schema-graph\">{\"@context\":\"https:\/\/schema.org\",\"@graph\":[{\"@type\":\"WebPage\",\"@id\":\"https:\/\/abilica.com\/sv\/kondition\/crosstrainers\/abilica-winelip-cruise\/\",\"url\":\"https:\/\/abilica.com\/sv\/kondition\/crosstrainers\/abilica-winelip-cruise\/\",\"name\":\"Abilica WinElip Cruise Abilica\",\"isPartOf\":{\"@id\":\"https:\/\/abilica.com\/#website\"},\"primaryImageOfPage\":{\"@id\":\"https:\/\/abilica.com\/sv\/kondition\/crosstrainers\/abilica-winelip-cruise\/#primaryimage\"},\"image\":{\"@id\":\"https:\/\/abilica.com\/sv\/kondition\/crosstrainers\/abilica-winelip-cruise\/#primaryimage\"},\"thumbnailUrl\":\"https:\/\/abilica.com\/wp-content\/uploads\/2017\/08\/300934-1.jpg\",\"datePublished\":\"2017-08-09T10:21:35+00:00\",\"dateModified\":\"2025-12-05T14:31:07+00:00\",\"breadcrumb\":{\"@id\":\"https:\/\/abilica.com\/sv\/kondition\/crosstrainers\/abilica-winelip-cruise\/#breadcrumb\"},\"inLanguage\":\"sv-SE\",\"potentialAction\":[{\"@type\":\"ReadAction\",\"target\":[\"https:\/\/abilica.com\/sv\/kondition\/crosstrainers\/abilica-winelip-cruise\/\"]}]},{\"@type\":\"ImageObject\",\"inLanguage\":\"sv-SE\",\"@id\":\"https:\/\/abilica.com\/sv\/kondition\/crosstrainers\/abilica-winelip-cruise\/#primaryimage\",\"url\":\"https:\/\/abilica.com\/wp-content\/uploads\/2017\/08\/300934-1.jpg\",\"contentUrl\":\"https:\/\/abilica.com\/wp-content\/uploads\/2017\/08\/300934-1.jpg\",\"width\":1200,\"height\":1200},{\"@type\":\"BreadcrumbList\",\"@id\":\"https:\/\/abilica.com\/sv\/kondition\/crosstrainers\/abilica-winelip-cruise\/#breadcrumb\",\"itemListElement\":[{\"@type\":\"ListItem\",\"position\":1,\"name\":\"Hem\",\"item\":\"https:\/\/abilica.com\/sv\/\"},{\"@type\":\"ListItem\",\"position\":2,\"name\":\"Produkter\",\"item\":\"https:\/\/abilica.com\/sv\/shop\/\"},{\"@type\":\"ListItem\",\"position\":3,\"name\":\"Abilica WinElip Cruise\"}]},{\"@type\":\"WebSite\",\"@id\":\"https:\/\/abilica.com\/#website\",\"url\":\"https:\/\/abilica.com\/\",\"name\":\"Abilica\",\"description\":\"Abilica Home Training\",\"potentialAction\":[{\"@type\":\"SearchAction\",\"target\":{\"@type\":\"EntryPoint\",\"urlTemplate\":\"https:\/\/abilica.com\/?s={search_term_string}\"},\"query-input\":{\"@type\":\"PropertyValueSpecification\",\"valueRequired\":true,\"valueName\":\"search_term_string\"}}],\"inLanguage\":\"sv-SE\"}]}<\/script>\n<!-- \/ Yoast SEO Premium plugin. -->","yoast_head_json":{"title":"Abilica WinElip Cruise Abilica","robots":{"index":"index","follow":"follow","max-snippet":"max-snippet:-1","max-image-preview":"max-image-preview:large","max-video-preview":"max-video-preview:-1"},"canonical":"https:\/\/abilica.com\/sv\/kondition\/crosstrainers\/abilica-winelip-cruise\/","og_locale":"sv_SE","og_type":"article","og_title":"Abilica WinElip Cruise","og_description":"[vc_row][vc_column][vc_column_text]En stabil crosstrainer som l\u00e4mpar sig perfekt f\u00f6r b\u00e5de uppv\u00e4rmning och konditionstr\u00e4ning. F\u00f6rhandsinst\u00e4llda program g\u00f6r...","og_url":"https:\/\/abilica.com\/sv\/kondition\/crosstrainers\/abilica-winelip-cruise\/","og_site_name":"Abilica","article_publisher":"https:\/\/www.facebook.com\/abilicahometraining\/","article_modified_time":"2025-12-05T14:31:07+00:00","og_image":[{"width":1200,"height":1200,"url":"https:\/\/abilica.com\/wp-content\/uploads\/2017\/08\/300934-1.jpg","type":"image\/jpeg"}],"twitter_card":"summary_large_image","twitter_misc":{"Ber\u00e4knad l\u00e4stid":"1 minut"},"schema":{"@context":"https:\/\/schema.org","@graph":[{"@type":"WebPage","@id":"https:\/\/abilica.com\/sv\/kondition\/crosstrainers\/abilica-winelip-cruise\/","url":"https:\/\/abilica.com\/sv\/kondition\/crosstrainers\/abilica-winelip-cruise\/","name":"Abilica WinElip Cruise Abilica","isPartOf":{"@id":"https:\/\/abilica.com\/#website"},"primaryImageOfPage":{"@id":"https:\/\/abilica.com\/sv\/kondition\/crosstrainers\/abilica-winelip-cruise\/#primaryimage"},"image":{"@id":"https:\/\/abilica.com\/sv\/kondition\/crosstrainers\/abilica-winelip-cruise\/#primaryimage"},"thumbnailUrl":"https:\/\/abilica.com\/wp-content\/uploads\/2017\/08\/300934-1.jpg","datePublished":"2017-08-09T10:21:35+00:00","dateModified":"2025-12-05T14:31:07+00:00","breadcrumb":{"@id":"https:\/\/abilica.com\/sv\/kondition\/crosstrainers\/abilica-winelip-cruise\/#breadcrumb"},"inLanguage":"sv-SE","potentialAction":[{"@type":"ReadAction","target":["https:\/\/abilica.com\/sv\/kondition\/crosstrainers\/abilica-winelip-cruise\/"]}]},{"@type":"ImageObject","inLanguage":"sv-SE","@id":"https:\/\/abilica.com\/sv\/kondition\/crosstrainers\/abilica-winelip-cruise\/#primaryimage","url":"https:\/\/abilica.com\/wp-content\/uploads\/2017\/08\/300934-1.jpg","contentUrl":"https:\/\/abilica.com\/wp-content\/uploads\/2017\/08\/300934-1.jpg","width":1200,"height":1200},{"@type":"BreadcrumbList","@id":"https:\/\/abilica.com\/sv\/kondition\/crosstrainers\/abilica-winelip-cruise\/#breadcrumb","itemListElement":[{"@type":"ListItem","position":1,"name":"Hem","item":"https:\/\/abilica.com\/sv\/"},{"@type":"ListItem","position":2,"name":"Produkter","item":"https:\/\/abilica.com\/sv\/shop\/"},{"@type":"ListItem","position":3,"name":"Abilica WinElip Cruise"}]},{"@type":"WebSite","@id":"https:\/\/abilica.com\/#website","url":"https:\/\/abilica.com\/","name":"Abilica","description":"Abilica Home Training","potentialAction":[{"@type":"SearchAction","target":{"@type":"EntryPoint","urlTemplate":"https:\/\/abilica.com\/?s={search_term_string}"},"query-input":{"@type":"PropertyValueSpecification","valueRequired":true,"valueName":"search_term_string"}}],"inLanguage":"sv-SE"}]}},"_links":{"self":[{"href":"https:\/\/abilica.com\/sv\/wp-json\/wp\/v2\/product\/19293","targetHints":{"allow":["GET"]}}],"collection":[{"href":"https:\/\/abilica.com\/sv\/wp-json\/wp\/v2\/product"}],"about":[{"href":"https:\/\/abilica.com\/sv\/wp-json\/wp\/v2\/types\/product"}],"wp:featuredmedia":[{"embeddable":true,"href":"https:\/\/abilica.com\/sv\/wp-json\/wp\/v2\/media\/30694"}],"wp:attachment":[{"href":"https:\/\/abilica.com\/sv\/wp-json\/wp\/v2\/media?parent=19293"}],"wp:term":[{"taxonomy":"product_brand","embeddable":true,"href":"https:\/\/abilica.com\/sv\/wp-json\/wp\/v2\/product_brand?post=19293"},{"taxonomy":"product_cat","embeddable":true,"href":"https:\/\/abilica.com\/sv\/wp-json\/wp\/v2\/product_cat?post=19293"},{"taxonomy":"product_tag","embeddable":true,"href":"https:\/\/abilica.com\/sv\/wp-json\/wp\/v2\/product_tag?post=19293"}],"curies":[{"name":"wp","href":"https:\/\/api.w.org\/{rel}","templated":true}]}}