{"id":19358,"date":"2017-02-10T09:49:04","date_gmt":"2017-02-10T08:49:04","guid":{"rendered":"https:\/\/abilica.com\/se\/?post_type=product&#038;p=19358"},"modified":"2025-02-05T15:34:06","modified_gmt":"2025-02-05T14:34:06","slug":"abilica-waistpack","status":"publish","type":"product","link":"https:\/\/abilica.com\/sv\/styrka\/tillbehor\/abilica-waistpack\/","title":{"rendered":"Abilica WaistPack"},"content":{"rendered":"<p>Abilica WaistPack l\u00e4mpar sig perfekt f\u00f6r f\u00f6rvaring av t.ex. telefon, kort och nycklar under tr\u00e4ning. Kan anv\u00e4ndas b\u00e5de inne och ute. Dubbelt lager med fickor skyddar de olika enheterna. Tillverkad i supertunt Lycra-material g\u00f6r att den \u00e4r mycket l\u00e4tt och bekv\u00e4m att ha p\u00e5 sig. Pekk\u00e4nsligt f\u00f6nster g\u00f6r att mobiltelefonen kan anv\u00e4ndas utan att du beh\u00f6ver plocka ut den. Vattenavvisande material med reflex. Silikonh\u00e5l f\u00f6r uttag till h\u00f6rlurar. Justerbart, elastiskt b\u00e4lte p\u00e5 65\u2013110 cm. Passar de flesta telefonerna. Storlek: L 24,5\/16,5 x B 11 cm p\u00e5 v\u00e4skan.<\/p>\n","protected":false},"excerpt":{"rendered":"<p>Abilica WaistPack l\u00e4mpar sig perfekt f\u00f6r f\u00f6rvaring av t.ex. telefon, kort och nycklar under tr\u00e4ning&#8230;.<\/p>\n","protected":false},"featured_media":20439,"template":"","meta":{"_acf_changed":false},"product_brand":[],"product_cat":[475,478],"product_tag":[177],"class_list":{"0":"post-19358","1":"product","2":"type-product","3":"status-publish","4":"has-post-thumbnail","6":"product_cat-kondition","7":"product_cat-tillbehor","8":"product_tag-small-items","10":"first","11":"instock","12":"product-type-variable"},"acf":[],"yoast_head":"<!-- This site is optimized with the Yoast SEO Premium plugin v21.1 (Yoast SEO v25.4) - https:\/\/yoast.com\/wordpress\/plugins\/seo\/ -->\n<title>Abilica WaistPack Abilica<\/title>\n<meta name=\"robots\" content=\"index, follow, max-snippet:-1, max-image-preview:large, max-video-preview:-1\" \/>\n<link rel=\"canonical\" href=\"https:\/\/abilica.com\/sv\/styrka\/tillbehor\/abilica-waistpack\/\" \/>\n<meta property=\"og:locale\" content=\"sv_SE\" \/>\n<meta property=\"og:type\" content=\"article\" \/>\n<meta property=\"og:title\" content=\"Abilica WaistPack\" \/>\n<meta property=\"og:description\" content=\"Abilica WaistPack l\u00e4mpar sig perfekt f\u00f6r f\u00f6rvaring av t.ex. telefon, kort och nycklar under tr\u00e4ning....\" \/>\n<meta property=\"og:url\" content=\"https:\/\/abilica.com\/sv\/styrka\/tillbehor\/abilica-waistpack\/\" \/>\n<meta property=\"og:site_name\" content=\"Abilica\" \/>\n<meta property=\"article:publisher\" content=\"https:\/\/www.facebook.com\/abilicahometraining\/\" \/>\n<meta property=\"article:modified_time\" content=\"2025-02-05T14:34:06+00:00\" \/>\n<meta property=\"og:image\" content=\"https:\/\/abilica.com\/wp-content\/uploads\/2017\/10\/300917.jpg\" \/>\n\t<meta property=\"og:image:width\" content=\"1200\" \/>\n\t<meta property=\"og:image:height\" content=\"1200\" \/>\n\t<meta property=\"og:image:type\" content=\"image\/jpeg\" \/>\n<meta name=\"twitter:card\" content=\"summary_large_image\" \/>\n<meta name=\"twitter:label1\" content=\"Ber\u00e4knad l\u00e4stid\" \/>\n\t<meta name=\"twitter:data1\" content=\"1 minut\" \/>\n<script type=\"application\/ld+json\" class=\"yoast-schema-graph\">{\"@context\":\"https:\/\/schema.org\",\"@graph\":[{\"@type\":\"WebPage\",\"@id\":\"https:\/\/abilica.com\/sv\/styrka\/tillbehor\/abilica-waistpack\/\",\"url\":\"https:\/\/abilica.com\/sv\/styrka\/tillbehor\/abilica-waistpack\/\",\"name\":\"Abilica WaistPack Abilica\",\"isPartOf\":{\"@id\":\"https:\/\/abilica.com\/#website\"},\"primaryImageOfPage\":{\"@id\":\"https:\/\/abilica.com\/sv\/styrka\/tillbehor\/abilica-waistpack\/#primaryimage\"},\"image\":{\"@id\":\"https:\/\/abilica.com\/sv\/styrka\/tillbehor\/abilica-waistpack\/#primaryimage\"},\"thumbnailUrl\":\"https:\/\/abilica.com\/wp-content\/uploads\/2017\/10\/300917.jpg\",\"datePublished\":\"2017-02-10T08:49:04+00:00\",\"dateModified\":\"2025-02-05T14:34:06+00:00\",\"breadcrumb\":{\"@id\":\"https:\/\/abilica.com\/sv\/styrka\/tillbehor\/abilica-waistpack\/#breadcrumb\"},\"inLanguage\":\"sv-SE\",\"potentialAction\":[{\"@type\":\"ReadAction\",\"target\":[\"https:\/\/abilica.com\/sv\/styrka\/tillbehor\/abilica-waistpack\/\"]}]},{\"@type\":\"ImageObject\",\"inLanguage\":\"sv-SE\",\"@id\":\"https:\/\/abilica.com\/sv\/styrka\/tillbehor\/abilica-waistpack\/#primaryimage\",\"url\":\"https:\/\/abilica.com\/wp-content\/uploads\/2017\/10\/300917.jpg\",\"contentUrl\":\"https:\/\/abilica.com\/wp-content\/uploads\/2017\/10\/300917.jpg\",\"width\":1200,\"height\":1200},{\"@type\":\"BreadcrumbList\",\"@id\":\"https:\/\/abilica.com\/sv\/styrka\/tillbehor\/abilica-waistpack\/#breadcrumb\",\"itemListElement\":[{\"@type\":\"ListItem\",\"position\":1,\"name\":\"Hem\",\"item\":\"https:\/\/abilica.com\/sv\/\"},{\"@type\":\"ListItem\",\"position\":2,\"name\":\"Produkter\",\"item\":\"https:\/\/abilica.com\/sv\/shop\/\"},{\"@type\":\"ListItem\",\"position\":3,\"name\":\"Abilica WaistPack\"}]},{\"@type\":\"WebSite\",\"@id\":\"https:\/\/abilica.com\/#website\",\"url\":\"https:\/\/abilica.com\/\",\"name\":\"Abilica\",\"description\":\"Abilica Home Training\",\"potentialAction\":[{\"@type\":\"SearchAction\",\"target\":{\"@type\":\"EntryPoint\",\"urlTemplate\":\"https:\/\/abilica.com\/?s={search_term_string}\"},\"query-input\":{\"@type\":\"PropertyValueSpecification\",\"valueRequired\":true,\"valueName\":\"search_term_string\"}}],\"inLanguage\":\"sv-SE\"}]}<\/script>\n<!-- \/ Yoast SEO Premium plugin. -->","yoast_head_json":{"title":"Abilica WaistPack Abilica","robots":{"index":"index","follow":"follow","max-snippet":"max-snippet:-1","max-image-preview":"max-image-preview:large","max-video-preview":"max-video-preview:-1"},"canonical":"https:\/\/abilica.com\/sv\/styrka\/tillbehor\/abilica-waistpack\/","og_locale":"sv_SE","og_type":"article","og_title":"Abilica WaistPack","og_description":"Abilica WaistPack l\u00e4mpar sig perfekt f\u00f6r f\u00f6rvaring av t.ex. telefon, kort och nycklar under tr\u00e4ning....","og_url":"https:\/\/abilica.com\/sv\/styrka\/tillbehor\/abilica-waistpack\/","og_site_name":"Abilica","article_publisher":"https:\/\/www.facebook.com\/abilicahometraining\/","article_modified_time":"2025-02-05T14:34:06+00:00","og_image":[{"width":1200,"height":1200,"url":"https:\/\/abilica.com\/wp-content\/uploads\/2017\/10\/300917.jpg","type":"image\/jpeg"}],"twitter_card":"summary_large_image","twitter_misc":{"Ber\u00e4knad l\u00e4stid":"1 minut"},"schema":{"@context":"https:\/\/schema.org","@graph":[{"@type":"WebPage","@id":"https:\/\/abilica.com\/sv\/styrka\/tillbehor\/abilica-waistpack\/","url":"https:\/\/abilica.com\/sv\/styrka\/tillbehor\/abilica-waistpack\/","name":"Abilica WaistPack Abilica","isPartOf":{"@id":"https:\/\/abilica.com\/#website"},"primaryImageOfPage":{"@id":"https:\/\/abilica.com\/sv\/styrka\/tillbehor\/abilica-waistpack\/#primaryimage"},"image":{"@id":"https:\/\/abilica.com\/sv\/styrka\/tillbehor\/abilica-waistpack\/#primaryimage"},"thumbnailUrl":"https:\/\/abilica.com\/wp-content\/uploads\/2017\/10\/300917.jpg","datePublished":"2017-02-10T08:49:04+00:00","dateModified":"2025-02-05T14:34:06+00:00","breadcrumb":{"@id":"https:\/\/abilica.com\/sv\/styrka\/tillbehor\/abilica-waistpack\/#breadcrumb"},"inLanguage":"sv-SE","potentialAction":[{"@type":"ReadAction","target":["https:\/\/abilica.com\/sv\/styrka\/tillbehor\/abilica-waistpack\/"]}]},{"@type":"ImageObject","inLanguage":"sv-SE","@id":"https:\/\/abilica.com\/sv\/styrka\/tillbehor\/abilica-waistpack\/#primaryimage","url":"https:\/\/abilica.com\/wp-content\/uploads\/2017\/10\/300917.jpg","contentUrl":"https:\/\/abilica.com\/wp-content\/uploads\/2017\/10\/300917.jpg","width":1200,"height":1200},{"@type":"BreadcrumbList","@id":"https:\/\/abilica.com\/sv\/styrka\/tillbehor\/abilica-waistpack\/#breadcrumb","itemListElement":[{"@type":"ListItem","position":1,"name":"Hem","item":"https:\/\/abilica.com\/sv\/"},{"@type":"ListItem","position":2,"name":"Produkter","item":"https:\/\/abilica.com\/sv\/shop\/"},{"@type":"ListItem","position":3,"name":"Abilica WaistPack"}]},{"@type":"WebSite","@id":"https:\/\/abilica.com\/#website","url":"https:\/\/abilica.com\/","name":"Abilica","description":"Abilica Home Training","potentialAction":[{"@type":"SearchAction","target":{"@type":"EntryPoint","urlTemplate":"https:\/\/abilica.com\/?s={search_term_string}"},"query-input":{"@type":"PropertyValueSpecification","valueRequired":true,"valueName":"search_term_string"}}],"inLanguage":"sv-SE"}]}},"_links":{"self":[{"href":"https:\/\/abilica.com\/sv\/wp-json\/wp\/v2\/product\/19358","targetHints":{"allow":["GET"]}}],"collection":[{"href":"https:\/\/abilica.com\/sv\/wp-json\/wp\/v2\/product"}],"about":[{"href":"https:\/\/abilica.com\/sv\/wp-json\/wp\/v2\/types\/product"}],"wp:featuredmedia":[{"embeddable":true,"href":"https:\/\/abilica.com\/sv\/wp-json\/wp\/v2\/media\/20439"}],"wp:attachment":[{"href":"https:\/\/abilica.com\/sv\/wp-json\/wp\/v2\/media?parent=19358"}],"wp:term":[{"taxonomy":"product_brand","embeddable":true,"href":"https:\/\/abilica.com\/sv\/wp-json\/wp\/v2\/product_brand?post=19358"},{"taxonomy":"product_cat","embeddable":true,"href":"https:\/\/abilica.com\/sv\/wp-json\/wp\/v2\/product_cat?post=19358"},{"taxonomy":"product_tag","embeddable":true,"href":"https:\/\/abilica.com\/sv\/wp-json\/wp\/v2\/product_tag?post=19358"}],"curies":[{"name":"wp","href":"https:\/\/api.w.org\/{rel}","templated":true}]}}