{"id":2001,"date":"2015-02-27T00:00:00","date_gmt":"2015-02-26T23:00:00","guid":{"rendered":"https:\/\/abilica.com\/se\/produkt\/abilica-squatrack\/"},"modified":"2024-03-18T12:34:18","modified_gmt":"2024-03-18T11:34:18","slug":"abilica-squatrack","status":"publish","type":"product","link":"https:\/\/abilica.com\/sv\/styrka\/abilica-squatrack\/","title":{"rendered":"Abilica SquatRack"},"content":{"rendered":"<div class=\"wpb-content-wrapper\"><p>[vc_row][vc_column][vc_column_text el_class=&#8221;product-video&#8221;]Abilica SquatRack \u00e4r ett rej\u00e4lt, stabilt och smidigt kn\u00e4b\u00f6jsst\u00e4ll som \u00e4r perfekt f\u00f6r press- och b\u00f6j\u00f6vningar som kn\u00e4b\u00f6j, utfall, dips och axelpress. Med Abilica SquatRack kan du tr\u00e4na effektivt f\u00f6r att st\u00e4rka muskler i ben, armar och andra delar av kroppen. Stativet har bra justeringsm\u00f6jligheter med bland annat 6 h\u00f6jdjusteringar och 7 breddjusteringar vilket g\u00f6r att du enkelt kan anpassa det efter dina behov. Gummerade diphandtag f\u00f6r optimalt grepp under \u00f6vningarna. N\u00e4r den inte anv\u00e4nds kan du dra ut breddjusteringarna helt f\u00f6r att spara utrymme. Levereras med gummif\u00f6tter som skyddar golvet.<span class=\"Apple-converted-space\">\u00a0<\/span><\/p>\n<p><b>TEKNISK INFO<\/b><\/p>\n<p><strong>M\u00e5tt monterad<\/strong><br \/>\n79 x 157 x 164 cm (L x B x H)<\/p>\n<p><strong>Niv\u00e5er h\u00f6jdjustering<\/strong><br \/>\n6 niv\u00e5er<\/p>\n<p><strong>Justerbar h\u00f6jd<\/strong><br \/>\n105-142 cm<\/p>\n<p><strong>Niv\u00e5er breddjustering<\/strong><br \/>\n7 niv\u00e5er<\/p>\n<p><strong>Justerbar bredd<\/strong><br \/>\n55-115 cm<\/p>\n<p><strong>Ramstorlek<\/strong><br \/>\n60 x 60 cm<\/p>\n<p><strong>Max belastning<\/strong><br \/>\n150 kg<\/p>\n<p><strong>Produktvikt<\/strong><br \/>\n21 kg<span class=\"Apple-converted-space\">\u00a0<\/span>[\/vc_column_text][vc_video link=&#8221;https:\/\/vimeo.com\/668152025&#8243; align=&#8221;center&#8221;][\/vc_column][\/vc_row]<\/p>\n<\/div>","protected":false},"excerpt":{"rendered":"<p>[vc_row][vc_column][vc_column_text el_class=&#8221;product-video&#8221;]Abilica SquatRack \u00e4r ett rej\u00e4lt, stabilt och smidigt kn\u00e4b\u00f6jsst\u00e4ll som \u00e4r perfekt f\u00f6r press-&#8230;<\/p>\n","protected":false},"featured_media":30135,"template":"","meta":{"_acf_changed":false},"product_brand":[],"product_cat":[471],"product_tag":[49,34],"class_list":{"0":"post-2001","1":"product","2":"type-product","3":"status-publish","4":"has-post-thumbnail","6":"product_cat-styrka","7":"product_tag-premium","8":"product_tag-styrka","10":"first","11":"instock","12":"product-type-simple"},"acf":[],"yoast_head":"<!-- This site is optimized with the Yoast SEO Premium plugin v21.1 (Yoast SEO v25.4) - https:\/\/yoast.com\/wordpress\/plugins\/seo\/ -->\n<title>Abilica SquatRack Abilica<\/title>\n<meta name=\"robots\" content=\"index, follow, max-snippet:-1, max-image-preview:large, max-video-preview:-1\" \/>\n<link rel=\"canonical\" href=\"https:\/\/abilica.com\/sv\/styrka\/abilica-squatrack\/\" \/>\n<meta property=\"og:locale\" content=\"sv_SE\" \/>\n<meta property=\"og:type\" content=\"article\" \/>\n<meta property=\"og:title\" content=\"Abilica SquatRack\" \/>\n<meta property=\"og:description\" content=\"[vc_row][vc_column][vc_column_text el_class=&#8221;product-video&#8221;]Abilica SquatRack \u00e4r ett rej\u00e4lt, stabilt och smidigt kn\u00e4b\u00f6jsst\u00e4ll som \u00e4r perfekt f\u00f6r press-...\" \/>\n<meta property=\"og:url\" content=\"https:\/\/abilica.com\/sv\/styrka\/abilica-squatrack\/\" \/>\n<meta property=\"og:site_name\" content=\"Abilica\" \/>\n<meta property=\"article:publisher\" content=\"https:\/\/www.facebook.com\/abilicahometraining\/\" \/>\n<meta property=\"article:modified_time\" content=\"2024-03-18T11:34:18+00:00\" \/>\n<meta property=\"og:image\" content=\"https:\/\/abilica.com\/wp-content\/uploads\/2020\/09\/SquatRack.jpg\" \/>\n\t<meta property=\"og:image:width\" content=\"1200\" \/>\n\t<meta property=\"og:image:height\" content=\"1200\" \/>\n\t<meta property=\"og:image:type\" content=\"image\/jpeg\" \/>\n<meta name=\"twitter:card\" content=\"summary_large_image\" \/>\n<meta name=\"twitter:label1\" content=\"Ber\u00e4knad l\u00e4stid\" \/>\n\t<meta name=\"twitter:data1\" content=\"1 minut\" \/>\n<script type=\"application\/ld+json\" class=\"yoast-schema-graph\">{\"@context\":\"https:\/\/schema.org\",\"@graph\":[{\"@type\":\"WebPage\",\"@id\":\"https:\/\/abilica.com\/sv\/styrka\/abilica-squatrack\/\",\"url\":\"https:\/\/abilica.com\/sv\/styrka\/abilica-squatrack\/\",\"name\":\"Abilica SquatRack Abilica\",\"isPartOf\":{\"@id\":\"https:\/\/abilica.com\/#website\"},\"primaryImageOfPage\":{\"@id\":\"https:\/\/abilica.com\/sv\/styrka\/abilica-squatrack\/#primaryimage\"},\"image\":{\"@id\":\"https:\/\/abilica.com\/sv\/styrka\/abilica-squatrack\/#primaryimage\"},\"thumbnailUrl\":\"https:\/\/abilica.com\/wp-content\/uploads\/2020\/09\/SquatRack.jpg\",\"datePublished\":\"2015-02-26T23:00:00+00:00\",\"dateModified\":\"2024-03-18T11:34:18+00:00\",\"breadcrumb\":{\"@id\":\"https:\/\/abilica.com\/sv\/styrka\/abilica-squatrack\/#breadcrumb\"},\"inLanguage\":\"sv-SE\",\"potentialAction\":[{\"@type\":\"ReadAction\",\"target\":[\"https:\/\/abilica.com\/sv\/styrka\/abilica-squatrack\/\"]}]},{\"@type\":\"ImageObject\",\"inLanguage\":\"sv-SE\",\"@id\":\"https:\/\/abilica.com\/sv\/styrka\/abilica-squatrack\/#primaryimage\",\"url\":\"https:\/\/abilica.com\/wp-content\/uploads\/2020\/09\/SquatRack.jpg\",\"contentUrl\":\"https:\/\/abilica.com\/wp-content\/uploads\/2020\/09\/SquatRack.jpg\",\"width\":1200,\"height\":1200},{\"@type\":\"BreadcrumbList\",\"@id\":\"https:\/\/abilica.com\/sv\/styrka\/abilica-squatrack\/#breadcrumb\",\"itemListElement\":[{\"@type\":\"ListItem\",\"position\":1,\"name\":\"Hem\",\"item\":\"https:\/\/abilica.com\/sv\/\"},{\"@type\":\"ListItem\",\"position\":2,\"name\":\"Produkter\",\"item\":\"https:\/\/abilica.com\/sv\/shop\/\"},{\"@type\":\"ListItem\",\"position\":3,\"name\":\"Abilica SquatRack\"}]},{\"@type\":\"WebSite\",\"@id\":\"https:\/\/abilica.com\/#website\",\"url\":\"https:\/\/abilica.com\/\",\"name\":\"Abilica\",\"description\":\"Abilica Home Training\",\"potentialAction\":[{\"@type\":\"SearchAction\",\"target\":{\"@type\":\"EntryPoint\",\"urlTemplate\":\"https:\/\/abilica.com\/?s={search_term_string}\"},\"query-input\":{\"@type\":\"PropertyValueSpecification\",\"valueRequired\":true,\"valueName\":\"search_term_string\"}}],\"inLanguage\":\"sv-SE\"}]}<\/script>\n<!-- \/ Yoast SEO Premium plugin. -->","yoast_head_json":{"title":"Abilica SquatRack Abilica","robots":{"index":"index","follow":"follow","max-snippet":"max-snippet:-1","max-image-preview":"max-image-preview:large","max-video-preview":"max-video-preview:-1"},"canonical":"https:\/\/abilica.com\/sv\/styrka\/abilica-squatrack\/","og_locale":"sv_SE","og_type":"article","og_title":"Abilica SquatRack","og_description":"[vc_row][vc_column][vc_column_text el_class=&#8221;product-video&#8221;]Abilica SquatRack \u00e4r ett rej\u00e4lt, stabilt och smidigt kn\u00e4b\u00f6jsst\u00e4ll som \u00e4r perfekt f\u00f6r press-...","og_url":"https:\/\/abilica.com\/sv\/styrka\/abilica-squatrack\/","og_site_name":"Abilica","article_publisher":"https:\/\/www.facebook.com\/abilicahometraining\/","article_modified_time":"2024-03-18T11:34:18+00:00","og_image":[{"width":1200,"height":1200,"url":"https:\/\/abilica.com\/wp-content\/uploads\/2020\/09\/SquatRack.jpg","type":"image\/jpeg"}],"twitter_card":"summary_large_image","twitter_misc":{"Ber\u00e4knad l\u00e4stid":"1 minut"},"schema":{"@context":"https:\/\/schema.org","@graph":[{"@type":"WebPage","@id":"https:\/\/abilica.com\/sv\/styrka\/abilica-squatrack\/","url":"https:\/\/abilica.com\/sv\/styrka\/abilica-squatrack\/","name":"Abilica SquatRack Abilica","isPartOf":{"@id":"https:\/\/abilica.com\/#website"},"primaryImageOfPage":{"@id":"https:\/\/abilica.com\/sv\/styrka\/abilica-squatrack\/#primaryimage"},"image":{"@id":"https:\/\/abilica.com\/sv\/styrka\/abilica-squatrack\/#primaryimage"},"thumbnailUrl":"https:\/\/abilica.com\/wp-content\/uploads\/2020\/09\/SquatRack.jpg","datePublished":"2015-02-26T23:00:00+00:00","dateModified":"2024-03-18T11:34:18+00:00","breadcrumb":{"@id":"https:\/\/abilica.com\/sv\/styrka\/abilica-squatrack\/#breadcrumb"},"inLanguage":"sv-SE","potentialAction":[{"@type":"ReadAction","target":["https:\/\/abilica.com\/sv\/styrka\/abilica-squatrack\/"]}]},{"@type":"ImageObject","inLanguage":"sv-SE","@id":"https:\/\/abilica.com\/sv\/styrka\/abilica-squatrack\/#primaryimage","url":"https:\/\/abilica.com\/wp-content\/uploads\/2020\/09\/SquatRack.jpg","contentUrl":"https:\/\/abilica.com\/wp-content\/uploads\/2020\/09\/SquatRack.jpg","width":1200,"height":1200},{"@type":"BreadcrumbList","@id":"https:\/\/abilica.com\/sv\/styrka\/abilica-squatrack\/#breadcrumb","itemListElement":[{"@type":"ListItem","position":1,"name":"Hem","item":"https:\/\/abilica.com\/sv\/"},{"@type":"ListItem","position":2,"name":"Produkter","item":"https:\/\/abilica.com\/sv\/shop\/"},{"@type":"ListItem","position":3,"name":"Abilica SquatRack"}]},{"@type":"WebSite","@id":"https:\/\/abilica.com\/#website","url":"https:\/\/abilica.com\/","name":"Abilica","description":"Abilica Home Training","potentialAction":[{"@type":"SearchAction","target":{"@type":"EntryPoint","urlTemplate":"https:\/\/abilica.com\/?s={search_term_string}"},"query-input":{"@type":"PropertyValueSpecification","valueRequired":true,"valueName":"search_term_string"}}],"inLanguage":"sv-SE"}]}},"_links":{"self":[{"href":"https:\/\/abilica.com\/sv\/wp-json\/wp\/v2\/product\/2001","targetHints":{"allow":["GET"]}}],"collection":[{"href":"https:\/\/abilica.com\/sv\/wp-json\/wp\/v2\/product"}],"about":[{"href":"https:\/\/abilica.com\/sv\/wp-json\/wp\/v2\/types\/product"}],"wp:featuredmedia":[{"embeddable":true,"href":"https:\/\/abilica.com\/sv\/wp-json\/wp\/v2\/media\/30135"}],"wp:attachment":[{"href":"https:\/\/abilica.com\/sv\/wp-json\/wp\/v2\/media?parent=2001"}],"wp:term":[{"taxonomy":"product_brand","embeddable":true,"href":"https:\/\/abilica.com\/sv\/wp-json\/wp\/v2\/product_brand?post=2001"},{"taxonomy":"product_cat","embeddable":true,"href":"https:\/\/abilica.com\/sv\/wp-json\/wp\/v2\/product_cat?post=2001"},{"taxonomy":"product_tag","embeddable":true,"href":"https:\/\/abilica.com\/sv\/wp-json\/wp\/v2\/product_tag?post=2001"}],"curies":[{"name":"wp","href":"https:\/\/api.w.org\/{rel}","templated":true}]}}