{"id":2227,"date":"2015-03-05T00:00:00","date_gmt":"2015-03-05T00:00:00","guid":{"rendered":"https:\/\/abilica.com\/se\/produkt\/abilica-floormats\/"},"modified":"2025-11-20T16:06:49","modified_gmt":"2025-11-20T15:06:49","slug":"abilica-floormats","status":"publish","type":"product","link":"https:\/\/abilica.com\/sv\/styrka\/tillbehor\/abilica-floormats\/","title":{"rendered":"Abilica FloorMats"},"content":{"rendered":"<p>Skyddar golvet och d\u00e4mpar ljudet.<\/p>\n<p><strong>Small\u00a0<\/strong>passar til mindre tr\u00e4ningsmaskiner, t.ex dom flesta motionscyklar. Storlek: 70 x 150 cm.<br \/>\n<strong>Large\u00a0<\/strong>passar de flesta l\u00f6pband och st\u00f6rre tr\u00e4ningsmaskiner. Storlek: 107 x 217 cm.<br \/>\n<strong>Long\u00a0<\/strong>passar speciellt bra till roddmaskiner. Storlek: 80 x 250 cm.<\/p>\n","protected":false},"excerpt":{"rendered":"<p>Skyddar golvet och d\u00e4mpar ljudet. Small\u00a0passar til mindre tr\u00e4ningsmaskiner, t.ex dom flesta motionscyklar. Storlek: 70&#8230;<\/p>\n","protected":false},"featured_media":16441,"template":"","meta":{"_acf_changed":false},"product_brand":[],"product_cat":[475,478],"product_tag":[42],"class_list":{"0":"post-2227","1":"product","2":"type-product","3":"status-publish","4":"has-post-thumbnail","6":"product_cat-kondition","7":"product_cat-tillbehor","8":"product_tag-kondition","10":"first","11":"instock","12":"product-type-variable"},"acf":[],"yoast_head":"<!-- This site is optimized with the Yoast SEO Premium plugin v21.1 (Yoast SEO v25.4) - https:\/\/yoast.com\/wordpress\/plugins\/seo\/ -->\n<title>Abilica FloorMats Abilica<\/title>\n<meta name=\"robots\" content=\"index, follow, max-snippet:-1, max-image-preview:large, max-video-preview:-1\" \/>\n<link rel=\"canonical\" href=\"https:\/\/abilica.com\/sv\/styrka\/tillbehor\/abilica-floormats\/\" \/>\n<meta property=\"og:locale\" content=\"sv_SE\" \/>\n<meta property=\"og:type\" content=\"article\" \/>\n<meta property=\"og:title\" content=\"Abilica FloorMats\" \/>\n<meta property=\"og:description\" content=\"Skyddar golvet och d\u00e4mpar ljudet. Small\u00a0passar til mindre tr\u00e4ningsmaskiner, t.ex dom flesta motionscyklar. Storlek: 70...\" \/>\n<meta property=\"og:url\" content=\"https:\/\/abilica.com\/sv\/styrka\/tillbehor\/abilica-floormats\/\" \/>\n<meta property=\"og:site_name\" content=\"Abilica\" \/>\n<meta property=\"article:publisher\" content=\"https:\/\/www.facebook.com\/abilicahometraining\/\" \/>\n<meta property=\"article:modified_time\" content=\"2025-11-20T15:06:49+00:00\" \/>\n<meta property=\"og:image\" content=\"https:\/\/abilica.com\/wp-content\/uploads\/2017\/03\/943180_image2.jpg\" \/>\n\t<meta property=\"og:image:width\" content=\"1200\" \/>\n\t<meta property=\"og:image:height\" content=\"1200\" \/>\n\t<meta property=\"og:image:type\" content=\"image\/jpeg\" \/>\n<meta name=\"twitter:card\" content=\"summary_large_image\" \/>\n<script type=\"application\/ld+json\" class=\"yoast-schema-graph\">{\"@context\":\"https:\/\/schema.org\",\"@graph\":[{\"@type\":\"WebPage\",\"@id\":\"https:\/\/abilica.com\/sv\/styrka\/tillbehor\/abilica-floormats\/\",\"url\":\"https:\/\/abilica.com\/sv\/styrka\/tillbehor\/abilica-floormats\/\",\"name\":\"Abilica FloorMats Abilica\",\"isPartOf\":{\"@id\":\"https:\/\/abilica.com\/#website\"},\"primaryImageOfPage\":{\"@id\":\"https:\/\/abilica.com\/sv\/styrka\/tillbehor\/abilica-floormats\/#primaryimage\"},\"image\":{\"@id\":\"https:\/\/abilica.com\/sv\/styrka\/tillbehor\/abilica-floormats\/#primaryimage\"},\"thumbnailUrl\":\"https:\/\/abilica.com\/wp-content\/uploads\/2017\/03\/943180_image2.jpg\",\"datePublished\":\"2015-03-05T00:00:00+00:00\",\"dateModified\":\"2025-11-20T15:06:49+00:00\",\"breadcrumb\":{\"@id\":\"https:\/\/abilica.com\/sv\/styrka\/tillbehor\/abilica-floormats\/#breadcrumb\"},\"inLanguage\":\"sv-SE\",\"potentialAction\":[{\"@type\":\"ReadAction\",\"target\":[\"https:\/\/abilica.com\/sv\/styrka\/tillbehor\/abilica-floormats\/\"]}]},{\"@type\":\"ImageObject\",\"inLanguage\":\"sv-SE\",\"@id\":\"https:\/\/abilica.com\/sv\/styrka\/tillbehor\/abilica-floormats\/#primaryimage\",\"url\":\"https:\/\/abilica.com\/wp-content\/uploads\/2017\/03\/943180_image2.jpg\",\"contentUrl\":\"https:\/\/abilica.com\/wp-content\/uploads\/2017\/03\/943180_image2.jpg\",\"width\":1200,\"height\":1200},{\"@type\":\"BreadcrumbList\",\"@id\":\"https:\/\/abilica.com\/sv\/styrka\/tillbehor\/abilica-floormats\/#breadcrumb\",\"itemListElement\":[{\"@type\":\"ListItem\",\"position\":1,\"name\":\"Hem\",\"item\":\"https:\/\/abilica.com\/sv\/\"},{\"@type\":\"ListItem\",\"position\":2,\"name\":\"Produkter\",\"item\":\"https:\/\/abilica.com\/sv\/shop\/\"},{\"@type\":\"ListItem\",\"position\":3,\"name\":\"Abilica FloorMats\"}]},{\"@type\":\"WebSite\",\"@id\":\"https:\/\/abilica.com\/#website\",\"url\":\"https:\/\/abilica.com\/\",\"name\":\"Abilica\",\"description\":\"Abilica Home Training\",\"potentialAction\":[{\"@type\":\"SearchAction\",\"target\":{\"@type\":\"EntryPoint\",\"urlTemplate\":\"https:\/\/abilica.com\/?s={search_term_string}\"},\"query-input\":{\"@type\":\"PropertyValueSpecification\",\"valueRequired\":true,\"valueName\":\"search_term_string\"}}],\"inLanguage\":\"sv-SE\"}]}<\/script>\n<!-- \/ Yoast SEO Premium plugin. -->","yoast_head_json":{"title":"Abilica FloorMats Abilica","robots":{"index":"index","follow":"follow","max-snippet":"max-snippet:-1","max-image-preview":"max-image-preview:large","max-video-preview":"max-video-preview:-1"},"canonical":"https:\/\/abilica.com\/sv\/styrka\/tillbehor\/abilica-floormats\/","og_locale":"sv_SE","og_type":"article","og_title":"Abilica FloorMats","og_description":"Skyddar golvet och d\u00e4mpar ljudet. Small\u00a0passar til mindre tr\u00e4ningsmaskiner, t.ex dom flesta motionscyklar. Storlek: 70...","og_url":"https:\/\/abilica.com\/sv\/styrka\/tillbehor\/abilica-floormats\/","og_site_name":"Abilica","article_publisher":"https:\/\/www.facebook.com\/abilicahometraining\/","article_modified_time":"2025-11-20T15:06:49+00:00","og_image":[{"width":1200,"height":1200,"url":"https:\/\/abilica.com\/wp-content\/uploads\/2017\/03\/943180_image2.jpg","type":"image\/jpeg"}],"twitter_card":"summary_large_image","schema":{"@context":"https:\/\/schema.org","@graph":[{"@type":"WebPage","@id":"https:\/\/abilica.com\/sv\/styrka\/tillbehor\/abilica-floormats\/","url":"https:\/\/abilica.com\/sv\/styrka\/tillbehor\/abilica-floormats\/","name":"Abilica FloorMats Abilica","isPartOf":{"@id":"https:\/\/abilica.com\/#website"},"primaryImageOfPage":{"@id":"https:\/\/abilica.com\/sv\/styrka\/tillbehor\/abilica-floormats\/#primaryimage"},"image":{"@id":"https:\/\/abilica.com\/sv\/styrka\/tillbehor\/abilica-floormats\/#primaryimage"},"thumbnailUrl":"https:\/\/abilica.com\/wp-content\/uploads\/2017\/03\/943180_image2.jpg","datePublished":"2015-03-05T00:00:00+00:00","dateModified":"2025-11-20T15:06:49+00:00","breadcrumb":{"@id":"https:\/\/abilica.com\/sv\/styrka\/tillbehor\/abilica-floormats\/#breadcrumb"},"inLanguage":"sv-SE","potentialAction":[{"@type":"ReadAction","target":["https:\/\/abilica.com\/sv\/styrka\/tillbehor\/abilica-floormats\/"]}]},{"@type":"ImageObject","inLanguage":"sv-SE","@id":"https:\/\/abilica.com\/sv\/styrka\/tillbehor\/abilica-floormats\/#primaryimage","url":"https:\/\/abilica.com\/wp-content\/uploads\/2017\/03\/943180_image2.jpg","contentUrl":"https:\/\/abilica.com\/wp-content\/uploads\/2017\/03\/943180_image2.jpg","width":1200,"height":1200},{"@type":"BreadcrumbList","@id":"https:\/\/abilica.com\/sv\/styrka\/tillbehor\/abilica-floormats\/#breadcrumb","itemListElement":[{"@type":"ListItem","position":1,"name":"Hem","item":"https:\/\/abilica.com\/sv\/"},{"@type":"ListItem","position":2,"name":"Produkter","item":"https:\/\/abilica.com\/sv\/shop\/"},{"@type":"ListItem","position":3,"name":"Abilica FloorMats"}]},{"@type":"WebSite","@id":"https:\/\/abilica.com\/#website","url":"https:\/\/abilica.com\/","name":"Abilica","description":"Abilica Home Training","potentialAction":[{"@type":"SearchAction","target":{"@type":"EntryPoint","urlTemplate":"https:\/\/abilica.com\/?s={search_term_string}"},"query-input":{"@type":"PropertyValueSpecification","valueRequired":true,"valueName":"search_term_string"}}],"inLanguage":"sv-SE"}]}},"_links":{"self":[{"href":"https:\/\/abilica.com\/sv\/wp-json\/wp\/v2\/product\/2227","targetHints":{"allow":["GET"]}}],"collection":[{"href":"https:\/\/abilica.com\/sv\/wp-json\/wp\/v2\/product"}],"about":[{"href":"https:\/\/abilica.com\/sv\/wp-json\/wp\/v2\/types\/product"}],"wp:featuredmedia":[{"embeddable":true,"href":"https:\/\/abilica.com\/sv\/wp-json\/wp\/v2\/media\/16441"}],"wp:attachment":[{"href":"https:\/\/abilica.com\/sv\/wp-json\/wp\/v2\/media?parent=2227"}],"wp:term":[{"taxonomy":"product_brand","embeddable":true,"href":"https:\/\/abilica.com\/sv\/wp-json\/wp\/v2\/product_brand?post=2227"},{"taxonomy":"product_cat","embeddable":true,"href":"https:\/\/abilica.com\/sv\/wp-json\/wp\/v2\/product_cat?post=2227"},{"taxonomy":"product_tag","embeddable":true,"href":"https:\/\/abilica.com\/sv\/wp-json\/wp\/v2\/product_tag?post=2227"}],"curies":[{"name":"wp","href":"https:\/\/api.w.org\/{rel}","templated":true}]}}