{"id":2234,"date":"2015-03-06T00:00:00","date_gmt":"2015-03-05T23:00:00","guid":{"rendered":"https:\/\/abilica.com\/se\/produkt\/abilica-hexdumbbells\/"},"modified":"2025-10-20T11:39:26","modified_gmt":"2025-10-20T10:39:26","slug":"abilica-hexdumbbells","status":"publish","type":"product","link":"https:\/\/abilica.com\/sv\/styrka\/hantlar\/abilica-hexdumbbells\/","title":{"rendered":"Abilica HexDumbbells"},"content":{"rendered":"<div class=\"wpb-content-wrapper\"><p>[vc_row][vc_column][vc_column_text css=&#8221;&#8221;]Abilica HexDumbbells \u00e4r sexkantiga gummierade hantlar som \u00e4r mycket l\u00e4mpliga f\u00f6r b\u00e5de hemmatr\u00e4ning och f\u00f6retagsmarknaden.<br \/>\nDe \u00e4r perfekta f\u00f6r \u00f6vningar som kr\u00e4ver att hantlarna inte rullar, till exempel renegade rows, eller f\u00f6r anv\u00e4ndning i tr\u00e4ningsrummet p\u00e5 b\u00e5tar. Gummibel\u00e4gningen f\u00f6rl\u00e4nger livsl\u00e4ngden p\u00e5 b\u00e5de hantel, golv och st\u00e4ll. Greppbredd: 13 cm. Finns fr\u00e5n 1 till 60 kg. S\u00e4ljs per styck.<\/p>\n<p><strong>Det finns stora kvalitetsskillnader mellan HexDumbBells.<br \/>\nVarf\u00f6r v\u00e4lja Abilica HexDumbBells?<\/strong><\/p>\n<ul>\n<li>Tillverkade enligt REACH*-standarder och inneh\u00e5ller inga farliga \u00e4mnen<\/li>\n<li>Hantlarnas huvuden \u00e4r gjorda av j\u00e4rn och behandlade f\u00f6r att f\u00f6rhindra rost<br \/>\n&#8211; Ger solida hantlar med l\u00e5ng livsl\u00e4ngd och korrekt vikt<\/li>\n<li>H\u00f6gkvalitativt gummi med 50 % nygummi<br \/>\n&#8211; Ger hantlarna l\u00e5ng livsl\u00e4ngd, l\u00e5g lukt och gummit beh\u00e5ller sin f\u00e4rg och glans \u00f6ver tid (blir inte spr\u00f6tt och spricker)<\/li>\n<li>St\u00e5lhandtag med h\u00f6gkvalitativ kromfinish<br \/>\n&#8211; F\u00f6rhindrar att handtaget rostar och flagnar<\/li>\n<li>Handtag med en diameter p\u00e5 28 mm fr\u00e5n 1\u20135 kg och 33 mm fr\u00e5n 6 kg till 60 kg.<br \/>\n&#8211; Tjockare handtag p\u00e5 tunga hantlar med starka svetsfogar garanterar s\u00e4ker anv\u00e4ndning<\/li>\n<li>Ergonomiskt handtag med trippel knurling<br \/>\n&#8211; Ger ett bra och s\u00e4kert grepp, \u00e4ven f\u00f6r svettiga h\u00e4nder<\/li>\n<li>Vikttolerans +\/- 2%<br \/>\n&#8211; Hantlar som avviker fr\u00e5n detta s\u00e5llas bort i kvalitetskontrollen p\u00e5 fabriken<\/li>\n<li>Starka svetsfogar<br \/>\n&#8211; Ger s\u00e4ker tr\u00e4ning<\/li>\n<li>Noggrann kvalitetskontroll efter produktion<\/li>\n<\/ul>\n<p style=\"text-align: left;\"><strong><br \/>\n<span style=\"font-size: 10pt;\">*<em>REACH \u00e4r EU:s kemikalief\u00f6rordning<\/em><\/span><\/strong><em><span style=\"font-size: 10pt;\">. Den syftar till att s\u00e4kerst\u00e4lla att produktion, handel och anv\u00e4ndning av kemikalier inte utg\u00f6r en risk f\u00f6r m\u00e4nniskor och milj\u00f6n. <\/span><span style=\"font-size: 10pt;\">REACH st\u00e5r f\u00f6r <strong>R<\/strong>egistration, <strong>E<\/strong>valuation, <strong>A<\/strong>uthorisation and restriction of <strong>C<\/strong>hemicals.<\/span><\/em><\/p>\n<p>[\/vc_column_text][vc_raw_html]JTNDaWZyYW1lJTIwc3JjJTNEJTIyaHR0cHMlM0ElMkYlMkZwbGF5ZXIudmltZW8uY29tJTJGdmlkZW8lMkY2Njc3MDcxMDYlM0ZoJTNEOTU1ZjIyY2YxNSUyMiUyMHdpZHRoJTNEJTIyNjQwJTIyJTIwaGVpZ2h0JTNEJTIyMzYwJTIyJTIwZnJhbWVib3JkZXIlM0QlMjIwJTIyJTIwYWxsb3clM0QlMjJhdXRvcGxheSUzQiUyMGZ1bGxzY3JlZW4lM0IlMjBwaWN0dXJlLWluLXBpY3R1cmUlMjIlMjBhbGxvd2Z1bGxzY3JlZW4lM0UlM0MlMkZpZnJhbWUlM0U=[\/vc_raw_html][vc_empty_space height=&#8221;52px&#8221;][\/vc_column][\/vc_row][vc_row][vc_column][vc_btn title=&#8221;Tr\u00e4ningstips&#8221; style=&#8221;flat&#8221; color=&#8221;black&#8221; align=&#8221;center&#8221; i_icon_fontawesome=&#8221;fa fa-align-left&#8221; add_icon=&#8221;true&#8221; link=&#8221;url:http%3A%2F%2Fwww.hemmatraningsbloggen.se%2Fstyrka%2Fovningar-med-hantlar%2F||target:%20_blank|&#8221;][\/vc_column][\/vc_row]<\/p>\n<\/div>","protected":false},"excerpt":{"rendered":"<p>[vc_row][vc_column][vc_column_text css=&#8221;&#8221;]Abilica HexDumbbells \u00e4r sexkantiga gummierade hantlar som \u00e4r mycket l\u00e4mpliga f\u00f6r b\u00e5de hemmatr\u00e4ning och&#8230;<\/p>\n","protected":false},"featured_media":29833,"template":"","meta":{"_acf_changed":false},"product_brand":[],"product_cat":[479,471],"product_tag":[183,182,49,34],"class_list":{"0":"post-2234","1":"product","2":"type-product","3":"status-publish","4":"has-post-thumbnail","6":"product_cat-hantlar","7":"product_cat-styrka","8":"product_tag-abilica-pregnancy","9":"product_tag-garage-gym","10":"product_tag-premium","11":"product_tag-styrka","13":"first","14":"instock","15":"product-type-variable"},"acf":[],"yoast_head":"<!-- This site is optimized with the Yoast SEO Premium plugin v21.1 (Yoast SEO v25.4) - https:\/\/yoast.com\/wordpress\/plugins\/seo\/ -->\n<title>Abilica HexDumbbells Abilica<\/title>\n<meta name=\"robots\" content=\"index, follow, max-snippet:-1, max-image-preview:large, max-video-preview:-1\" \/>\n<link rel=\"canonical\" href=\"https:\/\/abilica.com\/sv\/styrka\/hantlar\/abilica-hexdumbbells\/\" \/>\n<meta property=\"og:locale\" content=\"sv_SE\" \/>\n<meta property=\"og:type\" content=\"article\" \/>\n<meta property=\"og:title\" content=\"Abilica HexDumbbells\" \/>\n<meta property=\"og:description\" content=\"[vc_row][vc_column][vc_column_text css=&#8221;&#8221;]Abilica HexDumbbells \u00e4r sexkantiga gummierade hantlar som \u00e4r mycket l\u00e4mpliga f\u00f6r b\u00e5de hemmatr\u00e4ning och...\" \/>\n<meta property=\"og:url\" content=\"https:\/\/abilica.com\/sv\/styrka\/hantlar\/abilica-hexdumbbells\/\" \/>\n<meta property=\"og:site_name\" content=\"Abilica\" \/>\n<meta property=\"article:publisher\" content=\"https:\/\/www.facebook.com\/abilicahometraining\/\" \/>\n<meta property=\"article:modified_time\" content=\"2025-10-20T10:39:26+00:00\" \/>\n<meta property=\"og:image\" content=\"https:\/\/abilica.com\/wp-content\/uploads\/2015\/03\/Hex-DumbBells-enkeltvis.jpg\" \/>\n\t<meta property=\"og:image:width\" content=\"1200\" \/>\n\t<meta property=\"og:image:height\" content=\"1200\" \/>\n\t<meta property=\"og:image:type\" content=\"image\/jpeg\" \/>\n<meta name=\"twitter:card\" content=\"summary_large_image\" \/>\n<meta name=\"twitter:label1\" content=\"Ber\u00e4knad l\u00e4stid\" \/>\n\t<meta name=\"twitter:data1\" content=\"2 minuter\" \/>\n<script type=\"application\/ld+json\" class=\"yoast-schema-graph\">{\"@context\":\"https:\/\/schema.org\",\"@graph\":[{\"@type\":\"WebPage\",\"@id\":\"https:\/\/abilica.com\/sv\/styrka\/hantlar\/abilica-hexdumbbells\/\",\"url\":\"https:\/\/abilica.com\/sv\/styrka\/hantlar\/abilica-hexdumbbells\/\",\"name\":\"Abilica HexDumbbells Abilica\",\"isPartOf\":{\"@id\":\"https:\/\/abilica.com\/#website\"},\"primaryImageOfPage\":{\"@id\":\"https:\/\/abilica.com\/sv\/styrka\/hantlar\/abilica-hexdumbbells\/#primaryimage\"},\"image\":{\"@id\":\"https:\/\/abilica.com\/sv\/styrka\/hantlar\/abilica-hexdumbbells\/#primaryimage\"},\"thumbnailUrl\":\"https:\/\/abilica.com\/wp-content\/uploads\/2015\/03\/Hex-DumbBells-enkeltvis.jpg\",\"datePublished\":\"2015-03-05T23:00:00+00:00\",\"dateModified\":\"2025-10-20T10:39:26+00:00\",\"breadcrumb\":{\"@id\":\"https:\/\/abilica.com\/sv\/styrka\/hantlar\/abilica-hexdumbbells\/#breadcrumb\"},\"inLanguage\":\"sv-SE\",\"potentialAction\":[{\"@type\":\"ReadAction\",\"target\":[\"https:\/\/abilica.com\/sv\/styrka\/hantlar\/abilica-hexdumbbells\/\"]}]},{\"@type\":\"ImageObject\",\"inLanguage\":\"sv-SE\",\"@id\":\"https:\/\/abilica.com\/sv\/styrka\/hantlar\/abilica-hexdumbbells\/#primaryimage\",\"url\":\"https:\/\/abilica.com\/wp-content\/uploads\/2015\/03\/Hex-DumbBells-enkeltvis.jpg\",\"contentUrl\":\"https:\/\/abilica.com\/wp-content\/uploads\/2015\/03\/Hex-DumbBells-enkeltvis.jpg\",\"width\":1200,\"height\":1200},{\"@type\":\"BreadcrumbList\",\"@id\":\"https:\/\/abilica.com\/sv\/styrka\/hantlar\/abilica-hexdumbbells\/#breadcrumb\",\"itemListElement\":[{\"@type\":\"ListItem\",\"position\":1,\"name\":\"Hem\",\"item\":\"https:\/\/abilica.com\/sv\/\"},{\"@type\":\"ListItem\",\"position\":2,\"name\":\"Produkter\",\"item\":\"https:\/\/abilica.com\/sv\/shop\/\"},{\"@type\":\"ListItem\",\"position\":3,\"name\":\"Abilica HexDumbbells\"}]},{\"@type\":\"WebSite\",\"@id\":\"https:\/\/abilica.com\/#website\",\"url\":\"https:\/\/abilica.com\/\",\"name\":\"Abilica\",\"description\":\"Abilica Home Training\",\"potentialAction\":[{\"@type\":\"SearchAction\",\"target\":{\"@type\":\"EntryPoint\",\"urlTemplate\":\"https:\/\/abilica.com\/?s={search_term_string}\"},\"query-input\":{\"@type\":\"PropertyValueSpecification\",\"valueRequired\":true,\"valueName\":\"search_term_string\"}}],\"inLanguage\":\"sv-SE\"}]}<\/script>\n<!-- \/ Yoast SEO Premium plugin. -->","yoast_head_json":{"title":"Abilica HexDumbbells Abilica","robots":{"index":"index","follow":"follow","max-snippet":"max-snippet:-1","max-image-preview":"max-image-preview:large","max-video-preview":"max-video-preview:-1"},"canonical":"https:\/\/abilica.com\/sv\/styrka\/hantlar\/abilica-hexdumbbells\/","og_locale":"sv_SE","og_type":"article","og_title":"Abilica HexDumbbells","og_description":"[vc_row][vc_column][vc_column_text css=&#8221;&#8221;]Abilica HexDumbbells \u00e4r sexkantiga gummierade hantlar som \u00e4r mycket l\u00e4mpliga f\u00f6r b\u00e5de hemmatr\u00e4ning och...","og_url":"https:\/\/abilica.com\/sv\/styrka\/hantlar\/abilica-hexdumbbells\/","og_site_name":"Abilica","article_publisher":"https:\/\/www.facebook.com\/abilicahometraining\/","article_modified_time":"2025-10-20T10:39:26+00:00","og_image":[{"width":1200,"height":1200,"url":"https:\/\/abilica.com\/wp-content\/uploads\/2015\/03\/Hex-DumbBells-enkeltvis.jpg","type":"image\/jpeg"}],"twitter_card":"summary_large_image","twitter_misc":{"Ber\u00e4knad l\u00e4stid":"2 minuter"},"schema":{"@context":"https:\/\/schema.org","@graph":[{"@type":"WebPage","@id":"https:\/\/abilica.com\/sv\/styrka\/hantlar\/abilica-hexdumbbells\/","url":"https:\/\/abilica.com\/sv\/styrka\/hantlar\/abilica-hexdumbbells\/","name":"Abilica HexDumbbells Abilica","isPartOf":{"@id":"https:\/\/abilica.com\/#website"},"primaryImageOfPage":{"@id":"https:\/\/abilica.com\/sv\/styrka\/hantlar\/abilica-hexdumbbells\/#primaryimage"},"image":{"@id":"https:\/\/abilica.com\/sv\/styrka\/hantlar\/abilica-hexdumbbells\/#primaryimage"},"thumbnailUrl":"https:\/\/abilica.com\/wp-content\/uploads\/2015\/03\/Hex-DumbBells-enkeltvis.jpg","datePublished":"2015-03-05T23:00:00+00:00","dateModified":"2025-10-20T10:39:26+00:00","breadcrumb":{"@id":"https:\/\/abilica.com\/sv\/styrka\/hantlar\/abilica-hexdumbbells\/#breadcrumb"},"inLanguage":"sv-SE","potentialAction":[{"@type":"ReadAction","target":["https:\/\/abilica.com\/sv\/styrka\/hantlar\/abilica-hexdumbbells\/"]}]},{"@type":"ImageObject","inLanguage":"sv-SE","@id":"https:\/\/abilica.com\/sv\/styrka\/hantlar\/abilica-hexdumbbells\/#primaryimage","url":"https:\/\/abilica.com\/wp-content\/uploads\/2015\/03\/Hex-DumbBells-enkeltvis.jpg","contentUrl":"https:\/\/abilica.com\/wp-content\/uploads\/2015\/03\/Hex-DumbBells-enkeltvis.jpg","width":1200,"height":1200},{"@type":"BreadcrumbList","@id":"https:\/\/abilica.com\/sv\/styrka\/hantlar\/abilica-hexdumbbells\/#breadcrumb","itemListElement":[{"@type":"ListItem","position":1,"name":"Hem","item":"https:\/\/abilica.com\/sv\/"},{"@type":"ListItem","position":2,"name":"Produkter","item":"https:\/\/abilica.com\/sv\/shop\/"},{"@type":"ListItem","position":3,"name":"Abilica HexDumbbells"}]},{"@type":"WebSite","@id":"https:\/\/abilica.com\/#website","url":"https:\/\/abilica.com\/","name":"Abilica","description":"Abilica Home Training","potentialAction":[{"@type":"SearchAction","target":{"@type":"EntryPoint","urlTemplate":"https:\/\/abilica.com\/?s={search_term_string}"},"query-input":{"@type":"PropertyValueSpecification","valueRequired":true,"valueName":"search_term_string"}}],"inLanguage":"sv-SE"}]}},"_links":{"self":[{"href":"https:\/\/abilica.com\/sv\/wp-json\/wp\/v2\/product\/2234","targetHints":{"allow":["GET"]}}],"collection":[{"href":"https:\/\/abilica.com\/sv\/wp-json\/wp\/v2\/product"}],"about":[{"href":"https:\/\/abilica.com\/sv\/wp-json\/wp\/v2\/types\/product"}],"wp:featuredmedia":[{"embeddable":true,"href":"https:\/\/abilica.com\/sv\/wp-json\/wp\/v2\/media\/29833"}],"wp:attachment":[{"href":"https:\/\/abilica.com\/sv\/wp-json\/wp\/v2\/media?parent=2234"}],"wp:term":[{"taxonomy":"product_brand","embeddable":true,"href":"https:\/\/abilica.com\/sv\/wp-json\/wp\/v2\/product_brand?post=2234"},{"taxonomy":"product_cat","embeddable":true,"href":"https:\/\/abilica.com\/sv\/wp-json\/wp\/v2\/product_cat?post=2234"},{"taxonomy":"product_tag","embeddable":true,"href":"https:\/\/abilica.com\/sv\/wp-json\/wp\/v2\/product_tag?post=2234"}],"curies":[{"name":"wp","href":"https:\/\/api.w.org\/{rel}","templated":true}]}}