{"id":2236,"date":"2017-03-06T00:00:00","date_gmt":"2017-03-05T23:00:00","guid":{"rendered":"https:\/\/abilica.com\/se\/produkt\/abilica-rubberband\/"},"modified":"2024-05-23T12:59:45","modified_gmt":"2024-05-23T11:59:45","slug":"abilica-rubberband","status":"publish","type":"product","link":"https:\/\/abilica.com\/sv\/styrka\/gummiband\/abilica-rubberband\/","title":{"rendered":"Abilica RubberBand ECO"},"content":{"rendered":"<div class=\"wpb-content-wrapper\"><p>[vc_row][vc_column][vc_column_text el_class=&#8221;product-video&#8221;]<img loading=\"lazy\" decoding=\"async\" class=\"alignnone wp-image-30034\" src=\"https:\/\/abilica.com\/se\/wp-content\/uploads\/2021\/06\/ECO-hvit-150x150-1.png\" alt=\"\" width=\"91\" height=\"91\" \/><\/p>\n<p>Tr\u00e4ningsbanden \u00e4r tillverkade i naturgummi och finns i olika styrkeniv\u00e5er. \u00c4r du nyb\u00f6rjare rekommenderar vi en l\u00e4tt styrka, \u00e4r du tr\u00e4nad rekommenderar vi medium styrka och v\u00e4ltr\u00e4nad rekommenderas h\u00e5rd styrka. Med de olika tr\u00e4ningsbanden kan du tr\u00e4na under- och \u00f6verkropp samt anv\u00e4nda dom till olika \u00f6vningar n\u00e4r du v\u00e4rmer upp. 2 st RubberBand per f\u00f6rpackning. Tr\u00e4ningsbanden har h\u00f6g kvalitet och fabriken har en gedigen kvalitetskontroll. 100% naturlig och tillverkad i gummins hemland Thailand. Banden \u00e4r milj\u00f6v\u00e4nliga och 100% nedbrytbara. Banden inneh\u00e5ller inga syntetiska materialer.<\/p>\n<p><b>Motst\u00e5nd RubberBands<br \/>\n<\/b>L\u00e4tt: 4.5 \u2013 18 kg<br \/>\nMedium: 6 \u2013 24 kg<br \/>\nH\u00e5rd: 8 \u2013 30 kg<\/p>\n<div style=\"width: 640px;\" class=\"wp-video\"><!--[if lt IE 9]><script>document.createElement('video');<\/script><![endif]-->\n<video class=\"wp-video-shortcode\" id=\"video-2236-1\" width=\"640\" height=\"360\" poster=\"https:\/\/abilica.com\/wp-content\/uploads\/2024\/05\/CleanShot-2024-05-23-at-09.39.04@2x.jpg\" preload=\"metadata\" controls=\"controls\"><source type=\"video\/mp4\" src=\"https:\/\/abilica.com\/wp-content\/uploads\/2024\/05\/Abilica-RubberBands-ECO-bredde.mp4?_=1\" \/><a href=\"https:\/\/abilica.com\/wp-content\/uploads\/2024\/05\/Abilica-RubberBands-ECO-bredde.mp4\">https:\/\/abilica.com\/wp-content\/uploads\/2024\/05\/Abilica-RubberBands-ECO-bredde.mp4<\/a><\/video><\/div>\n<p>[\/vc_column_text][vc_empty_space height=&#8221;52px&#8221;][\/vc_column][\/vc_row][vc_row][vc_column width=&#8221;1\/2&#8243;][vc_btn title=&#8221;Tr\u00e4ningsprogram&#8221; style=&#8221;flat&#8221; color=&#8221;black&#8221; align=&#8221;center&#8221; i_icon_fontawesome=&#8221;fa fa-file-pdf-o&#8221; add_icon=&#8221;true&#8221; link=&#8221;url:http%3A%2F%2Fabilica.com\/se%2Fwp-content%2Fuploads%2F2017%2F02%2FAbilica-RubberBand.pdf||target:%20_blank|&#8221;][\/vc_column][vc_column width=&#8221;1\/2&#8243;][vc_btn title=&#8221;Tr\u00e4ningstips&#8221; style=&#8221;flat&#8221; color=&#8221;black&#8221; align=&#8221;center&#8221; i_icon_fontawesome=&#8221;fa fa-align-left&#8221; add_icon=&#8221;true&#8221; link=&#8221;url:http%3A%2F%2Fwww.hemmatraningsbloggen.se%2Fstyrka%2Ftraning-med-gummiband%2F||target:%20_blank|&#8221;][\/vc_column][\/vc_row]<\/p>\n<\/div>","protected":false},"excerpt":{"rendered":"<p>[vc_row][vc_column][vc_column_text el_class=&#8221;product-video&#8221;] Tr\u00e4ningsbanden \u00e4r tillverkade i naturgummi och finns i olika styrkeniv\u00e5er. \u00c4r du nyb\u00f6rjare&#8230;<\/p>\n","protected":false},"featured_media":27271,"template":"","meta":{"_acf_changed":false},"product_brand":[],"product_cat":[484,471],"product_tag":[183,76,95,49,177,34,179],"class_list":{"0":"post-2236","1":"product","2":"type-product","3":"status-publish","4":"has-post-thumbnail","6":"product_cat-gummiband","7":"product_cat-styrka","8":"product_tag-abilica-pregnancy","9":"product_tag-eco-friendly","10":"product_tag-nyheter","11":"product_tag-premium","12":"product_tag-small-items","13":"product_tag-styrka","14":"product_tag-summer-workout","16":"first","17":"instock","18":"product-type-variable"},"acf":[],"yoast_head":"<!-- This site is optimized with the Yoast SEO Premium plugin v21.1 (Yoast SEO v25.4) - https:\/\/yoast.com\/wordpress\/plugins\/seo\/ -->\n<title>Abilica RubberBand ECO Abilica<\/title>\n<meta name=\"robots\" content=\"index, follow, max-snippet:-1, max-image-preview:large, max-video-preview:-1\" \/>\n<link rel=\"canonical\" href=\"https:\/\/abilica.com\/sv\/styrka\/gummiband\/abilica-rubberband\/\" \/>\n<meta property=\"og:locale\" content=\"sv_SE\" \/>\n<meta property=\"og:type\" content=\"article\" \/>\n<meta property=\"og:title\" content=\"Abilica RubberBand ECO\" \/>\n<meta property=\"og:description\" content=\"[vc_row][vc_column][vc_column_text el_class=&#8221;product-video&#8221;] Tr\u00e4ningsbanden \u00e4r tillverkade i naturgummi och finns i olika styrkeniv\u00e5er. \u00c4r du nyb\u00f6rjare...\" \/>\n<meta property=\"og:url\" content=\"https:\/\/abilica.com\/sv\/styrka\/gummiband\/abilica-rubberband\/\" \/>\n<meta property=\"og:site_name\" content=\"Abilica\" \/>\n<meta property=\"article:publisher\" content=\"https:\/\/www.facebook.com\/abilicahometraining\/\" \/>\n<meta property=\"article:modified_time\" content=\"2024-05-23T11:59:45+00:00\" \/>\n<meta property=\"og:image\" content=\"https:\/\/abilica.com\/wp-content\/uploads\/2015\/09\/Rubberbandseco.jpg\" \/>\n\t<meta property=\"og:image:width\" content=\"1200\" \/>\n\t<meta property=\"og:image:height\" content=\"1200\" \/>\n\t<meta property=\"og:image:type\" content=\"image\/jpeg\" \/>\n<meta name=\"twitter:card\" content=\"summary_large_image\" \/>\n<meta name=\"twitter:label1\" content=\"Ber\u00e4knad l\u00e4stid\" \/>\n\t<meta name=\"twitter:data1\" content=\"1 minut\" \/>\n<script type=\"application\/ld+json\" class=\"yoast-schema-graph\">{\"@context\":\"https:\/\/schema.org\",\"@graph\":[{\"@type\":\"WebPage\",\"@id\":\"https:\/\/abilica.com\/sv\/styrka\/gummiband\/abilica-rubberband\/\",\"url\":\"https:\/\/abilica.com\/sv\/styrka\/gummiband\/abilica-rubberband\/\",\"name\":\"Abilica RubberBand ECO Abilica\",\"isPartOf\":{\"@id\":\"https:\/\/abilica.com\/#website\"},\"primaryImageOfPage\":{\"@id\":\"https:\/\/abilica.com\/sv\/styrka\/gummiband\/abilica-rubberband\/#primaryimage\"},\"image\":{\"@id\":\"https:\/\/abilica.com\/sv\/styrka\/gummiband\/abilica-rubberband\/#primaryimage\"},\"thumbnailUrl\":\"https:\/\/abilica.com\/wp-content\/uploads\/2015\/09\/Rubberbandseco.jpg\",\"datePublished\":\"2017-03-05T23:00:00+00:00\",\"dateModified\":\"2024-05-23T11:59:45+00:00\",\"breadcrumb\":{\"@id\":\"https:\/\/abilica.com\/sv\/styrka\/gummiband\/abilica-rubberband\/#breadcrumb\"},\"inLanguage\":\"sv-SE\",\"potentialAction\":[{\"@type\":\"ReadAction\",\"target\":[\"https:\/\/abilica.com\/sv\/styrka\/gummiband\/abilica-rubberband\/\"]}]},{\"@type\":\"ImageObject\",\"inLanguage\":\"sv-SE\",\"@id\":\"https:\/\/abilica.com\/sv\/styrka\/gummiband\/abilica-rubberband\/#primaryimage\",\"url\":\"https:\/\/abilica.com\/wp-content\/uploads\/2015\/09\/Rubberbandseco.jpg\",\"contentUrl\":\"https:\/\/abilica.com\/wp-content\/uploads\/2015\/09\/Rubberbandseco.jpg\",\"width\":1200,\"height\":1200},{\"@type\":\"BreadcrumbList\",\"@id\":\"https:\/\/abilica.com\/sv\/styrka\/gummiband\/abilica-rubberband\/#breadcrumb\",\"itemListElement\":[{\"@type\":\"ListItem\",\"position\":1,\"name\":\"Hem\",\"item\":\"https:\/\/abilica.com\/sv\/\"},{\"@type\":\"ListItem\",\"position\":2,\"name\":\"Produkter\",\"item\":\"https:\/\/abilica.com\/sv\/shop\/\"},{\"@type\":\"ListItem\",\"position\":3,\"name\":\"Abilica RubberBand ECO\"}]},{\"@type\":\"WebSite\",\"@id\":\"https:\/\/abilica.com\/#website\",\"url\":\"https:\/\/abilica.com\/\",\"name\":\"Abilica\",\"description\":\"Abilica Home Training\",\"potentialAction\":[{\"@type\":\"SearchAction\",\"target\":{\"@type\":\"EntryPoint\",\"urlTemplate\":\"https:\/\/abilica.com\/?s={search_term_string}\"},\"query-input\":{\"@type\":\"PropertyValueSpecification\",\"valueRequired\":true,\"valueName\":\"search_term_string\"}}],\"inLanguage\":\"sv-SE\"}]}<\/script>\n<!-- \/ Yoast SEO Premium plugin. -->","yoast_head_json":{"title":"Abilica RubberBand ECO Abilica","robots":{"index":"index","follow":"follow","max-snippet":"max-snippet:-1","max-image-preview":"max-image-preview:large","max-video-preview":"max-video-preview:-1"},"canonical":"https:\/\/abilica.com\/sv\/styrka\/gummiband\/abilica-rubberband\/","og_locale":"sv_SE","og_type":"article","og_title":"Abilica RubberBand ECO","og_description":"[vc_row][vc_column][vc_column_text el_class=&#8221;product-video&#8221;] Tr\u00e4ningsbanden \u00e4r tillverkade i naturgummi och finns i olika styrkeniv\u00e5er. \u00c4r du nyb\u00f6rjare...","og_url":"https:\/\/abilica.com\/sv\/styrka\/gummiband\/abilica-rubberband\/","og_site_name":"Abilica","article_publisher":"https:\/\/www.facebook.com\/abilicahometraining\/","article_modified_time":"2024-05-23T11:59:45+00:00","og_image":[{"width":1200,"height":1200,"url":"https:\/\/abilica.com\/wp-content\/uploads\/2015\/09\/Rubberbandseco.jpg","type":"image\/jpeg"}],"twitter_card":"summary_large_image","twitter_misc":{"Ber\u00e4knad l\u00e4stid":"1 minut"},"schema":{"@context":"https:\/\/schema.org","@graph":[{"@type":"WebPage","@id":"https:\/\/abilica.com\/sv\/styrka\/gummiband\/abilica-rubberband\/","url":"https:\/\/abilica.com\/sv\/styrka\/gummiband\/abilica-rubberband\/","name":"Abilica RubberBand ECO Abilica","isPartOf":{"@id":"https:\/\/abilica.com\/#website"},"primaryImageOfPage":{"@id":"https:\/\/abilica.com\/sv\/styrka\/gummiband\/abilica-rubberband\/#primaryimage"},"image":{"@id":"https:\/\/abilica.com\/sv\/styrka\/gummiband\/abilica-rubberband\/#primaryimage"},"thumbnailUrl":"https:\/\/abilica.com\/wp-content\/uploads\/2015\/09\/Rubberbandseco.jpg","datePublished":"2017-03-05T23:00:00+00:00","dateModified":"2024-05-23T11:59:45+00:00","breadcrumb":{"@id":"https:\/\/abilica.com\/sv\/styrka\/gummiband\/abilica-rubberband\/#breadcrumb"},"inLanguage":"sv-SE","potentialAction":[{"@type":"ReadAction","target":["https:\/\/abilica.com\/sv\/styrka\/gummiband\/abilica-rubberband\/"]}]},{"@type":"ImageObject","inLanguage":"sv-SE","@id":"https:\/\/abilica.com\/sv\/styrka\/gummiband\/abilica-rubberband\/#primaryimage","url":"https:\/\/abilica.com\/wp-content\/uploads\/2015\/09\/Rubberbandseco.jpg","contentUrl":"https:\/\/abilica.com\/wp-content\/uploads\/2015\/09\/Rubberbandseco.jpg","width":1200,"height":1200},{"@type":"BreadcrumbList","@id":"https:\/\/abilica.com\/sv\/styrka\/gummiband\/abilica-rubberband\/#breadcrumb","itemListElement":[{"@type":"ListItem","position":1,"name":"Hem","item":"https:\/\/abilica.com\/sv\/"},{"@type":"ListItem","position":2,"name":"Produkter","item":"https:\/\/abilica.com\/sv\/shop\/"},{"@type":"ListItem","position":3,"name":"Abilica RubberBand ECO"}]},{"@type":"WebSite","@id":"https:\/\/abilica.com\/#website","url":"https:\/\/abilica.com\/","name":"Abilica","description":"Abilica Home Training","potentialAction":[{"@type":"SearchAction","target":{"@type":"EntryPoint","urlTemplate":"https:\/\/abilica.com\/?s={search_term_string}"},"query-input":{"@type":"PropertyValueSpecification","valueRequired":true,"valueName":"search_term_string"}}],"inLanguage":"sv-SE"}]}},"_links":{"self":[{"href":"https:\/\/abilica.com\/sv\/wp-json\/wp\/v2\/product\/2236","targetHints":{"allow":["GET"]}}],"collection":[{"href":"https:\/\/abilica.com\/sv\/wp-json\/wp\/v2\/product"}],"about":[{"href":"https:\/\/abilica.com\/sv\/wp-json\/wp\/v2\/types\/product"}],"wp:featuredmedia":[{"embeddable":true,"href":"https:\/\/abilica.com\/sv\/wp-json\/wp\/v2\/media\/27271"}],"wp:attachment":[{"href":"https:\/\/abilica.com\/sv\/wp-json\/wp\/v2\/media?parent=2236"}],"wp:term":[{"taxonomy":"product_brand","embeddable":true,"href":"https:\/\/abilica.com\/sv\/wp-json\/wp\/v2\/product_brand?post=2236"},{"taxonomy":"product_cat","embeddable":true,"href":"https:\/\/abilica.com\/sv\/wp-json\/wp\/v2\/product_cat?post=2236"},{"taxonomy":"product_tag","embeddable":true,"href":"https:\/\/abilica.com\/sv\/wp-json\/wp\/v2\/product_tag?post=2236"}],"curies":[{"name":"wp","href":"https:\/\/api.w.org\/{rel}","templated":true}]}}