{"id":2270,"date":"2015-03-23T00:00:00","date_gmt":"2015-03-22T23:00:00","guid":{"rendered":"https:\/\/abilica.com\/se\/produkt\/abilica-powerband\/"},"modified":"2025-10-20T15:30:35","modified_gmt":"2025-10-20T14:30:35","slug":"abilica-powerband","status":"publish","type":"product","link":"https:\/\/abilica.com\/sv\/styrka\/gummiband\/abilica-powerband\/","title":{"rendered":"Abilica PowerBand ECO"},"content":{"rendered":"<div class=\"wpb-content-wrapper\"><p>[vc_row][vc_column][vc_column_text el_class=&#8221;product-video&#8221;]<img loading=\"lazy\" decoding=\"async\" class=\"alignnone wp-image-30034\" src=\"https:\/\/abilica.com\/se\/wp-content\/uploads\/2021\/06\/ECO-hvit-150x150-1.png\" alt=\"\" width=\"91\" height=\"91\" \/><\/p>\n<p>Du f\u00e5r tre produkter i en! Tr\u00e4ningsband som\u00a0\u00e4r perfekt n\u00e4r du beh\u00f6ver hj\u00e4lp med pull ups, utm\u00e4rkt om du har en v\u00e4n att tr\u00e4na med och lysande som extra belastning till bas\u00f6vningar n\u00e4r du tr\u00e4nar ensam. Perfekt ocks\u00e5 tillsammans med Abilica DoorGym och Abilica HangOn. L\u00e4ngd 1 m och diameter 64 cm.<\/p>\n<p><b>Motst\u00e5nd PowerBands<br \/>\n<\/b>1 cm: 7 \u2013 28 kg<br \/>\n2 cm: 14.5 \u2013 56 kg<br \/>\n3 cm: 21.5 \u2013 84 kg<\/p>\n<div style=\"width: 640px;\" class=\"wp-video\"><!--[if lt IE 9]><script>document.createElement('video');<\/script><![endif]-->\n<video class=\"wp-video-shortcode\" id=\"video-2270-1\" width=\"640\" height=\"360\" poster=\"https:\/\/abilica.com\/wp-content\/uploads\/2024\/05\/CleanShot-2024-05-23-at-09.39.04@2x.jpg\" preload=\"metadata\" controls=\"controls\"><source type=\"video\/mp4\" src=\"https:\/\/abilica.com\/wp-content\/uploads\/2024\/05\/Abilica-PowerBands-ECO-bredde.mp4?_=1\" \/><a href=\"https:\/\/abilica.com\/wp-content\/uploads\/2024\/05\/Abilica-PowerBands-ECO-bredde.mp4\">https:\/\/abilica.com\/wp-content\/uploads\/2024\/05\/Abilica-PowerBands-ECO-bredde.mp4<\/a><\/video><\/div>\n<p>[\/vc_column_text][vc_video link=&#8221;https:\/\/vimeo.com\/736070608&#8243; align=&#8221;center&#8221;][vc_empty_space height=&#8221;52px&#8221;][\/vc_column][\/vc_row][vc_row][vc_column width=&#8221;1\/2&#8243;][vc_btn title=&#8221;Tr\u00e4ningsprogram&#8221; style=&#8221;flat&#8221; color=&#8221;black&#8221; align=&#8221;center&#8221; i_icon_fontawesome=&#8221;fa fa-file-pdf-o&#8221; add_icon=&#8221;true&#8221; link=&#8221;url:https%3A%2F%2Fabilica.com\/se%2Fwp-content%2Fuploads%2F2017%2F02%2FPowerBand-6s-2015-outline-Nett.pdf||target:%20_blank|&#8221;][\/vc_column][vc_column width=&#8221;1\/2&#8243;][vc_btn title=&#8221;Tr\u00e4ningstips&#8221; style=&#8221;flat&#8221; color=&#8221;black&#8221; align=&#8221;center&#8221; i_icon_fontawesome=&#8221;fa fa-align-left&#8221; add_icon=&#8221;true&#8221; link=&#8221;url:http%3A%2F%2Fwww.hemmatraningsbloggen.se%2Fstyrka%2Ftraning-med-gummiband%2F||target:%20_blank|&#8221;][\/vc_column][\/vc_row]<\/p>\n<\/div>","protected":false},"excerpt":{"rendered":"<p>[vc_row][vc_column][vc_column_text el_class=&#8221;product-video&#8221;] Du f\u00e5r tre produkter i en! Tr\u00e4ningsband som\u00a0\u00e4r perfekt n\u00e4r du beh\u00f6ver hj\u00e4lp&#8230;<\/p>\n","protected":false},"featured_media":26295,"template":"","meta":{"_acf_changed":false},"product_brand":[],"product_cat":[484,471],"product_tag":[183,31,33,76,182,49,177,34,179],"class_list":{"0":"post-2270","1":"product","2":"type-product","3":"status-publish","4":"has-post-thumbnail","6":"product_cat-gummiband","7":"product_cat-styrka","8":"product_tag-abilica-pregnancy","9":"product_tag-circle","10":"product_tag-crossfit","11":"product_tag-eco-friendly","12":"product_tag-garage-gym","13":"product_tag-premium","14":"product_tag-small-items","15":"product_tag-styrka","16":"product_tag-summer-workout","18":"first","19":"instock","20":"product-type-variable"},"acf":[],"yoast_head":"<!-- This site is optimized with the Yoast SEO Premium plugin v21.1 (Yoast SEO v25.4) - https:\/\/yoast.com\/wordpress\/plugins\/seo\/ -->\n<title>Abilica PowerBand ECO Abilica<\/title>\n<meta name=\"robots\" content=\"index, follow, max-snippet:-1, max-image-preview:large, max-video-preview:-1\" \/>\n<link rel=\"canonical\" href=\"https:\/\/abilica.com\/sv\/styrka\/gummiband\/abilica-powerband\/\" \/>\n<meta property=\"og:locale\" content=\"sv_SE\" \/>\n<meta property=\"og:type\" content=\"article\" \/>\n<meta property=\"og:title\" content=\"Abilica PowerBand ECO\" \/>\n<meta property=\"og:description\" content=\"[vc_row][vc_column][vc_column_text el_class=&#8221;product-video&#8221;] Du f\u00e5r tre produkter i en! Tr\u00e4ningsband som\u00a0\u00e4r perfekt n\u00e4r du beh\u00f6ver hj\u00e4lp...\" \/>\n<meta property=\"og:url\" content=\"https:\/\/abilica.com\/sv\/styrka\/gummiband\/abilica-powerband\/\" \/>\n<meta property=\"og:site_name\" content=\"Abilica\" \/>\n<meta property=\"article:publisher\" content=\"https:\/\/www.facebook.com\/abilicahometraining\/\" \/>\n<meta property=\"article:modified_time\" content=\"2025-10-20T14:30:35+00:00\" \/>\n<meta property=\"og:image\" content=\"https:\/\/abilica.com\/wp-content\/uploads\/2015\/03\/Powerband-ECO.jpg\" \/>\n\t<meta property=\"og:image:width\" content=\"1200\" \/>\n\t<meta property=\"og:image:height\" content=\"1200\" \/>\n\t<meta property=\"og:image:type\" content=\"image\/jpeg\" \/>\n<meta name=\"twitter:card\" content=\"summary_large_image\" \/>\n<meta name=\"twitter:label1\" content=\"Ber\u00e4knad l\u00e4stid\" \/>\n\t<meta name=\"twitter:data1\" content=\"1 minut\" \/>\n<script type=\"application\/ld+json\" class=\"yoast-schema-graph\">{\"@context\":\"https:\/\/schema.org\",\"@graph\":[{\"@type\":\"WebPage\",\"@id\":\"https:\/\/abilica.com\/sv\/styrka\/gummiband\/abilica-powerband\/\",\"url\":\"https:\/\/abilica.com\/sv\/styrka\/gummiband\/abilica-powerband\/\",\"name\":\"Abilica PowerBand ECO Abilica\",\"isPartOf\":{\"@id\":\"https:\/\/abilica.com\/#website\"},\"primaryImageOfPage\":{\"@id\":\"https:\/\/abilica.com\/sv\/styrka\/gummiband\/abilica-powerband\/#primaryimage\"},\"image\":{\"@id\":\"https:\/\/abilica.com\/sv\/styrka\/gummiband\/abilica-powerband\/#primaryimage\"},\"thumbnailUrl\":\"https:\/\/abilica.com\/wp-content\/uploads\/2015\/03\/Powerband-ECO.jpg\",\"datePublished\":\"2015-03-22T23:00:00+00:00\",\"dateModified\":\"2025-10-20T14:30:35+00:00\",\"breadcrumb\":{\"@id\":\"https:\/\/abilica.com\/sv\/styrka\/gummiband\/abilica-powerband\/#breadcrumb\"},\"inLanguage\":\"sv-SE\",\"potentialAction\":[{\"@type\":\"ReadAction\",\"target\":[\"https:\/\/abilica.com\/sv\/styrka\/gummiband\/abilica-powerband\/\"]}]},{\"@type\":\"ImageObject\",\"inLanguage\":\"sv-SE\",\"@id\":\"https:\/\/abilica.com\/sv\/styrka\/gummiband\/abilica-powerband\/#primaryimage\",\"url\":\"https:\/\/abilica.com\/wp-content\/uploads\/2015\/03\/Powerband-ECO.jpg\",\"contentUrl\":\"https:\/\/abilica.com\/wp-content\/uploads\/2015\/03\/Powerband-ECO.jpg\",\"width\":1200,\"height\":1200},{\"@type\":\"BreadcrumbList\",\"@id\":\"https:\/\/abilica.com\/sv\/styrka\/gummiband\/abilica-powerband\/#breadcrumb\",\"itemListElement\":[{\"@type\":\"ListItem\",\"position\":1,\"name\":\"Hem\",\"item\":\"https:\/\/abilica.com\/sv\/\"},{\"@type\":\"ListItem\",\"position\":2,\"name\":\"Produkter\",\"item\":\"https:\/\/abilica.com\/sv\/shop\/\"},{\"@type\":\"ListItem\",\"position\":3,\"name\":\"Abilica PowerBand ECO\"}]},{\"@type\":\"WebSite\",\"@id\":\"https:\/\/abilica.com\/#website\",\"url\":\"https:\/\/abilica.com\/\",\"name\":\"Abilica\",\"description\":\"Abilica Home Training\",\"potentialAction\":[{\"@type\":\"SearchAction\",\"target\":{\"@type\":\"EntryPoint\",\"urlTemplate\":\"https:\/\/abilica.com\/?s={search_term_string}\"},\"query-input\":{\"@type\":\"PropertyValueSpecification\",\"valueRequired\":true,\"valueName\":\"search_term_string\"}}],\"inLanguage\":\"sv-SE\"}]}<\/script>\n<!-- \/ Yoast SEO Premium plugin. -->","yoast_head_json":{"title":"Abilica PowerBand ECO Abilica","robots":{"index":"index","follow":"follow","max-snippet":"max-snippet:-1","max-image-preview":"max-image-preview:large","max-video-preview":"max-video-preview:-1"},"canonical":"https:\/\/abilica.com\/sv\/styrka\/gummiband\/abilica-powerband\/","og_locale":"sv_SE","og_type":"article","og_title":"Abilica PowerBand ECO","og_description":"[vc_row][vc_column][vc_column_text el_class=&#8221;product-video&#8221;] Du f\u00e5r tre produkter i en! Tr\u00e4ningsband som\u00a0\u00e4r perfekt n\u00e4r du beh\u00f6ver hj\u00e4lp...","og_url":"https:\/\/abilica.com\/sv\/styrka\/gummiband\/abilica-powerband\/","og_site_name":"Abilica","article_publisher":"https:\/\/www.facebook.com\/abilicahometraining\/","article_modified_time":"2025-10-20T14:30:35+00:00","og_image":[{"width":1200,"height":1200,"url":"https:\/\/abilica.com\/wp-content\/uploads\/2015\/03\/Powerband-ECO.jpg","type":"image\/jpeg"}],"twitter_card":"summary_large_image","twitter_misc":{"Ber\u00e4knad l\u00e4stid":"1 minut"},"schema":{"@context":"https:\/\/schema.org","@graph":[{"@type":"WebPage","@id":"https:\/\/abilica.com\/sv\/styrka\/gummiband\/abilica-powerband\/","url":"https:\/\/abilica.com\/sv\/styrka\/gummiband\/abilica-powerband\/","name":"Abilica PowerBand ECO Abilica","isPartOf":{"@id":"https:\/\/abilica.com\/#website"},"primaryImageOfPage":{"@id":"https:\/\/abilica.com\/sv\/styrka\/gummiband\/abilica-powerband\/#primaryimage"},"image":{"@id":"https:\/\/abilica.com\/sv\/styrka\/gummiband\/abilica-powerband\/#primaryimage"},"thumbnailUrl":"https:\/\/abilica.com\/wp-content\/uploads\/2015\/03\/Powerband-ECO.jpg","datePublished":"2015-03-22T23:00:00+00:00","dateModified":"2025-10-20T14:30:35+00:00","breadcrumb":{"@id":"https:\/\/abilica.com\/sv\/styrka\/gummiband\/abilica-powerband\/#breadcrumb"},"inLanguage":"sv-SE","potentialAction":[{"@type":"ReadAction","target":["https:\/\/abilica.com\/sv\/styrka\/gummiband\/abilica-powerband\/"]}]},{"@type":"ImageObject","inLanguage":"sv-SE","@id":"https:\/\/abilica.com\/sv\/styrka\/gummiband\/abilica-powerband\/#primaryimage","url":"https:\/\/abilica.com\/wp-content\/uploads\/2015\/03\/Powerband-ECO.jpg","contentUrl":"https:\/\/abilica.com\/wp-content\/uploads\/2015\/03\/Powerband-ECO.jpg","width":1200,"height":1200},{"@type":"BreadcrumbList","@id":"https:\/\/abilica.com\/sv\/styrka\/gummiband\/abilica-powerband\/#breadcrumb","itemListElement":[{"@type":"ListItem","position":1,"name":"Hem","item":"https:\/\/abilica.com\/sv\/"},{"@type":"ListItem","position":2,"name":"Produkter","item":"https:\/\/abilica.com\/sv\/shop\/"},{"@type":"ListItem","position":3,"name":"Abilica PowerBand ECO"}]},{"@type":"WebSite","@id":"https:\/\/abilica.com\/#website","url":"https:\/\/abilica.com\/","name":"Abilica","description":"Abilica Home Training","potentialAction":[{"@type":"SearchAction","target":{"@type":"EntryPoint","urlTemplate":"https:\/\/abilica.com\/?s={search_term_string}"},"query-input":{"@type":"PropertyValueSpecification","valueRequired":true,"valueName":"search_term_string"}}],"inLanguage":"sv-SE"}]}},"_links":{"self":[{"href":"https:\/\/abilica.com\/sv\/wp-json\/wp\/v2\/product\/2270","targetHints":{"allow":["GET"]}}],"collection":[{"href":"https:\/\/abilica.com\/sv\/wp-json\/wp\/v2\/product"}],"about":[{"href":"https:\/\/abilica.com\/sv\/wp-json\/wp\/v2\/types\/product"}],"wp:featuredmedia":[{"embeddable":true,"href":"https:\/\/abilica.com\/sv\/wp-json\/wp\/v2\/media\/26295"}],"wp:attachment":[{"href":"https:\/\/abilica.com\/sv\/wp-json\/wp\/v2\/media?parent=2270"}],"wp:term":[{"taxonomy":"product_brand","embeddable":true,"href":"https:\/\/abilica.com\/sv\/wp-json\/wp\/v2\/product_brand?post=2270"},{"taxonomy":"product_cat","embeddable":true,"href":"https:\/\/abilica.com\/sv\/wp-json\/wp\/v2\/product_cat?post=2270"},{"taxonomy":"product_tag","embeddable":true,"href":"https:\/\/abilica.com\/sv\/wp-json\/wp\/v2\/product_tag?post=2270"}],"curies":[{"name":"wp","href":"https:\/\/api.w.org\/{rel}","templated":true}]}}