{"id":22875,"date":"2018-06-15T10:00:46","date_gmt":"2018-06-15T09:00:46","guid":{"rendered":"https:\/\/abilica.com\/se\/abilica-bounceup\/"},"modified":"2025-11-11T15:05:00","modified_gmt":"2025-11-11T14:05:00","slug":"abilica-bounceup","status":"publish","type":"product","link":"https:\/\/abilica.com\/sv\/kondition\/studsmatta\/abilica-bounceup\/","title":{"rendered":"Abilica BounceUp"},"content":{"rendered":"<div class=\"wpb-content-wrapper\"><p>[vc_row][vc_column][vc_column_text css=&#8221;&#8221;]Med Abilica BounceUp kan du tr\u00e4na p\u00e5 ett roligt och effektivt s\u00e4tt! S\u00e4tt p\u00e5 musiken och hoppa med olika kombinationer. P\u00e5 BounceUp \u00e4r huvudfokus konditionstr\u00e4ning, vanligtvis med h\u00f6g puls. Avsluta g\u00e4rna tr\u00e4ningen med balans\u00f6vningar p\u00e5 studsmattan, den mjuka och instabila ytan ger dig en extra utmaning. Tr\u00e4ning p\u00e5 Abilica BounceUp \u00e4r ocks\u00e5 skonsam f\u00f6r lederna. Studsmatta med 36 st. separata gummiband, vilket ger en mycket bra studs och l\u00e5ng h\u00e5llbarhetstid. Ett och ett gummiband kan bytas ut efter behov. 6 st. vinklade ben med gummif\u00f6tter ger extra god stabilitet. Justerbart handtag som ocks\u00e5 kan tas bort helt. Ramen monteras snabbt och enkelt, utan verktyg, med hj\u00e4lp av&#8221;klickl\u00e5sar&#8221;. Maximal anv\u00e4ndarvikt 120 kg.[\/vc_column_text][vc_empty_space height=&#8221;42px&#8221;][vc_video link=&#8221;https:\/\/www.youtube.com\/watch?v=_JlmvKd5WM8&#8243; align=&#8221;center&#8221;][vc_video link=&#8221;https:\/\/www.youtube.com\/watch?v=tRf7vQ9On9c&#8221; align=&#8221;center&#8221;][\/vc_column][\/vc_row]<\/p>\n<\/div>","protected":false},"excerpt":{"rendered":"<p>[vc_row][vc_column][vc_column_text css=&#8221;&#8221;]Med Abilica BounceUp kan du tr\u00e4na p\u00e5 ett roligt och effektivt s\u00e4tt! S\u00e4tt p\u00e5&#8230;<\/p>\n","protected":false},"featured_media":22882,"template":"","meta":{"_acf_changed":false},"product_brand":[],"product_cat":[475,515],"product_tag":[49],"class_list":{"0":"post-22875","1":"product","2":"type-product","3":"status-publish","4":"has-post-thumbnail","6":"product_cat-kondition","7":"product_cat-studsmatta","8":"product_tag-premium","10":"first","11":"outofstock","12":"product-type-simple"},"acf":[],"yoast_head":"<!-- This site is optimized with the Yoast SEO Premium plugin v21.1 (Yoast SEO v25.4) - https:\/\/yoast.com\/wordpress\/plugins\/seo\/ -->\n<title>Abilica BounceUp Abilica<\/title>\n<meta name=\"robots\" content=\"index, follow, max-snippet:-1, max-image-preview:large, max-video-preview:-1\" \/>\n<link rel=\"canonical\" href=\"https:\/\/abilica.com\/sv\/kondition\/studsmatta\/abilica-bounceup\/\" \/>\n<meta property=\"og:locale\" content=\"sv_SE\" \/>\n<meta property=\"og:type\" content=\"article\" \/>\n<meta property=\"og:title\" content=\"Abilica BounceUp\" \/>\n<meta property=\"og:description\" content=\"[vc_row][vc_column][vc_column_text css=&#8221;&#8221;]Med Abilica BounceUp kan du tr\u00e4na p\u00e5 ett roligt och effektivt s\u00e4tt! S\u00e4tt p\u00e5...\" \/>\n<meta property=\"og:url\" content=\"https:\/\/abilica.com\/sv\/kondition\/studsmatta\/abilica-bounceup\/\" \/>\n<meta property=\"og:site_name\" content=\"Abilica\" \/>\n<meta property=\"article:publisher\" content=\"https:\/\/www.facebook.com\/abilicahometraining\/\" \/>\n<meta property=\"article:modified_time\" content=\"2025-11-11T14:05:00+00:00\" \/>\n<meta property=\"og:image\" content=\"https:\/\/abilica.com\/wp-content\/uploads\/2018\/06\/372700.jpg\" \/>\n\t<meta property=\"og:image:width\" content=\"1200\" \/>\n\t<meta property=\"og:image:height\" content=\"1200\" \/>\n\t<meta property=\"og:image:type\" content=\"image\/jpeg\" \/>\n<meta name=\"twitter:card\" content=\"summary_large_image\" \/>\n<meta name=\"twitter:label1\" content=\"Ber\u00e4knad l\u00e4stid\" \/>\n\t<meta name=\"twitter:data1\" content=\"1 minut\" \/>\n<script type=\"application\/ld+json\" class=\"yoast-schema-graph\">{\"@context\":\"https:\/\/schema.org\",\"@graph\":[{\"@type\":\"WebPage\",\"@id\":\"https:\/\/abilica.com\/sv\/kondition\/studsmatta\/abilica-bounceup\/\",\"url\":\"https:\/\/abilica.com\/sv\/kondition\/studsmatta\/abilica-bounceup\/\",\"name\":\"Abilica BounceUp Abilica\",\"isPartOf\":{\"@id\":\"https:\/\/abilica.com\/#website\"},\"primaryImageOfPage\":{\"@id\":\"https:\/\/abilica.com\/sv\/kondition\/studsmatta\/abilica-bounceup\/#primaryimage\"},\"image\":{\"@id\":\"https:\/\/abilica.com\/sv\/kondition\/studsmatta\/abilica-bounceup\/#primaryimage\"},\"thumbnailUrl\":\"https:\/\/abilica.com\/wp-content\/uploads\/2018\/06\/372700.jpg\",\"datePublished\":\"2018-06-15T09:00:46+00:00\",\"dateModified\":\"2025-11-11T14:05:00+00:00\",\"breadcrumb\":{\"@id\":\"https:\/\/abilica.com\/sv\/kondition\/studsmatta\/abilica-bounceup\/#breadcrumb\"},\"inLanguage\":\"sv-SE\",\"potentialAction\":[{\"@type\":\"ReadAction\",\"target\":[\"https:\/\/abilica.com\/sv\/kondition\/studsmatta\/abilica-bounceup\/\"]}]},{\"@type\":\"ImageObject\",\"inLanguage\":\"sv-SE\",\"@id\":\"https:\/\/abilica.com\/sv\/kondition\/studsmatta\/abilica-bounceup\/#primaryimage\",\"url\":\"https:\/\/abilica.com\/wp-content\/uploads\/2018\/06\/372700.jpg\",\"contentUrl\":\"https:\/\/abilica.com\/wp-content\/uploads\/2018\/06\/372700.jpg\",\"width\":1200,\"height\":1200},{\"@type\":\"BreadcrumbList\",\"@id\":\"https:\/\/abilica.com\/sv\/kondition\/studsmatta\/abilica-bounceup\/#breadcrumb\",\"itemListElement\":[{\"@type\":\"ListItem\",\"position\":1,\"name\":\"Hem\",\"item\":\"https:\/\/abilica.com\/sv\/\"},{\"@type\":\"ListItem\",\"position\":2,\"name\":\"Produkter\",\"item\":\"https:\/\/abilica.com\/sv\/shop\/\"},{\"@type\":\"ListItem\",\"position\":3,\"name\":\"Abilica BounceUp\"}]},{\"@type\":\"WebSite\",\"@id\":\"https:\/\/abilica.com\/#website\",\"url\":\"https:\/\/abilica.com\/\",\"name\":\"Abilica\",\"description\":\"Abilica Home Training\",\"potentialAction\":[{\"@type\":\"SearchAction\",\"target\":{\"@type\":\"EntryPoint\",\"urlTemplate\":\"https:\/\/abilica.com\/?s={search_term_string}\"},\"query-input\":{\"@type\":\"PropertyValueSpecification\",\"valueRequired\":true,\"valueName\":\"search_term_string\"}}],\"inLanguage\":\"sv-SE\"}]}<\/script>\n<!-- \/ Yoast SEO Premium plugin. -->","yoast_head_json":{"title":"Abilica BounceUp Abilica","robots":{"index":"index","follow":"follow","max-snippet":"max-snippet:-1","max-image-preview":"max-image-preview:large","max-video-preview":"max-video-preview:-1"},"canonical":"https:\/\/abilica.com\/sv\/kondition\/studsmatta\/abilica-bounceup\/","og_locale":"sv_SE","og_type":"article","og_title":"Abilica BounceUp","og_description":"[vc_row][vc_column][vc_column_text css=&#8221;&#8221;]Med Abilica BounceUp kan du tr\u00e4na p\u00e5 ett roligt och effektivt s\u00e4tt! S\u00e4tt p\u00e5...","og_url":"https:\/\/abilica.com\/sv\/kondition\/studsmatta\/abilica-bounceup\/","og_site_name":"Abilica","article_publisher":"https:\/\/www.facebook.com\/abilicahometraining\/","article_modified_time":"2025-11-11T14:05:00+00:00","og_image":[{"width":1200,"height":1200,"url":"https:\/\/abilica.com\/wp-content\/uploads\/2018\/06\/372700.jpg","type":"image\/jpeg"}],"twitter_card":"summary_large_image","twitter_misc":{"Ber\u00e4knad l\u00e4stid":"1 minut"},"schema":{"@context":"https:\/\/schema.org","@graph":[{"@type":"WebPage","@id":"https:\/\/abilica.com\/sv\/kondition\/studsmatta\/abilica-bounceup\/","url":"https:\/\/abilica.com\/sv\/kondition\/studsmatta\/abilica-bounceup\/","name":"Abilica BounceUp Abilica","isPartOf":{"@id":"https:\/\/abilica.com\/#website"},"primaryImageOfPage":{"@id":"https:\/\/abilica.com\/sv\/kondition\/studsmatta\/abilica-bounceup\/#primaryimage"},"image":{"@id":"https:\/\/abilica.com\/sv\/kondition\/studsmatta\/abilica-bounceup\/#primaryimage"},"thumbnailUrl":"https:\/\/abilica.com\/wp-content\/uploads\/2018\/06\/372700.jpg","datePublished":"2018-06-15T09:00:46+00:00","dateModified":"2025-11-11T14:05:00+00:00","breadcrumb":{"@id":"https:\/\/abilica.com\/sv\/kondition\/studsmatta\/abilica-bounceup\/#breadcrumb"},"inLanguage":"sv-SE","potentialAction":[{"@type":"ReadAction","target":["https:\/\/abilica.com\/sv\/kondition\/studsmatta\/abilica-bounceup\/"]}]},{"@type":"ImageObject","inLanguage":"sv-SE","@id":"https:\/\/abilica.com\/sv\/kondition\/studsmatta\/abilica-bounceup\/#primaryimage","url":"https:\/\/abilica.com\/wp-content\/uploads\/2018\/06\/372700.jpg","contentUrl":"https:\/\/abilica.com\/wp-content\/uploads\/2018\/06\/372700.jpg","width":1200,"height":1200},{"@type":"BreadcrumbList","@id":"https:\/\/abilica.com\/sv\/kondition\/studsmatta\/abilica-bounceup\/#breadcrumb","itemListElement":[{"@type":"ListItem","position":1,"name":"Hem","item":"https:\/\/abilica.com\/sv\/"},{"@type":"ListItem","position":2,"name":"Produkter","item":"https:\/\/abilica.com\/sv\/shop\/"},{"@type":"ListItem","position":3,"name":"Abilica BounceUp"}]},{"@type":"WebSite","@id":"https:\/\/abilica.com\/#website","url":"https:\/\/abilica.com\/","name":"Abilica","description":"Abilica Home Training","potentialAction":[{"@type":"SearchAction","target":{"@type":"EntryPoint","urlTemplate":"https:\/\/abilica.com\/?s={search_term_string}"},"query-input":{"@type":"PropertyValueSpecification","valueRequired":true,"valueName":"search_term_string"}}],"inLanguage":"sv-SE"}]}},"_links":{"self":[{"href":"https:\/\/abilica.com\/sv\/wp-json\/wp\/v2\/product\/22875","targetHints":{"allow":["GET"]}}],"collection":[{"href":"https:\/\/abilica.com\/sv\/wp-json\/wp\/v2\/product"}],"about":[{"href":"https:\/\/abilica.com\/sv\/wp-json\/wp\/v2\/types\/product"}],"wp:featuredmedia":[{"embeddable":true,"href":"https:\/\/abilica.com\/sv\/wp-json\/wp\/v2\/media\/22882"}],"wp:attachment":[{"href":"https:\/\/abilica.com\/sv\/wp-json\/wp\/v2\/media?parent=22875"}],"wp:term":[{"taxonomy":"product_brand","embeddable":true,"href":"https:\/\/abilica.com\/sv\/wp-json\/wp\/v2\/product_brand?post=22875"},{"taxonomy":"product_cat","embeddable":true,"href":"https:\/\/abilica.com\/sv\/wp-json\/wp\/v2\/product_cat?post=22875"},{"taxonomy":"product_tag","embeddable":true,"href":"https:\/\/abilica.com\/sv\/wp-json\/wp\/v2\/product_tag?post=22875"}],"curies":[{"name":"wp","href":"https:\/\/api.w.org\/{rel}","templated":true}]}}