{"id":2304,"date":"2015-05-15T00:00:00","date_gmt":"2015-05-15T00:00:00","guid":{"rendered":"https:\/\/abilica.com\/se\/produkt\/abilica-hex-dumbbell-set-2-9\/"},"modified":"2025-07-29T13:12:16","modified_gmt":"2025-07-29T12:12:16","slug":"abilica-hex-dumbbell-set-2-9","status":"publish","type":"product","link":"https:\/\/abilica.com\/sv\/styrka\/hantlar\/abilica-hex-dumbbell-set-2-9\/","title":{"rendered":"Abilica HEX Dumbbell Set 2-9"},"content":{"rendered":"<div class=\"wpb-content-wrapper\"><p>[vc_row][vc_column][vc_column_text]Gummibelagda och sexkantiga hantlar. Gummibelagda f\u00f6r l\u00e4ngre livstid b\u00e5de f\u00f6r hantel, golv och stativ. S\u00e4ljs i par.<\/p>\n<p><strong>Inneh\u00e5ller<\/strong><br \/>\n\u2022 Abilica Hex Dumbbell 2 kg<br \/>\n\u2022 Abilica Hex Dumbbell 3 kg<br \/>\n\u2022 Abilica Hex Dumbbell 4 kg<br \/>\n\u2022 Abilica Hex Dumbbell 5 kg<br \/>\n\u2022 Abilica Hex Dumbbell 6 kg<br \/>\n\u2022 Abilica Hex Dumbbell 7 kg<br \/>\n\u2022 Abilica Hex Dumbbell 8 kg<br \/>\n\u2022 Abilica Hex Dumbbell 9 kg[\/vc_column_text][vc_empty_space height=&#8221;52px&#8221;][\/vc_column][\/vc_row][vc_row][vc_column][vc_btn title=&#8221;Tr\u00e4ningstips&#8221; style=&#8221;flat&#8221; color=&#8221;black&#8221; align=&#8221;center&#8221; i_icon_fontawesome=&#8221;fa fa-align-left&#8221; add_icon=&#8221;true&#8221; link=&#8221;url:http%3A%2F%2Fwww.hemmatraningsbloggen.se%2Fstyrka%2Fovningar-med-hantlar%2F||target:%20_blank|&#8221;][\/vc_column][\/vc_row]<\/p>\n<\/div>","protected":false},"excerpt":{"rendered":"<p>[vc_row][vc_column][vc_column_text]Gummibelagda och sexkantiga hantlar. Gummibelagda f\u00f6r l\u00e4ngre livstid b\u00e5de f\u00f6r hantel, golv och stativ. S\u00e4ljs&#8230;<\/p>\n","protected":false},"featured_media":16757,"template":"","meta":{"_acf_changed":false},"product_brand":[],"product_cat":[479,471],"product_tag":[49,34],"class_list":{"0":"post-2304","1":"product","2":"type-product","3":"status-publish","4":"has-post-thumbnail","6":"product_cat-hantlar","7":"product_cat-styrka","8":"product_tag-premium","9":"product_tag-styrka","11":"first","12":"instock","13":"product-type-simple"},"acf":[],"yoast_head":"<!-- This site is optimized with the Yoast SEO Premium plugin v21.1 (Yoast SEO v25.4) - https:\/\/yoast.com\/wordpress\/plugins\/seo\/ -->\n<title>Abilica HEX Dumbbell Set 2-9 Abilica<\/title>\n<meta name=\"robots\" content=\"index, follow, max-snippet:-1, max-image-preview:large, max-video-preview:-1\" \/>\n<link rel=\"canonical\" href=\"https:\/\/abilica.com\/sv\/styrka\/hantlar\/abilica-hex-dumbbell-set-2-9\/\" \/>\n<meta property=\"og:locale\" content=\"sv_SE\" \/>\n<meta property=\"og:type\" content=\"article\" \/>\n<meta property=\"og:title\" content=\"Abilica HEX Dumbbell Set 2-9\" \/>\n<meta property=\"og:description\" content=\"[vc_row][vc_column][vc_column_text]Gummibelagda och sexkantiga hantlar. Gummibelagda f\u00f6r l\u00e4ngre livstid b\u00e5de f\u00f6r hantel, golv och stativ. S\u00e4ljs...\" \/>\n<meta property=\"og:url\" content=\"https:\/\/abilica.com\/sv\/styrka\/hantlar\/abilica-hex-dumbbell-set-2-9\/\" \/>\n<meta property=\"og:site_name\" content=\"Abilica\" \/>\n<meta property=\"article:publisher\" content=\"https:\/\/www.facebook.com\/abilicahometraining\/\" \/>\n<meta property=\"article:modified_time\" content=\"2025-07-29T12:12:16+00:00\" \/>\n<meta property=\"og:image\" content=\"https:\/\/abilica.com\/wp-content\/uploads\/2017\/03\/300289.jpg\" \/>\n\t<meta property=\"og:image:width\" content=\"1200\" \/>\n\t<meta property=\"og:image:height\" content=\"1200\" \/>\n\t<meta property=\"og:image:type\" content=\"image\/jpeg\" \/>\n<meta name=\"twitter:card\" content=\"summary_large_image\" \/>\n<meta name=\"twitter:label1\" content=\"Ber\u00e4knad l\u00e4stid\" \/>\n\t<meta name=\"twitter:data1\" content=\"1 minut\" \/>\n<script type=\"application\/ld+json\" class=\"yoast-schema-graph\">{\"@context\":\"https:\/\/schema.org\",\"@graph\":[{\"@type\":\"WebPage\",\"@id\":\"https:\/\/abilica.com\/sv\/styrka\/hantlar\/abilica-hex-dumbbell-set-2-9\/\",\"url\":\"https:\/\/abilica.com\/sv\/styrka\/hantlar\/abilica-hex-dumbbell-set-2-9\/\",\"name\":\"Abilica HEX Dumbbell Set 2-9 Abilica\",\"isPartOf\":{\"@id\":\"https:\/\/abilica.com\/#website\"},\"primaryImageOfPage\":{\"@id\":\"https:\/\/abilica.com\/sv\/styrka\/hantlar\/abilica-hex-dumbbell-set-2-9\/#primaryimage\"},\"image\":{\"@id\":\"https:\/\/abilica.com\/sv\/styrka\/hantlar\/abilica-hex-dumbbell-set-2-9\/#primaryimage\"},\"thumbnailUrl\":\"https:\/\/abilica.com\/wp-content\/uploads\/2017\/03\/300289.jpg\",\"datePublished\":\"2015-05-15T00:00:00+00:00\",\"dateModified\":\"2025-07-29T12:12:16+00:00\",\"breadcrumb\":{\"@id\":\"https:\/\/abilica.com\/sv\/styrka\/hantlar\/abilica-hex-dumbbell-set-2-9\/#breadcrumb\"},\"inLanguage\":\"sv-SE\",\"potentialAction\":[{\"@type\":\"ReadAction\",\"target\":[\"https:\/\/abilica.com\/sv\/styrka\/hantlar\/abilica-hex-dumbbell-set-2-9\/\"]}]},{\"@type\":\"ImageObject\",\"inLanguage\":\"sv-SE\",\"@id\":\"https:\/\/abilica.com\/sv\/styrka\/hantlar\/abilica-hex-dumbbell-set-2-9\/#primaryimage\",\"url\":\"https:\/\/abilica.com\/wp-content\/uploads\/2017\/03\/300289.jpg\",\"contentUrl\":\"https:\/\/abilica.com\/wp-content\/uploads\/2017\/03\/300289.jpg\",\"width\":1200,\"height\":1200},{\"@type\":\"BreadcrumbList\",\"@id\":\"https:\/\/abilica.com\/sv\/styrka\/hantlar\/abilica-hex-dumbbell-set-2-9\/#breadcrumb\",\"itemListElement\":[{\"@type\":\"ListItem\",\"position\":1,\"name\":\"Hem\",\"item\":\"https:\/\/abilica.com\/sv\/\"},{\"@type\":\"ListItem\",\"position\":2,\"name\":\"Produkter\",\"item\":\"https:\/\/abilica.com\/sv\/shop\/\"},{\"@type\":\"ListItem\",\"position\":3,\"name\":\"Abilica HEX Dumbbell Set 2-9\"}]},{\"@type\":\"WebSite\",\"@id\":\"https:\/\/abilica.com\/#website\",\"url\":\"https:\/\/abilica.com\/\",\"name\":\"Abilica\",\"description\":\"Abilica Home Training\",\"potentialAction\":[{\"@type\":\"SearchAction\",\"target\":{\"@type\":\"EntryPoint\",\"urlTemplate\":\"https:\/\/abilica.com\/?s={search_term_string}\"},\"query-input\":{\"@type\":\"PropertyValueSpecification\",\"valueRequired\":true,\"valueName\":\"search_term_string\"}}],\"inLanguage\":\"sv-SE\"}]}<\/script>\n<!-- \/ Yoast SEO Premium plugin. -->","yoast_head_json":{"title":"Abilica HEX Dumbbell Set 2-9 Abilica","robots":{"index":"index","follow":"follow","max-snippet":"max-snippet:-1","max-image-preview":"max-image-preview:large","max-video-preview":"max-video-preview:-1"},"canonical":"https:\/\/abilica.com\/sv\/styrka\/hantlar\/abilica-hex-dumbbell-set-2-9\/","og_locale":"sv_SE","og_type":"article","og_title":"Abilica HEX Dumbbell Set 2-9","og_description":"[vc_row][vc_column][vc_column_text]Gummibelagda och sexkantiga hantlar. Gummibelagda f\u00f6r l\u00e4ngre livstid b\u00e5de f\u00f6r hantel, golv och stativ. S\u00e4ljs...","og_url":"https:\/\/abilica.com\/sv\/styrka\/hantlar\/abilica-hex-dumbbell-set-2-9\/","og_site_name":"Abilica","article_publisher":"https:\/\/www.facebook.com\/abilicahometraining\/","article_modified_time":"2025-07-29T12:12:16+00:00","og_image":[{"width":1200,"height":1200,"url":"https:\/\/abilica.com\/wp-content\/uploads\/2017\/03\/300289.jpg","type":"image\/jpeg"}],"twitter_card":"summary_large_image","twitter_misc":{"Ber\u00e4knad l\u00e4stid":"1 minut"},"schema":{"@context":"https:\/\/schema.org","@graph":[{"@type":"WebPage","@id":"https:\/\/abilica.com\/sv\/styrka\/hantlar\/abilica-hex-dumbbell-set-2-9\/","url":"https:\/\/abilica.com\/sv\/styrka\/hantlar\/abilica-hex-dumbbell-set-2-9\/","name":"Abilica HEX Dumbbell Set 2-9 Abilica","isPartOf":{"@id":"https:\/\/abilica.com\/#website"},"primaryImageOfPage":{"@id":"https:\/\/abilica.com\/sv\/styrka\/hantlar\/abilica-hex-dumbbell-set-2-9\/#primaryimage"},"image":{"@id":"https:\/\/abilica.com\/sv\/styrka\/hantlar\/abilica-hex-dumbbell-set-2-9\/#primaryimage"},"thumbnailUrl":"https:\/\/abilica.com\/wp-content\/uploads\/2017\/03\/300289.jpg","datePublished":"2015-05-15T00:00:00+00:00","dateModified":"2025-07-29T12:12:16+00:00","breadcrumb":{"@id":"https:\/\/abilica.com\/sv\/styrka\/hantlar\/abilica-hex-dumbbell-set-2-9\/#breadcrumb"},"inLanguage":"sv-SE","potentialAction":[{"@type":"ReadAction","target":["https:\/\/abilica.com\/sv\/styrka\/hantlar\/abilica-hex-dumbbell-set-2-9\/"]}]},{"@type":"ImageObject","inLanguage":"sv-SE","@id":"https:\/\/abilica.com\/sv\/styrka\/hantlar\/abilica-hex-dumbbell-set-2-9\/#primaryimage","url":"https:\/\/abilica.com\/wp-content\/uploads\/2017\/03\/300289.jpg","contentUrl":"https:\/\/abilica.com\/wp-content\/uploads\/2017\/03\/300289.jpg","width":1200,"height":1200},{"@type":"BreadcrumbList","@id":"https:\/\/abilica.com\/sv\/styrka\/hantlar\/abilica-hex-dumbbell-set-2-9\/#breadcrumb","itemListElement":[{"@type":"ListItem","position":1,"name":"Hem","item":"https:\/\/abilica.com\/sv\/"},{"@type":"ListItem","position":2,"name":"Produkter","item":"https:\/\/abilica.com\/sv\/shop\/"},{"@type":"ListItem","position":3,"name":"Abilica HEX Dumbbell Set 2-9"}]},{"@type":"WebSite","@id":"https:\/\/abilica.com\/#website","url":"https:\/\/abilica.com\/","name":"Abilica","description":"Abilica Home Training","potentialAction":[{"@type":"SearchAction","target":{"@type":"EntryPoint","urlTemplate":"https:\/\/abilica.com\/?s={search_term_string}"},"query-input":{"@type":"PropertyValueSpecification","valueRequired":true,"valueName":"search_term_string"}}],"inLanguage":"sv-SE"}]}},"_links":{"self":[{"href":"https:\/\/abilica.com\/sv\/wp-json\/wp\/v2\/product\/2304","targetHints":{"allow":["GET"]}}],"collection":[{"href":"https:\/\/abilica.com\/sv\/wp-json\/wp\/v2\/product"}],"about":[{"href":"https:\/\/abilica.com\/sv\/wp-json\/wp\/v2\/types\/product"}],"wp:featuredmedia":[{"embeddable":true,"href":"https:\/\/abilica.com\/sv\/wp-json\/wp\/v2\/media\/16757"}],"wp:attachment":[{"href":"https:\/\/abilica.com\/sv\/wp-json\/wp\/v2\/media?parent=2304"}],"wp:term":[{"taxonomy":"product_brand","embeddable":true,"href":"https:\/\/abilica.com\/sv\/wp-json\/wp\/v2\/product_brand?post=2304"},{"taxonomy":"product_cat","embeddable":true,"href":"https:\/\/abilica.com\/sv\/wp-json\/wp\/v2\/product_cat?post=2304"},{"taxonomy":"product_tag","embeddable":true,"href":"https:\/\/abilica.com\/sv\/wp-json\/wp\/v2\/product_tag?post=2304"}],"curies":[{"name":"wp","href":"https:\/\/api.w.org\/{rel}","templated":true}]}}