{"id":23053,"date":"2018-08-31T11:46:41","date_gmt":"2018-08-31T10:46:41","guid":{"rendered":"https:\/\/abilica.com\/se\/abilica-weightbar-220cm\/"},"modified":"2025-04-29T13:12:14","modified_gmt":"2025-04-29T12:12:14","slug":"abilica-weightbar-220cm","status":"publish","type":"product","link":"https:\/\/abilica.com\/sv\/styrka\/skivor-och-stanger\/abilica-weightbar-220cm\/","title":{"rendered":"Abilica WeightBar 220 cm 50 mm"},"content":{"rendered":"<div class=\"wpb-content-wrapper\"><p>[vc_row][vc_column][vc_column_text]<strong>Abilica WeightBar 220 cm 50 mm \u00e4r en skivst\u00e5ng f\u00f6r dig som vill ha en bra st\u00e5ng med standardl\u00e4ngd f\u00f6r \u00f6vningar som marklyft, kn\u00e4b\u00f6j och b\u00e4nkpress.<\/strong><\/p>\n<p>Skivst\u00e5ngen har en greppdiameter p\u00e5 28 mm med 1,2 mm hill-serratering och en ytbehandling av typen h\u00e5rdkrom. H\u00e5rdkrom \u00e4r en metallblandning som ger skivst\u00e5ngen ett snyggt utseende, en bra k\u00e4nsla, korrosionsbest\u00e4ndighet och god slitstyrka. Denna kombination g\u00f6r att greppet k\u00e4nns bekv\u00e4mt samtidigt som du beh\u00e5ller ett bra grepp n\u00e4r vikterna blir tunga. 12 cm centrerad serratering i mitten av st\u00e5ngen ger dig bra grepp n\u00e4r du k\u00f6r kn\u00e4b\u00f6j, och de tv\u00e5 serraterade sektionerna p\u00e5 varje sida av st\u00e5ngen g\u00f6r det enkelt f\u00f6r dig att hitta samma greppbredd varje g\u00e5ng du ska lyfta marklyft eller b\u00e4nkpress. Vi rekommenderar <a href=\"https:\/\/abilica.com\/sv\/styrka\/skivor-och-stanger\/abilica-olympic-weightplate\/\"><strong>Abilica Olympic WeightPlates<\/strong><\/a> till denna skivst\u00e5ng, samt <a href=\"https:\/\/abilica.com\/sv\/styrka\/skivor-och-stanger\/jawclamp-50mm\/\"><strong>50 mm l\u00e5s<\/strong><\/a>. Abilica WeightBar 220 cm 50 mm passar lika bra i ett hemmagym som hos ett f\u00f6retag.<\/p>\n<p><strong>SPECIFIKATIONER<br \/>\n<\/strong>L\u00e4ngd: 220 cm<br \/>\nVikt: 20 kg<br \/>\nL\u00e4ngd \u00e4ndstycke: 41 cm<br \/>\nGreppbredd: 131 cm<br \/>\nDiametergrepp: 28 mm<br \/>\nSerrateringssektioner: 7<br \/>\nTyp av serratering: Hill 1,2 mm<br \/>\nLager: 2 n\u00e5l- och kopparlager<br \/>\nPSI: 190k<br \/>\nYtbehandling: H\u00e5rdkrom<br \/>\nMax belastning: 300 kg <span class=\"Apple-converted-space\"><br \/>\n<\/span>Levereras utan l\u00e5s[\/vc_column_text][\/vc_column][\/vc_row]<\/p>\n<\/div>","protected":false},"excerpt":{"rendered":"<p>[vc_row][vc_column][vc_column_text]Abilica WeightBar 220 cm 50 mm \u00e4r en skivst\u00e5ng f\u00f6r dig som vill ha en&#8230;<\/p>\n","protected":false},"featured_media":68443,"template":"","meta":{"_acf_changed":false},"product_brand":[],"product_cat":[474,471],"product_tag":[182,49],"class_list":{"0":"post-23053","1":"product","2":"type-product","3":"status-publish","4":"has-post-thumbnail","6":"product_cat-skivor-och-stanger","7":"product_cat-styrka","8":"product_tag-garage-gym","9":"product_tag-premium","11":"first","12":"instock","13":"product-type-simple"},"acf":[],"yoast_head":"<!-- This site is optimized with the Yoast SEO Premium plugin v21.1 (Yoast SEO v25.4) - https:\/\/yoast.com\/wordpress\/plugins\/seo\/ -->\n<title>Abilica WeightBar 220 cm 50 mm Abilica<\/title>\n<meta name=\"robots\" content=\"index, follow, max-snippet:-1, max-image-preview:large, max-video-preview:-1\" \/>\n<link rel=\"canonical\" href=\"https:\/\/abilica.com\/sv\/styrka\/skivor-och-stanger\/abilica-weightbar-220cm\/\" \/>\n<meta property=\"og:locale\" content=\"sv_SE\" \/>\n<meta property=\"og:type\" content=\"article\" \/>\n<meta property=\"og:title\" content=\"Abilica WeightBar 220 cm 50 mm\" \/>\n<meta property=\"og:description\" content=\"[vc_row][vc_column][vc_column_text]Abilica WeightBar 220 cm 50 mm \u00e4r en skivst\u00e5ng f\u00f6r dig som vill ha en...\" \/>\n<meta property=\"og:url\" content=\"https:\/\/abilica.com\/sv\/styrka\/skivor-och-stanger\/abilica-weightbar-220cm\/\" \/>\n<meta property=\"og:site_name\" content=\"Abilica\" \/>\n<meta property=\"article:publisher\" content=\"https:\/\/www.facebook.com\/abilicahometraining\/\" \/>\n<meta property=\"article:modified_time\" content=\"2025-04-29T12:12:14+00:00\" \/>\n<meta property=\"og:image\" content=\"https:\/\/abilica.com\/wp-content\/uploads\/2025\/04\/408131-Abilica-WeightBar-220-cm-50-mm_B.jpg\" \/>\n\t<meta property=\"og:image:width\" content=\"1200\" \/>\n\t<meta property=\"og:image:height\" content=\"1200\" \/>\n\t<meta property=\"og:image:type\" content=\"image\/jpeg\" \/>\n<meta name=\"twitter:card\" content=\"summary_large_image\" \/>\n<meta name=\"twitter:label1\" content=\"Ber\u00e4knad l\u00e4stid\" \/>\n\t<meta name=\"twitter:data1\" content=\"1 minut\" \/>\n<script type=\"application\/ld+json\" class=\"yoast-schema-graph\">{\"@context\":\"https:\/\/schema.org\",\"@graph\":[{\"@type\":\"WebPage\",\"@id\":\"https:\/\/abilica.com\/sv\/styrka\/skivor-och-stanger\/abilica-weightbar-220cm\/\",\"url\":\"https:\/\/abilica.com\/sv\/styrka\/skivor-och-stanger\/abilica-weightbar-220cm\/\",\"name\":\"Abilica WeightBar 220 cm 50 mm Abilica\",\"isPartOf\":{\"@id\":\"https:\/\/abilica.com\/#website\"},\"primaryImageOfPage\":{\"@id\":\"https:\/\/abilica.com\/sv\/styrka\/skivor-och-stanger\/abilica-weightbar-220cm\/#primaryimage\"},\"image\":{\"@id\":\"https:\/\/abilica.com\/sv\/styrka\/skivor-och-stanger\/abilica-weightbar-220cm\/#primaryimage\"},\"thumbnailUrl\":\"https:\/\/abilica.com\/wp-content\/uploads\/2025\/04\/408131-Abilica-WeightBar-220-cm-50-mm_B.jpg\",\"datePublished\":\"2018-08-31T10:46:41+00:00\",\"dateModified\":\"2025-04-29T12:12:14+00:00\",\"breadcrumb\":{\"@id\":\"https:\/\/abilica.com\/sv\/styrka\/skivor-och-stanger\/abilica-weightbar-220cm\/#breadcrumb\"},\"inLanguage\":\"sv-SE\",\"potentialAction\":[{\"@type\":\"ReadAction\",\"target\":[\"https:\/\/abilica.com\/sv\/styrka\/skivor-och-stanger\/abilica-weightbar-220cm\/\"]}]},{\"@type\":\"ImageObject\",\"inLanguage\":\"sv-SE\",\"@id\":\"https:\/\/abilica.com\/sv\/styrka\/skivor-och-stanger\/abilica-weightbar-220cm\/#primaryimage\",\"url\":\"https:\/\/abilica.com\/wp-content\/uploads\/2025\/04\/408131-Abilica-WeightBar-220-cm-50-mm_B.jpg\",\"contentUrl\":\"https:\/\/abilica.com\/wp-content\/uploads\/2025\/04\/408131-Abilica-WeightBar-220-cm-50-mm_B.jpg\",\"width\":1200,\"height\":1200},{\"@type\":\"BreadcrumbList\",\"@id\":\"https:\/\/abilica.com\/sv\/styrka\/skivor-och-stanger\/abilica-weightbar-220cm\/#breadcrumb\",\"itemListElement\":[{\"@type\":\"ListItem\",\"position\":1,\"name\":\"Hem\",\"item\":\"https:\/\/abilica.com\/sv\/\"},{\"@type\":\"ListItem\",\"position\":2,\"name\":\"Produkter\",\"item\":\"https:\/\/abilica.com\/sv\/shop\/\"},{\"@type\":\"ListItem\",\"position\":3,\"name\":\"Abilica WeightBar 220 cm 50 mm\"}]},{\"@type\":\"WebSite\",\"@id\":\"https:\/\/abilica.com\/#website\",\"url\":\"https:\/\/abilica.com\/\",\"name\":\"Abilica\",\"description\":\"Abilica Home Training\",\"potentialAction\":[{\"@type\":\"SearchAction\",\"target\":{\"@type\":\"EntryPoint\",\"urlTemplate\":\"https:\/\/abilica.com\/?s={search_term_string}\"},\"query-input\":{\"@type\":\"PropertyValueSpecification\",\"valueRequired\":true,\"valueName\":\"search_term_string\"}}],\"inLanguage\":\"sv-SE\"}]}<\/script>\n<!-- \/ Yoast SEO Premium plugin. -->","yoast_head_json":{"title":"Abilica WeightBar 220 cm 50 mm Abilica","robots":{"index":"index","follow":"follow","max-snippet":"max-snippet:-1","max-image-preview":"max-image-preview:large","max-video-preview":"max-video-preview:-1"},"canonical":"https:\/\/abilica.com\/sv\/styrka\/skivor-och-stanger\/abilica-weightbar-220cm\/","og_locale":"sv_SE","og_type":"article","og_title":"Abilica WeightBar 220 cm 50 mm","og_description":"[vc_row][vc_column][vc_column_text]Abilica WeightBar 220 cm 50 mm \u00e4r en skivst\u00e5ng f\u00f6r dig som vill ha en...","og_url":"https:\/\/abilica.com\/sv\/styrka\/skivor-och-stanger\/abilica-weightbar-220cm\/","og_site_name":"Abilica","article_publisher":"https:\/\/www.facebook.com\/abilicahometraining\/","article_modified_time":"2025-04-29T12:12:14+00:00","og_image":[{"width":1200,"height":1200,"url":"https:\/\/abilica.com\/wp-content\/uploads\/2025\/04\/408131-Abilica-WeightBar-220-cm-50-mm_B.jpg","type":"image\/jpeg"}],"twitter_card":"summary_large_image","twitter_misc":{"Ber\u00e4knad l\u00e4stid":"1 minut"},"schema":{"@context":"https:\/\/schema.org","@graph":[{"@type":"WebPage","@id":"https:\/\/abilica.com\/sv\/styrka\/skivor-och-stanger\/abilica-weightbar-220cm\/","url":"https:\/\/abilica.com\/sv\/styrka\/skivor-och-stanger\/abilica-weightbar-220cm\/","name":"Abilica WeightBar 220 cm 50 mm Abilica","isPartOf":{"@id":"https:\/\/abilica.com\/#website"},"primaryImageOfPage":{"@id":"https:\/\/abilica.com\/sv\/styrka\/skivor-och-stanger\/abilica-weightbar-220cm\/#primaryimage"},"image":{"@id":"https:\/\/abilica.com\/sv\/styrka\/skivor-och-stanger\/abilica-weightbar-220cm\/#primaryimage"},"thumbnailUrl":"https:\/\/abilica.com\/wp-content\/uploads\/2025\/04\/408131-Abilica-WeightBar-220-cm-50-mm_B.jpg","datePublished":"2018-08-31T10:46:41+00:00","dateModified":"2025-04-29T12:12:14+00:00","breadcrumb":{"@id":"https:\/\/abilica.com\/sv\/styrka\/skivor-och-stanger\/abilica-weightbar-220cm\/#breadcrumb"},"inLanguage":"sv-SE","potentialAction":[{"@type":"ReadAction","target":["https:\/\/abilica.com\/sv\/styrka\/skivor-och-stanger\/abilica-weightbar-220cm\/"]}]},{"@type":"ImageObject","inLanguage":"sv-SE","@id":"https:\/\/abilica.com\/sv\/styrka\/skivor-och-stanger\/abilica-weightbar-220cm\/#primaryimage","url":"https:\/\/abilica.com\/wp-content\/uploads\/2025\/04\/408131-Abilica-WeightBar-220-cm-50-mm_B.jpg","contentUrl":"https:\/\/abilica.com\/wp-content\/uploads\/2025\/04\/408131-Abilica-WeightBar-220-cm-50-mm_B.jpg","width":1200,"height":1200},{"@type":"BreadcrumbList","@id":"https:\/\/abilica.com\/sv\/styrka\/skivor-och-stanger\/abilica-weightbar-220cm\/#breadcrumb","itemListElement":[{"@type":"ListItem","position":1,"name":"Hem","item":"https:\/\/abilica.com\/sv\/"},{"@type":"ListItem","position":2,"name":"Produkter","item":"https:\/\/abilica.com\/sv\/shop\/"},{"@type":"ListItem","position":3,"name":"Abilica WeightBar 220 cm 50 mm"}]},{"@type":"WebSite","@id":"https:\/\/abilica.com\/#website","url":"https:\/\/abilica.com\/","name":"Abilica","description":"Abilica Home Training","potentialAction":[{"@type":"SearchAction","target":{"@type":"EntryPoint","urlTemplate":"https:\/\/abilica.com\/?s={search_term_string}"},"query-input":{"@type":"PropertyValueSpecification","valueRequired":true,"valueName":"search_term_string"}}],"inLanguage":"sv-SE"}]}},"_links":{"self":[{"href":"https:\/\/abilica.com\/sv\/wp-json\/wp\/v2\/product\/23053","targetHints":{"allow":["GET"]}}],"collection":[{"href":"https:\/\/abilica.com\/sv\/wp-json\/wp\/v2\/product"}],"about":[{"href":"https:\/\/abilica.com\/sv\/wp-json\/wp\/v2\/types\/product"}],"wp:featuredmedia":[{"embeddable":true,"href":"https:\/\/abilica.com\/sv\/wp-json\/wp\/v2\/media\/68443"}],"wp:attachment":[{"href":"https:\/\/abilica.com\/sv\/wp-json\/wp\/v2\/media?parent=23053"}],"wp:term":[{"taxonomy":"product_brand","embeddable":true,"href":"https:\/\/abilica.com\/sv\/wp-json\/wp\/v2\/product_brand?post=23053"},{"taxonomy":"product_cat","embeddable":true,"href":"https:\/\/abilica.com\/sv\/wp-json\/wp\/v2\/product_cat?post=23053"},{"taxonomy":"product_tag","embeddable":true,"href":"https:\/\/abilica.com\/sv\/wp-json\/wp\/v2\/product_tag?post=23053"}],"curies":[{"name":"wp","href":"https:\/\/api.w.org\/{rel}","templated":true}]}}