{"id":23055,"date":"2018-08-31T12:34:34","date_gmt":"2018-08-31T11:34:34","guid":{"rendered":"https:\/\/abilica.com\/se\/abilica-foldablerack\/"},"modified":"2023-07-12T06:45:11","modified_gmt":"2023-07-12T05:45:11","slug":"abilica-foldablerack","status":"publish","type":"product","link":"https:\/\/abilica.com\/sv\/okategoriserad\/abilica-foldablerack\/","title":{"rendered":"Abilica FoldableRack"},"content":{"rendered":"<div class=\"wpb-content-wrapper\"><p>[vc_row][vc_column][vc_column_text]Ett genialt rack f\u00f6r dig som vill utnyttja utrymmet maximalt. F\u00e4ll in racket mot v\u00e4ggen n\u00e4r du \u00e4r f\u00e4rdig, anv\u00e4nd platsen till andra \u00f6vningar eller till att backa in bilen i garaget. H\u00e4r kan du g\u00f6ra n\u00e4sta alla \u00f6vningar som du kan i ett vanligt rack, t.ex. kn\u00e4b\u00f6j, b\u00e4nkpress, milit\u00e4rpress, hangups o.s.v. N\u00e4r racket anv\u00e4nds eller \u00e4r inf\u00e4llt mot v\u00e4ggen h\u00e5lls allt p\u00e5 plats med hj\u00e4lp av fyra skruvar med tillh\u00f6rande s\u00e4kerhetsstift. V\u00e4ggf\u00e4stena till FoldableRack sitter 120 cm fr\u00e5n varandra, f\u00f6r att passa standardreglar. Vi rekommenderar att FoldableRack f\u00f6rankras med robusta tr\u00e4skruvar eller betongskruvar. Maximal belastning p\u00e5 sj\u00e4lva racket \u00e4r 200 kg.<\/p>\n<p>Abilica FoldableRack \u00e4r 134 x 215 x 115 cm stort (bredd x h\u00f6jd x djup) n\u00e4r det \u00e4r helt utf\u00e4llt och 134 x 215 x 5 cm stort (bredd x h\u00f6jd x djup) n\u00e4r det \u00e4r inf\u00e4llt.[\/vc_column_text][vc_empty_space height=&#8221;52px&#8221;][\/vc_column][\/vc_row][vc_row][vc_column][vc_btn title=&#8221;Tr\u00e4ningstips&#8221; style=&#8221;flat&#8221; color=&#8221;black&#8221; align=&#8221;center&#8221; i_icon_fontawesome=&#8221;fa fa-align-left&#8221; add_icon=&#8221;true&#8221; link=&#8221;url:http%3A%2F%2Fwww.hemmatraningsbloggen.se%2Fstyrka%2Fmanga-traningsmojligheter-med-rack%2F||target:%20_blank|&#8221;][vc_empty_space height=&#8221;52px&#8221;][vc_video link=&#8221;https:\/\/www.youtube.com\/watch?v=Dz9vRi_QeCE&#8221; align=&#8221;center&#8221;][\/vc_column][\/vc_row]<\/p>\n<\/div>","protected":false},"excerpt":{"rendered":"<p>[vc_row][vc_column][vc_column_text]Ett genialt rack f\u00f6r dig som vill utnyttja utrymmet maximalt. F\u00e4ll in racket mot v\u00e4ggen&#8230;<\/p>\n","protected":false},"featured_media":23074,"template":"","meta":{"_acf_changed":false},"product_brand":[],"product_cat":[],"product_tag":[],"class_list":{"0":"post-23055","1":"product","2":"type-product","3":"status-publish","4":"has-post-thumbnail","7":"first","8":"outofstock","9":"product-type-simple"},"acf":[],"yoast_head":"<!-- This site is optimized with the Yoast SEO Premium plugin v21.1 (Yoast SEO v25.4) - https:\/\/yoast.com\/wordpress\/plugins\/seo\/ -->\n<title>Abilica FoldableRack Abilica<\/title>\n<meta name=\"robots\" content=\"index, follow, max-snippet:-1, max-image-preview:large, max-video-preview:-1\" \/>\n<link rel=\"canonical\" href=\"https:\/\/abilica.com\/sv\/okategoriserad\/abilica-foldablerack\/\" \/>\n<meta property=\"og:locale\" content=\"sv_SE\" \/>\n<meta property=\"og:type\" content=\"article\" \/>\n<meta property=\"og:title\" content=\"Abilica FoldableRack\" \/>\n<meta property=\"og:description\" content=\"[vc_row][vc_column][vc_column_text]Ett genialt rack f\u00f6r dig som vill utnyttja utrymmet maximalt. F\u00e4ll in racket mot v\u00e4ggen...\" \/>\n<meta property=\"og:url\" content=\"https:\/\/abilica.com\/sv\/okategoriserad\/abilica-foldablerack\/\" \/>\n<meta property=\"og:site_name\" content=\"Abilica\" \/>\n<meta property=\"article:publisher\" content=\"https:\/\/www.facebook.com\/abilicahometraining\/\" \/>\n<meta property=\"article:modified_time\" content=\"2023-07-12T05:45:11+00:00\" \/>\n<meta property=\"og:image\" content=\"https:\/\/abilica.com\/wp-content\/uploads\/2018\/08\/372828.jpg\" \/>\n\t<meta property=\"og:image:width\" content=\"1200\" \/>\n\t<meta property=\"og:image:height\" content=\"1200\" \/>\n\t<meta property=\"og:image:type\" content=\"image\/jpeg\" \/>\n<meta name=\"twitter:card\" content=\"summary_large_image\" \/>\n<meta name=\"twitter:label1\" content=\"Ber\u00e4knad l\u00e4stid\" \/>\n\t<meta name=\"twitter:data1\" content=\"1 minut\" \/>\n<script type=\"application\/ld+json\" class=\"yoast-schema-graph\">{\"@context\":\"https:\/\/schema.org\",\"@graph\":[{\"@type\":\"WebPage\",\"@id\":\"https:\/\/abilica.com\/sv\/okategoriserad\/abilica-foldablerack\/\",\"url\":\"https:\/\/abilica.com\/sv\/okategoriserad\/abilica-foldablerack\/\",\"name\":\"Abilica FoldableRack Abilica\",\"isPartOf\":{\"@id\":\"https:\/\/abilica.com\/#website\"},\"primaryImageOfPage\":{\"@id\":\"https:\/\/abilica.com\/sv\/okategoriserad\/abilica-foldablerack\/#primaryimage\"},\"image\":{\"@id\":\"https:\/\/abilica.com\/sv\/okategoriserad\/abilica-foldablerack\/#primaryimage\"},\"thumbnailUrl\":\"https:\/\/abilica.com\/wp-content\/uploads\/2018\/08\/372828.jpg\",\"datePublished\":\"2018-08-31T11:34:34+00:00\",\"dateModified\":\"2023-07-12T05:45:11+00:00\",\"breadcrumb\":{\"@id\":\"https:\/\/abilica.com\/sv\/okategoriserad\/abilica-foldablerack\/#breadcrumb\"},\"inLanguage\":\"sv-SE\",\"potentialAction\":[{\"@type\":\"ReadAction\",\"target\":[\"https:\/\/abilica.com\/sv\/okategoriserad\/abilica-foldablerack\/\"]}]},{\"@type\":\"ImageObject\",\"inLanguage\":\"sv-SE\",\"@id\":\"https:\/\/abilica.com\/sv\/okategoriserad\/abilica-foldablerack\/#primaryimage\",\"url\":\"https:\/\/abilica.com\/wp-content\/uploads\/2018\/08\/372828.jpg\",\"contentUrl\":\"https:\/\/abilica.com\/wp-content\/uploads\/2018\/08\/372828.jpg\",\"width\":1200,\"height\":1200},{\"@type\":\"BreadcrumbList\",\"@id\":\"https:\/\/abilica.com\/sv\/okategoriserad\/abilica-foldablerack\/#breadcrumb\",\"itemListElement\":[{\"@type\":\"ListItem\",\"position\":1,\"name\":\"Hem\",\"item\":\"https:\/\/abilica.com\/sv\/\"},{\"@type\":\"ListItem\",\"position\":2,\"name\":\"Produkter\",\"item\":\"https:\/\/abilica.com\/sv\/shop\/\"},{\"@type\":\"ListItem\",\"position\":3,\"name\":\"Abilica FoldableRack\"}]},{\"@type\":\"WebSite\",\"@id\":\"https:\/\/abilica.com\/#website\",\"url\":\"https:\/\/abilica.com\/\",\"name\":\"Abilica\",\"description\":\"Abilica Home Training\",\"potentialAction\":[{\"@type\":\"SearchAction\",\"target\":{\"@type\":\"EntryPoint\",\"urlTemplate\":\"https:\/\/abilica.com\/?s={search_term_string}\"},\"query-input\":{\"@type\":\"PropertyValueSpecification\",\"valueRequired\":true,\"valueName\":\"search_term_string\"}}],\"inLanguage\":\"sv-SE\"}]}<\/script>\n<!-- \/ Yoast SEO Premium plugin. -->","yoast_head_json":{"title":"Abilica FoldableRack Abilica","robots":{"index":"index","follow":"follow","max-snippet":"max-snippet:-1","max-image-preview":"max-image-preview:large","max-video-preview":"max-video-preview:-1"},"canonical":"https:\/\/abilica.com\/sv\/okategoriserad\/abilica-foldablerack\/","og_locale":"sv_SE","og_type":"article","og_title":"Abilica FoldableRack","og_description":"[vc_row][vc_column][vc_column_text]Ett genialt rack f\u00f6r dig som vill utnyttja utrymmet maximalt. F\u00e4ll in racket mot v\u00e4ggen...","og_url":"https:\/\/abilica.com\/sv\/okategoriserad\/abilica-foldablerack\/","og_site_name":"Abilica","article_publisher":"https:\/\/www.facebook.com\/abilicahometraining\/","article_modified_time":"2023-07-12T05:45:11+00:00","og_image":[{"width":1200,"height":1200,"url":"https:\/\/abilica.com\/wp-content\/uploads\/2018\/08\/372828.jpg","type":"image\/jpeg"}],"twitter_card":"summary_large_image","twitter_misc":{"Ber\u00e4knad l\u00e4stid":"1 minut"},"schema":{"@context":"https:\/\/schema.org","@graph":[{"@type":"WebPage","@id":"https:\/\/abilica.com\/sv\/okategoriserad\/abilica-foldablerack\/","url":"https:\/\/abilica.com\/sv\/okategoriserad\/abilica-foldablerack\/","name":"Abilica FoldableRack Abilica","isPartOf":{"@id":"https:\/\/abilica.com\/#website"},"primaryImageOfPage":{"@id":"https:\/\/abilica.com\/sv\/okategoriserad\/abilica-foldablerack\/#primaryimage"},"image":{"@id":"https:\/\/abilica.com\/sv\/okategoriserad\/abilica-foldablerack\/#primaryimage"},"thumbnailUrl":"https:\/\/abilica.com\/wp-content\/uploads\/2018\/08\/372828.jpg","datePublished":"2018-08-31T11:34:34+00:00","dateModified":"2023-07-12T05:45:11+00:00","breadcrumb":{"@id":"https:\/\/abilica.com\/sv\/okategoriserad\/abilica-foldablerack\/#breadcrumb"},"inLanguage":"sv-SE","potentialAction":[{"@type":"ReadAction","target":["https:\/\/abilica.com\/sv\/okategoriserad\/abilica-foldablerack\/"]}]},{"@type":"ImageObject","inLanguage":"sv-SE","@id":"https:\/\/abilica.com\/sv\/okategoriserad\/abilica-foldablerack\/#primaryimage","url":"https:\/\/abilica.com\/wp-content\/uploads\/2018\/08\/372828.jpg","contentUrl":"https:\/\/abilica.com\/wp-content\/uploads\/2018\/08\/372828.jpg","width":1200,"height":1200},{"@type":"BreadcrumbList","@id":"https:\/\/abilica.com\/sv\/okategoriserad\/abilica-foldablerack\/#breadcrumb","itemListElement":[{"@type":"ListItem","position":1,"name":"Hem","item":"https:\/\/abilica.com\/sv\/"},{"@type":"ListItem","position":2,"name":"Produkter","item":"https:\/\/abilica.com\/sv\/shop\/"},{"@type":"ListItem","position":3,"name":"Abilica FoldableRack"}]},{"@type":"WebSite","@id":"https:\/\/abilica.com\/#website","url":"https:\/\/abilica.com\/","name":"Abilica","description":"Abilica Home Training","potentialAction":[{"@type":"SearchAction","target":{"@type":"EntryPoint","urlTemplate":"https:\/\/abilica.com\/?s={search_term_string}"},"query-input":{"@type":"PropertyValueSpecification","valueRequired":true,"valueName":"search_term_string"}}],"inLanguage":"sv-SE"}]}},"_links":{"self":[{"href":"https:\/\/abilica.com\/sv\/wp-json\/wp\/v2\/product\/23055","targetHints":{"allow":["GET"]}}],"collection":[{"href":"https:\/\/abilica.com\/sv\/wp-json\/wp\/v2\/product"}],"about":[{"href":"https:\/\/abilica.com\/sv\/wp-json\/wp\/v2\/types\/product"}],"wp:featuredmedia":[{"embeddable":true,"href":"https:\/\/abilica.com\/sv\/wp-json\/wp\/v2\/media\/23074"}],"wp:attachment":[{"href":"https:\/\/abilica.com\/sv\/wp-json\/wp\/v2\/media?parent=23055"}],"wp:term":[{"taxonomy":"product_brand","embeddable":true,"href":"https:\/\/abilica.com\/sv\/wp-json\/wp\/v2\/product_brand?post=23055"},{"taxonomy":"product_cat","embeddable":true,"href":"https:\/\/abilica.com\/sv\/wp-json\/wp\/v2\/product_cat?post=23055"},{"taxonomy":"product_tag","embeddable":true,"href":"https:\/\/abilica.com\/sv\/wp-json\/wp\/v2\/product_tag?post=23055"}],"curies":[{"name":"wp","href":"https:\/\/api.w.org\/{rel}","templated":true}]}}