{"id":23060,"date":"2018-08-31T12:37:29","date_gmt":"2018-08-31T11:37:29","guid":{"rendered":"https:\/\/abilica.com\/se\/abilica-3150bench\/"},"modified":"2025-10-23T11:35:00","modified_gmt":"2025-10-23T10:35:00","slug":"abilica-3150bench","status":"publish","type":"product","link":"https:\/\/abilica.com\/sv\/styrka\/traningsbank\/abilica-3150bench\/","title":{"rendered":"Abilica 3150 Bench"},"content":{"rendered":"<div class=\"wpb-content-wrapper\"><p>[vc_row][vc_column][vc_column_text css=&#8221;&#8221;]Abilica 3150 \u00e4r en rej\u00e4l tr\u00e4ningsb\u00e4nk med stark konstruktion f\u00f6r dig som vill bygga muskler och ta din tr\u00e4ning till n\u00e4sta niv\u00e5. B\u00e4nken har ett antal justeringsm\u00f6jligheter f\u00f6r individuella anpassningar och en skr\u00e4ddarsydd tr\u00e4ningsupplevelse. Abilica 3150 Bench har bra stoppning p\u00e5 b\u00e5de sits och rygg vilket g\u00f6r den bekv\u00e4m att tr\u00e4na p\u00e5. Ryggen kan justeras i 5 niv\u00e5er och kan \u00e4ven l\u00e4ggas plant och i decline. Sitsen kan justeras i 3 niv\u00e5er. Viktstolparna har s\u00e4kerhetsl\u00e5s och kan justeras i h\u00f6jdled efter behov. Abilica 3150 Bench kommer med en benspark som har 4 justerbara kuddar f\u00f6r en \u00e4nnu mer m\u00e5ngsidig tr\u00e4ning. Med en total bredd p\u00e5 110 cm mellan viktst\u00e5ngh\u00e5llarna kan du anv\u00e4nda b\u00e5de <a href=\"https:\/\/abilica.com\/se\/styrka\/skivor-och-stanger\/\"><strong>Abilica WeightBar 200 cm och 180 cm (25 mm)<\/strong><\/a> och <a href=\"https:\/\/abilica.com\/se\/styrka\/skivor-och-stanger\/\"><strong>Abilica WeightBar 220, 200 och 150 cm (50 mm)<\/strong><\/a> p\u00e5 den h\u00e4r b\u00e4nken. P\u00e5 Abilica 3150-b\u00e4nken kan du utf\u00f6ra en m\u00e4ngd olika \u00f6vningar. F\u00f6r en \u00e4nnu mer m\u00e5ngsidig tr\u00e4ning kan du \u00e4ven k\u00f6pa till\u00e4ggsutrustning som <strong><a href=\"https:\/\/abilica.com\/se\/styrka\/traningsbank\/abilica-3150-pulldown-attachment\/\">Abilica 3150 PullDown<\/a><\/strong>, s\u00e5 att du kan tr\u00e4na hela kroppen p\u00e5 en och samma tr\u00e4ningsenhet.<\/p>\n<p>Viktst\u00e4nger och viktskivor s\u00e4ljs separat.<\/p>\n<p><b>TEKNISK INFO<\/b><\/p>\n<p><strong>M\u00e5tt monterad<\/strong><br \/>\n172 x 110 x 123 cm (L x B x H)<span class=\"Apple-converted-space\">\u00a0<\/span><\/p>\n<p><strong>Ramstorlek<\/strong><br \/>\n50 x 50 mm<span class=\"Apple-converted-space\">\u00a0<\/span><\/p>\n<p><strong>St\u00e5ltjocklek<\/strong><br \/>\n1.5 mm<span class=\"Apple-converted-space\">\u00a0<\/span><\/p>\n<p><strong>Max belastning inklusive anv\u00e4ndare<\/strong><br \/>\n250 kg<span class=\"Apple-converted-space\">\u00a0<\/span><\/p>\n<p><strong>Produktvikt<\/strong><br \/>\n28 kg<span class=\"Apple-converted-space\">\u00a0<\/span><\/p>\n<p><strong>Justeringsniv\u00e5er viktstolpar<\/strong><br \/>\n3 niv\u00e5er<span class=\"Apple-converted-space\">\u00a0<\/span><\/p>\n<p><strong>Justeringsniv\u00e5er rygg<\/strong><br \/>\n5 niv\u00e5er<span class=\"Apple-converted-space\">\u00a0<\/span><\/p>\n<p><strong>Justering grader rygg<\/strong><br \/>\n-15\u00b0,0\u00b0, 20\u00b0, 30\u00b0, 40\u00b0<span class=\"Apple-converted-space\">\u00a0<\/span><\/p>\n<p><strong>Justeringsniv\u00e5er sits<\/strong><br \/>\n3 niv\u00e5er<span class=\"Apple-converted-space\">\u00a0<\/span><\/p>\n<p><strong>Justeringsgrader sits<\/strong><br \/>\n0\u00b0, 15\u00b0, 25\u00b0<span class=\"Apple-converted-space\">\u00a0<\/span><\/p>\n<p><strong>Bredd mellan viktst\u00e5ngh\u00e5llare<\/strong><br \/>\n110 cm<span class=\"Apple-converted-space\">\u00a0<\/span><\/p>\n<p><strong>Max belastning benspark<\/strong><br \/>\n60 kg<\/p>\n<p><strong>Max belastning rack<\/strong><br \/>\n150 kg<\/p>\n<p><strong>H\u00f6jd fr\u00e5n golv till sits<\/strong><br \/>\n50 cm<span class=\"Apple-converted-space\">\u00a0<\/span><\/p>\n<p><strong>M\u00e5tt p\u00e5 ryggdynan<\/strong><br \/>\n77 x 24 cm (L x B)<span class=\"Apple-converted-space\">\u00a0<\/span><\/p>\n<p><strong>M\u00e5tt p\u00e5 sittdynan<\/strong><br \/>\n30 x 30 cm (L x B)[\/vc_column_text][vc_empty_space height=&#8221;52px&#8221;][\/vc_column][\/vc_row][vc_row][vc_column][vc_btn title=&#8221;Teknisk information&#8221; style=&#8221;flat&#8221; color=&#8221;black&#8221; i_icon_fontawesome=&#8221;&#8221; add_icon=&#8221;true&#8221; link=&#8221;url:https%3A%2F%2Fabilica.com%2Fse%2Fwp-content%2Fuploads%2F2021%2F06%2FBenker-mulitgym-osv-UK-1.pdf&#8221;][vc_btn title=&#8221;Anv\u00e4ndarmanual&#8221; style=&#8221;flat&#8221; color=&#8221;black&#8221; i_icon_fontawesome=&#8221;fa fa-file-pdf-o&#8221; add_icon=&#8221;true&#8221; link=&#8221;url:https%3A%2F%2Fabilica.com%2Fse%2Fwp-content%2Fuploads%2F2021%2F01%2FAbilica-3150-Bench.pdf|||&#8221;][\/vc_column][\/vc_row]<\/p>\n<\/div>","protected":false},"excerpt":{"rendered":"<p>[vc_row][vc_column][vc_column_text css=&#8221;&#8221;]Abilica 3150 \u00e4r en rej\u00e4l tr\u00e4ningsb\u00e4nk med stark konstruktion f\u00f6r dig som vill bygga&#8230;<\/p>\n","protected":false},"featured_media":31571,"template":"","meta":{"_acf_changed":false},"product_brand":[],"product_cat":[471,480],"product_tag":[],"class_list":{"0":"post-23060","1":"product","2":"type-product","3":"status-publish","4":"has-post-thumbnail","6":"product_cat-styrka","7":"product_cat-traningsbank","9":"first","10":"instock","11":"product-type-simple"},"acf":[],"yoast_head":"<!-- This site is optimized with the Yoast SEO Premium plugin v21.1 (Yoast SEO v25.4) - https:\/\/yoast.com\/wordpress\/plugins\/seo\/ -->\n<title>Abilica 3150 Bench Abilica<\/title>\n<meta name=\"robots\" content=\"index, follow, max-snippet:-1, max-image-preview:large, max-video-preview:-1\" \/>\n<link rel=\"canonical\" href=\"https:\/\/abilica.com\/sv\/styrka\/traningsbank\/abilica-3150bench\/\" \/>\n<meta property=\"og:locale\" content=\"sv_SE\" \/>\n<meta property=\"og:type\" content=\"article\" \/>\n<meta property=\"og:title\" content=\"Abilica 3150 Bench\" \/>\n<meta property=\"og:description\" content=\"[vc_row][vc_column][vc_column_text css=&#8221;&#8221;]Abilica 3150 \u00e4r en rej\u00e4l tr\u00e4ningsb\u00e4nk med stark konstruktion f\u00f6r dig som vill bygga...\" \/>\n<meta property=\"og:url\" content=\"https:\/\/abilica.com\/sv\/styrka\/traningsbank\/abilica-3150bench\/\" \/>\n<meta property=\"og:site_name\" content=\"Abilica\" \/>\n<meta property=\"article:publisher\" content=\"https:\/\/www.facebook.com\/abilicahometraining\/\" \/>\n<meta property=\"article:modified_time\" content=\"2025-10-23T10:35:00+00:00\" \/>\n<meta property=\"og:image\" content=\"https:\/\/abilica.com\/wp-content\/uploads\/2018\/08\/3150-1.jpg\" \/>\n\t<meta property=\"og:image:width\" content=\"1200\" \/>\n\t<meta property=\"og:image:height\" content=\"1200\" \/>\n\t<meta property=\"og:image:type\" content=\"image\/jpeg\" \/>\n<meta name=\"twitter:card\" content=\"summary_large_image\" \/>\n<meta name=\"twitter:label1\" content=\"Ber\u00e4knad l\u00e4stid\" \/>\n\t<meta name=\"twitter:data1\" content=\"2 minuter\" \/>\n<script type=\"application\/ld+json\" class=\"yoast-schema-graph\">{\"@context\":\"https:\/\/schema.org\",\"@graph\":[{\"@type\":\"WebPage\",\"@id\":\"https:\/\/abilica.com\/sv\/styrka\/traningsbank\/abilica-3150bench\/\",\"url\":\"https:\/\/abilica.com\/sv\/styrka\/traningsbank\/abilica-3150bench\/\",\"name\":\"Abilica 3150 Bench Abilica\",\"isPartOf\":{\"@id\":\"https:\/\/abilica.com\/#website\"},\"primaryImageOfPage\":{\"@id\":\"https:\/\/abilica.com\/sv\/styrka\/traningsbank\/abilica-3150bench\/#primaryimage\"},\"image\":{\"@id\":\"https:\/\/abilica.com\/sv\/styrka\/traningsbank\/abilica-3150bench\/#primaryimage\"},\"thumbnailUrl\":\"https:\/\/abilica.com\/wp-content\/uploads\/2018\/08\/3150-1.jpg\",\"datePublished\":\"2018-08-31T11:37:29+00:00\",\"dateModified\":\"2025-10-23T10:35:00+00:00\",\"breadcrumb\":{\"@id\":\"https:\/\/abilica.com\/sv\/styrka\/traningsbank\/abilica-3150bench\/#breadcrumb\"},\"inLanguage\":\"sv-SE\",\"potentialAction\":[{\"@type\":\"ReadAction\",\"target\":[\"https:\/\/abilica.com\/sv\/styrka\/traningsbank\/abilica-3150bench\/\"]}]},{\"@type\":\"ImageObject\",\"inLanguage\":\"sv-SE\",\"@id\":\"https:\/\/abilica.com\/sv\/styrka\/traningsbank\/abilica-3150bench\/#primaryimage\",\"url\":\"https:\/\/abilica.com\/wp-content\/uploads\/2018\/08\/3150-1.jpg\",\"contentUrl\":\"https:\/\/abilica.com\/wp-content\/uploads\/2018\/08\/3150-1.jpg\",\"width\":1200,\"height\":1200},{\"@type\":\"BreadcrumbList\",\"@id\":\"https:\/\/abilica.com\/sv\/styrka\/traningsbank\/abilica-3150bench\/#breadcrumb\",\"itemListElement\":[{\"@type\":\"ListItem\",\"position\":1,\"name\":\"Hem\",\"item\":\"https:\/\/abilica.com\/sv\/\"},{\"@type\":\"ListItem\",\"position\":2,\"name\":\"Produkter\",\"item\":\"https:\/\/abilica.com\/sv\/shop\/\"},{\"@type\":\"ListItem\",\"position\":3,\"name\":\"Abilica 3150 Bench\"}]},{\"@type\":\"WebSite\",\"@id\":\"https:\/\/abilica.com\/#website\",\"url\":\"https:\/\/abilica.com\/\",\"name\":\"Abilica\",\"description\":\"Abilica Home Training\",\"potentialAction\":[{\"@type\":\"SearchAction\",\"target\":{\"@type\":\"EntryPoint\",\"urlTemplate\":\"https:\/\/abilica.com\/?s={search_term_string}\"},\"query-input\":{\"@type\":\"PropertyValueSpecification\",\"valueRequired\":true,\"valueName\":\"search_term_string\"}}],\"inLanguage\":\"sv-SE\"}]}<\/script>\n<!-- \/ Yoast SEO Premium plugin. -->","yoast_head_json":{"title":"Abilica 3150 Bench Abilica","robots":{"index":"index","follow":"follow","max-snippet":"max-snippet:-1","max-image-preview":"max-image-preview:large","max-video-preview":"max-video-preview:-1"},"canonical":"https:\/\/abilica.com\/sv\/styrka\/traningsbank\/abilica-3150bench\/","og_locale":"sv_SE","og_type":"article","og_title":"Abilica 3150 Bench","og_description":"[vc_row][vc_column][vc_column_text css=&#8221;&#8221;]Abilica 3150 \u00e4r en rej\u00e4l tr\u00e4ningsb\u00e4nk med stark konstruktion f\u00f6r dig som vill bygga...","og_url":"https:\/\/abilica.com\/sv\/styrka\/traningsbank\/abilica-3150bench\/","og_site_name":"Abilica","article_publisher":"https:\/\/www.facebook.com\/abilicahometraining\/","article_modified_time":"2025-10-23T10:35:00+00:00","og_image":[{"width":1200,"height":1200,"url":"https:\/\/abilica.com\/wp-content\/uploads\/2018\/08\/3150-1.jpg","type":"image\/jpeg"}],"twitter_card":"summary_large_image","twitter_misc":{"Ber\u00e4knad l\u00e4stid":"2 minuter"},"schema":{"@context":"https:\/\/schema.org","@graph":[{"@type":"WebPage","@id":"https:\/\/abilica.com\/sv\/styrka\/traningsbank\/abilica-3150bench\/","url":"https:\/\/abilica.com\/sv\/styrka\/traningsbank\/abilica-3150bench\/","name":"Abilica 3150 Bench Abilica","isPartOf":{"@id":"https:\/\/abilica.com\/#website"},"primaryImageOfPage":{"@id":"https:\/\/abilica.com\/sv\/styrka\/traningsbank\/abilica-3150bench\/#primaryimage"},"image":{"@id":"https:\/\/abilica.com\/sv\/styrka\/traningsbank\/abilica-3150bench\/#primaryimage"},"thumbnailUrl":"https:\/\/abilica.com\/wp-content\/uploads\/2018\/08\/3150-1.jpg","datePublished":"2018-08-31T11:37:29+00:00","dateModified":"2025-10-23T10:35:00+00:00","breadcrumb":{"@id":"https:\/\/abilica.com\/sv\/styrka\/traningsbank\/abilica-3150bench\/#breadcrumb"},"inLanguage":"sv-SE","potentialAction":[{"@type":"ReadAction","target":["https:\/\/abilica.com\/sv\/styrka\/traningsbank\/abilica-3150bench\/"]}]},{"@type":"ImageObject","inLanguage":"sv-SE","@id":"https:\/\/abilica.com\/sv\/styrka\/traningsbank\/abilica-3150bench\/#primaryimage","url":"https:\/\/abilica.com\/wp-content\/uploads\/2018\/08\/3150-1.jpg","contentUrl":"https:\/\/abilica.com\/wp-content\/uploads\/2018\/08\/3150-1.jpg","width":1200,"height":1200},{"@type":"BreadcrumbList","@id":"https:\/\/abilica.com\/sv\/styrka\/traningsbank\/abilica-3150bench\/#breadcrumb","itemListElement":[{"@type":"ListItem","position":1,"name":"Hem","item":"https:\/\/abilica.com\/sv\/"},{"@type":"ListItem","position":2,"name":"Produkter","item":"https:\/\/abilica.com\/sv\/shop\/"},{"@type":"ListItem","position":3,"name":"Abilica 3150 Bench"}]},{"@type":"WebSite","@id":"https:\/\/abilica.com\/#website","url":"https:\/\/abilica.com\/","name":"Abilica","description":"Abilica Home Training","potentialAction":[{"@type":"SearchAction","target":{"@type":"EntryPoint","urlTemplate":"https:\/\/abilica.com\/?s={search_term_string}"},"query-input":{"@type":"PropertyValueSpecification","valueRequired":true,"valueName":"search_term_string"}}],"inLanguage":"sv-SE"}]}},"_links":{"self":[{"href":"https:\/\/abilica.com\/sv\/wp-json\/wp\/v2\/product\/23060","targetHints":{"allow":["GET"]}}],"collection":[{"href":"https:\/\/abilica.com\/sv\/wp-json\/wp\/v2\/product"}],"about":[{"href":"https:\/\/abilica.com\/sv\/wp-json\/wp\/v2\/types\/product"}],"wp:featuredmedia":[{"embeddable":true,"href":"https:\/\/abilica.com\/sv\/wp-json\/wp\/v2\/media\/31571"}],"wp:attachment":[{"href":"https:\/\/abilica.com\/sv\/wp-json\/wp\/v2\/media?parent=23060"}],"wp:term":[{"taxonomy":"product_brand","embeddable":true,"href":"https:\/\/abilica.com\/sv\/wp-json\/wp\/v2\/product_brand?post=23060"},{"taxonomy":"product_cat","embeddable":true,"href":"https:\/\/abilica.com\/sv\/wp-json\/wp\/v2\/product_cat?post=23060"},{"taxonomy":"product_tag","embeddable":true,"href":"https:\/\/abilica.com\/sv\/wp-json\/wp\/v2\/product_tag?post=23060"}],"curies":[{"name":"wp","href":"https:\/\/api.w.org\/{rel}","templated":true}]}}