{"id":23061,"date":"2018-08-31T12:37:39","date_gmt":"2018-08-31T11:37:39","guid":{"rendered":"https:\/\/abilica.com\/se\/non-brand-hexbar\/"},"modified":"2025-07-29T09:53:54","modified_gmt":"2025-07-29T08:53:54","slug":"non-brand-hexbar","status":"publish","type":"product","link":"https:\/\/abilica.com\/sv\/okategoriserad\/non-brand-hexbar\/","title":{"rendered":"Abilica HexBar 50 mm"},"content":{"rendered":"<p>Viktst\u00e5ng p\u00e5 27 kg, 143 cm och 30 mm diameter p\u00e5 axeln. Denna st\u00e5ng g\u00f6r att du kan centrera vikten i mitten av kroppen. F\u00f6rutom tv\u00e5 olika grepph\u00f6jder till\u00e5ter HexBar dig att lyfta mer skonsamt \u00e4n med en standardst\u00e5ng. Den \u00e4r ocks\u00e5 kortare \u00e4n en standard viktst\u00e5ng, vilket g\u00f6r att du kan anv\u00e4nda mindre utrymme, men lyfta \u00e4nnu tyngre. Bredd mellan handtagen: 68 cm. Passar med viktskivor med 50 mm. Max viktbelastning 350 kg.<\/p>\n","protected":false},"excerpt":{"rendered":"<p>Viktst\u00e5ng p\u00e5 27 kg, 143 cm och 30 mm diameter p\u00e5 axeln. Denna st\u00e5ng g\u00f6r&#8230;<\/p>\n","protected":false},"featured_media":23065,"template":"","meta":{"_acf_changed":false},"product_brand":[],"product_cat":[],"product_tag":[49],"class_list":{"0":"post-23061","1":"product","2":"type-product","3":"status-publish","4":"has-post-thumbnail","6":"product_tag-premium","8":"first","9":"instock","10":"product-type-simple"},"acf":[],"yoast_head":"<!-- This site is optimized with the Yoast SEO Premium plugin v21.1 (Yoast SEO v25.4) - https:\/\/yoast.com\/wordpress\/plugins\/seo\/ -->\n<title>Abilica HexBar 50 mm Abilica<\/title>\n<meta name=\"robots\" content=\"index, follow, max-snippet:-1, max-image-preview:large, max-video-preview:-1\" \/>\n<link rel=\"canonical\" href=\"https:\/\/abilica.com\/sv\/okategoriserad\/non-brand-hexbar\/\" \/>\n<meta property=\"og:locale\" content=\"sv_SE\" \/>\n<meta property=\"og:type\" content=\"article\" \/>\n<meta property=\"og:title\" content=\"Abilica HexBar 50 mm\" \/>\n<meta property=\"og:description\" content=\"Viktst\u00e5ng p\u00e5 27 kg, 143 cm och 30 mm diameter p\u00e5 axeln. Denna st\u00e5ng g\u00f6r...\" \/>\n<meta property=\"og:url\" content=\"https:\/\/abilica.com\/sv\/okategoriserad\/non-brand-hexbar\/\" \/>\n<meta property=\"og:site_name\" content=\"Abilica\" \/>\n<meta property=\"article:publisher\" content=\"https:\/\/www.facebook.com\/abilicahometraining\/\" \/>\n<meta property=\"article:modified_time\" content=\"2025-07-29T08:53:54+00:00\" \/>\n<meta property=\"og:image\" content=\"https:\/\/abilica.com\/wp-content\/uploads\/2018\/08\/372821.jpg\" \/>\n\t<meta property=\"og:image:width\" content=\"1200\" \/>\n\t<meta property=\"og:image:height\" content=\"1200\" \/>\n\t<meta property=\"og:image:type\" content=\"image\/jpeg\" \/>\n<meta name=\"twitter:card\" content=\"summary_large_image\" \/>\n<script type=\"application\/ld+json\" class=\"yoast-schema-graph\">{\"@context\":\"https:\/\/schema.org\",\"@graph\":[{\"@type\":\"WebPage\",\"@id\":\"https:\/\/abilica.com\/sv\/okategoriserad\/non-brand-hexbar\/\",\"url\":\"https:\/\/abilica.com\/sv\/okategoriserad\/non-brand-hexbar\/\",\"name\":\"Abilica HexBar 50 mm Abilica\",\"isPartOf\":{\"@id\":\"https:\/\/abilica.com\/#website\"},\"primaryImageOfPage\":{\"@id\":\"https:\/\/abilica.com\/sv\/okategoriserad\/non-brand-hexbar\/#primaryimage\"},\"image\":{\"@id\":\"https:\/\/abilica.com\/sv\/okategoriserad\/non-brand-hexbar\/#primaryimage\"},\"thumbnailUrl\":\"https:\/\/abilica.com\/wp-content\/uploads\/2018\/08\/372821.jpg\",\"datePublished\":\"2018-08-31T11:37:39+00:00\",\"dateModified\":\"2025-07-29T08:53:54+00:00\",\"breadcrumb\":{\"@id\":\"https:\/\/abilica.com\/sv\/okategoriserad\/non-brand-hexbar\/#breadcrumb\"},\"inLanguage\":\"sv-SE\",\"potentialAction\":[{\"@type\":\"ReadAction\",\"target\":[\"https:\/\/abilica.com\/sv\/okategoriserad\/non-brand-hexbar\/\"]}]},{\"@type\":\"ImageObject\",\"inLanguage\":\"sv-SE\",\"@id\":\"https:\/\/abilica.com\/sv\/okategoriserad\/non-brand-hexbar\/#primaryimage\",\"url\":\"https:\/\/abilica.com\/wp-content\/uploads\/2018\/08\/372821.jpg\",\"contentUrl\":\"https:\/\/abilica.com\/wp-content\/uploads\/2018\/08\/372821.jpg\",\"width\":1200,\"height\":1200},{\"@type\":\"BreadcrumbList\",\"@id\":\"https:\/\/abilica.com\/sv\/okategoriserad\/non-brand-hexbar\/#breadcrumb\",\"itemListElement\":[{\"@type\":\"ListItem\",\"position\":1,\"name\":\"Hem\",\"item\":\"https:\/\/abilica.com\/sv\/\"},{\"@type\":\"ListItem\",\"position\":2,\"name\":\"Produkter\",\"item\":\"https:\/\/abilica.com\/sv\/shop\/\"},{\"@type\":\"ListItem\",\"position\":3,\"name\":\"Abilica HexBar 50 mm\"}]},{\"@type\":\"WebSite\",\"@id\":\"https:\/\/abilica.com\/#website\",\"url\":\"https:\/\/abilica.com\/\",\"name\":\"Abilica\",\"description\":\"Abilica Home Training\",\"potentialAction\":[{\"@type\":\"SearchAction\",\"target\":{\"@type\":\"EntryPoint\",\"urlTemplate\":\"https:\/\/abilica.com\/?s={search_term_string}\"},\"query-input\":{\"@type\":\"PropertyValueSpecification\",\"valueRequired\":true,\"valueName\":\"search_term_string\"}}],\"inLanguage\":\"sv-SE\"}]}<\/script>\n<!-- \/ Yoast SEO Premium plugin. -->","yoast_head_json":{"title":"Abilica HexBar 50 mm Abilica","robots":{"index":"index","follow":"follow","max-snippet":"max-snippet:-1","max-image-preview":"max-image-preview:large","max-video-preview":"max-video-preview:-1"},"canonical":"https:\/\/abilica.com\/sv\/okategoriserad\/non-brand-hexbar\/","og_locale":"sv_SE","og_type":"article","og_title":"Abilica HexBar 50 mm","og_description":"Viktst\u00e5ng p\u00e5 27 kg, 143 cm och 30 mm diameter p\u00e5 axeln. Denna st\u00e5ng g\u00f6r...","og_url":"https:\/\/abilica.com\/sv\/okategoriserad\/non-brand-hexbar\/","og_site_name":"Abilica","article_publisher":"https:\/\/www.facebook.com\/abilicahometraining\/","article_modified_time":"2025-07-29T08:53:54+00:00","og_image":[{"width":1200,"height":1200,"url":"https:\/\/abilica.com\/wp-content\/uploads\/2018\/08\/372821.jpg","type":"image\/jpeg"}],"twitter_card":"summary_large_image","schema":{"@context":"https:\/\/schema.org","@graph":[{"@type":"WebPage","@id":"https:\/\/abilica.com\/sv\/okategoriserad\/non-brand-hexbar\/","url":"https:\/\/abilica.com\/sv\/okategoriserad\/non-brand-hexbar\/","name":"Abilica HexBar 50 mm Abilica","isPartOf":{"@id":"https:\/\/abilica.com\/#website"},"primaryImageOfPage":{"@id":"https:\/\/abilica.com\/sv\/okategoriserad\/non-brand-hexbar\/#primaryimage"},"image":{"@id":"https:\/\/abilica.com\/sv\/okategoriserad\/non-brand-hexbar\/#primaryimage"},"thumbnailUrl":"https:\/\/abilica.com\/wp-content\/uploads\/2018\/08\/372821.jpg","datePublished":"2018-08-31T11:37:39+00:00","dateModified":"2025-07-29T08:53:54+00:00","breadcrumb":{"@id":"https:\/\/abilica.com\/sv\/okategoriserad\/non-brand-hexbar\/#breadcrumb"},"inLanguage":"sv-SE","potentialAction":[{"@type":"ReadAction","target":["https:\/\/abilica.com\/sv\/okategoriserad\/non-brand-hexbar\/"]}]},{"@type":"ImageObject","inLanguage":"sv-SE","@id":"https:\/\/abilica.com\/sv\/okategoriserad\/non-brand-hexbar\/#primaryimage","url":"https:\/\/abilica.com\/wp-content\/uploads\/2018\/08\/372821.jpg","contentUrl":"https:\/\/abilica.com\/wp-content\/uploads\/2018\/08\/372821.jpg","width":1200,"height":1200},{"@type":"BreadcrumbList","@id":"https:\/\/abilica.com\/sv\/okategoriserad\/non-brand-hexbar\/#breadcrumb","itemListElement":[{"@type":"ListItem","position":1,"name":"Hem","item":"https:\/\/abilica.com\/sv\/"},{"@type":"ListItem","position":2,"name":"Produkter","item":"https:\/\/abilica.com\/sv\/shop\/"},{"@type":"ListItem","position":3,"name":"Abilica HexBar 50 mm"}]},{"@type":"WebSite","@id":"https:\/\/abilica.com\/#website","url":"https:\/\/abilica.com\/","name":"Abilica","description":"Abilica Home Training","potentialAction":[{"@type":"SearchAction","target":{"@type":"EntryPoint","urlTemplate":"https:\/\/abilica.com\/?s={search_term_string}"},"query-input":{"@type":"PropertyValueSpecification","valueRequired":true,"valueName":"search_term_string"}}],"inLanguage":"sv-SE"}]}},"_links":{"self":[{"href":"https:\/\/abilica.com\/sv\/wp-json\/wp\/v2\/product\/23061","targetHints":{"allow":["GET"]}}],"collection":[{"href":"https:\/\/abilica.com\/sv\/wp-json\/wp\/v2\/product"}],"about":[{"href":"https:\/\/abilica.com\/sv\/wp-json\/wp\/v2\/types\/product"}],"wp:featuredmedia":[{"embeddable":true,"href":"https:\/\/abilica.com\/sv\/wp-json\/wp\/v2\/media\/23065"}],"wp:attachment":[{"href":"https:\/\/abilica.com\/sv\/wp-json\/wp\/v2\/media?parent=23061"}],"wp:term":[{"taxonomy":"product_brand","embeddable":true,"href":"https:\/\/abilica.com\/sv\/wp-json\/wp\/v2\/product_brand?post=23061"},{"taxonomy":"product_cat","embeddable":true,"href":"https:\/\/abilica.com\/sv\/wp-json\/wp\/v2\/product_cat?post=23061"},{"taxonomy":"product_tag","embeddable":true,"href":"https:\/\/abilica.com\/sv\/wp-json\/wp\/v2\/product_tag?post=23061"}],"curies":[{"name":"wp","href":"https:\/\/api.w.org\/{rel}","templated":true}]}}