{"id":23079,"date":"2018-08-31T14:51:52","date_gmt":"2018-08-31T13:51:52","guid":{"rendered":"https:\/\/abilica.com\/se\/abilica-multimat\/"},"modified":"2023-10-26T13:45:20","modified_gmt":"2023-10-26T12:45:20","slug":"abilica-multimat","status":"publish","type":"product","link":"https:\/\/abilica.com\/sv\/styrka\/mattor\/abilica-multimat\/","title":{"rendered":"Abilica MultiMat ECO"},"content":{"rendered":"<p><img loading=\"lazy\" decoding=\"async\" class=\"alignnone wp-image-30034\" src=\"https:\/\/abilica.com\/se\/wp-content\/uploads\/2021\/06\/ECO-hvit-150x150-1.png\" alt=\"\" width=\"91\" height=\"91\" \/><\/p>\n<p>Abilica MultiMat \u00e4r ett flexibelt golvsystem som skyddar underlaget och verkar ljudd\u00e4mpande. Passar utm\u00e4rkt f\u00f6r konditionsmaskiner. Tillverkat av milj\u00f6v\u00e4nligt EVA-material som \u00e4ven \u00e4r \u00e5tervinningsbart. Samma mjukhet som Abilica FloorMats. Underlaget \u00e4r luktfritt och t\u00e5l vatten. Upps\u00e4ttningen best\u00e5r av sex rutor och tio kanter och det kan byggas ut med flera upps\u00e4ttningar vid behov. Levereras i f\u00e4rgen gr\u00e5. Tjocklek 1 cm. Storlek per ruta inklusive kanter: 60 x 60 cm. Total storlek per set (sex rutor inklusive kanter): 122 x 180 cm.<\/p>\n","protected":false},"excerpt":{"rendered":"<p>Abilica MultiMat \u00e4r ett flexibelt golvsystem som skyddar underlaget och verkar ljudd\u00e4mpande. Passar utm\u00e4rkt f\u00f6r&#8230;<\/p>\n","protected":false},"featured_media":23100,"template":"","meta":{"_acf_changed":false},"product_brand":[],"product_cat":[493,471],"product_tag":[76],"class_list":{"0":"post-23079","1":"product","2":"type-product","3":"status-publish","4":"has-post-thumbnail","6":"product_cat-mattor","7":"product_cat-styrka","8":"product_tag-eco-friendly","10":"first","11":"instock","12":"product-type-simple"},"acf":[],"yoast_head":"<!-- This site is optimized with the Yoast SEO Premium plugin v21.1 (Yoast SEO v25.4) - https:\/\/yoast.com\/wordpress\/plugins\/seo\/ -->\n<title>Abilica MultiMat ECO Abilica<\/title>\n<meta name=\"robots\" content=\"index, follow, max-snippet:-1, max-image-preview:large, max-video-preview:-1\" \/>\n<link rel=\"canonical\" href=\"https:\/\/abilica.com\/sv\/styrka\/mattor\/abilica-multimat\/\" \/>\n<meta property=\"og:locale\" content=\"sv_SE\" \/>\n<meta property=\"og:type\" content=\"article\" \/>\n<meta property=\"og:title\" content=\"Abilica MultiMat ECO\" \/>\n<meta property=\"og:description\" content=\"Abilica MultiMat \u00e4r ett flexibelt golvsystem som skyddar underlaget och verkar ljudd\u00e4mpande. Passar utm\u00e4rkt f\u00f6r...\" \/>\n<meta property=\"og:url\" content=\"https:\/\/abilica.com\/sv\/styrka\/mattor\/abilica-multimat\/\" \/>\n<meta property=\"og:site_name\" content=\"Abilica\" \/>\n<meta property=\"article:publisher\" content=\"https:\/\/www.facebook.com\/abilicahometraining\/\" \/>\n<meta property=\"article:modified_time\" content=\"2023-10-26T12:45:20+00:00\" \/>\n<meta property=\"og:image\" content=\"https:\/\/abilica.com\/wp-content\/uploads\/2018\/08\/372863.jpg\" \/>\n\t<meta property=\"og:image:width\" content=\"1200\" \/>\n\t<meta property=\"og:image:height\" content=\"1200\" \/>\n\t<meta property=\"og:image:type\" content=\"image\/jpeg\" \/>\n<meta name=\"twitter:card\" content=\"summary_large_image\" \/>\n<script type=\"application\/ld+json\" class=\"yoast-schema-graph\">{\"@context\":\"https:\/\/schema.org\",\"@graph\":[{\"@type\":\"WebPage\",\"@id\":\"https:\/\/abilica.com\/sv\/styrka\/mattor\/abilica-multimat\/\",\"url\":\"https:\/\/abilica.com\/sv\/styrka\/mattor\/abilica-multimat\/\",\"name\":\"Abilica MultiMat ECO Abilica\",\"isPartOf\":{\"@id\":\"https:\/\/abilica.com\/#website\"},\"primaryImageOfPage\":{\"@id\":\"https:\/\/abilica.com\/sv\/styrka\/mattor\/abilica-multimat\/#primaryimage\"},\"image\":{\"@id\":\"https:\/\/abilica.com\/sv\/styrka\/mattor\/abilica-multimat\/#primaryimage\"},\"thumbnailUrl\":\"https:\/\/abilica.com\/wp-content\/uploads\/2018\/08\/372863.jpg\",\"datePublished\":\"2018-08-31T13:51:52+00:00\",\"dateModified\":\"2023-10-26T12:45:20+00:00\",\"breadcrumb\":{\"@id\":\"https:\/\/abilica.com\/sv\/styrka\/mattor\/abilica-multimat\/#breadcrumb\"},\"inLanguage\":\"sv-SE\",\"potentialAction\":[{\"@type\":\"ReadAction\",\"target\":[\"https:\/\/abilica.com\/sv\/styrka\/mattor\/abilica-multimat\/\"]}]},{\"@type\":\"ImageObject\",\"inLanguage\":\"sv-SE\",\"@id\":\"https:\/\/abilica.com\/sv\/styrka\/mattor\/abilica-multimat\/#primaryimage\",\"url\":\"https:\/\/abilica.com\/wp-content\/uploads\/2018\/08\/372863.jpg\",\"contentUrl\":\"https:\/\/abilica.com\/wp-content\/uploads\/2018\/08\/372863.jpg\",\"width\":1200,\"height\":1200},{\"@type\":\"BreadcrumbList\",\"@id\":\"https:\/\/abilica.com\/sv\/styrka\/mattor\/abilica-multimat\/#breadcrumb\",\"itemListElement\":[{\"@type\":\"ListItem\",\"position\":1,\"name\":\"Hem\",\"item\":\"https:\/\/abilica.com\/sv\/\"},{\"@type\":\"ListItem\",\"position\":2,\"name\":\"Produkter\",\"item\":\"https:\/\/abilica.com\/sv\/shop\/\"},{\"@type\":\"ListItem\",\"position\":3,\"name\":\"Abilica MultiMat ECO\"}]},{\"@type\":\"WebSite\",\"@id\":\"https:\/\/abilica.com\/#website\",\"url\":\"https:\/\/abilica.com\/\",\"name\":\"Abilica\",\"description\":\"Abilica Home Training\",\"potentialAction\":[{\"@type\":\"SearchAction\",\"target\":{\"@type\":\"EntryPoint\",\"urlTemplate\":\"https:\/\/abilica.com\/?s={search_term_string}\"},\"query-input\":{\"@type\":\"PropertyValueSpecification\",\"valueRequired\":true,\"valueName\":\"search_term_string\"}}],\"inLanguage\":\"sv-SE\"}]}<\/script>\n<!-- \/ Yoast SEO Premium plugin. -->","yoast_head_json":{"title":"Abilica MultiMat ECO Abilica","robots":{"index":"index","follow":"follow","max-snippet":"max-snippet:-1","max-image-preview":"max-image-preview:large","max-video-preview":"max-video-preview:-1"},"canonical":"https:\/\/abilica.com\/sv\/styrka\/mattor\/abilica-multimat\/","og_locale":"sv_SE","og_type":"article","og_title":"Abilica MultiMat ECO","og_description":"Abilica MultiMat \u00e4r ett flexibelt golvsystem som skyddar underlaget och verkar ljudd\u00e4mpande. Passar utm\u00e4rkt f\u00f6r...","og_url":"https:\/\/abilica.com\/sv\/styrka\/mattor\/abilica-multimat\/","og_site_name":"Abilica","article_publisher":"https:\/\/www.facebook.com\/abilicahometraining\/","article_modified_time":"2023-10-26T12:45:20+00:00","og_image":[{"width":1200,"height":1200,"url":"https:\/\/abilica.com\/wp-content\/uploads\/2018\/08\/372863.jpg","type":"image\/jpeg"}],"twitter_card":"summary_large_image","schema":{"@context":"https:\/\/schema.org","@graph":[{"@type":"WebPage","@id":"https:\/\/abilica.com\/sv\/styrka\/mattor\/abilica-multimat\/","url":"https:\/\/abilica.com\/sv\/styrka\/mattor\/abilica-multimat\/","name":"Abilica MultiMat ECO Abilica","isPartOf":{"@id":"https:\/\/abilica.com\/#website"},"primaryImageOfPage":{"@id":"https:\/\/abilica.com\/sv\/styrka\/mattor\/abilica-multimat\/#primaryimage"},"image":{"@id":"https:\/\/abilica.com\/sv\/styrka\/mattor\/abilica-multimat\/#primaryimage"},"thumbnailUrl":"https:\/\/abilica.com\/wp-content\/uploads\/2018\/08\/372863.jpg","datePublished":"2018-08-31T13:51:52+00:00","dateModified":"2023-10-26T12:45:20+00:00","breadcrumb":{"@id":"https:\/\/abilica.com\/sv\/styrka\/mattor\/abilica-multimat\/#breadcrumb"},"inLanguage":"sv-SE","potentialAction":[{"@type":"ReadAction","target":["https:\/\/abilica.com\/sv\/styrka\/mattor\/abilica-multimat\/"]}]},{"@type":"ImageObject","inLanguage":"sv-SE","@id":"https:\/\/abilica.com\/sv\/styrka\/mattor\/abilica-multimat\/#primaryimage","url":"https:\/\/abilica.com\/wp-content\/uploads\/2018\/08\/372863.jpg","contentUrl":"https:\/\/abilica.com\/wp-content\/uploads\/2018\/08\/372863.jpg","width":1200,"height":1200},{"@type":"BreadcrumbList","@id":"https:\/\/abilica.com\/sv\/styrka\/mattor\/abilica-multimat\/#breadcrumb","itemListElement":[{"@type":"ListItem","position":1,"name":"Hem","item":"https:\/\/abilica.com\/sv\/"},{"@type":"ListItem","position":2,"name":"Produkter","item":"https:\/\/abilica.com\/sv\/shop\/"},{"@type":"ListItem","position":3,"name":"Abilica MultiMat ECO"}]},{"@type":"WebSite","@id":"https:\/\/abilica.com\/#website","url":"https:\/\/abilica.com\/","name":"Abilica","description":"Abilica Home Training","potentialAction":[{"@type":"SearchAction","target":{"@type":"EntryPoint","urlTemplate":"https:\/\/abilica.com\/?s={search_term_string}"},"query-input":{"@type":"PropertyValueSpecification","valueRequired":true,"valueName":"search_term_string"}}],"inLanguage":"sv-SE"}]}},"_links":{"self":[{"href":"https:\/\/abilica.com\/sv\/wp-json\/wp\/v2\/product\/23079","targetHints":{"allow":["GET"]}}],"collection":[{"href":"https:\/\/abilica.com\/sv\/wp-json\/wp\/v2\/product"}],"about":[{"href":"https:\/\/abilica.com\/sv\/wp-json\/wp\/v2\/types\/product"}],"wp:featuredmedia":[{"embeddable":true,"href":"https:\/\/abilica.com\/sv\/wp-json\/wp\/v2\/media\/23100"}],"wp:attachment":[{"href":"https:\/\/abilica.com\/sv\/wp-json\/wp\/v2\/media?parent=23079"}],"wp:term":[{"taxonomy":"product_brand","embeddable":true,"href":"https:\/\/abilica.com\/sv\/wp-json\/wp\/v2\/product_brand?post=23079"},{"taxonomy":"product_cat","embeddable":true,"href":"https:\/\/abilica.com\/sv\/wp-json\/wp\/v2\/product_cat?post=23079"},{"taxonomy":"product_tag","embeddable":true,"href":"https:\/\/abilica.com\/sv\/wp-json\/wp\/v2\/product_tag?post=23079"}],"curies":[{"name":"wp","href":"https:\/\/api.w.org\/{rel}","templated":true}]}}