{"id":23080,"date":"2018-08-31T14:54:15","date_gmt":"2018-08-31T13:54:15","guid":{"rendered":"https:\/\/abilica.com\/se\/abilica-weightvest-power\/"},"modified":"2025-11-18T09:58:18","modified_gmt":"2025-11-18T08:58:18","slug":"abilica-weightvest-power","status":"publish","type":"product","link":"https:\/\/abilica.com\/sv\/styrka\/viktvast\/abilica-weightvest-power\/","title":{"rendered":"Abilica WeightVest Flexi Power"},"content":{"rendered":"<div class=\"wpb-content-wrapper\"><p>[vc_row][vc_column][vc_column_text css=&#8221;&#8221; el_class=&#8221;product-video&#8221;]<\/p>\n<p data-start=\"41\" data-end=\"192\">Ta din tr\u00e4ning till en ny niv\u00e5! Denna justerbara viktv\u00e4st p\u00e5 upp till 20 kg \u00e4r designad f\u00f6r dig som vill utmana styrka, uth\u00e5llighet och explosivitet. Abilica WeightVest Flexi Power har 38 viktp\u00e5sar i nylon fyllda med j\u00e4rnsand f\u00f6r en j\u00e4mn och stabil viktf\u00f6rdelning. Det finns 22 p\u00e5sar p\u00e5 ryggen och 16 framtill, vardera p\u00e5 0,5 kg. Tillsammans ger det 19 kg i vikter, plus 1 kg f\u00f6r sj\u00e4lva v\u00e4sten \u2013 totalt 20 kg. Du kan enkelt justera vikten genom att ta ur eller s\u00e4tta i p\u00e5sar efter behov.<\/p>\n<p data-start=\"539\" data-end=\"778\">De tv\u00e5 breda och kraftiga kardborrl\u00e5sen framtill ger en s\u00e4ker och justerbar passform. Extra vaddering p\u00e5 axlarna ger h\u00f6g komfort \u00e4ven under tuffa tr\u00e4ningspass. V\u00e4sten sitter t\u00e4tt och stabilt mot kroppen utan att begr\u00e4nsa r\u00f6relsefriheten.<\/p>\n<p data-start=\"780\" data-end=\"996\">V\u00e4sten \u00e4r tillverkad i polyester och neopren \u2013 ett slitstarkt och bekv\u00e4mt material som t\u00e5l h\u00e5rd anv\u00e4ndning. Den kan handtv\u00e4ttas n\u00e4r viktp\u00e5sarna tagits ur. Passar de flesta, med en maximal midjeomkrets p\u00e5 ca 120 cm.<\/p>\n<p data-start=\"998\" data-end=\"1050\"><strong data-start=\"998\" data-end=\"1048\">Ny utg\u00e5va \u2013 nu med st\u00e4ngning \u00f6ver viktp\u00e5sarna!<\/strong><\/p>\n<h3 data-start=\"1052\" data-end=\"1086\">Varf\u00f6r viktp\u00e5sar med j\u00e4rnsand?<\/h3>\n<p data-start=\"1087\" data-end=\"1309\">\u00b7 Mjuka och flexibla p\u00e5sar som formar sig efter kroppen f\u00f6r b\u00e4ttre komfort.<br data-start=\"1162\" data-end=\"1165\" \/>\u00b7 Ger st\u00f6rre r\u00f6rlighet vid dynamiska \u00f6vningar som l\u00f6pning, kn\u00e4b\u00f6j och armh\u00e4vningar.<br data-start=\"1248\" data-end=\"1251\" \/>\u00b7 Begr\u00e4nsar inte r\u00f6relsebanan som stela vikter kan g\u00f6ra.<\/p>\n<p><strong>Specifikationer<br \/>\n<\/strong>M\u00e5tt: 54 x 39 cm (L x B), m\u00e4tt platt<br data-start=\"1369\" data-end=\"1372\" \/>Totalvikt upp till 20 kg<br data-start=\"1398\" data-end=\"1401\" \/>38 viktp\u00e5sar \u00e0 500 gram<br data-start=\"1426\" data-end=\"1429\" \/>22 viktp\u00e5sar bak och 16 fram f\u00f6r j\u00e4mn viktf\u00f6rdelning<br data-start=\"1483\" data-end=\"1486\" \/>Viktp\u00e5sar fyllda med j\u00e4rnsand f\u00f6r b\u00e4ttre komfort och r\u00f6rlighet<br data-start=\"1550\" data-end=\"1553\" \/>Extra vaddering och f\u00f6rst\u00e4rkning p\u00e5 axlarna f\u00f6r \u00f6kad komfort<br data-start=\"1615\" data-end=\"1618\" \/>Justerbar st\u00e4ngning och \u00e5tdragning framtill<br data-start=\"1663\" data-end=\"1666\" \/>Tv\u00e5 breda, kraftiga kardborrl\u00e5s f\u00f6r s\u00e4ker passform<br data-start=\"1718\" data-end=\"1721\" \/>Mjukt och behagligt material<br data-start=\"1751\" data-end=\"1754\" \/>Sitter t\u00e4tt och stabilt mot kroppen<br data-start=\"1791\" data-end=\"1794\" \/>Nu med st\u00e4ngning \u00f6ver viktp\u00e5sarna<strong><br \/>\n<\/strong>[\/vc_column_text][vc_video link=&#8221;https:\/\/vimeo.com\/736074492&#8243; align=&#8221;center&#8221;][vc_empty_space height=&#8221;52px&#8221;][\/vc_column][\/vc_row][vc_row][vc_column width=&#8221;1\/3&#8243;][vc_btn title=&#8221;Tr\u00e4ningsprogram&#8221; style=&#8221;flat&#8221; color=&#8221;black&#8221; align=&#8221;center&#8221; i_icon_fontawesome=&#8221;fa fa-file-pdf-o&#8221; add_icon=&#8221;true&#8221; link=&#8221;url:https%3A%2F%2Fabilica.com\/se%2Ftraningsprogram%2Ftraningsprogram-till-abilica-weightvest%2F||target:%20_blank|&#8221;][\/vc_column][vc_column width=&#8221;1\/3&#8243;][vc_btn title=&#8221;Tr\u00e4ningstips&#8221; style=&#8221;flat&#8221; color=&#8221;black&#8221; align=&#8221;center&#8221; i_icon_fontawesome=&#8221;fa fa-align-left&#8221; add_icon=&#8221;true&#8221; link=&#8221;url:http%3A%2F%2Fwww.hemmatraningsbloggen.se%2Fstyrka%2Fovningar-med-viktvast%2F||target:%20_blank|&#8221;][\/vc_column][vc_column width=&#8221;1\/3&#8243;][vc_btn title=&#8221;Tr\u00e4ningsfilmer&#8221; style=&#8221;flat&#8221; color=&#8221;black&#8221; align=&#8221;center&#8221; i_icon_fontawesome=&#8221;fa fa-youtube&#8221; add_icon=&#8221;true&#8221; link=&#8221;url:https%3A%2F%2Fwww.youtube.com%2Fwatch%3Fv%3DH_dBjmjNxKc%26list%3DPLQHQh8gb5L2Z6RtshD1b6P70-FMYpC9ba||target:%20_blank|&#8221;][\/vc_column][\/vc_row]<\/p>\n<\/div>","protected":false},"excerpt":{"rendered":"<p>[vc_row][vc_column][vc_column_text css=&#8221;&#8221; el_class=&#8221;product-video&#8221;] Ta din tr\u00e4ning till en ny niv\u00e5! Denna justerbara viktv\u00e4st p\u00e5 upp&#8230;<\/p>\n","protected":false},"featured_media":70259,"template":"","meta":{"_acf_changed":false},"product_brand":[],"product_cat":[471,495],"product_tag":[49,179],"class_list":{"0":"post-23080","1":"product","2":"type-product","3":"status-publish","4":"has-post-thumbnail","6":"product_cat-styrka","7":"product_cat-viktvast","8":"product_tag-premium","9":"product_tag-summer-workout","11":"first","12":"instock","13":"product-type-simple"},"acf":[],"yoast_head":"<!-- This site is optimized with the Yoast SEO Premium plugin v21.1 (Yoast SEO v25.4) - https:\/\/yoast.com\/wordpress\/plugins\/seo\/ -->\n<title>Abilica WeightVest Flexi Power Abilica<\/title>\n<meta name=\"robots\" content=\"index, follow, max-snippet:-1, max-image-preview:large, max-video-preview:-1\" \/>\n<link rel=\"canonical\" href=\"https:\/\/abilica.com\/sv\/styrka\/viktvast\/abilica-weightvest-power\/\" \/>\n<meta property=\"og:locale\" content=\"sv_SE\" \/>\n<meta property=\"og:type\" content=\"article\" \/>\n<meta property=\"og:title\" content=\"Abilica WeightVest Flexi Power\" \/>\n<meta property=\"og:description\" content=\"[vc_row][vc_column][vc_column_text css=&#8221;&#8221; el_class=&#8221;product-video&#8221;] Ta din tr\u00e4ning till en ny niv\u00e5! Denna justerbara viktv\u00e4st p\u00e5 upp...\" \/>\n<meta property=\"og:url\" content=\"https:\/\/abilica.com\/sv\/styrka\/viktvast\/abilica-weightvest-power\/\" \/>\n<meta property=\"og:site_name\" content=\"Abilica\" \/>\n<meta property=\"article:publisher\" content=\"https:\/\/www.facebook.com\/abilicahometraining\/\" \/>\n<meta property=\"article:modified_time\" content=\"2025-11-18T08:58:18+00:00\" \/>\n<meta property=\"og:image\" content=\"https:\/\/abilica.com\/wp-content\/uploads\/2023\/10\/372-837_Abilica-Weight-Vest-Power-20kg_01.jpg\" \/>\n\t<meta property=\"og:image:width\" content=\"1200\" \/>\n\t<meta property=\"og:image:height\" content=\"1200\" \/>\n\t<meta property=\"og:image:type\" content=\"image\/jpeg\" \/>\n<meta name=\"twitter:card\" content=\"summary_large_image\" \/>\n<meta name=\"twitter:label1\" content=\"Ber\u00e4knad l\u00e4stid\" \/>\n\t<meta name=\"twitter:data1\" content=\"2 minuter\" \/>\n<script type=\"application\/ld+json\" class=\"yoast-schema-graph\">{\"@context\":\"https:\/\/schema.org\",\"@graph\":[{\"@type\":\"WebPage\",\"@id\":\"https:\/\/abilica.com\/sv\/styrka\/viktvast\/abilica-weightvest-power\/\",\"url\":\"https:\/\/abilica.com\/sv\/styrka\/viktvast\/abilica-weightvest-power\/\",\"name\":\"Abilica WeightVest Flexi Power Abilica\",\"isPartOf\":{\"@id\":\"https:\/\/abilica.com\/#website\"},\"primaryImageOfPage\":{\"@id\":\"https:\/\/abilica.com\/sv\/styrka\/viktvast\/abilica-weightvest-power\/#primaryimage\"},\"image\":{\"@id\":\"https:\/\/abilica.com\/sv\/styrka\/viktvast\/abilica-weightvest-power\/#primaryimage\"},\"thumbnailUrl\":\"https:\/\/abilica.com\/wp-content\/uploads\/2023\/10\/372-837_Abilica-Weight-Vest-Power-20kg_01.jpg\",\"datePublished\":\"2018-08-31T13:54:15+00:00\",\"dateModified\":\"2025-11-18T08:58:18+00:00\",\"breadcrumb\":{\"@id\":\"https:\/\/abilica.com\/sv\/styrka\/viktvast\/abilica-weightvest-power\/#breadcrumb\"},\"inLanguage\":\"sv-SE\",\"potentialAction\":[{\"@type\":\"ReadAction\",\"target\":[\"https:\/\/abilica.com\/sv\/styrka\/viktvast\/abilica-weightvest-power\/\"]}]},{\"@type\":\"ImageObject\",\"inLanguage\":\"sv-SE\",\"@id\":\"https:\/\/abilica.com\/sv\/styrka\/viktvast\/abilica-weightvest-power\/#primaryimage\",\"url\":\"https:\/\/abilica.com\/wp-content\/uploads\/2023\/10\/372-837_Abilica-Weight-Vest-Power-20kg_01.jpg\",\"contentUrl\":\"https:\/\/abilica.com\/wp-content\/uploads\/2023\/10\/372-837_Abilica-Weight-Vest-Power-20kg_01.jpg\",\"width\":1200,\"height\":1200},{\"@type\":\"BreadcrumbList\",\"@id\":\"https:\/\/abilica.com\/sv\/styrka\/viktvast\/abilica-weightvest-power\/#breadcrumb\",\"itemListElement\":[{\"@type\":\"ListItem\",\"position\":1,\"name\":\"Hem\",\"item\":\"https:\/\/abilica.com\/sv\/\"},{\"@type\":\"ListItem\",\"position\":2,\"name\":\"Produkter\",\"item\":\"https:\/\/abilica.com\/sv\/shop\/\"},{\"@type\":\"ListItem\",\"position\":3,\"name\":\"Abilica WeightVest Flexi Power\"}]},{\"@type\":\"WebSite\",\"@id\":\"https:\/\/abilica.com\/#website\",\"url\":\"https:\/\/abilica.com\/\",\"name\":\"Abilica\",\"description\":\"Abilica Home Training\",\"potentialAction\":[{\"@type\":\"SearchAction\",\"target\":{\"@type\":\"EntryPoint\",\"urlTemplate\":\"https:\/\/abilica.com\/?s={search_term_string}\"},\"query-input\":{\"@type\":\"PropertyValueSpecification\",\"valueRequired\":true,\"valueName\":\"search_term_string\"}}],\"inLanguage\":\"sv-SE\"}]}<\/script>\n<!-- \/ Yoast SEO Premium plugin. -->","yoast_head_json":{"title":"Abilica WeightVest Flexi Power Abilica","robots":{"index":"index","follow":"follow","max-snippet":"max-snippet:-1","max-image-preview":"max-image-preview:large","max-video-preview":"max-video-preview:-1"},"canonical":"https:\/\/abilica.com\/sv\/styrka\/viktvast\/abilica-weightvest-power\/","og_locale":"sv_SE","og_type":"article","og_title":"Abilica WeightVest Flexi Power","og_description":"[vc_row][vc_column][vc_column_text css=&#8221;&#8221; el_class=&#8221;product-video&#8221;] Ta din tr\u00e4ning till en ny niv\u00e5! Denna justerbara viktv\u00e4st p\u00e5 upp...","og_url":"https:\/\/abilica.com\/sv\/styrka\/viktvast\/abilica-weightvest-power\/","og_site_name":"Abilica","article_publisher":"https:\/\/www.facebook.com\/abilicahometraining\/","article_modified_time":"2025-11-18T08:58:18+00:00","og_image":[{"width":1200,"height":1200,"url":"https:\/\/abilica.com\/wp-content\/uploads\/2023\/10\/372-837_Abilica-Weight-Vest-Power-20kg_01.jpg","type":"image\/jpeg"}],"twitter_card":"summary_large_image","twitter_misc":{"Ber\u00e4knad l\u00e4stid":"2 minuter"},"schema":{"@context":"https:\/\/schema.org","@graph":[{"@type":"WebPage","@id":"https:\/\/abilica.com\/sv\/styrka\/viktvast\/abilica-weightvest-power\/","url":"https:\/\/abilica.com\/sv\/styrka\/viktvast\/abilica-weightvest-power\/","name":"Abilica WeightVest Flexi Power Abilica","isPartOf":{"@id":"https:\/\/abilica.com\/#website"},"primaryImageOfPage":{"@id":"https:\/\/abilica.com\/sv\/styrka\/viktvast\/abilica-weightvest-power\/#primaryimage"},"image":{"@id":"https:\/\/abilica.com\/sv\/styrka\/viktvast\/abilica-weightvest-power\/#primaryimage"},"thumbnailUrl":"https:\/\/abilica.com\/wp-content\/uploads\/2023\/10\/372-837_Abilica-Weight-Vest-Power-20kg_01.jpg","datePublished":"2018-08-31T13:54:15+00:00","dateModified":"2025-11-18T08:58:18+00:00","breadcrumb":{"@id":"https:\/\/abilica.com\/sv\/styrka\/viktvast\/abilica-weightvest-power\/#breadcrumb"},"inLanguage":"sv-SE","potentialAction":[{"@type":"ReadAction","target":["https:\/\/abilica.com\/sv\/styrka\/viktvast\/abilica-weightvest-power\/"]}]},{"@type":"ImageObject","inLanguage":"sv-SE","@id":"https:\/\/abilica.com\/sv\/styrka\/viktvast\/abilica-weightvest-power\/#primaryimage","url":"https:\/\/abilica.com\/wp-content\/uploads\/2023\/10\/372-837_Abilica-Weight-Vest-Power-20kg_01.jpg","contentUrl":"https:\/\/abilica.com\/wp-content\/uploads\/2023\/10\/372-837_Abilica-Weight-Vest-Power-20kg_01.jpg","width":1200,"height":1200},{"@type":"BreadcrumbList","@id":"https:\/\/abilica.com\/sv\/styrka\/viktvast\/abilica-weightvest-power\/#breadcrumb","itemListElement":[{"@type":"ListItem","position":1,"name":"Hem","item":"https:\/\/abilica.com\/sv\/"},{"@type":"ListItem","position":2,"name":"Produkter","item":"https:\/\/abilica.com\/sv\/shop\/"},{"@type":"ListItem","position":3,"name":"Abilica WeightVest Flexi Power"}]},{"@type":"WebSite","@id":"https:\/\/abilica.com\/#website","url":"https:\/\/abilica.com\/","name":"Abilica","description":"Abilica Home Training","potentialAction":[{"@type":"SearchAction","target":{"@type":"EntryPoint","urlTemplate":"https:\/\/abilica.com\/?s={search_term_string}"},"query-input":{"@type":"PropertyValueSpecification","valueRequired":true,"valueName":"search_term_string"}}],"inLanguage":"sv-SE"}]}},"_links":{"self":[{"href":"https:\/\/abilica.com\/sv\/wp-json\/wp\/v2\/product\/23080","targetHints":{"allow":["GET"]}}],"collection":[{"href":"https:\/\/abilica.com\/sv\/wp-json\/wp\/v2\/product"}],"about":[{"href":"https:\/\/abilica.com\/sv\/wp-json\/wp\/v2\/types\/product"}],"wp:featuredmedia":[{"embeddable":true,"href":"https:\/\/abilica.com\/sv\/wp-json\/wp\/v2\/media\/70259"}],"wp:attachment":[{"href":"https:\/\/abilica.com\/sv\/wp-json\/wp\/v2\/media?parent=23080"}],"wp:term":[{"taxonomy":"product_brand","embeddable":true,"href":"https:\/\/abilica.com\/sv\/wp-json\/wp\/v2\/product_brand?post=23080"},{"taxonomy":"product_cat","embeddable":true,"href":"https:\/\/abilica.com\/sv\/wp-json\/wp\/v2\/product_cat?post=23080"},{"taxonomy":"product_tag","embeddable":true,"href":"https:\/\/abilica.com\/sv\/wp-json\/wp\/v2\/product_tag?post=23080"}],"curies":[{"name":"wp","href":"https:\/\/api.w.org\/{rel}","templated":true}]}}