{"id":23081,"date":"2018-08-31T14:54:27","date_gmt":"2018-08-31T13:54:27","guid":{"rendered":"https:\/\/abilica.com\/se\/abilica-multimount\/"},"modified":"2023-11-02T10:15:20","modified_gmt":"2023-11-02T09:15:20","slug":"abilica-multimount","status":"publish","type":"product","link":"https:\/\/abilica.com\/sv\/styrka\/slinga\/abilica-multimount\/","title":{"rendered":"Abilica MultiMount"},"content":{"rendered":"<p>Abilica MulitMount \u00e4r en praktisk upph\u00e4ngning till b\u00e5de tak och v\u00e4gg. L\u00e4mpar sig f\u00f6r upph\u00e4ngning av slingor, gummiband, rockringar, battlerope, boxningss\u00e4ck o.s.v. K\u00f6p en eller flera och s\u00e4tt dem h\u00f6g och l\u00e5gt f\u00f6r olika \u00f6vningar. Maximal belastning \u00e4r 200 kg. 12,4 cm i diameter. Tillverkade i lackerat st\u00e5l. L\u00e4mpar sig f\u00f6r krokar med en \u00f6ppning som \u00e4r st\u00f6rre \u00e4n 12 mm. Levereras utan skruvar.<\/p>\n","protected":false},"excerpt":{"rendered":"<p>Abilica MulitMount \u00e4r en praktisk upph\u00e4ngning till b\u00e5de tak och v\u00e4gg. L\u00e4mpar sig f\u00f6r upph\u00e4ngning&#8230;<\/p>\n","protected":false},"featured_media":23106,"template":"","meta":{"_acf_changed":false},"product_brand":[],"product_cat":[473,484,506,471],"product_tag":[49,177],"class_list":{"0":"post-23081","1":"product","2":"type-product","3":"status-publish","4":"has-post-thumbnail","6":"product_cat-boxning","7":"product_cat-gummiband","8":"product_cat-slinga","9":"product_cat-styrka","10":"product_tag-premium","11":"product_tag-small-items","13":"first","14":"instock","15":"product-type-simple"},"acf":[],"yoast_head":"<!-- This site is optimized with the Yoast SEO Premium plugin v21.1 (Yoast SEO v25.4) - https:\/\/yoast.com\/wordpress\/plugins\/seo\/ -->\n<title>Abilica MultiMount Abilica<\/title>\n<meta name=\"robots\" content=\"index, follow, max-snippet:-1, max-image-preview:large, max-video-preview:-1\" \/>\n<link rel=\"canonical\" href=\"https:\/\/abilica.com\/sv\/styrka\/slinga\/abilica-multimount\/\" \/>\n<meta property=\"og:locale\" content=\"sv_SE\" \/>\n<meta property=\"og:type\" content=\"article\" \/>\n<meta property=\"og:title\" content=\"Abilica MultiMount\" \/>\n<meta property=\"og:description\" content=\"Abilica MulitMount \u00e4r en praktisk upph\u00e4ngning till b\u00e5de tak och v\u00e4gg. L\u00e4mpar sig f\u00f6r upph\u00e4ngning...\" \/>\n<meta property=\"og:url\" content=\"https:\/\/abilica.com\/sv\/styrka\/slinga\/abilica-multimount\/\" \/>\n<meta property=\"og:site_name\" content=\"Abilica\" \/>\n<meta property=\"article:publisher\" content=\"https:\/\/www.facebook.com\/abilicahometraining\/\" \/>\n<meta property=\"article:modified_time\" content=\"2023-11-02T09:15:20+00:00\" \/>\n<meta property=\"og:image\" content=\"https:\/\/abilica.com\/wp-content\/uploads\/2018\/08\/372835.jpg\" \/>\n\t<meta property=\"og:image:width\" content=\"1200\" \/>\n\t<meta property=\"og:image:height\" content=\"1200\" \/>\n\t<meta property=\"og:image:type\" content=\"image\/jpeg\" \/>\n<meta name=\"twitter:card\" content=\"summary_large_image\" \/>\n<script type=\"application\/ld+json\" class=\"yoast-schema-graph\">{\"@context\":\"https:\/\/schema.org\",\"@graph\":[{\"@type\":\"WebPage\",\"@id\":\"https:\/\/abilica.com\/sv\/styrka\/slinga\/abilica-multimount\/\",\"url\":\"https:\/\/abilica.com\/sv\/styrka\/slinga\/abilica-multimount\/\",\"name\":\"Abilica MultiMount Abilica\",\"isPartOf\":{\"@id\":\"https:\/\/abilica.com\/#website\"},\"primaryImageOfPage\":{\"@id\":\"https:\/\/abilica.com\/sv\/styrka\/slinga\/abilica-multimount\/#primaryimage\"},\"image\":{\"@id\":\"https:\/\/abilica.com\/sv\/styrka\/slinga\/abilica-multimount\/#primaryimage\"},\"thumbnailUrl\":\"https:\/\/abilica.com\/wp-content\/uploads\/2018\/08\/372835.jpg\",\"datePublished\":\"2018-08-31T13:54:27+00:00\",\"dateModified\":\"2023-11-02T09:15:20+00:00\",\"breadcrumb\":{\"@id\":\"https:\/\/abilica.com\/sv\/styrka\/slinga\/abilica-multimount\/#breadcrumb\"},\"inLanguage\":\"sv-SE\",\"potentialAction\":[{\"@type\":\"ReadAction\",\"target\":[\"https:\/\/abilica.com\/sv\/styrka\/slinga\/abilica-multimount\/\"]}]},{\"@type\":\"ImageObject\",\"inLanguage\":\"sv-SE\",\"@id\":\"https:\/\/abilica.com\/sv\/styrka\/slinga\/abilica-multimount\/#primaryimage\",\"url\":\"https:\/\/abilica.com\/wp-content\/uploads\/2018\/08\/372835.jpg\",\"contentUrl\":\"https:\/\/abilica.com\/wp-content\/uploads\/2018\/08\/372835.jpg\",\"width\":1200,\"height\":1200},{\"@type\":\"BreadcrumbList\",\"@id\":\"https:\/\/abilica.com\/sv\/styrka\/slinga\/abilica-multimount\/#breadcrumb\",\"itemListElement\":[{\"@type\":\"ListItem\",\"position\":1,\"name\":\"Hem\",\"item\":\"https:\/\/abilica.com\/sv\/\"},{\"@type\":\"ListItem\",\"position\":2,\"name\":\"Produkter\",\"item\":\"https:\/\/abilica.com\/sv\/shop\/\"},{\"@type\":\"ListItem\",\"position\":3,\"name\":\"Abilica MultiMount\"}]},{\"@type\":\"WebSite\",\"@id\":\"https:\/\/abilica.com\/#website\",\"url\":\"https:\/\/abilica.com\/\",\"name\":\"Abilica\",\"description\":\"Abilica Home Training\",\"potentialAction\":[{\"@type\":\"SearchAction\",\"target\":{\"@type\":\"EntryPoint\",\"urlTemplate\":\"https:\/\/abilica.com\/?s={search_term_string}\"},\"query-input\":{\"@type\":\"PropertyValueSpecification\",\"valueRequired\":true,\"valueName\":\"search_term_string\"}}],\"inLanguage\":\"sv-SE\"}]}<\/script>\n<!-- \/ Yoast SEO Premium plugin. -->","yoast_head_json":{"title":"Abilica MultiMount Abilica","robots":{"index":"index","follow":"follow","max-snippet":"max-snippet:-1","max-image-preview":"max-image-preview:large","max-video-preview":"max-video-preview:-1"},"canonical":"https:\/\/abilica.com\/sv\/styrka\/slinga\/abilica-multimount\/","og_locale":"sv_SE","og_type":"article","og_title":"Abilica MultiMount","og_description":"Abilica MulitMount \u00e4r en praktisk upph\u00e4ngning till b\u00e5de tak och v\u00e4gg. L\u00e4mpar sig f\u00f6r upph\u00e4ngning...","og_url":"https:\/\/abilica.com\/sv\/styrka\/slinga\/abilica-multimount\/","og_site_name":"Abilica","article_publisher":"https:\/\/www.facebook.com\/abilicahometraining\/","article_modified_time":"2023-11-02T09:15:20+00:00","og_image":[{"width":1200,"height":1200,"url":"https:\/\/abilica.com\/wp-content\/uploads\/2018\/08\/372835.jpg","type":"image\/jpeg"}],"twitter_card":"summary_large_image","schema":{"@context":"https:\/\/schema.org","@graph":[{"@type":"WebPage","@id":"https:\/\/abilica.com\/sv\/styrka\/slinga\/abilica-multimount\/","url":"https:\/\/abilica.com\/sv\/styrka\/slinga\/abilica-multimount\/","name":"Abilica MultiMount Abilica","isPartOf":{"@id":"https:\/\/abilica.com\/#website"},"primaryImageOfPage":{"@id":"https:\/\/abilica.com\/sv\/styrka\/slinga\/abilica-multimount\/#primaryimage"},"image":{"@id":"https:\/\/abilica.com\/sv\/styrka\/slinga\/abilica-multimount\/#primaryimage"},"thumbnailUrl":"https:\/\/abilica.com\/wp-content\/uploads\/2018\/08\/372835.jpg","datePublished":"2018-08-31T13:54:27+00:00","dateModified":"2023-11-02T09:15:20+00:00","breadcrumb":{"@id":"https:\/\/abilica.com\/sv\/styrka\/slinga\/abilica-multimount\/#breadcrumb"},"inLanguage":"sv-SE","potentialAction":[{"@type":"ReadAction","target":["https:\/\/abilica.com\/sv\/styrka\/slinga\/abilica-multimount\/"]}]},{"@type":"ImageObject","inLanguage":"sv-SE","@id":"https:\/\/abilica.com\/sv\/styrka\/slinga\/abilica-multimount\/#primaryimage","url":"https:\/\/abilica.com\/wp-content\/uploads\/2018\/08\/372835.jpg","contentUrl":"https:\/\/abilica.com\/wp-content\/uploads\/2018\/08\/372835.jpg","width":1200,"height":1200},{"@type":"BreadcrumbList","@id":"https:\/\/abilica.com\/sv\/styrka\/slinga\/abilica-multimount\/#breadcrumb","itemListElement":[{"@type":"ListItem","position":1,"name":"Hem","item":"https:\/\/abilica.com\/sv\/"},{"@type":"ListItem","position":2,"name":"Produkter","item":"https:\/\/abilica.com\/sv\/shop\/"},{"@type":"ListItem","position":3,"name":"Abilica MultiMount"}]},{"@type":"WebSite","@id":"https:\/\/abilica.com\/#website","url":"https:\/\/abilica.com\/","name":"Abilica","description":"Abilica Home Training","potentialAction":[{"@type":"SearchAction","target":{"@type":"EntryPoint","urlTemplate":"https:\/\/abilica.com\/?s={search_term_string}"},"query-input":{"@type":"PropertyValueSpecification","valueRequired":true,"valueName":"search_term_string"}}],"inLanguage":"sv-SE"}]}},"_links":{"self":[{"href":"https:\/\/abilica.com\/sv\/wp-json\/wp\/v2\/product\/23081","targetHints":{"allow":["GET"]}}],"collection":[{"href":"https:\/\/abilica.com\/sv\/wp-json\/wp\/v2\/product"}],"about":[{"href":"https:\/\/abilica.com\/sv\/wp-json\/wp\/v2\/types\/product"}],"wp:featuredmedia":[{"embeddable":true,"href":"https:\/\/abilica.com\/sv\/wp-json\/wp\/v2\/media\/23106"}],"wp:attachment":[{"href":"https:\/\/abilica.com\/sv\/wp-json\/wp\/v2\/media?parent=23081"}],"wp:term":[{"taxonomy":"product_brand","embeddable":true,"href":"https:\/\/abilica.com\/sv\/wp-json\/wp\/v2\/product_brand?post=23081"},{"taxonomy":"product_cat","embeddable":true,"href":"https:\/\/abilica.com\/sv\/wp-json\/wp\/v2\/product_cat?post=23081"},{"taxonomy":"product_tag","embeddable":true,"href":"https:\/\/abilica.com\/sv\/wp-json\/wp\/v2\/product_tag?post=23081"}],"curies":[{"name":"wp","href":"https:\/\/api.w.org\/{rel}","templated":true}]}}