{"id":23085,"date":"2018-08-31T14:55:43","date_gmt":"2018-08-31T13:55:43","guid":{"rendered":"https:\/\/abilica.com\/se\/abilica-jumpit\/"},"modified":"2023-10-16T20:36:50","modified_gmt":"2023-10-16T19:36:50","slug":"abilica-jumpit","status":"publish","type":"product","link":"https:\/\/abilica.com\/sv\/kondition\/studsmatta\/abilica-jumpit\/","title":{"rendered":"Abilica JumpIt"},"content":{"rendered":"<p>Abilica JumpIt f\u00f6r inomhustr\u00e4ning. Rund studsmatta, 1 m i diameter med 36 fj\u00e4drar. Med sex ben och gummif\u00f6tter f\u00f6r stabil och s\u00e4kert anv\u00e4ndning. Ramen levereras f\u00e4rdigmonterad med fj\u00e4drar och kantvaddering. Endast benen beh\u00f6ver skruvas p\u00e5 innan du kan g\u00f6ra ditt f\u00f6rsta hopp. Max. anv\u00e4ndarvikt \u00e4r 100 kg.<\/p>\n","protected":false},"excerpt":{"rendered":"<p>Abilica JumpIt f\u00f6r inomhustr\u00e4ning. Rund studsmatta, 1 m i diameter med 36 fj\u00e4drar. Med sex&#8230;<\/p>\n","protected":false},"featured_media":27080,"template":"","meta":{"_acf_changed":false},"product_brand":[],"product_cat":[475,515],"product_tag":[],"class_list":{"0":"post-23085","1":"product","2":"type-product","3":"status-publish","4":"has-post-thumbnail","6":"product_cat-kondition","7":"product_cat-studsmatta","9":"first","10":"instock","11":"product-type-simple"},"acf":[],"yoast_head":"<!-- This site is optimized with the Yoast SEO Premium plugin v21.1 (Yoast SEO v25.4) - https:\/\/yoast.com\/wordpress\/plugins\/seo\/ -->\n<title>Abilica JumpIt Abilica<\/title>\n<meta name=\"robots\" content=\"index, follow, max-snippet:-1, max-image-preview:large, max-video-preview:-1\" \/>\n<link rel=\"canonical\" href=\"https:\/\/abilica.com\/sv\/kondition\/studsmatta\/abilica-jumpit\/\" \/>\n<meta property=\"og:locale\" content=\"sv_SE\" \/>\n<meta property=\"og:type\" content=\"article\" \/>\n<meta property=\"og:title\" content=\"Abilica JumpIt\" \/>\n<meta property=\"og:description\" content=\"Abilica JumpIt f\u00f6r inomhustr\u00e4ning. Rund studsmatta, 1 m i diameter med 36 fj\u00e4drar. Med sex...\" \/>\n<meta property=\"og:url\" content=\"https:\/\/abilica.com\/sv\/kondition\/studsmatta\/abilica-jumpit\/\" \/>\n<meta property=\"og:site_name\" content=\"Abilica\" \/>\n<meta property=\"article:publisher\" content=\"https:\/\/www.facebook.com\/abilicahometraining\/\" \/>\n<meta property=\"article:modified_time\" content=\"2023-10-16T19:36:50+00:00\" \/>\n<meta property=\"og:image\" content=\"https:\/\/abilica.com\/wp-content\/uploads\/2018\/08\/372786-1.jpg\" \/>\n\t<meta property=\"og:image:width\" content=\"1200\" \/>\n\t<meta property=\"og:image:height\" content=\"1200\" \/>\n\t<meta property=\"og:image:type\" content=\"image\/jpeg\" \/>\n<meta name=\"twitter:card\" content=\"summary_large_image\" \/>\n<script type=\"application\/ld+json\" class=\"yoast-schema-graph\">{\"@context\":\"https:\/\/schema.org\",\"@graph\":[{\"@type\":\"WebPage\",\"@id\":\"https:\/\/abilica.com\/sv\/kondition\/studsmatta\/abilica-jumpit\/\",\"url\":\"https:\/\/abilica.com\/sv\/kondition\/studsmatta\/abilica-jumpit\/\",\"name\":\"Abilica JumpIt Abilica\",\"isPartOf\":{\"@id\":\"https:\/\/abilica.com\/#website\"},\"primaryImageOfPage\":{\"@id\":\"https:\/\/abilica.com\/sv\/kondition\/studsmatta\/abilica-jumpit\/#primaryimage\"},\"image\":{\"@id\":\"https:\/\/abilica.com\/sv\/kondition\/studsmatta\/abilica-jumpit\/#primaryimage\"},\"thumbnailUrl\":\"https:\/\/abilica.com\/wp-content\/uploads\/2018\/08\/372786-1.jpg\",\"datePublished\":\"2018-08-31T13:55:43+00:00\",\"dateModified\":\"2023-10-16T19:36:50+00:00\",\"breadcrumb\":{\"@id\":\"https:\/\/abilica.com\/sv\/kondition\/studsmatta\/abilica-jumpit\/#breadcrumb\"},\"inLanguage\":\"sv-SE\",\"potentialAction\":[{\"@type\":\"ReadAction\",\"target\":[\"https:\/\/abilica.com\/sv\/kondition\/studsmatta\/abilica-jumpit\/\"]}]},{\"@type\":\"ImageObject\",\"inLanguage\":\"sv-SE\",\"@id\":\"https:\/\/abilica.com\/sv\/kondition\/studsmatta\/abilica-jumpit\/#primaryimage\",\"url\":\"https:\/\/abilica.com\/wp-content\/uploads\/2018\/08\/372786-1.jpg\",\"contentUrl\":\"https:\/\/abilica.com\/wp-content\/uploads\/2018\/08\/372786-1.jpg\",\"width\":1200,\"height\":1200},{\"@type\":\"BreadcrumbList\",\"@id\":\"https:\/\/abilica.com\/sv\/kondition\/studsmatta\/abilica-jumpit\/#breadcrumb\",\"itemListElement\":[{\"@type\":\"ListItem\",\"position\":1,\"name\":\"Hem\",\"item\":\"https:\/\/abilica.com\/sv\/\"},{\"@type\":\"ListItem\",\"position\":2,\"name\":\"Produkter\",\"item\":\"https:\/\/abilica.com\/sv\/shop\/\"},{\"@type\":\"ListItem\",\"position\":3,\"name\":\"Abilica JumpIt\"}]},{\"@type\":\"WebSite\",\"@id\":\"https:\/\/abilica.com\/#website\",\"url\":\"https:\/\/abilica.com\/\",\"name\":\"Abilica\",\"description\":\"Abilica Home Training\",\"potentialAction\":[{\"@type\":\"SearchAction\",\"target\":{\"@type\":\"EntryPoint\",\"urlTemplate\":\"https:\/\/abilica.com\/?s={search_term_string}\"},\"query-input\":{\"@type\":\"PropertyValueSpecification\",\"valueRequired\":true,\"valueName\":\"search_term_string\"}}],\"inLanguage\":\"sv-SE\"}]}<\/script>\n<!-- \/ Yoast SEO Premium plugin. -->","yoast_head_json":{"title":"Abilica JumpIt Abilica","robots":{"index":"index","follow":"follow","max-snippet":"max-snippet:-1","max-image-preview":"max-image-preview:large","max-video-preview":"max-video-preview:-1"},"canonical":"https:\/\/abilica.com\/sv\/kondition\/studsmatta\/abilica-jumpit\/","og_locale":"sv_SE","og_type":"article","og_title":"Abilica JumpIt","og_description":"Abilica JumpIt f\u00f6r inomhustr\u00e4ning. Rund studsmatta, 1 m i diameter med 36 fj\u00e4drar. Med sex...","og_url":"https:\/\/abilica.com\/sv\/kondition\/studsmatta\/abilica-jumpit\/","og_site_name":"Abilica","article_publisher":"https:\/\/www.facebook.com\/abilicahometraining\/","article_modified_time":"2023-10-16T19:36:50+00:00","og_image":[{"width":1200,"height":1200,"url":"https:\/\/abilica.com\/wp-content\/uploads\/2018\/08\/372786-1.jpg","type":"image\/jpeg"}],"twitter_card":"summary_large_image","schema":{"@context":"https:\/\/schema.org","@graph":[{"@type":"WebPage","@id":"https:\/\/abilica.com\/sv\/kondition\/studsmatta\/abilica-jumpit\/","url":"https:\/\/abilica.com\/sv\/kondition\/studsmatta\/abilica-jumpit\/","name":"Abilica JumpIt Abilica","isPartOf":{"@id":"https:\/\/abilica.com\/#website"},"primaryImageOfPage":{"@id":"https:\/\/abilica.com\/sv\/kondition\/studsmatta\/abilica-jumpit\/#primaryimage"},"image":{"@id":"https:\/\/abilica.com\/sv\/kondition\/studsmatta\/abilica-jumpit\/#primaryimage"},"thumbnailUrl":"https:\/\/abilica.com\/wp-content\/uploads\/2018\/08\/372786-1.jpg","datePublished":"2018-08-31T13:55:43+00:00","dateModified":"2023-10-16T19:36:50+00:00","breadcrumb":{"@id":"https:\/\/abilica.com\/sv\/kondition\/studsmatta\/abilica-jumpit\/#breadcrumb"},"inLanguage":"sv-SE","potentialAction":[{"@type":"ReadAction","target":["https:\/\/abilica.com\/sv\/kondition\/studsmatta\/abilica-jumpit\/"]}]},{"@type":"ImageObject","inLanguage":"sv-SE","@id":"https:\/\/abilica.com\/sv\/kondition\/studsmatta\/abilica-jumpit\/#primaryimage","url":"https:\/\/abilica.com\/wp-content\/uploads\/2018\/08\/372786-1.jpg","contentUrl":"https:\/\/abilica.com\/wp-content\/uploads\/2018\/08\/372786-1.jpg","width":1200,"height":1200},{"@type":"BreadcrumbList","@id":"https:\/\/abilica.com\/sv\/kondition\/studsmatta\/abilica-jumpit\/#breadcrumb","itemListElement":[{"@type":"ListItem","position":1,"name":"Hem","item":"https:\/\/abilica.com\/sv\/"},{"@type":"ListItem","position":2,"name":"Produkter","item":"https:\/\/abilica.com\/sv\/shop\/"},{"@type":"ListItem","position":3,"name":"Abilica JumpIt"}]},{"@type":"WebSite","@id":"https:\/\/abilica.com\/#website","url":"https:\/\/abilica.com\/","name":"Abilica","description":"Abilica Home Training","potentialAction":[{"@type":"SearchAction","target":{"@type":"EntryPoint","urlTemplate":"https:\/\/abilica.com\/?s={search_term_string}"},"query-input":{"@type":"PropertyValueSpecification","valueRequired":true,"valueName":"search_term_string"}}],"inLanguage":"sv-SE"}]}},"_links":{"self":[{"href":"https:\/\/abilica.com\/sv\/wp-json\/wp\/v2\/product\/23085","targetHints":{"allow":["GET"]}}],"collection":[{"href":"https:\/\/abilica.com\/sv\/wp-json\/wp\/v2\/product"}],"about":[{"href":"https:\/\/abilica.com\/sv\/wp-json\/wp\/v2\/types\/product"}],"wp:featuredmedia":[{"embeddable":true,"href":"https:\/\/abilica.com\/sv\/wp-json\/wp\/v2\/media\/27080"}],"wp:attachment":[{"href":"https:\/\/abilica.com\/sv\/wp-json\/wp\/v2\/media?parent=23085"}],"wp:term":[{"taxonomy":"product_brand","embeddable":true,"href":"https:\/\/abilica.com\/sv\/wp-json\/wp\/v2\/product_brand?post=23085"},{"taxonomy":"product_cat","embeddable":true,"href":"https:\/\/abilica.com\/sv\/wp-json\/wp\/v2\/product_cat?post=23085"},{"taxonomy":"product_tag","embeddable":true,"href":"https:\/\/abilica.com\/sv\/wp-json\/wp\/v2\/product_tag?post=23085"}],"curies":[{"name":"wp","href":"https:\/\/api.w.org\/{rel}","templated":true}]}}