{"id":2338,"date":"2015-07-28T00:00:00","date_gmt":"2015-07-28T00:00:00","guid":{"rendered":"https:\/\/abilica.com\/se\/produkt\/abilica-premium-situps-bench\/"},"modified":"2025-09-12T14:17:28","modified_gmt":"2025-09-12T13:17:28","slug":"abilica-premium-situps-bench","status":"publish","type":"product","link":"https:\/\/abilica.com\/sv\/styrka\/traningsbank\/abilica-premium-situps-bench\/","title":{"rendered":"Abilica Premium SitUps Bench"},"content":{"rendered":"<div class=\"wpb-content-wrapper\"><p>[vc_row][vc_column][vc_column_text]Det b\u00e4sta hj\u00e4lpmedlet till en stramare och starkare mage. Stabil och robust situpsb\u00e4nk som t\u00e5l tuffa tag. Kl\u00e4dsel och kuddar i h\u00f6g kvalitet ger bra komfort under tr\u00e4ning. Situpsb\u00e4nken levereras med hjul som g\u00f6r den enkel att flytta runt.[\/vc_column_text][vc_empty_space height=&#8221;52px&#8221;][vc_btn title=&#8221;Teknisk information&#8221; style=&#8221;flat&#8221; color=&#8221;black&#8221; i_icon_fontawesome=&#8221;&#8221; add_icon=&#8221;true&#8221; link=&#8221;url:https%3A%2F%2Fabilica.com%2Fse%2Fwp-content%2Fuploads%2F2021%2F06%2FBenker-mulitgym-osv-UK-1.pdf&#8221;][vc_btn title=&#8221;Anv\u00e4ndarmanual&#8221; style=&#8221;flat&#8221; color=&#8221;black&#8221; i_icon_fontawesome=&#8221;fa fa-file-pdf-o&#8221; add_icon=&#8221;true&#8221; link=&#8221;url:https%3A%2F%2Fabilica.com%2Fse%2Fwp-content%2Fuploads%2F2021%2F01%2FAbilica-Premium-SitUps-Bench.pdf|||&#8221;][\/vc_column][\/vc_row]<\/p>\n<\/div>","protected":false},"excerpt":{"rendered":"<p>[vc_row][vc_column][vc_column_text]Det b\u00e4sta hj\u00e4lpmedlet till en stramare och starkare mage. Stabil och robust situpsb\u00e4nk som t\u00e5l&#8230;<\/p>\n","protected":false},"featured_media":27906,"template":"","meta":{"_acf_changed":false},"product_brand":[],"product_cat":[471,480],"product_tag":[49,34],"class_list":{"0":"post-2338","1":"product","2":"type-product","3":"status-publish","4":"has-post-thumbnail","6":"product_cat-styrka","7":"product_cat-traningsbank","8":"product_tag-premium","9":"product_tag-styrka","11":"first","12":"instock","13":"product-type-simple"},"acf":[],"yoast_head":"<!-- This site is optimized with the Yoast SEO Premium plugin v21.1 (Yoast SEO v25.4) - https:\/\/yoast.com\/wordpress\/plugins\/seo\/ -->\n<title>Abilica Premium SitUps Bench Abilica<\/title>\n<meta name=\"robots\" content=\"index, follow, max-snippet:-1, max-image-preview:large, max-video-preview:-1\" \/>\n<link rel=\"canonical\" href=\"https:\/\/abilica.com\/sv\/styrka\/traningsbank\/abilica-premium-situps-bench\/\" \/>\n<meta property=\"og:locale\" content=\"sv_SE\" \/>\n<meta property=\"og:type\" content=\"article\" \/>\n<meta property=\"og:title\" content=\"Abilica Premium SitUps Bench\" \/>\n<meta property=\"og:description\" content=\"[vc_row][vc_column][vc_column_text]Det b\u00e4sta hj\u00e4lpmedlet till en stramare och starkare mage. Stabil och robust situpsb\u00e4nk som t\u00e5l...\" \/>\n<meta property=\"og:url\" content=\"https:\/\/abilica.com\/sv\/styrka\/traningsbank\/abilica-premium-situps-bench\/\" \/>\n<meta property=\"og:site_name\" content=\"Abilica\" \/>\n<meta property=\"article:publisher\" content=\"https:\/\/www.facebook.com\/abilicahometraining\/\" \/>\n<meta property=\"article:modified_time\" content=\"2025-09-12T13:17:28+00:00\" \/>\n<meta property=\"og:image\" content=\"https:\/\/abilica.com\/wp-content\/uploads\/2020\/10\/300309.jpg\" \/>\n\t<meta property=\"og:image:width\" content=\"1200\" \/>\n\t<meta property=\"og:image:height\" content=\"1200\" \/>\n\t<meta property=\"og:image:type\" content=\"image\/jpeg\" \/>\n<meta name=\"twitter:card\" content=\"summary_large_image\" \/>\n<meta name=\"twitter:label1\" content=\"Ber\u00e4knad l\u00e4stid\" \/>\n\t<meta name=\"twitter:data1\" content=\"1 minut\" \/>\n<script type=\"application\/ld+json\" class=\"yoast-schema-graph\">{\"@context\":\"https:\/\/schema.org\",\"@graph\":[{\"@type\":\"WebPage\",\"@id\":\"https:\/\/abilica.com\/sv\/styrka\/traningsbank\/abilica-premium-situps-bench\/\",\"url\":\"https:\/\/abilica.com\/sv\/styrka\/traningsbank\/abilica-premium-situps-bench\/\",\"name\":\"Abilica Premium SitUps Bench Abilica\",\"isPartOf\":{\"@id\":\"https:\/\/abilica.com\/#website\"},\"primaryImageOfPage\":{\"@id\":\"https:\/\/abilica.com\/sv\/styrka\/traningsbank\/abilica-premium-situps-bench\/#primaryimage\"},\"image\":{\"@id\":\"https:\/\/abilica.com\/sv\/styrka\/traningsbank\/abilica-premium-situps-bench\/#primaryimage\"},\"thumbnailUrl\":\"https:\/\/abilica.com\/wp-content\/uploads\/2020\/10\/300309.jpg\",\"datePublished\":\"2015-07-28T00:00:00+00:00\",\"dateModified\":\"2025-09-12T13:17:28+00:00\",\"breadcrumb\":{\"@id\":\"https:\/\/abilica.com\/sv\/styrka\/traningsbank\/abilica-premium-situps-bench\/#breadcrumb\"},\"inLanguage\":\"sv-SE\",\"potentialAction\":[{\"@type\":\"ReadAction\",\"target\":[\"https:\/\/abilica.com\/sv\/styrka\/traningsbank\/abilica-premium-situps-bench\/\"]}]},{\"@type\":\"ImageObject\",\"inLanguage\":\"sv-SE\",\"@id\":\"https:\/\/abilica.com\/sv\/styrka\/traningsbank\/abilica-premium-situps-bench\/#primaryimage\",\"url\":\"https:\/\/abilica.com\/wp-content\/uploads\/2020\/10\/300309.jpg\",\"contentUrl\":\"https:\/\/abilica.com\/wp-content\/uploads\/2020\/10\/300309.jpg\",\"width\":1200,\"height\":1200},{\"@type\":\"BreadcrumbList\",\"@id\":\"https:\/\/abilica.com\/sv\/styrka\/traningsbank\/abilica-premium-situps-bench\/#breadcrumb\",\"itemListElement\":[{\"@type\":\"ListItem\",\"position\":1,\"name\":\"Hem\",\"item\":\"https:\/\/abilica.com\/sv\/\"},{\"@type\":\"ListItem\",\"position\":2,\"name\":\"Produkter\",\"item\":\"https:\/\/abilica.com\/sv\/shop\/\"},{\"@type\":\"ListItem\",\"position\":3,\"name\":\"Abilica Premium SitUps Bench\"}]},{\"@type\":\"WebSite\",\"@id\":\"https:\/\/abilica.com\/#website\",\"url\":\"https:\/\/abilica.com\/\",\"name\":\"Abilica\",\"description\":\"Abilica Home Training\",\"potentialAction\":[{\"@type\":\"SearchAction\",\"target\":{\"@type\":\"EntryPoint\",\"urlTemplate\":\"https:\/\/abilica.com\/?s={search_term_string}\"},\"query-input\":{\"@type\":\"PropertyValueSpecification\",\"valueRequired\":true,\"valueName\":\"search_term_string\"}}],\"inLanguage\":\"sv-SE\"}]}<\/script>\n<!-- \/ Yoast SEO Premium plugin. -->","yoast_head_json":{"title":"Abilica Premium SitUps Bench Abilica","robots":{"index":"index","follow":"follow","max-snippet":"max-snippet:-1","max-image-preview":"max-image-preview:large","max-video-preview":"max-video-preview:-1"},"canonical":"https:\/\/abilica.com\/sv\/styrka\/traningsbank\/abilica-premium-situps-bench\/","og_locale":"sv_SE","og_type":"article","og_title":"Abilica Premium SitUps Bench","og_description":"[vc_row][vc_column][vc_column_text]Det b\u00e4sta hj\u00e4lpmedlet till en stramare och starkare mage. Stabil och robust situpsb\u00e4nk som t\u00e5l...","og_url":"https:\/\/abilica.com\/sv\/styrka\/traningsbank\/abilica-premium-situps-bench\/","og_site_name":"Abilica","article_publisher":"https:\/\/www.facebook.com\/abilicahometraining\/","article_modified_time":"2025-09-12T13:17:28+00:00","og_image":[{"width":1200,"height":1200,"url":"https:\/\/abilica.com\/wp-content\/uploads\/2020\/10\/300309.jpg","type":"image\/jpeg"}],"twitter_card":"summary_large_image","twitter_misc":{"Ber\u00e4knad l\u00e4stid":"1 minut"},"schema":{"@context":"https:\/\/schema.org","@graph":[{"@type":"WebPage","@id":"https:\/\/abilica.com\/sv\/styrka\/traningsbank\/abilica-premium-situps-bench\/","url":"https:\/\/abilica.com\/sv\/styrka\/traningsbank\/abilica-premium-situps-bench\/","name":"Abilica Premium SitUps Bench Abilica","isPartOf":{"@id":"https:\/\/abilica.com\/#website"},"primaryImageOfPage":{"@id":"https:\/\/abilica.com\/sv\/styrka\/traningsbank\/abilica-premium-situps-bench\/#primaryimage"},"image":{"@id":"https:\/\/abilica.com\/sv\/styrka\/traningsbank\/abilica-premium-situps-bench\/#primaryimage"},"thumbnailUrl":"https:\/\/abilica.com\/wp-content\/uploads\/2020\/10\/300309.jpg","datePublished":"2015-07-28T00:00:00+00:00","dateModified":"2025-09-12T13:17:28+00:00","breadcrumb":{"@id":"https:\/\/abilica.com\/sv\/styrka\/traningsbank\/abilica-premium-situps-bench\/#breadcrumb"},"inLanguage":"sv-SE","potentialAction":[{"@type":"ReadAction","target":["https:\/\/abilica.com\/sv\/styrka\/traningsbank\/abilica-premium-situps-bench\/"]}]},{"@type":"ImageObject","inLanguage":"sv-SE","@id":"https:\/\/abilica.com\/sv\/styrka\/traningsbank\/abilica-premium-situps-bench\/#primaryimage","url":"https:\/\/abilica.com\/wp-content\/uploads\/2020\/10\/300309.jpg","contentUrl":"https:\/\/abilica.com\/wp-content\/uploads\/2020\/10\/300309.jpg","width":1200,"height":1200},{"@type":"BreadcrumbList","@id":"https:\/\/abilica.com\/sv\/styrka\/traningsbank\/abilica-premium-situps-bench\/#breadcrumb","itemListElement":[{"@type":"ListItem","position":1,"name":"Hem","item":"https:\/\/abilica.com\/sv\/"},{"@type":"ListItem","position":2,"name":"Produkter","item":"https:\/\/abilica.com\/sv\/shop\/"},{"@type":"ListItem","position":3,"name":"Abilica Premium SitUps Bench"}]},{"@type":"WebSite","@id":"https:\/\/abilica.com\/#website","url":"https:\/\/abilica.com\/","name":"Abilica","description":"Abilica Home Training","potentialAction":[{"@type":"SearchAction","target":{"@type":"EntryPoint","urlTemplate":"https:\/\/abilica.com\/?s={search_term_string}"},"query-input":{"@type":"PropertyValueSpecification","valueRequired":true,"valueName":"search_term_string"}}],"inLanguage":"sv-SE"}]}},"_links":{"self":[{"href":"https:\/\/abilica.com\/sv\/wp-json\/wp\/v2\/product\/2338","targetHints":{"allow":["GET"]}}],"collection":[{"href":"https:\/\/abilica.com\/sv\/wp-json\/wp\/v2\/product"}],"about":[{"href":"https:\/\/abilica.com\/sv\/wp-json\/wp\/v2\/types\/product"}],"wp:featuredmedia":[{"embeddable":true,"href":"https:\/\/abilica.com\/sv\/wp-json\/wp\/v2\/media\/27906"}],"wp:attachment":[{"href":"https:\/\/abilica.com\/sv\/wp-json\/wp\/v2\/media?parent=2338"}],"wp:term":[{"taxonomy":"product_brand","embeddable":true,"href":"https:\/\/abilica.com\/sv\/wp-json\/wp\/v2\/product_brand?post=2338"},{"taxonomy":"product_cat","embeddable":true,"href":"https:\/\/abilica.com\/sv\/wp-json\/wp\/v2\/product_cat?post=2338"},{"taxonomy":"product_tag","embeddable":true,"href":"https:\/\/abilica.com\/sv\/wp-json\/wp\/v2\/product_tag?post=2338"}],"curies":[{"name":"wp","href":"https:\/\/api.w.org\/{rel}","templated":true}]}}