{"id":23730,"date":"2019-04-17T14:45:09","date_gmt":"2019-04-17T13:45:09","guid":{"rendered":"https:\/\/abilica.com\/se\/abilica-airtrack-home-300\/"},"modified":"2023-10-16T20:36:50","modified_gmt":"2023-10-16T19:36:50","slug":"abilica-airtrack-home-300","status":"publish","type":"product","link":"https:\/\/abilica.com\/sv\/styrka\/mattor\/abilica-airtrack-home-300\/","title":{"rendered":"Abilica AirTrack Home 300"},"content":{"rendered":"<p>Mjuk tr\u00e4ningsmatta fylld med luft f\u00f6r gymnastik\u00f6vningar och andra roliga aktiviteter. L\u00e4mplig f\u00f6r b\u00e5de nyb\u00f6rjare och aktiva idrottare. Kan anv\u00e4ndas b\u00e5de inomhus och utomhus och i vatten. Abilica AirTrack passar utm\u00e4rkt som tr\u00e4ningsmatta f\u00f6r gymnastik, cheerleading, tumlande, kampsport, parkour etc. L\u00e4ngden \u00e4r 3 meter, med en bredd p\u00e5 1 meter och en tjocklek p\u00e5 10 cm p\u00e5 mattan. Maximal anv\u00e4ndarvikt \u00e4r 150 kg. F\u00e4rgen \u00e4r en bl\u00e5\/vit kombination. AirTrack fr\u00e5n Abilica \u00e4r tillverkad av mycket solida material (DWF &#8211; dubbelv\u00e4gg), handgjorda och med f\u00f6rst\u00e4rkning vid alla leder. Gummihandtag p\u00e5 sidorna g\u00f6r den enkelt att flytta runt. Vikten \u00e4r 9 kg och \u00e4r l\u00e4tt att packa\/s\u00e4tta upp.<\/p>\n<p>F\u00f6r att pumpa upp en AirTrack beh\u00f6ver du en pump som passar i denna typ av ventil. F\u00f6r Abilica AirTrack Home rekommenderar vi <a href=\"https:\/\/abilica.com\/se\/styrka\/abilica-footpump\/\">Abilica FootPump<\/a>.<\/p>\n<p><iframe loading=\"lazy\" title=\"Abilica AirTracks\" width=\"640\" height=\"360\" src=\"https:\/\/www.youtube.com\/embed\/C8wMw8STK10?wmode=transparent&amp;rel=0&amp;feature=oembed\" frameborder=\"0\" allow=\"accelerometer; autoplay; clipboard-write; encrypted-media; gyroscope; picture-in-picture; web-share\" referrerpolicy=\"strict-origin-when-cross-origin\" allowfullscreen><\/iframe><\/p>\n","protected":false},"excerpt":{"rendered":"<p>Mjuk tr\u00e4ningsmatta fylld med luft f\u00f6r gymnastik\u00f6vningar och andra roliga aktiviteter. L\u00e4mplig f\u00f6r b\u00e5de nyb\u00f6rjare&#8230;<\/p>\n","protected":false},"featured_media":23744,"template":"","meta":{"_acf_changed":false},"product_brand":[],"product_cat":[493,471],"product_tag":[179],"class_list":{"0":"post-23730","1":"product","2":"type-product","3":"status-publish","4":"has-post-thumbnail","6":"product_cat-mattor","7":"product_cat-styrka","8":"product_tag-summer-workout","10":"first","11":"instock","12":"product-type-simple"},"acf":[],"yoast_head":"<!-- This site is optimized with the Yoast SEO Premium plugin v21.1 (Yoast SEO v25.4) - https:\/\/yoast.com\/wordpress\/plugins\/seo\/ -->\n<title>Abilica AirTrack Home 300 Abilica<\/title>\n<meta name=\"robots\" content=\"index, follow, max-snippet:-1, max-image-preview:large, max-video-preview:-1\" \/>\n<link rel=\"canonical\" href=\"https:\/\/abilica.com\/sv\/styrka\/mattor\/abilica-airtrack-home-300\/\" \/>\n<meta property=\"og:locale\" content=\"sv_SE\" \/>\n<meta property=\"og:type\" content=\"article\" \/>\n<meta property=\"og:title\" content=\"Abilica AirTrack Home 300\" \/>\n<meta property=\"og:description\" content=\"Mjuk tr\u00e4ningsmatta fylld med luft f\u00f6r gymnastik\u00f6vningar och andra roliga aktiviteter. L\u00e4mplig f\u00f6r b\u00e5de nyb\u00f6rjare...\" \/>\n<meta property=\"og:url\" content=\"https:\/\/abilica.com\/sv\/styrka\/mattor\/abilica-airtrack-home-300\/\" \/>\n<meta property=\"og:site_name\" content=\"Abilica\" \/>\n<meta property=\"article:publisher\" content=\"https:\/\/www.facebook.com\/abilicahometraining\/\" \/>\n<meta property=\"article:modified_time\" content=\"2023-10-16T19:36:50+00:00\" \/>\n<meta property=\"og:image\" content=\"https:\/\/abilica.com\/wp-content\/uploads\/2019\/04\/372926.jpg\" \/>\n\t<meta property=\"og:image:width\" content=\"1200\" \/>\n\t<meta property=\"og:image:height\" content=\"1200\" \/>\n\t<meta property=\"og:image:type\" content=\"image\/jpeg\" \/>\n<meta name=\"twitter:card\" content=\"summary_large_image\" \/>\n<meta name=\"twitter:label1\" content=\"Ber\u00e4knad l\u00e4stid\" \/>\n\t<meta name=\"twitter:data1\" content=\"1 minut\" \/>\n<script type=\"application\/ld+json\" class=\"yoast-schema-graph\">{\"@context\":\"https:\/\/schema.org\",\"@graph\":[{\"@type\":\"WebPage\",\"@id\":\"https:\/\/abilica.com\/sv\/styrka\/mattor\/abilica-airtrack-home-300\/\",\"url\":\"https:\/\/abilica.com\/sv\/styrka\/mattor\/abilica-airtrack-home-300\/\",\"name\":\"Abilica AirTrack Home 300 Abilica\",\"isPartOf\":{\"@id\":\"https:\/\/abilica.com\/#website\"},\"primaryImageOfPage\":{\"@id\":\"https:\/\/abilica.com\/sv\/styrka\/mattor\/abilica-airtrack-home-300\/#primaryimage\"},\"image\":{\"@id\":\"https:\/\/abilica.com\/sv\/styrka\/mattor\/abilica-airtrack-home-300\/#primaryimage\"},\"thumbnailUrl\":\"https:\/\/abilica.com\/wp-content\/uploads\/2019\/04\/372926.jpg\",\"datePublished\":\"2019-04-17T13:45:09+00:00\",\"dateModified\":\"2023-10-16T19:36:50+00:00\",\"breadcrumb\":{\"@id\":\"https:\/\/abilica.com\/sv\/styrka\/mattor\/abilica-airtrack-home-300\/#breadcrumb\"},\"inLanguage\":\"sv-SE\",\"potentialAction\":[{\"@type\":\"ReadAction\",\"target\":[\"https:\/\/abilica.com\/sv\/styrka\/mattor\/abilica-airtrack-home-300\/\"]}]},{\"@type\":\"ImageObject\",\"inLanguage\":\"sv-SE\",\"@id\":\"https:\/\/abilica.com\/sv\/styrka\/mattor\/abilica-airtrack-home-300\/#primaryimage\",\"url\":\"https:\/\/abilica.com\/wp-content\/uploads\/2019\/04\/372926.jpg\",\"contentUrl\":\"https:\/\/abilica.com\/wp-content\/uploads\/2019\/04\/372926.jpg\",\"width\":1200,\"height\":1200},{\"@type\":\"BreadcrumbList\",\"@id\":\"https:\/\/abilica.com\/sv\/styrka\/mattor\/abilica-airtrack-home-300\/#breadcrumb\",\"itemListElement\":[{\"@type\":\"ListItem\",\"position\":1,\"name\":\"Hem\",\"item\":\"https:\/\/abilica.com\/sv\/\"},{\"@type\":\"ListItem\",\"position\":2,\"name\":\"Produkter\",\"item\":\"https:\/\/abilica.com\/sv\/shop\/\"},{\"@type\":\"ListItem\",\"position\":3,\"name\":\"Abilica AirTrack Home 300\"}]},{\"@type\":\"WebSite\",\"@id\":\"https:\/\/abilica.com\/#website\",\"url\":\"https:\/\/abilica.com\/\",\"name\":\"Abilica\",\"description\":\"Abilica Home Training\",\"potentialAction\":[{\"@type\":\"SearchAction\",\"target\":{\"@type\":\"EntryPoint\",\"urlTemplate\":\"https:\/\/abilica.com\/?s={search_term_string}\"},\"query-input\":{\"@type\":\"PropertyValueSpecification\",\"valueRequired\":true,\"valueName\":\"search_term_string\"}}],\"inLanguage\":\"sv-SE\"}]}<\/script>\n<!-- \/ Yoast SEO Premium plugin. -->","yoast_head_json":{"title":"Abilica AirTrack Home 300 Abilica","robots":{"index":"index","follow":"follow","max-snippet":"max-snippet:-1","max-image-preview":"max-image-preview:large","max-video-preview":"max-video-preview:-1"},"canonical":"https:\/\/abilica.com\/sv\/styrka\/mattor\/abilica-airtrack-home-300\/","og_locale":"sv_SE","og_type":"article","og_title":"Abilica AirTrack Home 300","og_description":"Mjuk tr\u00e4ningsmatta fylld med luft f\u00f6r gymnastik\u00f6vningar och andra roliga aktiviteter. L\u00e4mplig f\u00f6r b\u00e5de nyb\u00f6rjare...","og_url":"https:\/\/abilica.com\/sv\/styrka\/mattor\/abilica-airtrack-home-300\/","og_site_name":"Abilica","article_publisher":"https:\/\/www.facebook.com\/abilicahometraining\/","article_modified_time":"2023-10-16T19:36:50+00:00","og_image":[{"width":1200,"height":1200,"url":"https:\/\/abilica.com\/wp-content\/uploads\/2019\/04\/372926.jpg","type":"image\/jpeg"}],"twitter_card":"summary_large_image","twitter_misc":{"Ber\u00e4knad l\u00e4stid":"1 minut"},"schema":{"@context":"https:\/\/schema.org","@graph":[{"@type":"WebPage","@id":"https:\/\/abilica.com\/sv\/styrka\/mattor\/abilica-airtrack-home-300\/","url":"https:\/\/abilica.com\/sv\/styrka\/mattor\/abilica-airtrack-home-300\/","name":"Abilica AirTrack Home 300 Abilica","isPartOf":{"@id":"https:\/\/abilica.com\/#website"},"primaryImageOfPage":{"@id":"https:\/\/abilica.com\/sv\/styrka\/mattor\/abilica-airtrack-home-300\/#primaryimage"},"image":{"@id":"https:\/\/abilica.com\/sv\/styrka\/mattor\/abilica-airtrack-home-300\/#primaryimage"},"thumbnailUrl":"https:\/\/abilica.com\/wp-content\/uploads\/2019\/04\/372926.jpg","datePublished":"2019-04-17T13:45:09+00:00","dateModified":"2023-10-16T19:36:50+00:00","breadcrumb":{"@id":"https:\/\/abilica.com\/sv\/styrka\/mattor\/abilica-airtrack-home-300\/#breadcrumb"},"inLanguage":"sv-SE","potentialAction":[{"@type":"ReadAction","target":["https:\/\/abilica.com\/sv\/styrka\/mattor\/abilica-airtrack-home-300\/"]}]},{"@type":"ImageObject","inLanguage":"sv-SE","@id":"https:\/\/abilica.com\/sv\/styrka\/mattor\/abilica-airtrack-home-300\/#primaryimage","url":"https:\/\/abilica.com\/wp-content\/uploads\/2019\/04\/372926.jpg","contentUrl":"https:\/\/abilica.com\/wp-content\/uploads\/2019\/04\/372926.jpg","width":1200,"height":1200},{"@type":"BreadcrumbList","@id":"https:\/\/abilica.com\/sv\/styrka\/mattor\/abilica-airtrack-home-300\/#breadcrumb","itemListElement":[{"@type":"ListItem","position":1,"name":"Hem","item":"https:\/\/abilica.com\/sv\/"},{"@type":"ListItem","position":2,"name":"Produkter","item":"https:\/\/abilica.com\/sv\/shop\/"},{"@type":"ListItem","position":3,"name":"Abilica AirTrack Home 300"}]},{"@type":"WebSite","@id":"https:\/\/abilica.com\/#website","url":"https:\/\/abilica.com\/","name":"Abilica","description":"Abilica Home Training","potentialAction":[{"@type":"SearchAction","target":{"@type":"EntryPoint","urlTemplate":"https:\/\/abilica.com\/?s={search_term_string}"},"query-input":{"@type":"PropertyValueSpecification","valueRequired":true,"valueName":"search_term_string"}}],"inLanguage":"sv-SE"}]}},"_links":{"self":[{"href":"https:\/\/abilica.com\/sv\/wp-json\/wp\/v2\/product\/23730","targetHints":{"allow":["GET"]}}],"collection":[{"href":"https:\/\/abilica.com\/sv\/wp-json\/wp\/v2\/product"}],"about":[{"href":"https:\/\/abilica.com\/sv\/wp-json\/wp\/v2\/types\/product"}],"wp:featuredmedia":[{"embeddable":true,"href":"https:\/\/abilica.com\/sv\/wp-json\/wp\/v2\/media\/23744"}],"wp:attachment":[{"href":"https:\/\/abilica.com\/sv\/wp-json\/wp\/v2\/media?parent=23730"}],"wp:term":[{"taxonomy":"product_brand","embeddable":true,"href":"https:\/\/abilica.com\/sv\/wp-json\/wp\/v2\/product_brand?post=23730"},{"taxonomy":"product_cat","embeddable":true,"href":"https:\/\/abilica.com\/sv\/wp-json\/wp\/v2\/product_cat?post=23730"},{"taxonomy":"product_tag","embeddable":true,"href":"https:\/\/abilica.com\/sv\/wp-json\/wp\/v2\/product_tag?post=23730"}],"curies":[{"name":"wp","href":"https:\/\/api.w.org\/{rel}","templated":true}]}}