{"id":23731,"date":"2019-04-17T14:45:16","date_gmt":"2019-04-17T13:45:16","guid":{"rendered":"https:\/\/abilica.com\/se\/abilica-footpump\/"},"modified":"2026-02-23T16:03:45","modified_gmt":"2026-02-23T15:03:45","slug":"abilica-footpump","status":"publish","type":"product","link":"https:\/\/abilica.com\/sv\/kondition\/airtracks-2\/abilica-footpump\/","title":{"rendered":"Abilica FootPump"},"content":{"rendered":"<p>Abilica FootPump \u00e4r extrautrustning till v\u00e5ra <strong><a href=\"https:\/\/abilica.com\/se\/styrka\/airtracks\/\">Abilica AirTracks.<\/a><\/strong>. Pumpen \u00e4r rej\u00e4l och kraftfull och med en kapacitet p\u00e5 5 liter kommer den att kunna pumpa upp v\u00e5ra Abilica AirTracks p\u00e5 n\u00e5gra minuter. Den har en 2-v\u00e4gsfunktion och kan \u00e4ven anv\u00e4ndas f\u00f6r att snabbt och enkelt ta bort luften. V\u00e5r pump \u00e4r gjord av solid ABS-material och slitstark textil, vilket ger pumpen en l\u00e5ng livsl\u00e4ngd. Den har 3 olika ventiler f\u00f6r utlopp: En ventil passar Abilica AirTracks, ut\u00f6ver denna pump kan den anv\u00e4ndas f\u00f6r att fylla upp uppbl\u00e5sbara pooler, b\u00e5tar, luftmadrasser, simdjur med mera. Den har \u00e4ven ett praktiskt l\u00e5s s\u00e5 att den h\u00e5lls ihop och tar mindre plats vid f\u00f6rvaring. Manuell pump rekommenderas f\u00f6r Abilica AirTrack p\u00e5 3-4 m. \u00d6ver denna storlek rekommenderar vi en elektrisk pump, <a href=\"https:\/\/abilica.com\/se\/styrka\/abilica-electric-pump-airtrack\/\"><strong>Abilica ElectricPump<\/strong><\/a>.<\/p>\n<p><strong>TEKNISK INFORMATION<\/strong><\/p>\n<p><strong>Storlek<\/strong><br \/>\n28 x 22 cm (L x B)<\/p>\n<p><strong>Material<\/strong><br \/>\nABS och slitstark textil<\/p>\n<p><strong>Ventiler<\/strong><br \/>\n3 st<\/p>\n","protected":false},"excerpt":{"rendered":"<p>Abilica FootPump \u00e4r extrautrustning till v\u00e5ra Abilica AirTracks.. Pumpen \u00e4r rej\u00e4l och kraftfull och med&#8230;<\/p>\n","protected":false},"featured_media":23747,"template":"","meta":{"_acf_changed":false},"product_brand":[],"product_cat":[517,475,493,472,471,478],"product_tag":[179],"class_list":{"0":"post-23731","1":"product","2":"type-product","3":"status-publish","4":"has-post-thumbnail","6":"product_cat-airtracks-2","7":"product_cat-kondition","8":"product_cat-mattor","9":"product_cat-smaprodukter-2","10":"product_cat-styrka","11":"product_cat-tillbehor","12":"product_tag-summer-workout","14":"first","15":"instock","16":"product-type-simple"},"acf":[],"yoast_head":"<!-- This site is optimized with the Yoast SEO Premium plugin v21.1 (Yoast SEO v25.4) - https:\/\/yoast.com\/wordpress\/plugins\/seo\/ -->\n<title>Abilica FootPump Abilica<\/title>\n<meta name=\"robots\" content=\"index, follow, max-snippet:-1, max-image-preview:large, max-video-preview:-1\" \/>\n<link rel=\"canonical\" href=\"https:\/\/abilica.com\/sv\/kondition\/airtracks-2\/abilica-footpump\/\" \/>\n<meta property=\"og:locale\" content=\"sv_SE\" \/>\n<meta property=\"og:type\" content=\"article\" \/>\n<meta property=\"og:title\" content=\"Abilica FootPump\" \/>\n<meta property=\"og:description\" content=\"Abilica FootPump \u00e4r extrautrustning till v\u00e5ra Abilica AirTracks.. Pumpen \u00e4r rej\u00e4l och kraftfull och med...\" \/>\n<meta property=\"og:url\" content=\"https:\/\/abilica.com\/sv\/kondition\/airtracks-2\/abilica-footpump\/\" \/>\n<meta property=\"og:site_name\" content=\"Abilica\" \/>\n<meta property=\"article:publisher\" content=\"https:\/\/www.facebook.com\/abilicahometraining\/\" \/>\n<meta property=\"article:modified_time\" content=\"2026-02-23T15:03:45+00:00\" \/>\n<meta property=\"og:image\" content=\"https:\/\/abilica.com\/wp-content\/uploads\/2019\/04\/372927.jpg\" \/>\n\t<meta property=\"og:image:width\" content=\"1200\" \/>\n\t<meta property=\"og:image:height\" content=\"1200\" \/>\n\t<meta property=\"og:image:type\" content=\"image\/jpeg\" \/>\n<meta name=\"twitter:card\" content=\"summary_large_image\" \/>\n<meta name=\"twitter:label1\" content=\"Ber\u00e4knad l\u00e4stid\" \/>\n\t<meta name=\"twitter:data1\" content=\"1 minut\" \/>\n<script type=\"application\/ld+json\" class=\"yoast-schema-graph\">{\"@context\":\"https:\/\/schema.org\",\"@graph\":[{\"@type\":\"WebPage\",\"@id\":\"https:\/\/abilica.com\/sv\/kondition\/airtracks-2\/abilica-footpump\/\",\"url\":\"https:\/\/abilica.com\/sv\/kondition\/airtracks-2\/abilica-footpump\/\",\"name\":\"Abilica FootPump Abilica\",\"isPartOf\":{\"@id\":\"https:\/\/abilica.com\/#website\"},\"primaryImageOfPage\":{\"@id\":\"https:\/\/abilica.com\/sv\/kondition\/airtracks-2\/abilica-footpump\/#primaryimage\"},\"image\":{\"@id\":\"https:\/\/abilica.com\/sv\/kondition\/airtracks-2\/abilica-footpump\/#primaryimage\"},\"thumbnailUrl\":\"https:\/\/abilica.com\/wp-content\/uploads\/2019\/04\/372927.jpg\",\"datePublished\":\"2019-04-17T13:45:16+00:00\",\"dateModified\":\"2026-02-23T15:03:45+00:00\",\"breadcrumb\":{\"@id\":\"https:\/\/abilica.com\/sv\/kondition\/airtracks-2\/abilica-footpump\/#breadcrumb\"},\"inLanguage\":\"sv-SE\",\"potentialAction\":[{\"@type\":\"ReadAction\",\"target\":[\"https:\/\/abilica.com\/sv\/kondition\/airtracks-2\/abilica-footpump\/\"]}]},{\"@type\":\"ImageObject\",\"inLanguage\":\"sv-SE\",\"@id\":\"https:\/\/abilica.com\/sv\/kondition\/airtracks-2\/abilica-footpump\/#primaryimage\",\"url\":\"https:\/\/abilica.com\/wp-content\/uploads\/2019\/04\/372927.jpg\",\"contentUrl\":\"https:\/\/abilica.com\/wp-content\/uploads\/2019\/04\/372927.jpg\",\"width\":1200,\"height\":1200},{\"@type\":\"BreadcrumbList\",\"@id\":\"https:\/\/abilica.com\/sv\/kondition\/airtracks-2\/abilica-footpump\/#breadcrumb\",\"itemListElement\":[{\"@type\":\"ListItem\",\"position\":1,\"name\":\"Hem\",\"item\":\"https:\/\/abilica.com\/sv\/\"},{\"@type\":\"ListItem\",\"position\":2,\"name\":\"Produkter\",\"item\":\"https:\/\/abilica.com\/sv\/shop\/\"},{\"@type\":\"ListItem\",\"position\":3,\"name\":\"Abilica FootPump\"}]},{\"@type\":\"WebSite\",\"@id\":\"https:\/\/abilica.com\/#website\",\"url\":\"https:\/\/abilica.com\/\",\"name\":\"Abilica\",\"description\":\"Abilica Home Training\",\"potentialAction\":[{\"@type\":\"SearchAction\",\"target\":{\"@type\":\"EntryPoint\",\"urlTemplate\":\"https:\/\/abilica.com\/?s={search_term_string}\"},\"query-input\":{\"@type\":\"PropertyValueSpecification\",\"valueRequired\":true,\"valueName\":\"search_term_string\"}}],\"inLanguage\":\"sv-SE\"}]}<\/script>\n<!-- \/ Yoast SEO Premium plugin. -->","yoast_head_json":{"title":"Abilica FootPump Abilica","robots":{"index":"index","follow":"follow","max-snippet":"max-snippet:-1","max-image-preview":"max-image-preview:large","max-video-preview":"max-video-preview:-1"},"canonical":"https:\/\/abilica.com\/sv\/kondition\/airtracks-2\/abilica-footpump\/","og_locale":"sv_SE","og_type":"article","og_title":"Abilica FootPump","og_description":"Abilica FootPump \u00e4r extrautrustning till v\u00e5ra Abilica AirTracks.. Pumpen \u00e4r rej\u00e4l och kraftfull och med...","og_url":"https:\/\/abilica.com\/sv\/kondition\/airtracks-2\/abilica-footpump\/","og_site_name":"Abilica","article_publisher":"https:\/\/www.facebook.com\/abilicahometraining\/","article_modified_time":"2026-02-23T15:03:45+00:00","og_image":[{"width":1200,"height":1200,"url":"https:\/\/abilica.com\/wp-content\/uploads\/2019\/04\/372927.jpg","type":"image\/jpeg"}],"twitter_card":"summary_large_image","twitter_misc":{"Ber\u00e4knad l\u00e4stid":"1 minut"},"schema":{"@context":"https:\/\/schema.org","@graph":[{"@type":"WebPage","@id":"https:\/\/abilica.com\/sv\/kondition\/airtracks-2\/abilica-footpump\/","url":"https:\/\/abilica.com\/sv\/kondition\/airtracks-2\/abilica-footpump\/","name":"Abilica FootPump Abilica","isPartOf":{"@id":"https:\/\/abilica.com\/#website"},"primaryImageOfPage":{"@id":"https:\/\/abilica.com\/sv\/kondition\/airtracks-2\/abilica-footpump\/#primaryimage"},"image":{"@id":"https:\/\/abilica.com\/sv\/kondition\/airtracks-2\/abilica-footpump\/#primaryimage"},"thumbnailUrl":"https:\/\/abilica.com\/wp-content\/uploads\/2019\/04\/372927.jpg","datePublished":"2019-04-17T13:45:16+00:00","dateModified":"2026-02-23T15:03:45+00:00","breadcrumb":{"@id":"https:\/\/abilica.com\/sv\/kondition\/airtracks-2\/abilica-footpump\/#breadcrumb"},"inLanguage":"sv-SE","potentialAction":[{"@type":"ReadAction","target":["https:\/\/abilica.com\/sv\/kondition\/airtracks-2\/abilica-footpump\/"]}]},{"@type":"ImageObject","inLanguage":"sv-SE","@id":"https:\/\/abilica.com\/sv\/kondition\/airtracks-2\/abilica-footpump\/#primaryimage","url":"https:\/\/abilica.com\/wp-content\/uploads\/2019\/04\/372927.jpg","contentUrl":"https:\/\/abilica.com\/wp-content\/uploads\/2019\/04\/372927.jpg","width":1200,"height":1200},{"@type":"BreadcrumbList","@id":"https:\/\/abilica.com\/sv\/kondition\/airtracks-2\/abilica-footpump\/#breadcrumb","itemListElement":[{"@type":"ListItem","position":1,"name":"Hem","item":"https:\/\/abilica.com\/sv\/"},{"@type":"ListItem","position":2,"name":"Produkter","item":"https:\/\/abilica.com\/sv\/shop\/"},{"@type":"ListItem","position":3,"name":"Abilica FootPump"}]},{"@type":"WebSite","@id":"https:\/\/abilica.com\/#website","url":"https:\/\/abilica.com\/","name":"Abilica","description":"Abilica Home Training","potentialAction":[{"@type":"SearchAction","target":{"@type":"EntryPoint","urlTemplate":"https:\/\/abilica.com\/?s={search_term_string}"},"query-input":{"@type":"PropertyValueSpecification","valueRequired":true,"valueName":"search_term_string"}}],"inLanguage":"sv-SE"}]}},"_links":{"self":[{"href":"https:\/\/abilica.com\/sv\/wp-json\/wp\/v2\/product\/23731","targetHints":{"allow":["GET"]}}],"collection":[{"href":"https:\/\/abilica.com\/sv\/wp-json\/wp\/v2\/product"}],"about":[{"href":"https:\/\/abilica.com\/sv\/wp-json\/wp\/v2\/types\/product"}],"wp:featuredmedia":[{"embeddable":true,"href":"https:\/\/abilica.com\/sv\/wp-json\/wp\/v2\/media\/23747"}],"wp:attachment":[{"href":"https:\/\/abilica.com\/sv\/wp-json\/wp\/v2\/media?parent=23731"}],"wp:term":[{"taxonomy":"product_brand","embeddable":true,"href":"https:\/\/abilica.com\/sv\/wp-json\/wp\/v2\/product_brand?post=23731"},{"taxonomy":"product_cat","embeddable":true,"href":"https:\/\/abilica.com\/sv\/wp-json\/wp\/v2\/product_cat?post=23731"},{"taxonomy":"product_tag","embeddable":true,"href":"https:\/\/abilica.com\/sv\/wp-json\/wp\/v2\/product_tag?post=23731"}],"curies":[{"name":"wp","href":"https:\/\/api.w.org\/{rel}","templated":true}]}}