{"id":23974,"date":"2019-06-03T19:38:16","date_gmt":"2019-06-03T18:38:16","guid":{"rendered":"https:\/\/abilica.com\/se\/?post_type=product&#038;p=23974"},"modified":"2026-02-05T12:23:25","modified_gmt":"2026-02-05T11:23:25","slug":"abilica-gymball-45-cm","status":"publish","type":"product","link":"https:\/\/abilica.com\/sv\/balans\/fitnessboll\/abilica-gymball-45-cm\/","title":{"rendered":"Abilica GymBall, 45 cm"},"content":{"rendered":"<div class=\"wpb-content-wrapper\"><p>[vc_row][vc_column][vc_column_text]Abilica GymBall \u00e4r en del av Abilica Active-konceptet. Bollen \u00e4r perfekt f\u00f6r barn som har myror i rumpan eller f\u00f6r barn som vill ha en aktiv sittplats f\u00f6r att hitta lugn och ro. Bollen \u00e4r perfekt f\u00f6r att sitta p\u00e5 f\u00f6r barn och har en diameter p\u00e5 45 cm. Du kan balansera, utmana k\u00e4rnmusklerna och k\u00e4nna att skrattet bubblar fr\u00e5n magen n\u00e4r du tappar balansen. Varje g\u00e5ng du faller eller rullar p\u00e5 sidan l\u00e4r du dig n\u00e5got nytt och utvecklar din kropps f\u00f6rm\u00e5gor. Balansera, rulla och testa olika positioner med bollen &#8211; det \u00e4r bara din fantasi som stoppar dig. Abilica HandPump s\u00e4ljs separat.<\/p>\n<p><strong>TEKNISK INFORMATION<\/strong><\/p>\n<p><strong>Storlek<br \/>\n<\/strong>Diameter 45 cm<\/p>\n<p><strong>Material<br \/>\n<\/strong>PVC<\/p>\n<p><strong>Max anv\u00e4ndarvikt<br \/>\n<\/strong>100 kg<\/p>\n<p><i>Abilica Active is a series of playful products designed for families to stay active and healthy in everyday life.\u00a0<\/i><i>Spend time with your family, stay active, healthy and playful together.\u00a0<\/i><i>Our products inspire to physical activity through play in your own home and bring families together.\u00a0<\/i><i>Training equipment made for children and approved for the European market.<\/i><\/p>\n<p><i>Contains <\/i><b><i>NO <\/i><\/b><i>poisonous materials.<\/i>[\/vc_column_text][vc_column_text el_class=&#8221;product-video&#8221;]<\/p>\n<div style=\"width: 640px;\" class=\"wp-video\"><!--[if lt IE 9]><script>document.createElement('video');<\/script><![endif]-->\n<video class=\"wp-video-shortcode\" id=\"video-23974-1\" width=\"640\" height=\"360\" poster=\"https:\/\/abilica.com\/se\/wp-content\/uploads\/2020\/05\/372990_image5.jpg\" preload=\"metadata\" controls=\"controls\"><source type=\"video\/mp4\" src=\"https:\/\/abilica.com\/se\/wp-content\/uploads\/2019\/08\/Abilica-GymBall.mp4?_=1\" \/><a href=\"https:\/\/abilica.com\/se\/wp-content\/uploads\/2019\/08\/Abilica-GymBall.mp4\">https:\/\/abilica.com\/se\/wp-content\/uploads\/2019\/08\/Abilica-GymBall.mp4<\/a><\/video><\/div>\n<p>[\/vc_column_text][vc_column_text el_class=&#8221;product-video&#8221;]We are proud to be a part of Generation Pep \u2013 helping kids and youth in Sweden to live and desire an active and healthy life.<\/p>\n<p><b><img loading=\"lazy\" decoding=\"async\" class=\"alignnone wp-image-33247\" src=\"https:\/\/abilica.com\/no\/wp-content\/uploads\/2019\/06\/Untitled-1-2.png\" sizes=\"auto, (max-width: 75px) 100vw, 75px\" srcset=\"https:\/\/abilica.com\/no\/wp-content\/uploads\/2019\/06\/Untitled-1-2.png 300w, https:\/\/abilica.com\/no\/wp-content\/uploads\/2019\/06\/Untitled-1-2-150x150.png 150w, https:\/\/abilica.com\/no\/wp-content\/uploads\/2019\/06\/Untitled-1-2-100x100.png 100w\" alt=\"\" width=\"75\" height=\"75\" \/><\/b>[\/vc_column_text][\/vc_column][\/vc_row]<\/p>\n<\/div>","protected":false},"excerpt":{"rendered":"<p>[vc_row][vc_column][vc_column_text]Abilica GymBall \u00e4r en del av Abilica Active-konceptet. Bollen \u00e4r perfekt f\u00f6r barn som har&#8230;<\/p>\n","protected":false},"featured_media":28929,"template":"","meta":{"_acf_changed":false},"product_brand":[],"product_cat":[487,488],"product_tag":[174,177],"class_list":{"0":"post-23974","1":"product","2":"type-product","3":"status-publish","4":"has-post-thumbnail","6":"product_cat-balans","7":"product_cat-fitnessboll","8":"product_tag-active","9":"product_tag-small-items","11":"first","12":"instock","13":"product-type-simple"},"acf":[],"yoast_head":"<!-- This site is optimized with the Yoast SEO Premium plugin v21.1 (Yoast SEO v25.4) - https:\/\/yoast.com\/wordpress\/plugins\/seo\/ -->\n<title>Abilica GymBall, 45 cm Abilica<\/title>\n<meta name=\"robots\" content=\"index, follow, max-snippet:-1, max-image-preview:large, max-video-preview:-1\" \/>\n<link rel=\"canonical\" href=\"https:\/\/abilica.com\/sv\/balans\/fitnessboll\/abilica-gymball-45-cm\/\" \/>\n<meta property=\"og:locale\" content=\"sv_SE\" \/>\n<meta property=\"og:type\" content=\"article\" \/>\n<meta property=\"og:title\" content=\"Abilica GymBall, 45 cm\" \/>\n<meta property=\"og:description\" content=\"[vc_row][vc_column][vc_column_text]Abilica GymBall \u00e4r en del av Abilica Active-konceptet. Bollen \u00e4r perfekt f\u00f6r barn som har...\" \/>\n<meta property=\"og:url\" content=\"https:\/\/abilica.com\/sv\/balans\/fitnessboll\/abilica-gymball-45-cm\/\" \/>\n<meta property=\"og:site_name\" content=\"Abilica\" \/>\n<meta property=\"article:publisher\" content=\"https:\/\/www.facebook.com\/abilicahometraining\/\" \/>\n<meta property=\"article:modified_time\" content=\"2026-02-05T11:23:25+00:00\" \/>\n<meta property=\"og:image\" content=\"https:\/\/abilica.com\/wp-content\/uploads\/2019\/06\/372990.jpg\" \/>\n\t<meta property=\"og:image:width\" content=\"1200\" \/>\n\t<meta property=\"og:image:height\" content=\"1200\" \/>\n\t<meta property=\"og:image:type\" content=\"image\/jpeg\" \/>\n<meta name=\"twitter:card\" content=\"summary_large_image\" \/>\n<meta name=\"twitter:label1\" content=\"Ber\u00e4knad l\u00e4stid\" \/>\n\t<meta name=\"twitter:data1\" content=\"1 minut\" \/>\n<script type=\"application\/ld+json\" class=\"yoast-schema-graph\">{\"@context\":\"https:\/\/schema.org\",\"@graph\":[{\"@type\":\"WebPage\",\"@id\":\"https:\/\/abilica.com\/sv\/balans\/fitnessboll\/abilica-gymball-45-cm\/\",\"url\":\"https:\/\/abilica.com\/sv\/balans\/fitnessboll\/abilica-gymball-45-cm\/\",\"name\":\"Abilica GymBall, 45 cm Abilica\",\"isPartOf\":{\"@id\":\"https:\/\/abilica.com\/#website\"},\"primaryImageOfPage\":{\"@id\":\"https:\/\/abilica.com\/sv\/balans\/fitnessboll\/abilica-gymball-45-cm\/#primaryimage\"},\"image\":{\"@id\":\"https:\/\/abilica.com\/sv\/balans\/fitnessboll\/abilica-gymball-45-cm\/#primaryimage\"},\"thumbnailUrl\":\"https:\/\/abilica.com\/wp-content\/uploads\/2019\/06\/372990.jpg\",\"datePublished\":\"2019-06-03T18:38:16+00:00\",\"dateModified\":\"2026-02-05T11:23:25+00:00\",\"breadcrumb\":{\"@id\":\"https:\/\/abilica.com\/sv\/balans\/fitnessboll\/abilica-gymball-45-cm\/#breadcrumb\"},\"inLanguage\":\"sv-SE\",\"potentialAction\":[{\"@type\":\"ReadAction\",\"target\":[\"https:\/\/abilica.com\/sv\/balans\/fitnessboll\/abilica-gymball-45-cm\/\"]}]},{\"@type\":\"ImageObject\",\"inLanguage\":\"sv-SE\",\"@id\":\"https:\/\/abilica.com\/sv\/balans\/fitnessboll\/abilica-gymball-45-cm\/#primaryimage\",\"url\":\"https:\/\/abilica.com\/wp-content\/uploads\/2019\/06\/372990.jpg\",\"contentUrl\":\"https:\/\/abilica.com\/wp-content\/uploads\/2019\/06\/372990.jpg\",\"width\":1200,\"height\":1200},{\"@type\":\"BreadcrumbList\",\"@id\":\"https:\/\/abilica.com\/sv\/balans\/fitnessboll\/abilica-gymball-45-cm\/#breadcrumb\",\"itemListElement\":[{\"@type\":\"ListItem\",\"position\":1,\"name\":\"Hem\",\"item\":\"https:\/\/abilica.com\/sv\/\"},{\"@type\":\"ListItem\",\"position\":2,\"name\":\"Produkter\",\"item\":\"https:\/\/abilica.com\/sv\/shop\/\"},{\"@type\":\"ListItem\",\"position\":3,\"name\":\"Abilica GymBall, 45 cm\"}]},{\"@type\":\"WebSite\",\"@id\":\"https:\/\/abilica.com\/#website\",\"url\":\"https:\/\/abilica.com\/\",\"name\":\"Abilica\",\"description\":\"Abilica Home Training\",\"potentialAction\":[{\"@type\":\"SearchAction\",\"target\":{\"@type\":\"EntryPoint\",\"urlTemplate\":\"https:\/\/abilica.com\/?s={search_term_string}\"},\"query-input\":{\"@type\":\"PropertyValueSpecification\",\"valueRequired\":true,\"valueName\":\"search_term_string\"}}],\"inLanguage\":\"sv-SE\"}]}<\/script>\n<!-- \/ Yoast SEO Premium plugin. -->","yoast_head_json":{"title":"Abilica GymBall, 45 cm Abilica","robots":{"index":"index","follow":"follow","max-snippet":"max-snippet:-1","max-image-preview":"max-image-preview:large","max-video-preview":"max-video-preview:-1"},"canonical":"https:\/\/abilica.com\/sv\/balans\/fitnessboll\/abilica-gymball-45-cm\/","og_locale":"sv_SE","og_type":"article","og_title":"Abilica GymBall, 45 cm","og_description":"[vc_row][vc_column][vc_column_text]Abilica GymBall \u00e4r en del av Abilica Active-konceptet. Bollen \u00e4r perfekt f\u00f6r barn som har...","og_url":"https:\/\/abilica.com\/sv\/balans\/fitnessboll\/abilica-gymball-45-cm\/","og_site_name":"Abilica","article_publisher":"https:\/\/www.facebook.com\/abilicahometraining\/","article_modified_time":"2026-02-05T11:23:25+00:00","og_image":[{"width":1200,"height":1200,"url":"https:\/\/abilica.com\/wp-content\/uploads\/2019\/06\/372990.jpg","type":"image\/jpeg"}],"twitter_card":"summary_large_image","twitter_misc":{"Ber\u00e4knad l\u00e4stid":"1 minut"},"schema":{"@context":"https:\/\/schema.org","@graph":[{"@type":"WebPage","@id":"https:\/\/abilica.com\/sv\/balans\/fitnessboll\/abilica-gymball-45-cm\/","url":"https:\/\/abilica.com\/sv\/balans\/fitnessboll\/abilica-gymball-45-cm\/","name":"Abilica GymBall, 45 cm Abilica","isPartOf":{"@id":"https:\/\/abilica.com\/#website"},"primaryImageOfPage":{"@id":"https:\/\/abilica.com\/sv\/balans\/fitnessboll\/abilica-gymball-45-cm\/#primaryimage"},"image":{"@id":"https:\/\/abilica.com\/sv\/balans\/fitnessboll\/abilica-gymball-45-cm\/#primaryimage"},"thumbnailUrl":"https:\/\/abilica.com\/wp-content\/uploads\/2019\/06\/372990.jpg","datePublished":"2019-06-03T18:38:16+00:00","dateModified":"2026-02-05T11:23:25+00:00","breadcrumb":{"@id":"https:\/\/abilica.com\/sv\/balans\/fitnessboll\/abilica-gymball-45-cm\/#breadcrumb"},"inLanguage":"sv-SE","potentialAction":[{"@type":"ReadAction","target":["https:\/\/abilica.com\/sv\/balans\/fitnessboll\/abilica-gymball-45-cm\/"]}]},{"@type":"ImageObject","inLanguage":"sv-SE","@id":"https:\/\/abilica.com\/sv\/balans\/fitnessboll\/abilica-gymball-45-cm\/#primaryimage","url":"https:\/\/abilica.com\/wp-content\/uploads\/2019\/06\/372990.jpg","contentUrl":"https:\/\/abilica.com\/wp-content\/uploads\/2019\/06\/372990.jpg","width":1200,"height":1200},{"@type":"BreadcrumbList","@id":"https:\/\/abilica.com\/sv\/balans\/fitnessboll\/abilica-gymball-45-cm\/#breadcrumb","itemListElement":[{"@type":"ListItem","position":1,"name":"Hem","item":"https:\/\/abilica.com\/sv\/"},{"@type":"ListItem","position":2,"name":"Produkter","item":"https:\/\/abilica.com\/sv\/shop\/"},{"@type":"ListItem","position":3,"name":"Abilica GymBall, 45 cm"}]},{"@type":"WebSite","@id":"https:\/\/abilica.com\/#website","url":"https:\/\/abilica.com\/","name":"Abilica","description":"Abilica Home Training","potentialAction":[{"@type":"SearchAction","target":{"@type":"EntryPoint","urlTemplate":"https:\/\/abilica.com\/?s={search_term_string}"},"query-input":{"@type":"PropertyValueSpecification","valueRequired":true,"valueName":"search_term_string"}}],"inLanguage":"sv-SE"}]}},"_links":{"self":[{"href":"https:\/\/abilica.com\/sv\/wp-json\/wp\/v2\/product\/23974","targetHints":{"allow":["GET"]}}],"collection":[{"href":"https:\/\/abilica.com\/sv\/wp-json\/wp\/v2\/product"}],"about":[{"href":"https:\/\/abilica.com\/sv\/wp-json\/wp\/v2\/types\/product"}],"wp:featuredmedia":[{"embeddable":true,"href":"https:\/\/abilica.com\/sv\/wp-json\/wp\/v2\/media\/28929"}],"wp:attachment":[{"href":"https:\/\/abilica.com\/sv\/wp-json\/wp\/v2\/media?parent=23974"}],"wp:term":[{"taxonomy":"product_brand","embeddable":true,"href":"https:\/\/abilica.com\/sv\/wp-json\/wp\/v2\/product_brand?post=23974"},{"taxonomy":"product_cat","embeddable":true,"href":"https:\/\/abilica.com\/sv\/wp-json\/wp\/v2\/product_cat?post=23974"},{"taxonomy":"product_tag","embeddable":true,"href":"https:\/\/abilica.com\/sv\/wp-json\/wp\/v2\/product_tag?post=23974"}],"curies":[{"name":"wp","href":"https:\/\/api.w.org\/{rel}","templated":true}]}}