{"id":23977,"date":"2019-06-03T19:49:57","date_gmt":"2019-06-03T18:49:57","guid":{"rendered":"https:\/\/abilica.com\/se\/?post_type=product&#038;p=23977"},"modified":"2023-10-16T20:36:51","modified_gmt":"2023-10-16T19:36:51","slug":"abilica-handpump","status":"publish","type":"product","link":"https:\/\/abilica.com\/sv\/balans\/fitnessboll\/abilica-handpump\/","title":{"rendered":"Abilica HandPump"},"content":{"rendered":"<p>Abilica HandPump \u00e4r en del av Abilica Active-konceptet. Pumpen har en dubbelfunktion som g\u00f6r att luft kan fyllas b\u00e5de n\u00e4r du drar upp pumpen och trycker ner. Pumpen fungerar f\u00f6r Abilica GymBall, Abilica FitnessBall och andra uppbl\u00e5sbara produkter med denna typ av ventil.<\/p>\n<p><strong>TEKNISK INFORMATION<\/strong><\/p>\n<p><strong>Storlek<br \/>\n<\/strong>L\u00e4ngd 28 cm<\/p>\n<p><i>Abilica Active is a series of playful products designed for families to stay active and healthy in everyday life.\u00a0<\/i><i>Spend time with your family, stay active, healthy and playful together.\u00a0<\/i><i>Our products inspire to physical activity through play in your own home and bring families together.<\/i><i>Training equipment made for children and approved for the European market.<\/i><\/p>\n<p><i>Contains <\/i><b><i>NO <\/i><\/b><i>poisonous materials.<\/i><\/p>\n<p>We are proud to be a part of Generation Pep \u2013 helping kids and youth in Sweden to live and desire an active and healthy life.<\/p>\n<p><b><img loading=\"lazy\" decoding=\"async\" class=\"alignnone wp-image-33247\" src=\"https:\/\/abilica.com\/no\/wp-content\/uploads\/2019\/06\/Untitled-1-2.png\" sizes=\"auto, (max-width: 75px) 100vw, 75px\" srcset=\"https:\/\/abilica.com\/no\/wp-content\/uploads\/2019\/06\/Untitled-1-2.png 300w, https:\/\/abilica.com\/no\/wp-content\/uploads\/2019\/06\/Untitled-1-2-150x150.png 150w, https:\/\/abilica.com\/no\/wp-content\/uploads\/2019\/06\/Untitled-1-2-100x100.png 100w\" alt=\"\" width=\"75\" height=\"75\" \/><\/b><\/p>\n","protected":false},"excerpt":{"rendered":"<p>Abilica HandPump \u00e4r en del av Abilica Active-konceptet. Pumpen har en dubbelfunktion som g\u00f6r att&#8230;<\/p>\n","protected":false},"featured_media":23880,"template":"","meta":{"_acf_changed":false},"product_brand":[],"product_cat":[487,488],"product_tag":[174,177],"class_list":{"0":"post-23977","1":"product","2":"type-product","3":"status-publish","4":"has-post-thumbnail","6":"product_cat-balans","7":"product_cat-fitnessboll","8":"product_tag-active","9":"product_tag-small-items","11":"first","12":"outofstock","13":"product-type-simple"},"acf":[],"yoast_head":"<!-- This site is optimized with the Yoast SEO Premium plugin v21.1 (Yoast SEO v25.4) - https:\/\/yoast.com\/wordpress\/plugins\/seo\/ -->\n<title>Abilica HandPump Abilica<\/title>\n<meta name=\"robots\" content=\"index, follow, max-snippet:-1, max-image-preview:large, max-video-preview:-1\" \/>\n<link rel=\"canonical\" href=\"https:\/\/abilica.com\/sv\/balans\/fitnessboll\/abilica-handpump\/\" \/>\n<meta property=\"og:locale\" content=\"sv_SE\" \/>\n<meta property=\"og:type\" content=\"article\" \/>\n<meta property=\"og:title\" content=\"Abilica HandPump\" \/>\n<meta property=\"og:description\" content=\"Abilica HandPump \u00e4r en del av Abilica Active-konceptet. Pumpen har en dubbelfunktion som g\u00f6r att...\" \/>\n<meta property=\"og:url\" content=\"https:\/\/abilica.com\/sv\/balans\/fitnessboll\/abilica-handpump\/\" \/>\n<meta property=\"og:site_name\" content=\"Abilica\" \/>\n<meta property=\"article:publisher\" content=\"https:\/\/www.facebook.com\/abilicahometraining\/\" \/>\n<meta property=\"article:modified_time\" content=\"2023-10-16T19:36:51+00:00\" \/>\n<meta property=\"og:image\" content=\"https:\/\/abilica.com\/wp-content\/uploads\/2019\/06\/372991.jpg\" \/>\n\t<meta property=\"og:image:width\" content=\"1200\" \/>\n\t<meta property=\"og:image:height\" content=\"1200\" \/>\n\t<meta property=\"og:image:type\" content=\"image\/jpeg\" \/>\n<meta name=\"twitter:card\" content=\"summary_large_image\" \/>\n<meta name=\"twitter:label1\" content=\"Ber\u00e4knad l\u00e4stid\" \/>\n\t<meta name=\"twitter:data1\" content=\"1 minut\" \/>\n<script type=\"application\/ld+json\" class=\"yoast-schema-graph\">{\"@context\":\"https:\/\/schema.org\",\"@graph\":[{\"@type\":\"WebPage\",\"@id\":\"https:\/\/abilica.com\/sv\/balans\/fitnessboll\/abilica-handpump\/\",\"url\":\"https:\/\/abilica.com\/sv\/balans\/fitnessboll\/abilica-handpump\/\",\"name\":\"Abilica HandPump Abilica\",\"isPartOf\":{\"@id\":\"https:\/\/abilica.com\/#website\"},\"primaryImageOfPage\":{\"@id\":\"https:\/\/abilica.com\/sv\/balans\/fitnessboll\/abilica-handpump\/#primaryimage\"},\"image\":{\"@id\":\"https:\/\/abilica.com\/sv\/balans\/fitnessboll\/abilica-handpump\/#primaryimage\"},\"thumbnailUrl\":\"https:\/\/abilica.com\/wp-content\/uploads\/2019\/06\/372991.jpg\",\"datePublished\":\"2019-06-03T18:49:57+00:00\",\"dateModified\":\"2023-10-16T19:36:51+00:00\",\"breadcrumb\":{\"@id\":\"https:\/\/abilica.com\/sv\/balans\/fitnessboll\/abilica-handpump\/#breadcrumb\"},\"inLanguage\":\"sv-SE\",\"potentialAction\":[{\"@type\":\"ReadAction\",\"target\":[\"https:\/\/abilica.com\/sv\/balans\/fitnessboll\/abilica-handpump\/\"]}]},{\"@type\":\"ImageObject\",\"inLanguage\":\"sv-SE\",\"@id\":\"https:\/\/abilica.com\/sv\/balans\/fitnessboll\/abilica-handpump\/#primaryimage\",\"url\":\"https:\/\/abilica.com\/wp-content\/uploads\/2019\/06\/372991.jpg\",\"contentUrl\":\"https:\/\/abilica.com\/wp-content\/uploads\/2019\/06\/372991.jpg\",\"width\":1200,\"height\":1200},{\"@type\":\"BreadcrumbList\",\"@id\":\"https:\/\/abilica.com\/sv\/balans\/fitnessboll\/abilica-handpump\/#breadcrumb\",\"itemListElement\":[{\"@type\":\"ListItem\",\"position\":1,\"name\":\"Hem\",\"item\":\"https:\/\/abilica.com\/sv\/\"},{\"@type\":\"ListItem\",\"position\":2,\"name\":\"Produkter\",\"item\":\"https:\/\/abilica.com\/sv\/shop\/\"},{\"@type\":\"ListItem\",\"position\":3,\"name\":\"Abilica HandPump\"}]},{\"@type\":\"WebSite\",\"@id\":\"https:\/\/abilica.com\/#website\",\"url\":\"https:\/\/abilica.com\/\",\"name\":\"Abilica\",\"description\":\"Abilica Home Training\",\"potentialAction\":[{\"@type\":\"SearchAction\",\"target\":{\"@type\":\"EntryPoint\",\"urlTemplate\":\"https:\/\/abilica.com\/?s={search_term_string}\"},\"query-input\":{\"@type\":\"PropertyValueSpecification\",\"valueRequired\":true,\"valueName\":\"search_term_string\"}}],\"inLanguage\":\"sv-SE\"}]}<\/script>\n<!-- \/ Yoast SEO Premium plugin. -->","yoast_head_json":{"title":"Abilica HandPump Abilica","robots":{"index":"index","follow":"follow","max-snippet":"max-snippet:-1","max-image-preview":"max-image-preview:large","max-video-preview":"max-video-preview:-1"},"canonical":"https:\/\/abilica.com\/sv\/balans\/fitnessboll\/abilica-handpump\/","og_locale":"sv_SE","og_type":"article","og_title":"Abilica HandPump","og_description":"Abilica HandPump \u00e4r en del av Abilica Active-konceptet. Pumpen har en dubbelfunktion som g\u00f6r att...","og_url":"https:\/\/abilica.com\/sv\/balans\/fitnessboll\/abilica-handpump\/","og_site_name":"Abilica","article_publisher":"https:\/\/www.facebook.com\/abilicahometraining\/","article_modified_time":"2023-10-16T19:36:51+00:00","og_image":[{"width":1200,"height":1200,"url":"https:\/\/abilica.com\/wp-content\/uploads\/2019\/06\/372991.jpg","type":"image\/jpeg"}],"twitter_card":"summary_large_image","twitter_misc":{"Ber\u00e4knad l\u00e4stid":"1 minut"},"schema":{"@context":"https:\/\/schema.org","@graph":[{"@type":"WebPage","@id":"https:\/\/abilica.com\/sv\/balans\/fitnessboll\/abilica-handpump\/","url":"https:\/\/abilica.com\/sv\/balans\/fitnessboll\/abilica-handpump\/","name":"Abilica HandPump Abilica","isPartOf":{"@id":"https:\/\/abilica.com\/#website"},"primaryImageOfPage":{"@id":"https:\/\/abilica.com\/sv\/balans\/fitnessboll\/abilica-handpump\/#primaryimage"},"image":{"@id":"https:\/\/abilica.com\/sv\/balans\/fitnessboll\/abilica-handpump\/#primaryimage"},"thumbnailUrl":"https:\/\/abilica.com\/wp-content\/uploads\/2019\/06\/372991.jpg","datePublished":"2019-06-03T18:49:57+00:00","dateModified":"2023-10-16T19:36:51+00:00","breadcrumb":{"@id":"https:\/\/abilica.com\/sv\/balans\/fitnessboll\/abilica-handpump\/#breadcrumb"},"inLanguage":"sv-SE","potentialAction":[{"@type":"ReadAction","target":["https:\/\/abilica.com\/sv\/balans\/fitnessboll\/abilica-handpump\/"]}]},{"@type":"ImageObject","inLanguage":"sv-SE","@id":"https:\/\/abilica.com\/sv\/balans\/fitnessboll\/abilica-handpump\/#primaryimage","url":"https:\/\/abilica.com\/wp-content\/uploads\/2019\/06\/372991.jpg","contentUrl":"https:\/\/abilica.com\/wp-content\/uploads\/2019\/06\/372991.jpg","width":1200,"height":1200},{"@type":"BreadcrumbList","@id":"https:\/\/abilica.com\/sv\/balans\/fitnessboll\/abilica-handpump\/#breadcrumb","itemListElement":[{"@type":"ListItem","position":1,"name":"Hem","item":"https:\/\/abilica.com\/sv\/"},{"@type":"ListItem","position":2,"name":"Produkter","item":"https:\/\/abilica.com\/sv\/shop\/"},{"@type":"ListItem","position":3,"name":"Abilica HandPump"}]},{"@type":"WebSite","@id":"https:\/\/abilica.com\/#website","url":"https:\/\/abilica.com\/","name":"Abilica","description":"Abilica Home Training","potentialAction":[{"@type":"SearchAction","target":{"@type":"EntryPoint","urlTemplate":"https:\/\/abilica.com\/?s={search_term_string}"},"query-input":{"@type":"PropertyValueSpecification","valueRequired":true,"valueName":"search_term_string"}}],"inLanguage":"sv-SE"}]}},"_links":{"self":[{"href":"https:\/\/abilica.com\/sv\/wp-json\/wp\/v2\/product\/23977","targetHints":{"allow":["GET"]}}],"collection":[{"href":"https:\/\/abilica.com\/sv\/wp-json\/wp\/v2\/product"}],"about":[{"href":"https:\/\/abilica.com\/sv\/wp-json\/wp\/v2\/types\/product"}],"wp:featuredmedia":[{"embeddable":true,"href":"https:\/\/abilica.com\/sv\/wp-json\/wp\/v2\/media\/23880"}],"wp:attachment":[{"href":"https:\/\/abilica.com\/sv\/wp-json\/wp\/v2\/media?parent=23977"}],"wp:term":[{"taxonomy":"product_brand","embeddable":true,"href":"https:\/\/abilica.com\/sv\/wp-json\/wp\/v2\/product_brand?post=23977"},{"taxonomy":"product_cat","embeddable":true,"href":"https:\/\/abilica.com\/sv\/wp-json\/wp\/v2\/product_cat?post=23977"},{"taxonomy":"product_tag","embeddable":true,"href":"https:\/\/abilica.com\/sv\/wp-json\/wp\/v2\/product_tag?post=23977"}],"curies":[{"name":"wp","href":"https:\/\/api.w.org\/{rel}","templated":true}]}}