{"id":23981,"date":"2019-06-03T20:00:05","date_gmt":"2019-06-03T19:00:05","guid":{"rendered":"https:\/\/abilica.com\/se\/?post_type=product&#038;p=23981"},"modified":"2024-06-18T12:58:04","modified_gmt":"2024-06-18T11:58:04","slug":"abilica-babymat-puzzle-6","status":"publish","type":"product","link":"https:\/\/abilica.com\/sv\/styrka\/mattor\/abilica-babymat-puzzle-6\/","title":{"rendered":"Abilica BabyMat Puzzle ECO"},"content":{"rendered":"<p><img loading=\"lazy\" decoding=\"async\" class=\"alignnone wp-image-30034\" src=\"https:\/\/abilica.com\/se\/wp-content\/uploads\/2021\/06\/ECO-hvit-150x150-1.png\" alt=\"\" width=\"91\" height=\"91\" \/><\/p>\n<p>Abilica BabyMat Puzzle ECO \u00e4r en del av Abilica Active-konceptet. Med sina 9 mjuka, fyrkantiga bitar \u00e4r mattan byggd ihop f\u00f6r att skapa en perfekt bakgrund f\u00f6r ditt barn att b\u00f6rja utforska sina r\u00f6relser. Ligga p\u00e5 magen, lyft \u00f6verkroppen och huvudet, krypa och falla \u00e5t sidan utan att skadas. Barnet inspireras att anv\u00e4nda armar och ben mer och mer. N\u00e4r ditt barn blir starkare och st\u00f6rre, kan det till och med pussla is\u00e4r eller tillsammans bitarna och aktivt plocka in och ut av symbolerna i form av hj\u00e4rtan eller molnen i rutorna. Fr\u00e5n 10 m\u00e5nader +, CE-godk\u00e4nd och uppfyller alla s\u00e4kerhetskrav. Finns i 4 olika f\u00e4rgkombinationer.<\/p>\n<p><strong>TEKNISK INFORMATION<\/strong><\/p>\n<p><strong>Storlek<br \/>\n<\/strong>32 x 32 x 1 cm (L x B x T)<\/p>\n<p><strong>Material<br \/>\n<\/strong>EVA-skum, utan kemikalier. Utan ammoniak och helt luktfri.<\/p>\n<p><img loading=\"lazy\" decoding=\"async\" class=\"alignnone wp-image-33246\" src=\"https:\/\/abilica.com\/no\/wp-content\/uploads\/2020\/05\/indoor-outdoor-use-300x236.png\" alt=\"\" width=\"100\" height=\"79\" \/><\/p>\n<p><i>Abilica Active is a series of playful products designed for families to stay active and healthy in everyday life.\u00a0<\/i><i>Spend time with your family, stay active, healthy and playful together.\u00a0<\/i><i>Our products inspire to physical activity through play in your own home and bring families together.\u00a0<\/i><i>Training equipment made for children and approved for the European market.<\/i><\/p>\n<p><i>Contains <\/i><b><i>NO <\/i><\/b><i>poisonous materials.<\/i><\/p>\n<p>We are proud to be a part of Generation Pep \u2013 helping kids and youth in Sweden to live and desire an active and healthy life.<\/p>\n<p><b><img loading=\"lazy\" decoding=\"async\" class=\"alignnone wp-image-33247\" src=\"https:\/\/abilica.com\/no\/wp-content\/uploads\/2019\/06\/Untitled-1-2.png\" sizes=\"auto, (max-width: 75px) 100vw, 75px\" srcset=\"https:\/\/abilica.com\/no\/wp-content\/uploads\/2019\/06\/Untitled-1-2.png 300w, https:\/\/abilica.com\/no\/wp-content\/uploads\/2019\/06\/Untitled-1-2-150x150.png 150w, https:\/\/abilica.com\/no\/wp-content\/uploads\/2019\/06\/Untitled-1-2-100x100.png 100w\" alt=\"\" width=\"75\" height=\"75\" \/><\/b><\/p>\n","protected":false},"excerpt":{"rendered":"<p>Abilica BabyMat Puzzle ECO \u00e4r en del av Abilica Active-konceptet. Med sina 9 mjuka, fyrkantiga&#8230;<\/p>\n","protected":false},"featured_media":24787,"template":"","meta":{"_acf_changed":false},"product_brand":[],"product_cat":[493,471],"product_tag":[183,174,76],"class_list":{"0":"post-23981","1":"product","2":"type-product","3":"status-publish","4":"has-post-thumbnail","6":"product_cat-mattor","7":"product_cat-styrka","8":"product_tag-abilica-pregnancy","9":"product_tag-active","10":"product_tag-eco-friendly","12":"first","13":"instock","14":"product-type-variable"},"acf":[],"yoast_head":"<!-- This site is optimized with the Yoast SEO Premium plugin v21.1 (Yoast SEO v25.4) - https:\/\/yoast.com\/wordpress\/plugins\/seo\/ -->\n<title>Abilica BabyMat Puzzle ECO Abilica<\/title>\n<meta name=\"robots\" content=\"index, follow, max-snippet:-1, max-image-preview:large, max-video-preview:-1\" \/>\n<link rel=\"canonical\" href=\"https:\/\/abilica.com\/sv\/styrka\/mattor\/abilica-babymat-puzzle-6\/\" \/>\n<meta property=\"og:locale\" content=\"sv_SE\" \/>\n<meta property=\"og:type\" content=\"article\" \/>\n<meta property=\"og:title\" content=\"Abilica BabyMat Puzzle ECO\" \/>\n<meta property=\"og:description\" content=\"Abilica BabyMat Puzzle ECO \u00e4r en del av Abilica Active-konceptet. Med sina 9 mjuka, fyrkantiga...\" \/>\n<meta property=\"og:url\" content=\"https:\/\/abilica.com\/sv\/styrka\/mattor\/abilica-babymat-puzzle-6\/\" \/>\n<meta property=\"og:site_name\" content=\"Abilica\" \/>\n<meta property=\"article:publisher\" content=\"https:\/\/www.facebook.com\/abilicahometraining\/\" \/>\n<meta property=\"article:modified_time\" content=\"2024-06-18T11:58:04+00:00\" \/>\n<meta property=\"og:image\" content=\"https:\/\/abilica.com\/wp-content\/uploads\/2019\/06\/BabyMat.jpg\" \/>\n\t<meta property=\"og:image:width\" content=\"2000\" \/>\n\t<meta property=\"og:image:height\" content=\"2000\" \/>\n\t<meta property=\"og:image:type\" content=\"image\/jpeg\" \/>\n<meta name=\"twitter:card\" content=\"summary_large_image\" \/>\n<meta name=\"twitter:label1\" content=\"Ber\u00e4knad l\u00e4stid\" \/>\n\t<meta name=\"twitter:data1\" content=\"1 minut\" \/>\n<script type=\"application\/ld+json\" class=\"yoast-schema-graph\">{\"@context\":\"https:\/\/schema.org\",\"@graph\":[{\"@type\":\"WebPage\",\"@id\":\"https:\/\/abilica.com\/sv\/styrka\/mattor\/abilica-babymat-puzzle-6\/\",\"url\":\"https:\/\/abilica.com\/sv\/styrka\/mattor\/abilica-babymat-puzzle-6\/\",\"name\":\"Abilica BabyMat Puzzle ECO Abilica\",\"isPartOf\":{\"@id\":\"https:\/\/abilica.com\/#website\"},\"primaryImageOfPage\":{\"@id\":\"https:\/\/abilica.com\/sv\/styrka\/mattor\/abilica-babymat-puzzle-6\/#primaryimage\"},\"image\":{\"@id\":\"https:\/\/abilica.com\/sv\/styrka\/mattor\/abilica-babymat-puzzle-6\/#primaryimage\"},\"thumbnailUrl\":\"https:\/\/abilica.com\/wp-content\/uploads\/2019\/06\/BabyMat.jpg\",\"datePublished\":\"2019-06-03T19:00:05+00:00\",\"dateModified\":\"2024-06-18T11:58:04+00:00\",\"breadcrumb\":{\"@id\":\"https:\/\/abilica.com\/sv\/styrka\/mattor\/abilica-babymat-puzzle-6\/#breadcrumb\"},\"inLanguage\":\"sv-SE\",\"potentialAction\":[{\"@type\":\"ReadAction\",\"target\":[\"https:\/\/abilica.com\/sv\/styrka\/mattor\/abilica-babymat-puzzle-6\/\"]}]},{\"@type\":\"ImageObject\",\"inLanguage\":\"sv-SE\",\"@id\":\"https:\/\/abilica.com\/sv\/styrka\/mattor\/abilica-babymat-puzzle-6\/#primaryimage\",\"url\":\"https:\/\/abilica.com\/wp-content\/uploads\/2019\/06\/BabyMat.jpg\",\"contentUrl\":\"https:\/\/abilica.com\/wp-content\/uploads\/2019\/06\/BabyMat.jpg\",\"width\":2000,\"height\":2000},{\"@type\":\"BreadcrumbList\",\"@id\":\"https:\/\/abilica.com\/sv\/styrka\/mattor\/abilica-babymat-puzzle-6\/#breadcrumb\",\"itemListElement\":[{\"@type\":\"ListItem\",\"position\":1,\"name\":\"Hem\",\"item\":\"https:\/\/abilica.com\/sv\/\"},{\"@type\":\"ListItem\",\"position\":2,\"name\":\"Produkter\",\"item\":\"https:\/\/abilica.com\/sv\/shop\/\"},{\"@type\":\"ListItem\",\"position\":3,\"name\":\"Abilica BabyMat Puzzle ECO\"}]},{\"@type\":\"WebSite\",\"@id\":\"https:\/\/abilica.com\/#website\",\"url\":\"https:\/\/abilica.com\/\",\"name\":\"Abilica\",\"description\":\"Abilica Home Training\",\"potentialAction\":[{\"@type\":\"SearchAction\",\"target\":{\"@type\":\"EntryPoint\",\"urlTemplate\":\"https:\/\/abilica.com\/?s={search_term_string}\"},\"query-input\":{\"@type\":\"PropertyValueSpecification\",\"valueRequired\":true,\"valueName\":\"search_term_string\"}}],\"inLanguage\":\"sv-SE\"}]}<\/script>\n<!-- \/ Yoast SEO Premium plugin. -->","yoast_head_json":{"title":"Abilica BabyMat Puzzle ECO Abilica","robots":{"index":"index","follow":"follow","max-snippet":"max-snippet:-1","max-image-preview":"max-image-preview:large","max-video-preview":"max-video-preview:-1"},"canonical":"https:\/\/abilica.com\/sv\/styrka\/mattor\/abilica-babymat-puzzle-6\/","og_locale":"sv_SE","og_type":"article","og_title":"Abilica BabyMat Puzzle ECO","og_description":"Abilica BabyMat Puzzle ECO \u00e4r en del av Abilica Active-konceptet. Med sina 9 mjuka, fyrkantiga...","og_url":"https:\/\/abilica.com\/sv\/styrka\/mattor\/abilica-babymat-puzzle-6\/","og_site_name":"Abilica","article_publisher":"https:\/\/www.facebook.com\/abilicahometraining\/","article_modified_time":"2024-06-18T11:58:04+00:00","og_image":[{"width":2000,"height":2000,"url":"https:\/\/abilica.com\/wp-content\/uploads\/2019\/06\/BabyMat.jpg","type":"image\/jpeg"}],"twitter_card":"summary_large_image","twitter_misc":{"Ber\u00e4knad l\u00e4stid":"1 minut"},"schema":{"@context":"https:\/\/schema.org","@graph":[{"@type":"WebPage","@id":"https:\/\/abilica.com\/sv\/styrka\/mattor\/abilica-babymat-puzzle-6\/","url":"https:\/\/abilica.com\/sv\/styrka\/mattor\/abilica-babymat-puzzle-6\/","name":"Abilica BabyMat Puzzle ECO Abilica","isPartOf":{"@id":"https:\/\/abilica.com\/#website"},"primaryImageOfPage":{"@id":"https:\/\/abilica.com\/sv\/styrka\/mattor\/abilica-babymat-puzzle-6\/#primaryimage"},"image":{"@id":"https:\/\/abilica.com\/sv\/styrka\/mattor\/abilica-babymat-puzzle-6\/#primaryimage"},"thumbnailUrl":"https:\/\/abilica.com\/wp-content\/uploads\/2019\/06\/BabyMat.jpg","datePublished":"2019-06-03T19:00:05+00:00","dateModified":"2024-06-18T11:58:04+00:00","breadcrumb":{"@id":"https:\/\/abilica.com\/sv\/styrka\/mattor\/abilica-babymat-puzzle-6\/#breadcrumb"},"inLanguage":"sv-SE","potentialAction":[{"@type":"ReadAction","target":["https:\/\/abilica.com\/sv\/styrka\/mattor\/abilica-babymat-puzzle-6\/"]}]},{"@type":"ImageObject","inLanguage":"sv-SE","@id":"https:\/\/abilica.com\/sv\/styrka\/mattor\/abilica-babymat-puzzle-6\/#primaryimage","url":"https:\/\/abilica.com\/wp-content\/uploads\/2019\/06\/BabyMat.jpg","contentUrl":"https:\/\/abilica.com\/wp-content\/uploads\/2019\/06\/BabyMat.jpg","width":2000,"height":2000},{"@type":"BreadcrumbList","@id":"https:\/\/abilica.com\/sv\/styrka\/mattor\/abilica-babymat-puzzle-6\/#breadcrumb","itemListElement":[{"@type":"ListItem","position":1,"name":"Hem","item":"https:\/\/abilica.com\/sv\/"},{"@type":"ListItem","position":2,"name":"Produkter","item":"https:\/\/abilica.com\/sv\/shop\/"},{"@type":"ListItem","position":3,"name":"Abilica BabyMat Puzzle ECO"}]},{"@type":"WebSite","@id":"https:\/\/abilica.com\/#website","url":"https:\/\/abilica.com\/","name":"Abilica","description":"Abilica Home Training","potentialAction":[{"@type":"SearchAction","target":{"@type":"EntryPoint","urlTemplate":"https:\/\/abilica.com\/?s={search_term_string}"},"query-input":{"@type":"PropertyValueSpecification","valueRequired":true,"valueName":"search_term_string"}}],"inLanguage":"sv-SE"}]}},"_links":{"self":[{"href":"https:\/\/abilica.com\/sv\/wp-json\/wp\/v2\/product\/23981","targetHints":{"allow":["GET"]}}],"collection":[{"href":"https:\/\/abilica.com\/sv\/wp-json\/wp\/v2\/product"}],"about":[{"href":"https:\/\/abilica.com\/sv\/wp-json\/wp\/v2\/types\/product"}],"wp:featuredmedia":[{"embeddable":true,"href":"https:\/\/abilica.com\/sv\/wp-json\/wp\/v2\/media\/24787"}],"wp:attachment":[{"href":"https:\/\/abilica.com\/sv\/wp-json\/wp\/v2\/media?parent=23981"}],"wp:term":[{"taxonomy":"product_brand","embeddable":true,"href":"https:\/\/abilica.com\/sv\/wp-json\/wp\/v2\/product_brand?post=23981"},{"taxonomy":"product_cat","embeddable":true,"href":"https:\/\/abilica.com\/sv\/wp-json\/wp\/v2\/product_cat?post=23981"},{"taxonomy":"product_tag","embeddable":true,"href":"https:\/\/abilica.com\/sv\/wp-json\/wp\/v2\/product_tag?post=23981"}],"curies":[{"name":"wp","href":"https:\/\/api.w.org\/{rel}","templated":true}]}}