{"id":2400,"date":"2015-09-15T00:00:00","date_gmt":"2015-09-15T00:00:00","guid":{"rendered":"https:\/\/abilica.com\/se\/produkt\/abilica-powerlifting-belt\/"},"modified":"2024-01-12T13:22:09","modified_gmt":"2024-01-12T12:22:09","slug":"abilica-powerlifting-belt","status":"publish","type":"product","link":"https:\/\/abilica.com\/sv\/restitution-och-skadeforebyggande\/abilica-powerlifting-belt\/","title":{"rendered":"Abilica PowerLifting Belt"},"content":{"rendered":"<div class=\"page\" title=\"Page 34\">\n<div class=\"layoutArea\">\n<div class=\"column\">\n<p>Styrkelyftb\u00e4lte i skinn som ger bra st\u00f6d och skydd f\u00f6r ryggen vid styrkelyft. 10 cm brett med dubbel b\u00e4ltessp\u00e4nnare.<\/p>\n<p><strong>Justerbar l\u00e4ngd\u00a0<\/strong><br \/>\nS\/M 67-97 cm<br \/>\nL\/XL 87-117 cm<\/p>\n<\/div>\n<\/div>\n<\/div>\n","protected":false},"excerpt":{"rendered":"<p>Styrkelyftb\u00e4lte i skinn som ger bra st\u00f6d och skydd f\u00f6r ryggen vid styrkelyft. 10 cm&#8230;<\/p>\n","protected":false},"featured_media":15507,"template":"","meta":{"_acf_changed":false},"product_brand":[],"product_cat":[481,474],"product_tag":[55,34],"class_list":{"0":"post-2400","1":"product","2":"type-product","3":"status-publish","4":"has-post-thumbnail","6":"product_cat-restitution-och-skadeforebyggande","7":"product_cat-skivor-och-stanger","8":"product_tag-restitution-och-skadeforebyggande","9":"product_tag-styrka","11":"first","12":"instock","13":"product-type-variable"},"acf":[],"yoast_head":"<!-- This site is optimized with the Yoast SEO Premium plugin v21.1 (Yoast SEO v25.4) - https:\/\/yoast.com\/wordpress\/plugins\/seo\/ -->\n<title>Abilica PowerLifting Belt Abilica<\/title>\n<meta name=\"robots\" content=\"index, follow, max-snippet:-1, max-image-preview:large, max-video-preview:-1\" \/>\n<link rel=\"canonical\" href=\"https:\/\/abilica.com\/sv\/restitution-och-skadeforebyggande\/abilica-powerlifting-belt\/\" \/>\n<meta property=\"og:locale\" content=\"sv_SE\" \/>\n<meta property=\"og:type\" content=\"article\" \/>\n<meta property=\"og:title\" content=\"Abilica PowerLifting Belt\" \/>\n<meta property=\"og:description\" content=\"Styrkelyftb\u00e4lte i skinn som ger bra st\u00f6d och skydd f\u00f6r ryggen vid styrkelyft. 10 cm...\" \/>\n<meta property=\"og:url\" content=\"https:\/\/abilica.com\/sv\/restitution-och-skadeforebyggande\/abilica-powerlifting-belt\/\" \/>\n<meta property=\"og:site_name\" content=\"Abilica\" \/>\n<meta property=\"article:publisher\" content=\"https:\/\/www.facebook.com\/abilicahometraining\/\" \/>\n<meta property=\"article:modified_time\" content=\"2024-01-12T12:22:09+00:00\" \/>\n<meta property=\"og:image\" content=\"https:\/\/abilica.com\/wp-content\/uploads\/2015\/09\/300362.jpg\" \/>\n\t<meta property=\"og:image:width\" content=\"1200\" \/>\n\t<meta property=\"og:image:height\" content=\"1200\" \/>\n\t<meta property=\"og:image:type\" content=\"image\/jpeg\" \/>\n<meta name=\"twitter:card\" content=\"summary_large_image\" \/>\n<script type=\"application\/ld+json\" class=\"yoast-schema-graph\">{\"@context\":\"https:\/\/schema.org\",\"@graph\":[{\"@type\":\"WebPage\",\"@id\":\"https:\/\/abilica.com\/sv\/restitution-och-skadeforebyggande\/abilica-powerlifting-belt\/\",\"url\":\"https:\/\/abilica.com\/sv\/restitution-och-skadeforebyggande\/abilica-powerlifting-belt\/\",\"name\":\"Abilica PowerLifting Belt Abilica\",\"isPartOf\":{\"@id\":\"https:\/\/abilica.com\/#website\"},\"primaryImageOfPage\":{\"@id\":\"https:\/\/abilica.com\/sv\/restitution-och-skadeforebyggande\/abilica-powerlifting-belt\/#primaryimage\"},\"image\":{\"@id\":\"https:\/\/abilica.com\/sv\/restitution-och-skadeforebyggande\/abilica-powerlifting-belt\/#primaryimage\"},\"thumbnailUrl\":\"https:\/\/abilica.com\/wp-content\/uploads\/2015\/09\/300362.jpg\",\"datePublished\":\"2015-09-15T00:00:00+00:00\",\"dateModified\":\"2024-01-12T12:22:09+00:00\",\"breadcrumb\":{\"@id\":\"https:\/\/abilica.com\/sv\/restitution-och-skadeforebyggande\/abilica-powerlifting-belt\/#breadcrumb\"},\"inLanguage\":\"sv-SE\",\"potentialAction\":[{\"@type\":\"ReadAction\",\"target\":[\"https:\/\/abilica.com\/sv\/restitution-och-skadeforebyggande\/abilica-powerlifting-belt\/\"]}]},{\"@type\":\"ImageObject\",\"inLanguage\":\"sv-SE\",\"@id\":\"https:\/\/abilica.com\/sv\/restitution-och-skadeforebyggande\/abilica-powerlifting-belt\/#primaryimage\",\"url\":\"https:\/\/abilica.com\/wp-content\/uploads\/2015\/09\/300362.jpg\",\"contentUrl\":\"https:\/\/abilica.com\/wp-content\/uploads\/2015\/09\/300362.jpg\",\"width\":1200,\"height\":1200},{\"@type\":\"BreadcrumbList\",\"@id\":\"https:\/\/abilica.com\/sv\/restitution-och-skadeforebyggande\/abilica-powerlifting-belt\/#breadcrumb\",\"itemListElement\":[{\"@type\":\"ListItem\",\"position\":1,\"name\":\"Hem\",\"item\":\"https:\/\/abilica.com\/sv\/\"},{\"@type\":\"ListItem\",\"position\":2,\"name\":\"Produkter\",\"item\":\"https:\/\/abilica.com\/sv\/shop\/\"},{\"@type\":\"ListItem\",\"position\":3,\"name\":\"Abilica PowerLifting Belt\"}]},{\"@type\":\"WebSite\",\"@id\":\"https:\/\/abilica.com\/#website\",\"url\":\"https:\/\/abilica.com\/\",\"name\":\"Abilica\",\"description\":\"Abilica Home Training\",\"potentialAction\":[{\"@type\":\"SearchAction\",\"target\":{\"@type\":\"EntryPoint\",\"urlTemplate\":\"https:\/\/abilica.com\/?s={search_term_string}\"},\"query-input\":{\"@type\":\"PropertyValueSpecification\",\"valueRequired\":true,\"valueName\":\"search_term_string\"}}],\"inLanguage\":\"sv-SE\"}]}<\/script>\n<!-- \/ Yoast SEO Premium plugin. -->","yoast_head_json":{"title":"Abilica PowerLifting Belt Abilica","robots":{"index":"index","follow":"follow","max-snippet":"max-snippet:-1","max-image-preview":"max-image-preview:large","max-video-preview":"max-video-preview:-1"},"canonical":"https:\/\/abilica.com\/sv\/restitution-och-skadeforebyggande\/abilica-powerlifting-belt\/","og_locale":"sv_SE","og_type":"article","og_title":"Abilica PowerLifting Belt","og_description":"Styrkelyftb\u00e4lte i skinn som ger bra st\u00f6d och skydd f\u00f6r ryggen vid styrkelyft. 10 cm...","og_url":"https:\/\/abilica.com\/sv\/restitution-och-skadeforebyggande\/abilica-powerlifting-belt\/","og_site_name":"Abilica","article_publisher":"https:\/\/www.facebook.com\/abilicahometraining\/","article_modified_time":"2024-01-12T12:22:09+00:00","og_image":[{"width":1200,"height":1200,"url":"https:\/\/abilica.com\/wp-content\/uploads\/2015\/09\/300362.jpg","type":"image\/jpeg"}],"twitter_card":"summary_large_image","schema":{"@context":"https:\/\/schema.org","@graph":[{"@type":"WebPage","@id":"https:\/\/abilica.com\/sv\/restitution-och-skadeforebyggande\/abilica-powerlifting-belt\/","url":"https:\/\/abilica.com\/sv\/restitution-och-skadeforebyggande\/abilica-powerlifting-belt\/","name":"Abilica PowerLifting Belt Abilica","isPartOf":{"@id":"https:\/\/abilica.com\/#website"},"primaryImageOfPage":{"@id":"https:\/\/abilica.com\/sv\/restitution-och-skadeforebyggande\/abilica-powerlifting-belt\/#primaryimage"},"image":{"@id":"https:\/\/abilica.com\/sv\/restitution-och-skadeforebyggande\/abilica-powerlifting-belt\/#primaryimage"},"thumbnailUrl":"https:\/\/abilica.com\/wp-content\/uploads\/2015\/09\/300362.jpg","datePublished":"2015-09-15T00:00:00+00:00","dateModified":"2024-01-12T12:22:09+00:00","breadcrumb":{"@id":"https:\/\/abilica.com\/sv\/restitution-och-skadeforebyggande\/abilica-powerlifting-belt\/#breadcrumb"},"inLanguage":"sv-SE","potentialAction":[{"@type":"ReadAction","target":["https:\/\/abilica.com\/sv\/restitution-och-skadeforebyggande\/abilica-powerlifting-belt\/"]}]},{"@type":"ImageObject","inLanguage":"sv-SE","@id":"https:\/\/abilica.com\/sv\/restitution-och-skadeforebyggande\/abilica-powerlifting-belt\/#primaryimage","url":"https:\/\/abilica.com\/wp-content\/uploads\/2015\/09\/300362.jpg","contentUrl":"https:\/\/abilica.com\/wp-content\/uploads\/2015\/09\/300362.jpg","width":1200,"height":1200},{"@type":"BreadcrumbList","@id":"https:\/\/abilica.com\/sv\/restitution-och-skadeforebyggande\/abilica-powerlifting-belt\/#breadcrumb","itemListElement":[{"@type":"ListItem","position":1,"name":"Hem","item":"https:\/\/abilica.com\/sv\/"},{"@type":"ListItem","position":2,"name":"Produkter","item":"https:\/\/abilica.com\/sv\/shop\/"},{"@type":"ListItem","position":3,"name":"Abilica PowerLifting Belt"}]},{"@type":"WebSite","@id":"https:\/\/abilica.com\/#website","url":"https:\/\/abilica.com\/","name":"Abilica","description":"Abilica Home Training","potentialAction":[{"@type":"SearchAction","target":{"@type":"EntryPoint","urlTemplate":"https:\/\/abilica.com\/?s={search_term_string}"},"query-input":{"@type":"PropertyValueSpecification","valueRequired":true,"valueName":"search_term_string"}}],"inLanguage":"sv-SE"}]}},"_links":{"self":[{"href":"https:\/\/abilica.com\/sv\/wp-json\/wp\/v2\/product\/2400","targetHints":{"allow":["GET"]}}],"collection":[{"href":"https:\/\/abilica.com\/sv\/wp-json\/wp\/v2\/product"}],"about":[{"href":"https:\/\/abilica.com\/sv\/wp-json\/wp\/v2\/types\/product"}],"wp:featuredmedia":[{"embeddable":true,"href":"https:\/\/abilica.com\/sv\/wp-json\/wp\/v2\/media\/15507"}],"wp:attachment":[{"href":"https:\/\/abilica.com\/sv\/wp-json\/wp\/v2\/media?parent=2400"}],"wp:term":[{"taxonomy":"product_brand","embeddable":true,"href":"https:\/\/abilica.com\/sv\/wp-json\/wp\/v2\/product_brand?post=2400"},{"taxonomy":"product_cat","embeddable":true,"href":"https:\/\/abilica.com\/sv\/wp-json\/wp\/v2\/product_cat?post=2400"},{"taxonomy":"product_tag","embeddable":true,"href":"https:\/\/abilica.com\/sv\/wp-json\/wp\/v2\/product_tag?post=2400"}],"curies":[{"name":"wp","href":"https:\/\/api.w.org\/{rel}","templated":true}]}}