{"id":2402,"date":"2015-09-15T00:00:00","date_gmt":"2015-09-15T00:00:00","guid":{"rendered":"https:\/\/abilica.com\/se\/produkt\/abilica-weightload\/"},"modified":"2025-07-29T10:36:53","modified_gmt":"2025-07-29T09:36:53","slug":"abilica-weightload","status":"publish","type":"product","link":"https:\/\/abilica.com\/sv\/styrka\/abilica-weightload\/","title":{"rendered":"Abilica WeightLoad"},"content":{"rendered":"<p>Viktmanschetter i mjuk nylon med kardborrl\u00e5s och metallsp\u00e4nne. Bra f\u00f6r sp\u00e4nsttr\u00e4ning, styrketr\u00e4ning och rehab tr\u00e4ning efter skada. Finns i 1 kg och 2 kg.<\/p>\n","protected":false},"excerpt":{"rendered":"<p>Viktmanschetter i mjuk nylon med kardborrl\u00e5s och metallsp\u00e4nne. Bra f\u00f6r sp\u00e4nsttr\u00e4ning, styrketr\u00e4ning och rehab tr\u00e4ning&#8230;<\/p>\n","protected":false},"featured_media":27272,"template":"","meta":{"_acf_changed":false},"product_brand":[],"product_cat":[471],"product_tag":[55,177,34],"class_list":{"0":"post-2402","1":"product","2":"type-product","3":"status-publish","4":"has-post-thumbnail","6":"product_cat-styrka","7":"product_tag-restitution-och-skadeforebyggande","8":"product_tag-small-items","9":"product_tag-styrka","11":"first","12":"instock","13":"product-type-variable"},"acf":[],"yoast_head":"<!-- This site is optimized with the Yoast SEO Premium plugin v21.1 (Yoast SEO v25.4) - https:\/\/yoast.com\/wordpress\/plugins\/seo\/ -->\n<title>Abilica WeightLoad Abilica<\/title>\n<meta name=\"robots\" content=\"index, follow, max-snippet:-1, max-image-preview:large, max-video-preview:-1\" \/>\n<link rel=\"canonical\" href=\"https:\/\/abilica.com\/sv\/styrka\/abilica-weightload\/\" \/>\n<meta property=\"og:locale\" content=\"sv_SE\" \/>\n<meta property=\"og:type\" content=\"article\" \/>\n<meta property=\"og:title\" content=\"Abilica WeightLoad\" \/>\n<meta property=\"og:description\" content=\"Viktmanschetter i mjuk nylon med kardborrl\u00e5s och metallsp\u00e4nne. Bra f\u00f6r sp\u00e4nsttr\u00e4ning, styrketr\u00e4ning och rehab tr\u00e4ning...\" \/>\n<meta property=\"og:url\" content=\"https:\/\/abilica.com\/sv\/styrka\/abilica-weightload\/\" \/>\n<meta property=\"og:site_name\" content=\"Abilica\" \/>\n<meta property=\"article:publisher\" content=\"https:\/\/www.facebook.com\/abilicahometraining\/\" \/>\n<meta property=\"article:modified_time\" content=\"2025-07-29T09:36:53+00:00\" \/>\n<meta property=\"og:image\" content=\"https:\/\/abilica.com\/wp-content\/uploads\/2015\/09\/weightloads.jpg\" \/>\n\t<meta property=\"og:image:width\" content=\"1200\" \/>\n\t<meta property=\"og:image:height\" content=\"1200\" \/>\n\t<meta property=\"og:image:type\" content=\"image\/jpeg\" \/>\n<meta name=\"twitter:card\" content=\"summary_large_image\" \/>\n<script type=\"application\/ld+json\" class=\"yoast-schema-graph\">{\"@context\":\"https:\/\/schema.org\",\"@graph\":[{\"@type\":\"WebPage\",\"@id\":\"https:\/\/abilica.com\/sv\/styrka\/abilica-weightload\/\",\"url\":\"https:\/\/abilica.com\/sv\/styrka\/abilica-weightload\/\",\"name\":\"Abilica WeightLoad Abilica\",\"isPartOf\":{\"@id\":\"https:\/\/abilica.com\/#website\"},\"primaryImageOfPage\":{\"@id\":\"https:\/\/abilica.com\/sv\/styrka\/abilica-weightload\/#primaryimage\"},\"image\":{\"@id\":\"https:\/\/abilica.com\/sv\/styrka\/abilica-weightload\/#primaryimage\"},\"thumbnailUrl\":\"https:\/\/abilica.com\/wp-content\/uploads\/2015\/09\/weightloads.jpg\",\"datePublished\":\"2015-09-15T00:00:00+00:00\",\"dateModified\":\"2025-07-29T09:36:53+00:00\",\"breadcrumb\":{\"@id\":\"https:\/\/abilica.com\/sv\/styrka\/abilica-weightload\/#breadcrumb\"},\"inLanguage\":\"sv-SE\",\"potentialAction\":[{\"@type\":\"ReadAction\",\"target\":[\"https:\/\/abilica.com\/sv\/styrka\/abilica-weightload\/\"]}]},{\"@type\":\"ImageObject\",\"inLanguage\":\"sv-SE\",\"@id\":\"https:\/\/abilica.com\/sv\/styrka\/abilica-weightload\/#primaryimage\",\"url\":\"https:\/\/abilica.com\/wp-content\/uploads\/2015\/09\/weightloads.jpg\",\"contentUrl\":\"https:\/\/abilica.com\/wp-content\/uploads\/2015\/09\/weightloads.jpg\",\"width\":1200,\"height\":1200},{\"@type\":\"BreadcrumbList\",\"@id\":\"https:\/\/abilica.com\/sv\/styrka\/abilica-weightload\/#breadcrumb\",\"itemListElement\":[{\"@type\":\"ListItem\",\"position\":1,\"name\":\"Hem\",\"item\":\"https:\/\/abilica.com\/sv\/\"},{\"@type\":\"ListItem\",\"position\":2,\"name\":\"Produkter\",\"item\":\"https:\/\/abilica.com\/sv\/shop\/\"},{\"@type\":\"ListItem\",\"position\":3,\"name\":\"Abilica WeightLoad\"}]},{\"@type\":\"WebSite\",\"@id\":\"https:\/\/abilica.com\/#website\",\"url\":\"https:\/\/abilica.com\/\",\"name\":\"Abilica\",\"description\":\"Abilica Home Training\",\"potentialAction\":[{\"@type\":\"SearchAction\",\"target\":{\"@type\":\"EntryPoint\",\"urlTemplate\":\"https:\/\/abilica.com\/?s={search_term_string}\"},\"query-input\":{\"@type\":\"PropertyValueSpecification\",\"valueRequired\":true,\"valueName\":\"search_term_string\"}}],\"inLanguage\":\"sv-SE\"}]}<\/script>\n<!-- \/ Yoast SEO Premium plugin. -->","yoast_head_json":{"title":"Abilica WeightLoad Abilica","robots":{"index":"index","follow":"follow","max-snippet":"max-snippet:-1","max-image-preview":"max-image-preview:large","max-video-preview":"max-video-preview:-1"},"canonical":"https:\/\/abilica.com\/sv\/styrka\/abilica-weightload\/","og_locale":"sv_SE","og_type":"article","og_title":"Abilica WeightLoad","og_description":"Viktmanschetter i mjuk nylon med kardborrl\u00e5s och metallsp\u00e4nne. Bra f\u00f6r sp\u00e4nsttr\u00e4ning, styrketr\u00e4ning och rehab tr\u00e4ning...","og_url":"https:\/\/abilica.com\/sv\/styrka\/abilica-weightload\/","og_site_name":"Abilica","article_publisher":"https:\/\/www.facebook.com\/abilicahometraining\/","article_modified_time":"2025-07-29T09:36:53+00:00","og_image":[{"width":1200,"height":1200,"url":"https:\/\/abilica.com\/wp-content\/uploads\/2015\/09\/weightloads.jpg","type":"image\/jpeg"}],"twitter_card":"summary_large_image","schema":{"@context":"https:\/\/schema.org","@graph":[{"@type":"WebPage","@id":"https:\/\/abilica.com\/sv\/styrka\/abilica-weightload\/","url":"https:\/\/abilica.com\/sv\/styrka\/abilica-weightload\/","name":"Abilica WeightLoad Abilica","isPartOf":{"@id":"https:\/\/abilica.com\/#website"},"primaryImageOfPage":{"@id":"https:\/\/abilica.com\/sv\/styrka\/abilica-weightload\/#primaryimage"},"image":{"@id":"https:\/\/abilica.com\/sv\/styrka\/abilica-weightload\/#primaryimage"},"thumbnailUrl":"https:\/\/abilica.com\/wp-content\/uploads\/2015\/09\/weightloads.jpg","datePublished":"2015-09-15T00:00:00+00:00","dateModified":"2025-07-29T09:36:53+00:00","breadcrumb":{"@id":"https:\/\/abilica.com\/sv\/styrka\/abilica-weightload\/#breadcrumb"},"inLanguage":"sv-SE","potentialAction":[{"@type":"ReadAction","target":["https:\/\/abilica.com\/sv\/styrka\/abilica-weightload\/"]}]},{"@type":"ImageObject","inLanguage":"sv-SE","@id":"https:\/\/abilica.com\/sv\/styrka\/abilica-weightload\/#primaryimage","url":"https:\/\/abilica.com\/wp-content\/uploads\/2015\/09\/weightloads.jpg","contentUrl":"https:\/\/abilica.com\/wp-content\/uploads\/2015\/09\/weightloads.jpg","width":1200,"height":1200},{"@type":"BreadcrumbList","@id":"https:\/\/abilica.com\/sv\/styrka\/abilica-weightload\/#breadcrumb","itemListElement":[{"@type":"ListItem","position":1,"name":"Hem","item":"https:\/\/abilica.com\/sv\/"},{"@type":"ListItem","position":2,"name":"Produkter","item":"https:\/\/abilica.com\/sv\/shop\/"},{"@type":"ListItem","position":3,"name":"Abilica WeightLoad"}]},{"@type":"WebSite","@id":"https:\/\/abilica.com\/#website","url":"https:\/\/abilica.com\/","name":"Abilica","description":"Abilica Home Training","potentialAction":[{"@type":"SearchAction","target":{"@type":"EntryPoint","urlTemplate":"https:\/\/abilica.com\/?s={search_term_string}"},"query-input":{"@type":"PropertyValueSpecification","valueRequired":true,"valueName":"search_term_string"}}],"inLanguage":"sv-SE"}]}},"_links":{"self":[{"href":"https:\/\/abilica.com\/sv\/wp-json\/wp\/v2\/product\/2402","targetHints":{"allow":["GET"]}}],"collection":[{"href":"https:\/\/abilica.com\/sv\/wp-json\/wp\/v2\/product"}],"about":[{"href":"https:\/\/abilica.com\/sv\/wp-json\/wp\/v2\/types\/product"}],"wp:featuredmedia":[{"embeddable":true,"href":"https:\/\/abilica.com\/sv\/wp-json\/wp\/v2\/media\/27272"}],"wp:attachment":[{"href":"https:\/\/abilica.com\/sv\/wp-json\/wp\/v2\/media?parent=2402"}],"wp:term":[{"taxonomy":"product_brand","embeddable":true,"href":"https:\/\/abilica.com\/sv\/wp-json\/wp\/v2\/product_brand?post=2402"},{"taxonomy":"product_cat","embeddable":true,"href":"https:\/\/abilica.com\/sv\/wp-json\/wp\/v2\/product_cat?post=2402"},{"taxonomy":"product_tag","embeddable":true,"href":"https:\/\/abilica.com\/sv\/wp-json\/wp\/v2\/product_tag?post=2402"}],"curies":[{"name":"wp","href":"https:\/\/api.w.org\/{rel}","templated":true}]}}