{"id":2441,"date":"2016-01-27T00:00:00","date_gmt":"2016-01-26T23:00:00","guid":{"rendered":"https:\/\/abilica.com\/se\/produkt\/abilica-premium-ac-treadmill\/"},"modified":"2023-10-16T20:36:30","modified_gmt":"2023-10-16T19:36:30","slug":"abilica-premium-ac-treadmill","status":"publish","type":"product","link":"https:\/\/abilica.com\/sv\/kondition\/lopband\/abilica-premium-ac-treadmill\/","title":{"rendered":"Abilica Premium AC Treadmill"},"content":{"rendered":"<div class=\"wpb-content-wrapper\"><p>[vc_row][vc_column][vc_column_text]Mycket bra l\u00f6pband med h\u00f6g kvalitet f\u00f6r aktiva anv\u00e4ndare som st\u00e4ller h\u00f6ga krav p\u00e5 funktion, tillf\u00f6rlitlighet och komfort. Mycket v\u00e4l l\u00e4mpad f\u00f6r fleranv\u00e4ndarmilj\u00f6er. Solid och p\u00e5litligt l\u00f6pband med o\u00f6vertr\u00e4ffad prestanda. Kraftfull v\u00e4xelstr\u00f6msmotor p\u00e5 3HP t\u00e5l mycket och l\u00e5ngvarig anv\u00e4ndning. Topphastighet p\u00e5 hela 24km\/t och stor l\u00f6pyta g\u00f6r den l\u00e4mplig ocks\u00e5 f\u00f6r intervalltr\u00e4ning med h\u00f6ga hastigheter. B\u00e4ltet \u00e4r extra tjockt och med en s\u00e4rskild gummerad yta. Tillsammans med d\u00e4mpning av l\u00f6pplattan ger det bra d\u00e4mpning och reducerad belastning p\u00e5 benen. Motordriven justering av lutningen upp till 12%. Max. anv\u00e4ndarvikt \u00e4r 180 kg.[\/vc_column_text][vc_empty_space height=&#8221;52px&#8221;][\/vc_column][\/vc_row][vc_row][vc_column][vc_btn title=&#8221;Teknisk information&#8221; style=&#8221;flat&#8221; color=&#8221;black&#8221; i_icon_fontawesome=&#8221;far fa-file-pdf&#8221; add_icon=&#8221;true&#8221; link=&#8221;url:https%3A%2F%2Fabilica.com%2Fno%2Fwp-content%2Fuploads%2F2021%2F09%2FTreadmills.pdf&#8221;][vc_btn title=&#8221;Anv\u00e4ndarmanual&#8221; style=&#8221;flat&#8221; color=&#8221;black&#8221; i_icon_fontawesome=&#8221;fa fa-file-pdf-o&#8221; add_icon=&#8221;true&#8221; link=&#8221;url:https%3A%2F%2Fabilica.com%2Fse%2Fwp-content%2Fuploads%2F2021%2F01%2FAbilica-Premium-AC-Treadmill.pdf|||&#8221;][vc_btn title=&#8221;Underh\u00e5llstips&#8221; style=&#8221;flat&#8221; color=&#8221;black&#8221; i_icon_fontawesome=&#8221;fa fa-align-left&#8221; add_icon=&#8221;true&#8221; link=&#8221;url:https%3A%2F%2Fabilica.com%2Fse%2Ftraningsartiklar%2Ftraningstips-for-kondition%2Funderhall-av-traningsmaskiner%2F||target:%20_blank|&#8221;][vc_btn title=&#8221;Tr\u00e4ningstips&#8221; style=&#8221;flat&#8221; color=&#8221;black&#8221; i_icon_fontawesome=&#8221;fa fa-align-left&#8221; add_icon=&#8221;true&#8221; link=&#8221;url:http%3A%2F%2Fwww.hemmatraningsbloggen.se%2Fkondition%2Ffordelarna-med-att-springa-pa-lopband%2F||target:%20_blank|&#8221;][\/vc_column][\/vc_row]<\/p>\n<\/div>","protected":false},"excerpt":{"rendered":"<p>[vc_row][vc_column][vc_column_text]Mycket bra l\u00f6pband med h\u00f6g kvalitet f\u00f6r aktiva anv\u00e4ndare som st\u00e4ller h\u00f6ga krav p\u00e5 funktion,&#8230;<\/p>\n","protected":false},"featured_media":28202,"template":"","meta":{"_acf_changed":false},"product_brand":[],"product_cat":[475,477],"product_tag":[42,49],"class_list":{"0":"post-2441","1":"product","2":"type-product","3":"status-publish","4":"has-post-thumbnail","6":"product_cat-kondition","7":"product_cat-lopband","8":"product_tag-kondition","9":"product_tag-premium","11":"first","12":"outofstock","13":"product-type-simple"},"acf":[],"yoast_head":"<!-- This site is optimized with the Yoast SEO Premium plugin v21.1 (Yoast SEO v25.4) - https:\/\/yoast.com\/wordpress\/plugins\/seo\/ -->\n<title>Abilica Premium AC Treadmill Abilica<\/title>\n<meta name=\"robots\" content=\"index, follow, max-snippet:-1, max-image-preview:large, max-video-preview:-1\" \/>\n<link rel=\"canonical\" href=\"https:\/\/abilica.com\/sv\/kondition\/lopband\/abilica-premium-ac-treadmill\/\" \/>\n<meta property=\"og:locale\" content=\"sv_SE\" \/>\n<meta property=\"og:type\" content=\"article\" \/>\n<meta property=\"og:title\" content=\"Abilica Premium AC Treadmill\" \/>\n<meta property=\"og:description\" content=\"[vc_row][vc_column][vc_column_text]Mycket bra l\u00f6pband med h\u00f6g kvalitet f\u00f6r aktiva anv\u00e4ndare som st\u00e4ller h\u00f6ga krav p\u00e5 funktion,...\" \/>\n<meta property=\"og:url\" content=\"https:\/\/abilica.com\/sv\/kondition\/lopband\/abilica-premium-ac-treadmill\/\" \/>\n<meta property=\"og:site_name\" content=\"Abilica\" \/>\n<meta property=\"article:publisher\" content=\"https:\/\/www.facebook.com\/abilicahometraining\/\" \/>\n<meta property=\"article:modified_time\" content=\"2023-10-16T19:36:30+00:00\" \/>\n<meta property=\"og:image\" content=\"https:\/\/abilica.com\/wp-content\/uploads\/2016\/01\/300304-1.jpg\" \/>\n\t<meta property=\"og:image:width\" content=\"1200\" \/>\n\t<meta property=\"og:image:height\" content=\"1200\" \/>\n\t<meta property=\"og:image:type\" content=\"image\/jpeg\" \/>\n<meta name=\"twitter:card\" content=\"summary_large_image\" \/>\n<meta name=\"twitter:label1\" content=\"Ber\u00e4knad l\u00e4stid\" \/>\n\t<meta name=\"twitter:data1\" content=\"1 minut\" \/>\n<script type=\"application\/ld+json\" class=\"yoast-schema-graph\">{\"@context\":\"https:\/\/schema.org\",\"@graph\":[{\"@type\":\"WebPage\",\"@id\":\"https:\/\/abilica.com\/sv\/kondition\/lopband\/abilica-premium-ac-treadmill\/\",\"url\":\"https:\/\/abilica.com\/sv\/kondition\/lopband\/abilica-premium-ac-treadmill\/\",\"name\":\"Abilica Premium AC Treadmill Abilica\",\"isPartOf\":{\"@id\":\"https:\/\/abilica.com\/#website\"},\"primaryImageOfPage\":{\"@id\":\"https:\/\/abilica.com\/sv\/kondition\/lopband\/abilica-premium-ac-treadmill\/#primaryimage\"},\"image\":{\"@id\":\"https:\/\/abilica.com\/sv\/kondition\/lopband\/abilica-premium-ac-treadmill\/#primaryimage\"},\"thumbnailUrl\":\"https:\/\/abilica.com\/wp-content\/uploads\/2016\/01\/300304-1.jpg\",\"datePublished\":\"2016-01-26T23:00:00+00:00\",\"dateModified\":\"2023-10-16T19:36:30+00:00\",\"breadcrumb\":{\"@id\":\"https:\/\/abilica.com\/sv\/kondition\/lopband\/abilica-premium-ac-treadmill\/#breadcrumb\"},\"inLanguage\":\"sv-SE\",\"potentialAction\":[{\"@type\":\"ReadAction\",\"target\":[\"https:\/\/abilica.com\/sv\/kondition\/lopband\/abilica-premium-ac-treadmill\/\"]}]},{\"@type\":\"ImageObject\",\"inLanguage\":\"sv-SE\",\"@id\":\"https:\/\/abilica.com\/sv\/kondition\/lopband\/abilica-premium-ac-treadmill\/#primaryimage\",\"url\":\"https:\/\/abilica.com\/wp-content\/uploads\/2016\/01\/300304-1.jpg\",\"contentUrl\":\"https:\/\/abilica.com\/wp-content\/uploads\/2016\/01\/300304-1.jpg\",\"width\":1200,\"height\":1200},{\"@type\":\"BreadcrumbList\",\"@id\":\"https:\/\/abilica.com\/sv\/kondition\/lopband\/abilica-premium-ac-treadmill\/#breadcrumb\",\"itemListElement\":[{\"@type\":\"ListItem\",\"position\":1,\"name\":\"Hem\",\"item\":\"https:\/\/abilica.com\/sv\/\"},{\"@type\":\"ListItem\",\"position\":2,\"name\":\"Produkter\",\"item\":\"https:\/\/abilica.com\/sv\/shop\/\"},{\"@type\":\"ListItem\",\"position\":3,\"name\":\"Abilica Premium AC Treadmill\"}]},{\"@type\":\"WebSite\",\"@id\":\"https:\/\/abilica.com\/#website\",\"url\":\"https:\/\/abilica.com\/\",\"name\":\"Abilica\",\"description\":\"Abilica Home Training\",\"potentialAction\":[{\"@type\":\"SearchAction\",\"target\":{\"@type\":\"EntryPoint\",\"urlTemplate\":\"https:\/\/abilica.com\/?s={search_term_string}\"},\"query-input\":{\"@type\":\"PropertyValueSpecification\",\"valueRequired\":true,\"valueName\":\"search_term_string\"}}],\"inLanguage\":\"sv-SE\"}]}<\/script>\n<!-- \/ Yoast SEO Premium plugin. -->","yoast_head_json":{"title":"Abilica Premium AC Treadmill Abilica","robots":{"index":"index","follow":"follow","max-snippet":"max-snippet:-1","max-image-preview":"max-image-preview:large","max-video-preview":"max-video-preview:-1"},"canonical":"https:\/\/abilica.com\/sv\/kondition\/lopband\/abilica-premium-ac-treadmill\/","og_locale":"sv_SE","og_type":"article","og_title":"Abilica Premium AC Treadmill","og_description":"[vc_row][vc_column][vc_column_text]Mycket bra l\u00f6pband med h\u00f6g kvalitet f\u00f6r aktiva anv\u00e4ndare som st\u00e4ller h\u00f6ga krav p\u00e5 funktion,...","og_url":"https:\/\/abilica.com\/sv\/kondition\/lopband\/abilica-premium-ac-treadmill\/","og_site_name":"Abilica","article_publisher":"https:\/\/www.facebook.com\/abilicahometraining\/","article_modified_time":"2023-10-16T19:36:30+00:00","og_image":[{"width":1200,"height":1200,"url":"https:\/\/abilica.com\/wp-content\/uploads\/2016\/01\/300304-1.jpg","type":"image\/jpeg"}],"twitter_card":"summary_large_image","twitter_misc":{"Ber\u00e4knad l\u00e4stid":"1 minut"},"schema":{"@context":"https:\/\/schema.org","@graph":[{"@type":"WebPage","@id":"https:\/\/abilica.com\/sv\/kondition\/lopband\/abilica-premium-ac-treadmill\/","url":"https:\/\/abilica.com\/sv\/kondition\/lopband\/abilica-premium-ac-treadmill\/","name":"Abilica Premium AC Treadmill Abilica","isPartOf":{"@id":"https:\/\/abilica.com\/#website"},"primaryImageOfPage":{"@id":"https:\/\/abilica.com\/sv\/kondition\/lopband\/abilica-premium-ac-treadmill\/#primaryimage"},"image":{"@id":"https:\/\/abilica.com\/sv\/kondition\/lopband\/abilica-premium-ac-treadmill\/#primaryimage"},"thumbnailUrl":"https:\/\/abilica.com\/wp-content\/uploads\/2016\/01\/300304-1.jpg","datePublished":"2016-01-26T23:00:00+00:00","dateModified":"2023-10-16T19:36:30+00:00","breadcrumb":{"@id":"https:\/\/abilica.com\/sv\/kondition\/lopband\/abilica-premium-ac-treadmill\/#breadcrumb"},"inLanguage":"sv-SE","potentialAction":[{"@type":"ReadAction","target":["https:\/\/abilica.com\/sv\/kondition\/lopband\/abilica-premium-ac-treadmill\/"]}]},{"@type":"ImageObject","inLanguage":"sv-SE","@id":"https:\/\/abilica.com\/sv\/kondition\/lopband\/abilica-premium-ac-treadmill\/#primaryimage","url":"https:\/\/abilica.com\/wp-content\/uploads\/2016\/01\/300304-1.jpg","contentUrl":"https:\/\/abilica.com\/wp-content\/uploads\/2016\/01\/300304-1.jpg","width":1200,"height":1200},{"@type":"BreadcrumbList","@id":"https:\/\/abilica.com\/sv\/kondition\/lopband\/abilica-premium-ac-treadmill\/#breadcrumb","itemListElement":[{"@type":"ListItem","position":1,"name":"Hem","item":"https:\/\/abilica.com\/sv\/"},{"@type":"ListItem","position":2,"name":"Produkter","item":"https:\/\/abilica.com\/sv\/shop\/"},{"@type":"ListItem","position":3,"name":"Abilica Premium AC Treadmill"}]},{"@type":"WebSite","@id":"https:\/\/abilica.com\/#website","url":"https:\/\/abilica.com\/","name":"Abilica","description":"Abilica Home Training","potentialAction":[{"@type":"SearchAction","target":{"@type":"EntryPoint","urlTemplate":"https:\/\/abilica.com\/?s={search_term_string}"},"query-input":{"@type":"PropertyValueSpecification","valueRequired":true,"valueName":"search_term_string"}}],"inLanguage":"sv-SE"}]}},"_links":{"self":[{"href":"https:\/\/abilica.com\/sv\/wp-json\/wp\/v2\/product\/2441","targetHints":{"allow":["GET"]}}],"collection":[{"href":"https:\/\/abilica.com\/sv\/wp-json\/wp\/v2\/product"}],"about":[{"href":"https:\/\/abilica.com\/sv\/wp-json\/wp\/v2\/types\/product"}],"wp:featuredmedia":[{"embeddable":true,"href":"https:\/\/abilica.com\/sv\/wp-json\/wp\/v2\/media\/28202"}],"wp:attachment":[{"href":"https:\/\/abilica.com\/sv\/wp-json\/wp\/v2\/media?parent=2441"}],"wp:term":[{"taxonomy":"product_brand","embeddable":true,"href":"https:\/\/abilica.com\/sv\/wp-json\/wp\/v2\/product_brand?post=2441"},{"taxonomy":"product_cat","embeddable":true,"href":"https:\/\/abilica.com\/sv\/wp-json\/wp\/v2\/product_cat?post=2441"},{"taxonomy":"product_tag","embeddable":true,"href":"https:\/\/abilica.com\/sv\/wp-json\/wp\/v2\/product_tag?post=2441"}],"curies":[{"name":"wp","href":"https:\/\/api.w.org\/{rel}","templated":true}]}}