{"id":24546,"date":"2019-07-31T14:33:04","date_gmt":"2019-07-31T13:33:04","guid":{"rendered":"https:\/\/abilica.com\/se\/?post_type=product&#038;p=24546"},"modified":"2023-10-26T13:45:03","modified_gmt":"2023-10-26T12:45:03","slug":"abilica-ministep-2-0","status":"publish","type":"product","link":"https:\/\/abilica.com\/sv\/kondition\/trappmaskiner\/abilica-ministep-2-0\/","title":{"rendered":"Abilica MiniStep 2.0"},"content":{"rendered":"<div class=\"wpb-content-wrapper\"><p>[vc_row][vc_column][vc_column_text el_class=&#8221;product-video&#8221;]Med Abilica MiniStep 2.0 \u00e4r det enkelt att f\u00e5 in fler steg och extra aktivitet i din vardag! Abilica MiniStep 2.0 \u00e4r en fantastisk produkt som kan anv\u00e4ndas n\u00e4stan var som helst. Den tar liten plats och \u00e4r l\u00e4tt att ta ut n\u00e4r du beh\u00f6ver lite extra r\u00f6relse. Du kan anv\u00e4nda den n\u00e4r du arbetar eller tittar p\u00e5 TV, eller n\u00e4r du beh\u00f6ver en paus fr\u00e5n stillasittande aktiviteter. Det ger en aktiv paus i vardagen. Och n\u00e4r du \u00e4r klar med tr\u00e4ningen \u00e4r den l\u00e4tt att flytta och l\u00e4gga undan.<\/p>\n<p>Datorn visar tid, antal steg, antal steg per minut, indikation p\u00e5 kalorif\u00f6rbrukning och har en inst\u00e4llning som v\u00e4xlar mellan alla funktioner. P\u00e5 baksidan\/insidan av datorn finns plats f\u00f6r 1 st AAA-batteri. Det \u00e4r en solid stegmaskin med motst\u00e5nd fr\u00e5n tv\u00e5 hydraulpumpar. Den har kort avst\u00e5nd mellan fotplattorna vilket ger en naturlig r\u00f6relse.<\/p>\n<p>Designad f\u00f6r personer som v\u00e4ger upp till 100 kg.<\/p>\n<p><strong>TEKNISK INFO<\/strong><\/p>\n<p><strong>M\u00e5tt monterad<\/strong><br \/>\n41 x 31 x 19\/30 cm (L x B x H)<\/p>\n<p><strong>Max belastning<\/strong><br \/>\n100 kg<\/p>\n<p><strong>Produktvikt<\/strong><br \/>\n6 kg<\/p>\n<div style=\"width: 640px;\" class=\"wp-video\"><!--[if lt IE 9]><script>document.createElement('video');<\/script><![endif]-->\n<video class=\"wp-video-shortcode\" id=\"video-24546-1\" width=\"640\" height=\"360\" poster=\"https:\/\/abilica.com\/se\/wp-content\/uploads\/2023\/02\/1-1.jpg\" preload=\"metadata\" controls=\"controls\"><source type=\"video\/mp4\" src=\"https:\/\/abilica.com\/se\/wp-content\/uploads\/2019\/07\/Abilica-MiniStep-2.0_product.mp4?_=1\" \/><a href=\"https:\/\/abilica.com\/se\/wp-content\/uploads\/2019\/07\/Abilica-MiniStep-2.0_product.mp4\">https:\/\/abilica.com\/se\/wp-content\/uploads\/2019\/07\/Abilica-MiniStep-2.0_product.mp4<\/a><\/video><\/div>\n<p>[\/vc_column_text][vc_empty_space height=&#8221;52px&#8221;][\/vc_column][\/vc_row][vc_row][vc_column][vc_btn title=&#8221;Teknisk information&#8221; style=&#8221;flat&#8221; color=&#8221;black&#8221; i_icon_fontawesome=&#8221;&#8221; add_icon=&#8221;true&#8221; link=&#8221;url:https%3A%2F%2Fabilica.com%2Fse%2Fwp-content%2Fuploads%2F2021%2F06%2FStep-UK-1.pdf&#8221;][vc_btn title=&#8221;Anv\u00e4ndarmanual&#8221; style=&#8221;flat&#8221; color=&#8221;black&#8221; i_icon_fontawesome=&#8221;fa fa-file-pdf-o&#8221; add_icon=&#8221;true&#8221; link=&#8221;url:https%3A%2F%2Fabilica.com%2Fse%2Fwp-content%2Fuploads%2F2021%2F01%2FAbilica-MiniStep-2.0.pdf|||&#8221;][vc_btn title=&#8221;Underh\u00e5llstips&#8221; style=&#8221;flat&#8221; color=&#8221;black&#8221; i_icon_fontawesome=&#8221;fa fa-align-left&#8221; add_icon=&#8221;true&#8221; link=&#8221;url:https%3A%2F%2Fabilica.com%2Fse%2Ftraningsartiklar%2Ftraningstips-for-kondition%2Funderhall-av-traningsmaskiner%2F|||&#8221;][\/vc_column][\/vc_row]<\/p>\n<\/div>","protected":false},"excerpt":{"rendered":"<p>[vc_row][vc_column][vc_column_text el_class=&#8221;product-video&#8221;]Med Abilica MiniStep 2.0 \u00e4r det enkelt att f\u00e5 in fler steg och extra&#8230;<\/p>\n","protected":false},"featured_media":31481,"template":"","meta":{"_acf_changed":false},"product_brand":[],"product_cat":[475,492],"product_tag":[],"class_list":{"0":"post-24546","1":"product","2":"type-product","3":"status-publish","4":"has-post-thumbnail","6":"product_cat-kondition","7":"product_cat-trappmaskiner","9":"first","10":"instock","11":"product-type-simple"},"acf":[],"yoast_head":"<!-- This site is optimized with the Yoast SEO Premium plugin v21.1 (Yoast SEO v25.4) - https:\/\/yoast.com\/wordpress\/plugins\/seo\/ -->\n<title>Abilica MiniStep 2.0 Abilica<\/title>\n<meta name=\"robots\" content=\"index, follow, max-snippet:-1, max-image-preview:large, max-video-preview:-1\" \/>\n<link rel=\"canonical\" href=\"https:\/\/abilica.com\/sv\/kondition\/trappmaskiner\/abilica-ministep-2-0\/\" \/>\n<meta property=\"og:locale\" content=\"sv_SE\" \/>\n<meta property=\"og:type\" content=\"article\" \/>\n<meta property=\"og:title\" content=\"Abilica MiniStep 2.0\" \/>\n<meta property=\"og:description\" content=\"[vc_row][vc_column][vc_column_text el_class=&#8221;product-video&#8221;]Med Abilica MiniStep 2.0 \u00e4r det enkelt att f\u00e5 in fler steg och extra...\" \/>\n<meta property=\"og:url\" content=\"https:\/\/abilica.com\/sv\/kondition\/trappmaskiner\/abilica-ministep-2-0\/\" \/>\n<meta property=\"og:site_name\" content=\"Abilica\" \/>\n<meta property=\"article:publisher\" content=\"https:\/\/www.facebook.com\/abilicahometraining\/\" \/>\n<meta property=\"article:modified_time\" content=\"2023-10-26T12:45:03+00:00\" \/>\n<meta property=\"og:image\" content=\"https:\/\/abilica.com\/wp-content\/uploads\/2019\/07\/ministep1.jpg\" \/>\n\t<meta property=\"og:image:width\" content=\"1200\" \/>\n\t<meta property=\"og:image:height\" content=\"1200\" \/>\n\t<meta property=\"og:image:type\" content=\"image\/jpeg\" \/>\n<meta name=\"twitter:card\" content=\"summary_large_image\" \/>\n<meta name=\"twitter:label1\" content=\"Ber\u00e4knad l\u00e4stid\" \/>\n\t<meta name=\"twitter:data1\" content=\"2 minuter\" \/>\n<script type=\"application\/ld+json\" class=\"yoast-schema-graph\">{\"@context\":\"https:\/\/schema.org\",\"@graph\":[{\"@type\":\"WebPage\",\"@id\":\"https:\/\/abilica.com\/sv\/kondition\/trappmaskiner\/abilica-ministep-2-0\/\",\"url\":\"https:\/\/abilica.com\/sv\/kondition\/trappmaskiner\/abilica-ministep-2-0\/\",\"name\":\"Abilica MiniStep 2.0 Abilica\",\"isPartOf\":{\"@id\":\"https:\/\/abilica.com\/#website\"},\"primaryImageOfPage\":{\"@id\":\"https:\/\/abilica.com\/sv\/kondition\/trappmaskiner\/abilica-ministep-2-0\/#primaryimage\"},\"image\":{\"@id\":\"https:\/\/abilica.com\/sv\/kondition\/trappmaskiner\/abilica-ministep-2-0\/#primaryimage\"},\"thumbnailUrl\":\"https:\/\/abilica.com\/wp-content\/uploads\/2019\/07\/ministep1.jpg\",\"datePublished\":\"2019-07-31T13:33:04+00:00\",\"dateModified\":\"2023-10-26T12:45:03+00:00\",\"breadcrumb\":{\"@id\":\"https:\/\/abilica.com\/sv\/kondition\/trappmaskiner\/abilica-ministep-2-0\/#breadcrumb\"},\"inLanguage\":\"sv-SE\",\"potentialAction\":[{\"@type\":\"ReadAction\",\"target\":[\"https:\/\/abilica.com\/sv\/kondition\/trappmaskiner\/abilica-ministep-2-0\/\"]}]},{\"@type\":\"ImageObject\",\"inLanguage\":\"sv-SE\",\"@id\":\"https:\/\/abilica.com\/sv\/kondition\/trappmaskiner\/abilica-ministep-2-0\/#primaryimage\",\"url\":\"https:\/\/abilica.com\/wp-content\/uploads\/2019\/07\/ministep1.jpg\",\"contentUrl\":\"https:\/\/abilica.com\/wp-content\/uploads\/2019\/07\/ministep1.jpg\",\"width\":1200,\"height\":1200},{\"@type\":\"BreadcrumbList\",\"@id\":\"https:\/\/abilica.com\/sv\/kondition\/trappmaskiner\/abilica-ministep-2-0\/#breadcrumb\",\"itemListElement\":[{\"@type\":\"ListItem\",\"position\":1,\"name\":\"Hem\",\"item\":\"https:\/\/abilica.com\/sv\/\"},{\"@type\":\"ListItem\",\"position\":2,\"name\":\"Produkter\",\"item\":\"https:\/\/abilica.com\/sv\/shop\/\"},{\"@type\":\"ListItem\",\"position\":3,\"name\":\"Abilica MiniStep 2.0\"}]},{\"@type\":\"WebSite\",\"@id\":\"https:\/\/abilica.com\/#website\",\"url\":\"https:\/\/abilica.com\/\",\"name\":\"Abilica\",\"description\":\"Abilica Home Training\",\"potentialAction\":[{\"@type\":\"SearchAction\",\"target\":{\"@type\":\"EntryPoint\",\"urlTemplate\":\"https:\/\/abilica.com\/?s={search_term_string}\"},\"query-input\":{\"@type\":\"PropertyValueSpecification\",\"valueRequired\":true,\"valueName\":\"search_term_string\"}}],\"inLanguage\":\"sv-SE\"}]}<\/script>\n<!-- \/ Yoast SEO Premium plugin. -->","yoast_head_json":{"title":"Abilica MiniStep 2.0 Abilica","robots":{"index":"index","follow":"follow","max-snippet":"max-snippet:-1","max-image-preview":"max-image-preview:large","max-video-preview":"max-video-preview:-1"},"canonical":"https:\/\/abilica.com\/sv\/kondition\/trappmaskiner\/abilica-ministep-2-0\/","og_locale":"sv_SE","og_type":"article","og_title":"Abilica MiniStep 2.0","og_description":"[vc_row][vc_column][vc_column_text el_class=&#8221;product-video&#8221;]Med Abilica MiniStep 2.0 \u00e4r det enkelt att f\u00e5 in fler steg och extra...","og_url":"https:\/\/abilica.com\/sv\/kondition\/trappmaskiner\/abilica-ministep-2-0\/","og_site_name":"Abilica","article_publisher":"https:\/\/www.facebook.com\/abilicahometraining\/","article_modified_time":"2023-10-26T12:45:03+00:00","og_image":[{"width":1200,"height":1200,"url":"https:\/\/abilica.com\/wp-content\/uploads\/2019\/07\/ministep1.jpg","type":"image\/jpeg"}],"twitter_card":"summary_large_image","twitter_misc":{"Ber\u00e4knad l\u00e4stid":"2 minuter"},"schema":{"@context":"https:\/\/schema.org","@graph":[{"@type":"WebPage","@id":"https:\/\/abilica.com\/sv\/kondition\/trappmaskiner\/abilica-ministep-2-0\/","url":"https:\/\/abilica.com\/sv\/kondition\/trappmaskiner\/abilica-ministep-2-0\/","name":"Abilica MiniStep 2.0 Abilica","isPartOf":{"@id":"https:\/\/abilica.com\/#website"},"primaryImageOfPage":{"@id":"https:\/\/abilica.com\/sv\/kondition\/trappmaskiner\/abilica-ministep-2-0\/#primaryimage"},"image":{"@id":"https:\/\/abilica.com\/sv\/kondition\/trappmaskiner\/abilica-ministep-2-0\/#primaryimage"},"thumbnailUrl":"https:\/\/abilica.com\/wp-content\/uploads\/2019\/07\/ministep1.jpg","datePublished":"2019-07-31T13:33:04+00:00","dateModified":"2023-10-26T12:45:03+00:00","breadcrumb":{"@id":"https:\/\/abilica.com\/sv\/kondition\/trappmaskiner\/abilica-ministep-2-0\/#breadcrumb"},"inLanguage":"sv-SE","potentialAction":[{"@type":"ReadAction","target":["https:\/\/abilica.com\/sv\/kondition\/trappmaskiner\/abilica-ministep-2-0\/"]}]},{"@type":"ImageObject","inLanguage":"sv-SE","@id":"https:\/\/abilica.com\/sv\/kondition\/trappmaskiner\/abilica-ministep-2-0\/#primaryimage","url":"https:\/\/abilica.com\/wp-content\/uploads\/2019\/07\/ministep1.jpg","contentUrl":"https:\/\/abilica.com\/wp-content\/uploads\/2019\/07\/ministep1.jpg","width":1200,"height":1200},{"@type":"BreadcrumbList","@id":"https:\/\/abilica.com\/sv\/kondition\/trappmaskiner\/abilica-ministep-2-0\/#breadcrumb","itemListElement":[{"@type":"ListItem","position":1,"name":"Hem","item":"https:\/\/abilica.com\/sv\/"},{"@type":"ListItem","position":2,"name":"Produkter","item":"https:\/\/abilica.com\/sv\/shop\/"},{"@type":"ListItem","position":3,"name":"Abilica MiniStep 2.0"}]},{"@type":"WebSite","@id":"https:\/\/abilica.com\/#website","url":"https:\/\/abilica.com\/","name":"Abilica","description":"Abilica Home Training","potentialAction":[{"@type":"SearchAction","target":{"@type":"EntryPoint","urlTemplate":"https:\/\/abilica.com\/?s={search_term_string}"},"query-input":{"@type":"PropertyValueSpecification","valueRequired":true,"valueName":"search_term_string"}}],"inLanguage":"sv-SE"}]}},"_links":{"self":[{"href":"https:\/\/abilica.com\/sv\/wp-json\/wp\/v2\/product\/24546","targetHints":{"allow":["GET"]}}],"collection":[{"href":"https:\/\/abilica.com\/sv\/wp-json\/wp\/v2\/product"}],"about":[{"href":"https:\/\/abilica.com\/sv\/wp-json\/wp\/v2\/types\/product"}],"wp:featuredmedia":[{"embeddable":true,"href":"https:\/\/abilica.com\/sv\/wp-json\/wp\/v2\/media\/31481"}],"wp:attachment":[{"href":"https:\/\/abilica.com\/sv\/wp-json\/wp\/v2\/media?parent=24546"}],"wp:term":[{"taxonomy":"product_brand","embeddable":true,"href":"https:\/\/abilica.com\/sv\/wp-json\/wp\/v2\/product_brand?post=24546"},{"taxonomy":"product_cat","embeddable":true,"href":"https:\/\/abilica.com\/sv\/wp-json\/wp\/v2\/product_cat?post=24546"},{"taxonomy":"product_tag","embeddable":true,"href":"https:\/\/abilica.com\/sv\/wp-json\/wp\/v2\/product_tag?post=24546"}],"curies":[{"name":"wp","href":"https:\/\/api.w.org\/{rel}","templated":true}]}}