{"id":25067,"date":"2019-11-04T14:45:14","date_gmt":"2019-11-04T13:45:14","guid":{"rendered":"https:\/\/abilica.com\/se\/?post_type=product&#038;p=25067"},"modified":"2026-02-24T15:39:15","modified_gmt":"2026-02-24T14:39:15","slug":"abilica-foamroller-60-cm","status":"publish","type":"product","link":"https:\/\/abilica.com\/sv\/restitution-och-skadeforebyggande\/massage\/abilica-foamroller-60-cm\/","title":{"rendered":"Abilica FoamRoller 60 cm"},"content":{"rendered":"<p class=\"lead\">L\u00e5ng FoamRoller i EPP-material. V\u00e4ger bara 300 gram.\u00a0Sl\u00e4t yta vilket g\u00f6r den l\u00e4mplig \u00e4ven f\u00f6r anv\u00e4ndning i yoga \/ pilates. Storlek: 60 x 15 cm. Finns i svart f\u00e4rg.<\/p>\n","protected":false},"excerpt":{"rendered":"<p>L\u00e5ng FoamRoller i EPP-material. V\u00e4ger bara 300 gram.\u00a0Sl\u00e4t yta vilket g\u00f6r den l\u00e4mplig \u00e4ven f\u00f6r&#8230;<\/p>\n","protected":false},"featured_media":25068,"template":"","meta":{"_acf_changed":false},"product_brand":[],"product_cat":[510,481],"product_tag":[177],"class_list":{"0":"post-25067","1":"product","2":"type-product","3":"status-publish","4":"has-post-thumbnail","6":"product_cat-massage","7":"product_cat-restitution-och-skadeforebyggande","8":"product_tag-small-items","10":"first","11":"instock","12":"product-type-simple"},"acf":[],"yoast_head":"<!-- This site is optimized with the Yoast SEO Premium plugin v21.1 (Yoast SEO v25.4) - https:\/\/yoast.com\/wordpress\/plugins\/seo\/ -->\n<title>Abilica FoamRoller 60 cm Abilica<\/title>\n<meta name=\"robots\" content=\"index, follow, max-snippet:-1, max-image-preview:large, max-video-preview:-1\" \/>\n<link rel=\"canonical\" href=\"https:\/\/abilica.com\/sv\/restitution-och-skadeforebyggande\/massage\/abilica-foamroller-60-cm\/\" \/>\n<meta property=\"og:locale\" content=\"sv_SE\" \/>\n<meta property=\"og:type\" content=\"article\" \/>\n<meta property=\"og:title\" content=\"Abilica FoamRoller 60 cm\" \/>\n<meta property=\"og:description\" content=\"L\u00e5ng FoamRoller i EPP-material. V\u00e4ger bara 300 gram.\u00a0Sl\u00e4t yta vilket g\u00f6r den l\u00e4mplig \u00e4ven f\u00f6r...\" \/>\n<meta property=\"og:url\" content=\"https:\/\/abilica.com\/sv\/restitution-och-skadeforebyggande\/massage\/abilica-foamroller-60-cm\/\" \/>\n<meta property=\"og:site_name\" content=\"Abilica\" \/>\n<meta property=\"article:publisher\" content=\"https:\/\/www.facebook.com\/abilicahometraining\/\" \/>\n<meta property=\"article:modified_time\" content=\"2026-02-24T14:39:15+00:00\" \/>\n<meta property=\"og:image\" content=\"https:\/\/abilica.com\/wp-content\/uploads\/2019\/11\/373318.jpg\" \/>\n\t<meta property=\"og:image:width\" content=\"1200\" \/>\n\t<meta property=\"og:image:height\" content=\"1200\" \/>\n\t<meta property=\"og:image:type\" content=\"image\/jpeg\" \/>\n<meta name=\"twitter:card\" content=\"summary_large_image\" \/>\n<script type=\"application\/ld+json\" class=\"yoast-schema-graph\">{\"@context\":\"https:\/\/schema.org\",\"@graph\":[{\"@type\":\"WebPage\",\"@id\":\"https:\/\/abilica.com\/sv\/restitution-och-skadeforebyggande\/massage\/abilica-foamroller-60-cm\/\",\"url\":\"https:\/\/abilica.com\/sv\/restitution-och-skadeforebyggande\/massage\/abilica-foamroller-60-cm\/\",\"name\":\"Abilica FoamRoller 60 cm Abilica\",\"isPartOf\":{\"@id\":\"https:\/\/abilica.com\/#website\"},\"primaryImageOfPage\":{\"@id\":\"https:\/\/abilica.com\/sv\/restitution-och-skadeforebyggande\/massage\/abilica-foamroller-60-cm\/#primaryimage\"},\"image\":{\"@id\":\"https:\/\/abilica.com\/sv\/restitution-och-skadeforebyggande\/massage\/abilica-foamroller-60-cm\/#primaryimage\"},\"thumbnailUrl\":\"https:\/\/abilica.com\/wp-content\/uploads\/2019\/11\/373318.jpg\",\"datePublished\":\"2019-11-04T13:45:14+00:00\",\"dateModified\":\"2026-02-24T14:39:15+00:00\",\"breadcrumb\":{\"@id\":\"https:\/\/abilica.com\/sv\/restitution-och-skadeforebyggande\/massage\/abilica-foamroller-60-cm\/#breadcrumb\"},\"inLanguage\":\"sv-SE\",\"potentialAction\":[{\"@type\":\"ReadAction\",\"target\":[\"https:\/\/abilica.com\/sv\/restitution-och-skadeforebyggande\/massage\/abilica-foamroller-60-cm\/\"]}]},{\"@type\":\"ImageObject\",\"inLanguage\":\"sv-SE\",\"@id\":\"https:\/\/abilica.com\/sv\/restitution-och-skadeforebyggande\/massage\/abilica-foamroller-60-cm\/#primaryimage\",\"url\":\"https:\/\/abilica.com\/wp-content\/uploads\/2019\/11\/373318.jpg\",\"contentUrl\":\"https:\/\/abilica.com\/wp-content\/uploads\/2019\/11\/373318.jpg\",\"width\":1200,\"height\":1200},{\"@type\":\"BreadcrumbList\",\"@id\":\"https:\/\/abilica.com\/sv\/restitution-och-skadeforebyggande\/massage\/abilica-foamroller-60-cm\/#breadcrumb\",\"itemListElement\":[{\"@type\":\"ListItem\",\"position\":1,\"name\":\"Hem\",\"item\":\"https:\/\/abilica.com\/sv\/\"},{\"@type\":\"ListItem\",\"position\":2,\"name\":\"Produkter\",\"item\":\"https:\/\/abilica.com\/sv\/shop\/\"},{\"@type\":\"ListItem\",\"position\":3,\"name\":\"Abilica FoamRoller 60 cm\"}]},{\"@type\":\"WebSite\",\"@id\":\"https:\/\/abilica.com\/#website\",\"url\":\"https:\/\/abilica.com\/\",\"name\":\"Abilica\",\"description\":\"Abilica Home Training\",\"potentialAction\":[{\"@type\":\"SearchAction\",\"target\":{\"@type\":\"EntryPoint\",\"urlTemplate\":\"https:\/\/abilica.com\/?s={search_term_string}\"},\"query-input\":{\"@type\":\"PropertyValueSpecification\",\"valueRequired\":true,\"valueName\":\"search_term_string\"}}],\"inLanguage\":\"sv-SE\"}]}<\/script>\n<!-- \/ Yoast SEO Premium plugin. -->","yoast_head_json":{"title":"Abilica FoamRoller 60 cm Abilica","robots":{"index":"index","follow":"follow","max-snippet":"max-snippet:-1","max-image-preview":"max-image-preview:large","max-video-preview":"max-video-preview:-1"},"canonical":"https:\/\/abilica.com\/sv\/restitution-och-skadeforebyggande\/massage\/abilica-foamroller-60-cm\/","og_locale":"sv_SE","og_type":"article","og_title":"Abilica FoamRoller 60 cm","og_description":"L\u00e5ng FoamRoller i EPP-material. V\u00e4ger bara 300 gram.\u00a0Sl\u00e4t yta vilket g\u00f6r den l\u00e4mplig \u00e4ven f\u00f6r...","og_url":"https:\/\/abilica.com\/sv\/restitution-och-skadeforebyggande\/massage\/abilica-foamroller-60-cm\/","og_site_name":"Abilica","article_publisher":"https:\/\/www.facebook.com\/abilicahometraining\/","article_modified_time":"2026-02-24T14:39:15+00:00","og_image":[{"width":1200,"height":1200,"url":"https:\/\/abilica.com\/wp-content\/uploads\/2019\/11\/373318.jpg","type":"image\/jpeg"}],"twitter_card":"summary_large_image","schema":{"@context":"https:\/\/schema.org","@graph":[{"@type":"WebPage","@id":"https:\/\/abilica.com\/sv\/restitution-och-skadeforebyggande\/massage\/abilica-foamroller-60-cm\/","url":"https:\/\/abilica.com\/sv\/restitution-och-skadeforebyggande\/massage\/abilica-foamroller-60-cm\/","name":"Abilica FoamRoller 60 cm Abilica","isPartOf":{"@id":"https:\/\/abilica.com\/#website"},"primaryImageOfPage":{"@id":"https:\/\/abilica.com\/sv\/restitution-och-skadeforebyggande\/massage\/abilica-foamroller-60-cm\/#primaryimage"},"image":{"@id":"https:\/\/abilica.com\/sv\/restitution-och-skadeforebyggande\/massage\/abilica-foamroller-60-cm\/#primaryimage"},"thumbnailUrl":"https:\/\/abilica.com\/wp-content\/uploads\/2019\/11\/373318.jpg","datePublished":"2019-11-04T13:45:14+00:00","dateModified":"2026-02-24T14:39:15+00:00","breadcrumb":{"@id":"https:\/\/abilica.com\/sv\/restitution-och-skadeforebyggande\/massage\/abilica-foamroller-60-cm\/#breadcrumb"},"inLanguage":"sv-SE","potentialAction":[{"@type":"ReadAction","target":["https:\/\/abilica.com\/sv\/restitution-och-skadeforebyggande\/massage\/abilica-foamroller-60-cm\/"]}]},{"@type":"ImageObject","inLanguage":"sv-SE","@id":"https:\/\/abilica.com\/sv\/restitution-och-skadeforebyggande\/massage\/abilica-foamroller-60-cm\/#primaryimage","url":"https:\/\/abilica.com\/wp-content\/uploads\/2019\/11\/373318.jpg","contentUrl":"https:\/\/abilica.com\/wp-content\/uploads\/2019\/11\/373318.jpg","width":1200,"height":1200},{"@type":"BreadcrumbList","@id":"https:\/\/abilica.com\/sv\/restitution-och-skadeforebyggande\/massage\/abilica-foamroller-60-cm\/#breadcrumb","itemListElement":[{"@type":"ListItem","position":1,"name":"Hem","item":"https:\/\/abilica.com\/sv\/"},{"@type":"ListItem","position":2,"name":"Produkter","item":"https:\/\/abilica.com\/sv\/shop\/"},{"@type":"ListItem","position":3,"name":"Abilica FoamRoller 60 cm"}]},{"@type":"WebSite","@id":"https:\/\/abilica.com\/#website","url":"https:\/\/abilica.com\/","name":"Abilica","description":"Abilica Home Training","potentialAction":[{"@type":"SearchAction","target":{"@type":"EntryPoint","urlTemplate":"https:\/\/abilica.com\/?s={search_term_string}"},"query-input":{"@type":"PropertyValueSpecification","valueRequired":true,"valueName":"search_term_string"}}],"inLanguage":"sv-SE"}]}},"_links":{"self":[{"href":"https:\/\/abilica.com\/sv\/wp-json\/wp\/v2\/product\/25067","targetHints":{"allow":["GET"]}}],"collection":[{"href":"https:\/\/abilica.com\/sv\/wp-json\/wp\/v2\/product"}],"about":[{"href":"https:\/\/abilica.com\/sv\/wp-json\/wp\/v2\/types\/product"}],"wp:featuredmedia":[{"embeddable":true,"href":"https:\/\/abilica.com\/sv\/wp-json\/wp\/v2\/media\/25068"}],"wp:attachment":[{"href":"https:\/\/abilica.com\/sv\/wp-json\/wp\/v2\/media?parent=25067"}],"wp:term":[{"taxonomy":"product_brand","embeddable":true,"href":"https:\/\/abilica.com\/sv\/wp-json\/wp\/v2\/product_brand?post=25067"},{"taxonomy":"product_cat","embeddable":true,"href":"https:\/\/abilica.com\/sv\/wp-json\/wp\/v2\/product_cat?post=25067"},{"taxonomy":"product_tag","embeddable":true,"href":"https:\/\/abilica.com\/sv\/wp-json\/wp\/v2\/product_tag?post=25067"}],"curies":[{"name":"wp","href":"https:\/\/api.w.org\/{rel}","templated":true}]}}