{"id":25288,"date":"2019-11-28T13:45:20","date_gmt":"2019-11-28T12:45:20","guid":{"rendered":"https:\/\/abilica.com\/se\/?post_type=product&#038;p=25288"},"modified":"2024-09-09T13:09:52","modified_gmt":"2024-09-09T12:09:52","slug":"abilica-balanceboard-2","status":"publish","type":"product","link":"https:\/\/abilica.com\/sv\/balans\/balansplatta\/abilica-balanceboard-2\/","title":{"rendered":"Abilica BalanceBoard"},"content":{"rendered":"<div class=\"wpb-content-wrapper\"><p>[vc_row][vc_column][vc_column_text]En enkel balansplatta med medium sv\u00e5righetsgrad. Det allra b\u00e4sta hj\u00e4lpmedlet f\u00f6r att f\u00f6rebygga skador och f\u00f6r att tr\u00e4na upp anklar och kn\u00e4leder. St\u00e4rker anklar, vader, kn\u00e4n, s\u00e4tet, bryst och l\u00e5r. Diameter 39 cm.[\/vc_column_text][vc_empty_space height=&#8221;42px&#8221;][\/vc_column][\/vc_row][vc_row][vc_column width=&#8221;1\/2&#8243;][vc_btn title=&#8221;Tr\u00e4ningsprogram&#8221; style=&#8221;flat&#8221; color=&#8221;black&#8221; link=&#8221;url:https%3A%2F%2Fabilica.com%2Fse%2Fbalans%2Fabilica-balanceboard-2%2F|||&#8221;][\/vc_column][vc_column width=&#8221;1\/2&#8243;][vc_btn title=&#8221;Tr\u00e4ningstips&#8221; style=&#8221;flat&#8221; color=&#8221;black&#8221; link=&#8221;url:http%3A%2F%2Fwww.hemmatraningsbloggen.se%2Fbalanstraning%2Ftrana-din-balans-pa-balansbrada%2F||target:%20_blank|&#8221;][\/vc_column][\/vc_row]<\/p>\n<\/div>","protected":false},"excerpt":{"rendered":"<p>[vc_row][vc_column][vc_column_text]En enkel balansplatta med medium sv\u00e5righetsgrad. Det allra b\u00e4sta hj\u00e4lpmedlet f\u00f6r att f\u00f6rebygga skador och&#8230;<\/p>\n","protected":false},"featured_media":25289,"template":"","meta":{"_acf_changed":false},"product_brand":[],"product_cat":[487,497],"product_tag":[49,177],"class_list":{"0":"post-25288","1":"product","2":"type-product","3":"status-publish","4":"has-post-thumbnail","6":"product_cat-balans","7":"product_cat-balansplatta","8":"product_tag-premium","9":"product_tag-small-items","11":"first","12":"outofstock","13":"product-type-simple"},"acf":[],"yoast_head":"<!-- This site is optimized with the Yoast SEO Premium plugin v21.1 (Yoast SEO v25.4) - https:\/\/yoast.com\/wordpress\/plugins\/seo\/ -->\n<title>Abilica BalanceBoard Abilica<\/title>\n<meta name=\"robots\" content=\"index, follow, max-snippet:-1, max-image-preview:large, max-video-preview:-1\" \/>\n<link rel=\"canonical\" href=\"https:\/\/abilica.com\/sv\/balans\/balansplatta\/abilica-balanceboard-2\/\" \/>\n<meta property=\"og:locale\" content=\"sv_SE\" \/>\n<meta property=\"og:type\" content=\"article\" \/>\n<meta property=\"og:title\" content=\"Abilica BalanceBoard\" \/>\n<meta property=\"og:description\" content=\"[vc_row][vc_column][vc_column_text]En enkel balansplatta med medium sv\u00e5righetsgrad. Det allra b\u00e4sta hj\u00e4lpmedlet f\u00f6r att f\u00f6rebygga skador och...\" \/>\n<meta property=\"og:url\" content=\"https:\/\/abilica.com\/sv\/balans\/balansplatta\/abilica-balanceboard-2\/\" \/>\n<meta property=\"og:site_name\" content=\"Abilica\" \/>\n<meta property=\"article:publisher\" content=\"https:\/\/www.facebook.com\/abilicahometraining\/\" \/>\n<meta property=\"article:modified_time\" content=\"2024-09-09T12:09:52+00:00\" \/>\n<meta property=\"og:image\" content=\"https:\/\/abilica.com\/wp-content\/uploads\/2019\/11\/373382.jpg\" \/>\n\t<meta property=\"og:image:width\" content=\"1200\" \/>\n\t<meta property=\"og:image:height\" content=\"1200\" \/>\n\t<meta property=\"og:image:type\" content=\"image\/jpeg\" \/>\n<meta name=\"twitter:card\" content=\"summary_large_image\" \/>\n<meta name=\"twitter:label1\" content=\"Ber\u00e4knad l\u00e4stid\" \/>\n\t<meta name=\"twitter:data1\" content=\"1 minut\" \/>\n<script type=\"application\/ld+json\" class=\"yoast-schema-graph\">{\"@context\":\"https:\/\/schema.org\",\"@graph\":[{\"@type\":\"WebPage\",\"@id\":\"https:\/\/abilica.com\/sv\/balans\/balansplatta\/abilica-balanceboard-2\/\",\"url\":\"https:\/\/abilica.com\/sv\/balans\/balansplatta\/abilica-balanceboard-2\/\",\"name\":\"Abilica BalanceBoard Abilica\",\"isPartOf\":{\"@id\":\"https:\/\/abilica.com\/#website\"},\"primaryImageOfPage\":{\"@id\":\"https:\/\/abilica.com\/sv\/balans\/balansplatta\/abilica-balanceboard-2\/#primaryimage\"},\"image\":{\"@id\":\"https:\/\/abilica.com\/sv\/balans\/balansplatta\/abilica-balanceboard-2\/#primaryimage\"},\"thumbnailUrl\":\"https:\/\/abilica.com\/wp-content\/uploads\/2019\/11\/373382.jpg\",\"datePublished\":\"2019-11-28T12:45:20+00:00\",\"dateModified\":\"2024-09-09T12:09:52+00:00\",\"breadcrumb\":{\"@id\":\"https:\/\/abilica.com\/sv\/balans\/balansplatta\/abilica-balanceboard-2\/#breadcrumb\"},\"inLanguage\":\"sv-SE\",\"potentialAction\":[{\"@type\":\"ReadAction\",\"target\":[\"https:\/\/abilica.com\/sv\/balans\/balansplatta\/abilica-balanceboard-2\/\"]}]},{\"@type\":\"ImageObject\",\"inLanguage\":\"sv-SE\",\"@id\":\"https:\/\/abilica.com\/sv\/balans\/balansplatta\/abilica-balanceboard-2\/#primaryimage\",\"url\":\"https:\/\/abilica.com\/wp-content\/uploads\/2019\/11\/373382.jpg\",\"contentUrl\":\"https:\/\/abilica.com\/wp-content\/uploads\/2019\/11\/373382.jpg\",\"width\":1200,\"height\":1200},{\"@type\":\"BreadcrumbList\",\"@id\":\"https:\/\/abilica.com\/sv\/balans\/balansplatta\/abilica-balanceboard-2\/#breadcrumb\",\"itemListElement\":[{\"@type\":\"ListItem\",\"position\":1,\"name\":\"Hem\",\"item\":\"https:\/\/abilica.com\/sv\/\"},{\"@type\":\"ListItem\",\"position\":2,\"name\":\"Produkter\",\"item\":\"https:\/\/abilica.com\/sv\/shop\/\"},{\"@type\":\"ListItem\",\"position\":3,\"name\":\"Abilica BalanceBoard\"}]},{\"@type\":\"WebSite\",\"@id\":\"https:\/\/abilica.com\/#website\",\"url\":\"https:\/\/abilica.com\/\",\"name\":\"Abilica\",\"description\":\"Abilica Home Training\",\"potentialAction\":[{\"@type\":\"SearchAction\",\"target\":{\"@type\":\"EntryPoint\",\"urlTemplate\":\"https:\/\/abilica.com\/?s={search_term_string}\"},\"query-input\":{\"@type\":\"PropertyValueSpecification\",\"valueRequired\":true,\"valueName\":\"search_term_string\"}}],\"inLanguage\":\"sv-SE\"}]}<\/script>\n<!-- \/ Yoast SEO Premium plugin. -->","yoast_head_json":{"title":"Abilica BalanceBoard Abilica","robots":{"index":"index","follow":"follow","max-snippet":"max-snippet:-1","max-image-preview":"max-image-preview:large","max-video-preview":"max-video-preview:-1"},"canonical":"https:\/\/abilica.com\/sv\/balans\/balansplatta\/abilica-balanceboard-2\/","og_locale":"sv_SE","og_type":"article","og_title":"Abilica BalanceBoard","og_description":"[vc_row][vc_column][vc_column_text]En enkel balansplatta med medium sv\u00e5righetsgrad. Det allra b\u00e4sta hj\u00e4lpmedlet f\u00f6r att f\u00f6rebygga skador och...","og_url":"https:\/\/abilica.com\/sv\/balans\/balansplatta\/abilica-balanceboard-2\/","og_site_name":"Abilica","article_publisher":"https:\/\/www.facebook.com\/abilicahometraining\/","article_modified_time":"2024-09-09T12:09:52+00:00","og_image":[{"width":1200,"height":1200,"url":"https:\/\/abilica.com\/wp-content\/uploads\/2019\/11\/373382.jpg","type":"image\/jpeg"}],"twitter_card":"summary_large_image","twitter_misc":{"Ber\u00e4knad l\u00e4stid":"1 minut"},"schema":{"@context":"https:\/\/schema.org","@graph":[{"@type":"WebPage","@id":"https:\/\/abilica.com\/sv\/balans\/balansplatta\/abilica-balanceboard-2\/","url":"https:\/\/abilica.com\/sv\/balans\/balansplatta\/abilica-balanceboard-2\/","name":"Abilica BalanceBoard Abilica","isPartOf":{"@id":"https:\/\/abilica.com\/#website"},"primaryImageOfPage":{"@id":"https:\/\/abilica.com\/sv\/balans\/balansplatta\/abilica-balanceboard-2\/#primaryimage"},"image":{"@id":"https:\/\/abilica.com\/sv\/balans\/balansplatta\/abilica-balanceboard-2\/#primaryimage"},"thumbnailUrl":"https:\/\/abilica.com\/wp-content\/uploads\/2019\/11\/373382.jpg","datePublished":"2019-11-28T12:45:20+00:00","dateModified":"2024-09-09T12:09:52+00:00","breadcrumb":{"@id":"https:\/\/abilica.com\/sv\/balans\/balansplatta\/abilica-balanceboard-2\/#breadcrumb"},"inLanguage":"sv-SE","potentialAction":[{"@type":"ReadAction","target":["https:\/\/abilica.com\/sv\/balans\/balansplatta\/abilica-balanceboard-2\/"]}]},{"@type":"ImageObject","inLanguage":"sv-SE","@id":"https:\/\/abilica.com\/sv\/balans\/balansplatta\/abilica-balanceboard-2\/#primaryimage","url":"https:\/\/abilica.com\/wp-content\/uploads\/2019\/11\/373382.jpg","contentUrl":"https:\/\/abilica.com\/wp-content\/uploads\/2019\/11\/373382.jpg","width":1200,"height":1200},{"@type":"BreadcrumbList","@id":"https:\/\/abilica.com\/sv\/balans\/balansplatta\/abilica-balanceboard-2\/#breadcrumb","itemListElement":[{"@type":"ListItem","position":1,"name":"Hem","item":"https:\/\/abilica.com\/sv\/"},{"@type":"ListItem","position":2,"name":"Produkter","item":"https:\/\/abilica.com\/sv\/shop\/"},{"@type":"ListItem","position":3,"name":"Abilica BalanceBoard"}]},{"@type":"WebSite","@id":"https:\/\/abilica.com\/#website","url":"https:\/\/abilica.com\/","name":"Abilica","description":"Abilica Home Training","potentialAction":[{"@type":"SearchAction","target":{"@type":"EntryPoint","urlTemplate":"https:\/\/abilica.com\/?s={search_term_string}"},"query-input":{"@type":"PropertyValueSpecification","valueRequired":true,"valueName":"search_term_string"}}],"inLanguage":"sv-SE"}]}},"_links":{"self":[{"href":"https:\/\/abilica.com\/sv\/wp-json\/wp\/v2\/product\/25288","targetHints":{"allow":["GET"]}}],"collection":[{"href":"https:\/\/abilica.com\/sv\/wp-json\/wp\/v2\/product"}],"about":[{"href":"https:\/\/abilica.com\/sv\/wp-json\/wp\/v2\/types\/product"}],"wp:featuredmedia":[{"embeddable":true,"href":"https:\/\/abilica.com\/sv\/wp-json\/wp\/v2\/media\/25289"}],"wp:attachment":[{"href":"https:\/\/abilica.com\/sv\/wp-json\/wp\/v2\/media?parent=25288"}],"wp:term":[{"taxonomy":"product_brand","embeddable":true,"href":"https:\/\/abilica.com\/sv\/wp-json\/wp\/v2\/product_brand?post=25288"},{"taxonomy":"product_cat","embeddable":true,"href":"https:\/\/abilica.com\/sv\/wp-json\/wp\/v2\/product_cat?post=25288"},{"taxonomy":"product_tag","embeddable":true,"href":"https:\/\/abilica.com\/sv\/wp-json\/wp\/v2\/product_tag?post=25288"}],"curies":[{"name":"wp","href":"https:\/\/api.w.org\/{rel}","templated":true}]}}