{"id":25396,"date":"2019-12-20T14:57:04","date_gmt":"2019-12-20T13:57:04","guid":{"rendered":"https:\/\/abilica.com\/se\/?post_type=product&#038;p=25396"},"modified":"2025-10-31T14:02:33","modified_gmt":"2025-10-31T13:02:33","slug":"abilica-kettlebell-covered","status":"publish","type":"product","link":"https:\/\/abilica.com\/sv\/styrka\/kettlebells-2\/abilica-kettlebell-covered\/","title":{"rendered":"Abilica KettleBell Covered"},"content":{"rendered":"<div class=\"wpb-content-wrapper\"><p>[vc_row][vc_column][vc_column_text el_class=&#8221;product-video&#8221;]KettleBells i svartlackerad gjutj\u00e4rn med f\u00e4rgad neoprenbel\u00e4gg. Neoprenbel\u00e4gg och gummerat botten ger extra skydd f\u00f6r golvet. En kettlebell skal anv\u00e4ndas explosivt och dynamiskt dvs med stor r\u00f6relse och energi, vilket ger en utm\u00e4rkt tr\u00e4ning i form av \u00f6kad styrka, koordination, stabilit\u00e4t och uth\u00e5llighet. Man tr\u00e4nar funktionellt och tredimentionellt och h\u00e4mtar in \u00f6vningar som vi beh\u00f6ver f\u00f6r att fungera \u00e4nnu b\u00e4ttre i vardagen. Finns i 4 kg, 8 kg och 12 kg.<\/p>\n<div style=\"width: 640px;\" class=\"wp-video\"><!--[if lt IE 9]><script>document.createElement('video');<\/script><![endif]-->\n<video class=\"wp-video-shortcode\" id=\"video-25396-1\" width=\"640\" height=\"360\" poster=\"https:\/\/abilica.com\/se\/wp-content\/uploads\/2019\/12\/Bilde-27.02.2020-13-22-24.jpg\" preload=\"metadata\" controls=\"controls\"><source type=\"video\/mp4\" src=\"https:\/\/abilica.com\/se\/wp-content\/uploads\/2019\/12\/Abilica-Kettlebell-Covered.mp4?_=1\" \/><a href=\"https:\/\/abilica.com\/se\/wp-content\/uploads\/2019\/12\/Abilica-Kettlebell-Covered.mp4\">https:\/\/abilica.com\/se\/wp-content\/uploads\/2019\/12\/Abilica-Kettlebell-Covered.mp4<\/a><\/video><\/div>\n<p>[\/vc_column_text][vc_empty_space height=&#8221;52px&#8221;][\/vc_column][\/vc_row][vc_row][vc_column][vc_column_text]<\/p>\n<p>[\/vc_column_text][\/vc_column][\/vc_row][vc_row][vc_column width=&#8221;1\/3&#8243;][vc_btn title=&#8221;Tr\u00e4ningsprogram&#8221; style=&#8221;flat&#8221; color=&#8221;black&#8221; link=&#8221;url:https%3A%2F%2Fabilica.com%2Fse%2Ftraningsprogram%2Ftraningsprogram-till-abilica-kettlebells%2F|||&#8221;][\/vc_column][vc_column width=&#8221;1\/3&#8243;][vc_btn title=&#8221;Tr\u00e4ningstips&#8221; style=&#8221;flat&#8221; color=&#8221;black&#8221; link=&#8221;url:http%3A%2F%2Fwww.hemmatraningsbloggen.se%2Fstyrka%2Fhemmatraning-med-kettlebells%2F||target:%20_blank|&#8221;][\/vc_column][vc_column width=&#8221;1\/3&#8243;][vc_btn title=&#8221;Tr\u00e4ningsfilmer&#8221; style=&#8221;flat&#8221; color=&#8221;black&#8221; link=&#8221;url:https%3A%2F%2Fwww.youtube.com%2Fwatch%3Fv%3DK9Z-R-fGAwE%26list%3DPLQHQh8gb5L2Y-RrNiv5KIRZ6k7x8AoI4L||target:%20_blank|&#8221;][\/vc_column][\/vc_row]<\/p>\n<\/div>","protected":false},"excerpt":{"rendered":"<p>[vc_row][vc_column][vc_column_text el_class=&#8221;product-video&#8221;]KettleBells i svartlackerad gjutj\u00e4rn med f\u00e4rgad neoprenbel\u00e4gg. Neoprenbel\u00e4gg och gummerat botten ger extra skydd&#8230;<\/p>\n","protected":false},"featured_media":69790,"template":"","meta":{"_acf_changed":false},"product_brand":[],"product_cat":[502,471],"product_tag":[182],"class_list":{"0":"post-25396","1":"product","2":"type-product","3":"status-publish","4":"has-post-thumbnail","6":"product_cat-kettlebells-2","7":"product_cat-styrka","8":"product_tag-garage-gym","10":"first","11":"instock","12":"product-type-variable"},"acf":[],"yoast_head":"<!-- This site is optimized with the Yoast SEO Premium plugin v21.1 (Yoast SEO v25.4) - https:\/\/yoast.com\/wordpress\/plugins\/seo\/ -->\n<title>Abilica KettleBell Covered Abilica<\/title>\n<meta name=\"robots\" content=\"index, follow, max-snippet:-1, max-image-preview:large, max-video-preview:-1\" \/>\n<link rel=\"canonical\" href=\"https:\/\/abilica.com\/sv\/styrka\/kettlebells-2\/abilica-kettlebell-covered\/\" \/>\n<meta property=\"og:locale\" content=\"sv_SE\" \/>\n<meta property=\"og:type\" content=\"article\" \/>\n<meta property=\"og:title\" content=\"Abilica KettleBell Covered\" \/>\n<meta property=\"og:description\" content=\"[vc_row][vc_column][vc_column_text el_class=&#8221;product-video&#8221;]KettleBells i svartlackerad gjutj\u00e4rn med f\u00e4rgad neoprenbel\u00e4gg. Neoprenbel\u00e4gg och gummerat botten ger extra skydd...\" \/>\n<meta property=\"og:url\" content=\"https:\/\/abilica.com\/sv\/styrka\/kettlebells-2\/abilica-kettlebell-covered\/\" \/>\n<meta property=\"og:site_name\" content=\"Abilica\" \/>\n<meta property=\"article:publisher\" content=\"https:\/\/www.facebook.com\/abilicahometraining\/\" \/>\n<meta property=\"article:modified_time\" content=\"2025-10-31T13:02:33+00:00\" \/>\n<meta property=\"og:image\" content=\"https:\/\/abilica.com\/wp-content\/uploads\/2023\/10\/alle-1.jpg\" \/>\n\t<meta property=\"og:image:width\" content=\"1200\" \/>\n\t<meta property=\"og:image:height\" content=\"1200\" \/>\n\t<meta property=\"og:image:type\" content=\"image\/jpeg\" \/>\n<meta name=\"twitter:card\" content=\"summary_large_image\" \/>\n<meta name=\"twitter:label1\" content=\"Ber\u00e4knad l\u00e4stid\" \/>\n\t<meta name=\"twitter:data1\" content=\"1 minut\" \/>\n<script type=\"application\/ld+json\" class=\"yoast-schema-graph\">{\"@context\":\"https:\/\/schema.org\",\"@graph\":[{\"@type\":\"WebPage\",\"@id\":\"https:\/\/abilica.com\/sv\/styrka\/kettlebells-2\/abilica-kettlebell-covered\/\",\"url\":\"https:\/\/abilica.com\/sv\/styrka\/kettlebells-2\/abilica-kettlebell-covered\/\",\"name\":\"Abilica KettleBell Covered Abilica\",\"isPartOf\":{\"@id\":\"https:\/\/abilica.com\/#website\"},\"primaryImageOfPage\":{\"@id\":\"https:\/\/abilica.com\/sv\/styrka\/kettlebells-2\/abilica-kettlebell-covered\/#primaryimage\"},\"image\":{\"@id\":\"https:\/\/abilica.com\/sv\/styrka\/kettlebells-2\/abilica-kettlebell-covered\/#primaryimage\"},\"thumbnailUrl\":\"https:\/\/abilica.com\/wp-content\/uploads\/2023\/10\/alle-1.jpg\",\"datePublished\":\"2019-12-20T13:57:04+00:00\",\"dateModified\":\"2025-10-31T13:02:33+00:00\",\"breadcrumb\":{\"@id\":\"https:\/\/abilica.com\/sv\/styrka\/kettlebells-2\/abilica-kettlebell-covered\/#breadcrumb\"},\"inLanguage\":\"sv-SE\",\"potentialAction\":[{\"@type\":\"ReadAction\",\"target\":[\"https:\/\/abilica.com\/sv\/styrka\/kettlebells-2\/abilica-kettlebell-covered\/\"]}]},{\"@type\":\"ImageObject\",\"inLanguage\":\"sv-SE\",\"@id\":\"https:\/\/abilica.com\/sv\/styrka\/kettlebells-2\/abilica-kettlebell-covered\/#primaryimage\",\"url\":\"https:\/\/abilica.com\/wp-content\/uploads\/2023\/10\/alle-1.jpg\",\"contentUrl\":\"https:\/\/abilica.com\/wp-content\/uploads\/2023\/10\/alle-1.jpg\",\"width\":1200,\"height\":1200},{\"@type\":\"BreadcrumbList\",\"@id\":\"https:\/\/abilica.com\/sv\/styrka\/kettlebells-2\/abilica-kettlebell-covered\/#breadcrumb\",\"itemListElement\":[{\"@type\":\"ListItem\",\"position\":1,\"name\":\"Hem\",\"item\":\"https:\/\/abilica.com\/sv\/\"},{\"@type\":\"ListItem\",\"position\":2,\"name\":\"Produkter\",\"item\":\"https:\/\/abilica.com\/sv\/shop\/\"},{\"@type\":\"ListItem\",\"position\":3,\"name\":\"Abilica KettleBell Covered\"}]},{\"@type\":\"WebSite\",\"@id\":\"https:\/\/abilica.com\/#website\",\"url\":\"https:\/\/abilica.com\/\",\"name\":\"Abilica\",\"description\":\"Abilica Home Training\",\"potentialAction\":[{\"@type\":\"SearchAction\",\"target\":{\"@type\":\"EntryPoint\",\"urlTemplate\":\"https:\/\/abilica.com\/?s={search_term_string}\"},\"query-input\":{\"@type\":\"PropertyValueSpecification\",\"valueRequired\":true,\"valueName\":\"search_term_string\"}}],\"inLanguage\":\"sv-SE\"}]}<\/script>\n<!-- \/ Yoast SEO Premium plugin. -->","yoast_head_json":{"title":"Abilica KettleBell Covered Abilica","robots":{"index":"index","follow":"follow","max-snippet":"max-snippet:-1","max-image-preview":"max-image-preview:large","max-video-preview":"max-video-preview:-1"},"canonical":"https:\/\/abilica.com\/sv\/styrka\/kettlebells-2\/abilica-kettlebell-covered\/","og_locale":"sv_SE","og_type":"article","og_title":"Abilica KettleBell Covered","og_description":"[vc_row][vc_column][vc_column_text el_class=&#8221;product-video&#8221;]KettleBells i svartlackerad gjutj\u00e4rn med f\u00e4rgad neoprenbel\u00e4gg. Neoprenbel\u00e4gg och gummerat botten ger extra skydd...","og_url":"https:\/\/abilica.com\/sv\/styrka\/kettlebells-2\/abilica-kettlebell-covered\/","og_site_name":"Abilica","article_publisher":"https:\/\/www.facebook.com\/abilicahometraining\/","article_modified_time":"2025-10-31T13:02:33+00:00","og_image":[{"width":1200,"height":1200,"url":"https:\/\/abilica.com\/wp-content\/uploads\/2023\/10\/alle-1.jpg","type":"image\/jpeg"}],"twitter_card":"summary_large_image","twitter_misc":{"Ber\u00e4knad l\u00e4stid":"1 minut"},"schema":{"@context":"https:\/\/schema.org","@graph":[{"@type":"WebPage","@id":"https:\/\/abilica.com\/sv\/styrka\/kettlebells-2\/abilica-kettlebell-covered\/","url":"https:\/\/abilica.com\/sv\/styrka\/kettlebells-2\/abilica-kettlebell-covered\/","name":"Abilica KettleBell Covered Abilica","isPartOf":{"@id":"https:\/\/abilica.com\/#website"},"primaryImageOfPage":{"@id":"https:\/\/abilica.com\/sv\/styrka\/kettlebells-2\/abilica-kettlebell-covered\/#primaryimage"},"image":{"@id":"https:\/\/abilica.com\/sv\/styrka\/kettlebells-2\/abilica-kettlebell-covered\/#primaryimage"},"thumbnailUrl":"https:\/\/abilica.com\/wp-content\/uploads\/2023\/10\/alle-1.jpg","datePublished":"2019-12-20T13:57:04+00:00","dateModified":"2025-10-31T13:02:33+00:00","breadcrumb":{"@id":"https:\/\/abilica.com\/sv\/styrka\/kettlebells-2\/abilica-kettlebell-covered\/#breadcrumb"},"inLanguage":"sv-SE","potentialAction":[{"@type":"ReadAction","target":["https:\/\/abilica.com\/sv\/styrka\/kettlebells-2\/abilica-kettlebell-covered\/"]}]},{"@type":"ImageObject","inLanguage":"sv-SE","@id":"https:\/\/abilica.com\/sv\/styrka\/kettlebells-2\/abilica-kettlebell-covered\/#primaryimage","url":"https:\/\/abilica.com\/wp-content\/uploads\/2023\/10\/alle-1.jpg","contentUrl":"https:\/\/abilica.com\/wp-content\/uploads\/2023\/10\/alle-1.jpg","width":1200,"height":1200},{"@type":"BreadcrumbList","@id":"https:\/\/abilica.com\/sv\/styrka\/kettlebells-2\/abilica-kettlebell-covered\/#breadcrumb","itemListElement":[{"@type":"ListItem","position":1,"name":"Hem","item":"https:\/\/abilica.com\/sv\/"},{"@type":"ListItem","position":2,"name":"Produkter","item":"https:\/\/abilica.com\/sv\/shop\/"},{"@type":"ListItem","position":3,"name":"Abilica KettleBell Covered"}]},{"@type":"WebSite","@id":"https:\/\/abilica.com\/#website","url":"https:\/\/abilica.com\/","name":"Abilica","description":"Abilica Home Training","potentialAction":[{"@type":"SearchAction","target":{"@type":"EntryPoint","urlTemplate":"https:\/\/abilica.com\/?s={search_term_string}"},"query-input":{"@type":"PropertyValueSpecification","valueRequired":true,"valueName":"search_term_string"}}],"inLanguage":"sv-SE"}]}},"_links":{"self":[{"href":"https:\/\/abilica.com\/sv\/wp-json\/wp\/v2\/product\/25396","targetHints":{"allow":["GET"]}}],"collection":[{"href":"https:\/\/abilica.com\/sv\/wp-json\/wp\/v2\/product"}],"about":[{"href":"https:\/\/abilica.com\/sv\/wp-json\/wp\/v2\/types\/product"}],"wp:featuredmedia":[{"embeddable":true,"href":"https:\/\/abilica.com\/sv\/wp-json\/wp\/v2\/media\/69790"}],"wp:attachment":[{"href":"https:\/\/abilica.com\/sv\/wp-json\/wp\/v2\/media?parent=25396"}],"wp:term":[{"taxonomy":"product_brand","embeddable":true,"href":"https:\/\/abilica.com\/sv\/wp-json\/wp\/v2\/product_brand?post=25396"},{"taxonomy":"product_cat","embeddable":true,"href":"https:\/\/abilica.com\/sv\/wp-json\/wp\/v2\/product_cat?post=25396"},{"taxonomy":"product_tag","embeddable":true,"href":"https:\/\/abilica.com\/sv\/wp-json\/wp\/v2\/product_tag?post=25396"}],"curies":[{"name":"wp","href":"https:\/\/api.w.org\/{rel}","templated":true}]}}