{"id":25550,"date":"2020-02-12T14:51:59","date_gmt":"2020-02-12T13:51:59","guid":{"rendered":"https:\/\/abilica.com\/se\/?post_type=product&#038;p=25550"},"modified":"2024-01-05T15:52:53","modified_gmt":"2024-01-05T14:52:53","slug":"abilica-yogamat-juteeco","status":"publish","type":"product","link":"https:\/\/abilica.com\/sv\/yoga-2\/yogamatta\/abilica-yogamat-juteeco\/","title":{"rendered":"Abilica YogaMat Jute ECO"},"content":{"rendered":"<div class=\"wpb-content-wrapper\"><p>[vc_row][vc_column][vc_column_text]<\/p>\n<p class=\"lead\"><img loading=\"lazy\" decoding=\"async\" class=\"alignnone wp-image-30034\" src=\"https:\/\/abilica.com\/se\/wp-content\/uploads\/2021\/06\/ECO-hvit-150x150-1.png\" alt=\"\" width=\"91\" height=\"91\" \/><\/p>\n<p class=\"lead\">Yogamatta producerad i milj\u00f6v\u00e4nlig PER\u00a0(Polymer Environmental Resin) och naturlig jute (textilfibrer fr\u00e5n jutev\u00e4xtstammar, en snabbv\u00e4xande planta) som g\u00f6r den 100% biologiskt nedbrytbar.\u00a0Med naturlig jute och god struktur i ytan ger denna matta bra f\u00e4ste f\u00f6r h\u00e4nder och f\u00f6tter medan mattan sitter fast i golvet. Levereras med b\u00e4rrem i 100% oblekt bomull. Storlek 175 x 61 cm. Tjockleken p\u00e5 4 mm g\u00f6r den mjuk och behaglig att ligga p\u00e5. Kan anv\u00e4ndas p\u00e5 b\u00e5da sidor. <span class=\"JLqJ4b ChMk0b\" data-language-for-alternatives=\"sv\" data-language-to-translate-into=\"auto\" data-phrase-index=\"1\">Om du vill ha en grov yta v\u00e4ljer du sidan med Jute upp. Om du vill ha en mjukare matta med mindre struktur, v\u00e4lj den andra sidan med ren PER.<\/span><\/p>\n<p>[\/vc_column_text][vc_empty_space height=&#8221;52px&#8221;][vc_btn title=&#8221;Tr\u00e4ningstips&#8221; style=&#8221;flat&#8221; color=&#8221;black&#8221; i_icon_fontawesome=&#8221;fas fa-align-left&#8221; add_icon=&#8221;true&#8221; link=&#8221;url:https%3A%2F%2Fabilica.com%2Fse%2Ftraningsartiklar%2Ftraningstips-for-yoga%2F|title:Tr%C3%A4ningstips%20f%C3%B6r%20yoga&#8221;][\/vc_column][\/vc_row]<\/p>\n<\/div>","protected":false},"excerpt":{"rendered":"<p>[vc_row][vc_column][vc_column_text] Yogamatta producerad i milj\u00f6v\u00e4nlig PER\u00a0(Polymer Environmental Resin) och naturlig jute (textilfibrer fr\u00e5n jutev\u00e4xtstammar, en&#8230;<\/p>\n","protected":false},"featured_media":27268,"template":"","meta":{"_acf_changed":false},"product_brand":[],"product_cat":[486],"product_tag":[183,76,182,179],"class_list":{"0":"post-25550","1":"product","2":"type-product","3":"status-publish","4":"has-post-thumbnail","6":"product_cat-yogamatta","7":"product_tag-abilica-pregnancy","8":"product_tag-eco-friendly","9":"product_tag-garage-gym","10":"product_tag-summer-workout","12":"first","13":"instock","14":"product-type-variable"},"acf":[],"yoast_head":"<!-- This site is optimized with the Yoast SEO Premium plugin v21.1 (Yoast SEO v25.4) - https:\/\/yoast.com\/wordpress\/plugins\/seo\/ -->\n<title>Abilica YogaMat Jute ECO Abilica<\/title>\n<meta name=\"robots\" content=\"index, follow, max-snippet:-1, max-image-preview:large, max-video-preview:-1\" \/>\n<link rel=\"canonical\" href=\"https:\/\/abilica.com\/sv\/yoga-2\/yogamatta\/abilica-yogamat-juteeco\/\" \/>\n<meta property=\"og:locale\" content=\"sv_SE\" \/>\n<meta property=\"og:type\" content=\"article\" \/>\n<meta property=\"og:title\" content=\"Abilica YogaMat Jute ECO\" \/>\n<meta property=\"og:description\" content=\"[vc_row][vc_column][vc_column_text] Yogamatta producerad i milj\u00f6v\u00e4nlig PER\u00a0(Polymer Environmental Resin) och naturlig jute (textilfibrer fr\u00e5n jutev\u00e4xtstammar, en...\" \/>\n<meta property=\"og:url\" content=\"https:\/\/abilica.com\/sv\/yoga-2\/yogamatta\/abilica-yogamat-juteeco\/\" \/>\n<meta property=\"og:site_name\" content=\"Abilica\" \/>\n<meta property=\"article:publisher\" content=\"https:\/\/www.facebook.com\/abilicahometraining\/\" \/>\n<meta property=\"article:modified_time\" content=\"2024-01-05T14:52:53+00:00\" \/>\n<meta property=\"og:image\" content=\"https:\/\/abilica.com\/wp-content\/uploads\/2015\/09\/jute1.jpg\" \/>\n\t<meta property=\"og:image:width\" content=\"1200\" \/>\n\t<meta property=\"og:image:height\" content=\"1200\" \/>\n\t<meta property=\"og:image:type\" content=\"image\/jpeg\" \/>\n<meta name=\"twitter:card\" content=\"summary_large_image\" \/>\n<meta name=\"twitter:label1\" content=\"Ber\u00e4knad l\u00e4stid\" \/>\n\t<meta name=\"twitter:data1\" content=\"1 minut\" \/>\n<script type=\"application\/ld+json\" class=\"yoast-schema-graph\">{\"@context\":\"https:\/\/schema.org\",\"@graph\":[{\"@type\":\"WebPage\",\"@id\":\"https:\/\/abilica.com\/sv\/yoga-2\/yogamatta\/abilica-yogamat-juteeco\/\",\"url\":\"https:\/\/abilica.com\/sv\/yoga-2\/yogamatta\/abilica-yogamat-juteeco\/\",\"name\":\"Abilica YogaMat Jute ECO Abilica\",\"isPartOf\":{\"@id\":\"https:\/\/abilica.com\/#website\"},\"primaryImageOfPage\":{\"@id\":\"https:\/\/abilica.com\/sv\/yoga-2\/yogamatta\/abilica-yogamat-juteeco\/#primaryimage\"},\"image\":{\"@id\":\"https:\/\/abilica.com\/sv\/yoga-2\/yogamatta\/abilica-yogamat-juteeco\/#primaryimage\"},\"thumbnailUrl\":\"https:\/\/abilica.com\/wp-content\/uploads\/2015\/09\/jute1.jpg\",\"datePublished\":\"2020-02-12T13:51:59+00:00\",\"dateModified\":\"2024-01-05T14:52:53+00:00\",\"breadcrumb\":{\"@id\":\"https:\/\/abilica.com\/sv\/yoga-2\/yogamatta\/abilica-yogamat-juteeco\/#breadcrumb\"},\"inLanguage\":\"sv-SE\",\"potentialAction\":[{\"@type\":\"ReadAction\",\"target\":[\"https:\/\/abilica.com\/sv\/yoga-2\/yogamatta\/abilica-yogamat-juteeco\/\"]}]},{\"@type\":\"ImageObject\",\"inLanguage\":\"sv-SE\",\"@id\":\"https:\/\/abilica.com\/sv\/yoga-2\/yogamatta\/abilica-yogamat-juteeco\/#primaryimage\",\"url\":\"https:\/\/abilica.com\/wp-content\/uploads\/2015\/09\/jute1.jpg\",\"contentUrl\":\"https:\/\/abilica.com\/wp-content\/uploads\/2015\/09\/jute1.jpg\",\"width\":1200,\"height\":1200},{\"@type\":\"BreadcrumbList\",\"@id\":\"https:\/\/abilica.com\/sv\/yoga-2\/yogamatta\/abilica-yogamat-juteeco\/#breadcrumb\",\"itemListElement\":[{\"@type\":\"ListItem\",\"position\":1,\"name\":\"Hem\",\"item\":\"https:\/\/abilica.com\/sv\/\"},{\"@type\":\"ListItem\",\"position\":2,\"name\":\"Produkter\",\"item\":\"https:\/\/abilica.com\/sv\/shop\/\"},{\"@type\":\"ListItem\",\"position\":3,\"name\":\"Abilica YogaMat Jute ECO\"}]},{\"@type\":\"WebSite\",\"@id\":\"https:\/\/abilica.com\/#website\",\"url\":\"https:\/\/abilica.com\/\",\"name\":\"Abilica\",\"description\":\"Abilica Home Training\",\"potentialAction\":[{\"@type\":\"SearchAction\",\"target\":{\"@type\":\"EntryPoint\",\"urlTemplate\":\"https:\/\/abilica.com\/?s={search_term_string}\"},\"query-input\":{\"@type\":\"PropertyValueSpecification\",\"valueRequired\":true,\"valueName\":\"search_term_string\"}}],\"inLanguage\":\"sv-SE\"}]}<\/script>\n<!-- \/ Yoast SEO Premium plugin. -->","yoast_head_json":{"title":"Abilica YogaMat Jute ECO Abilica","robots":{"index":"index","follow":"follow","max-snippet":"max-snippet:-1","max-image-preview":"max-image-preview:large","max-video-preview":"max-video-preview:-1"},"canonical":"https:\/\/abilica.com\/sv\/yoga-2\/yogamatta\/abilica-yogamat-juteeco\/","og_locale":"sv_SE","og_type":"article","og_title":"Abilica YogaMat Jute ECO","og_description":"[vc_row][vc_column][vc_column_text] Yogamatta producerad i milj\u00f6v\u00e4nlig PER\u00a0(Polymer Environmental Resin) och naturlig jute (textilfibrer fr\u00e5n jutev\u00e4xtstammar, en...","og_url":"https:\/\/abilica.com\/sv\/yoga-2\/yogamatta\/abilica-yogamat-juteeco\/","og_site_name":"Abilica","article_publisher":"https:\/\/www.facebook.com\/abilicahometraining\/","article_modified_time":"2024-01-05T14:52:53+00:00","og_image":[{"width":1200,"height":1200,"url":"https:\/\/abilica.com\/wp-content\/uploads\/2015\/09\/jute1.jpg","type":"image\/jpeg"}],"twitter_card":"summary_large_image","twitter_misc":{"Ber\u00e4knad l\u00e4stid":"1 minut"},"schema":{"@context":"https:\/\/schema.org","@graph":[{"@type":"WebPage","@id":"https:\/\/abilica.com\/sv\/yoga-2\/yogamatta\/abilica-yogamat-juteeco\/","url":"https:\/\/abilica.com\/sv\/yoga-2\/yogamatta\/abilica-yogamat-juteeco\/","name":"Abilica YogaMat Jute ECO Abilica","isPartOf":{"@id":"https:\/\/abilica.com\/#website"},"primaryImageOfPage":{"@id":"https:\/\/abilica.com\/sv\/yoga-2\/yogamatta\/abilica-yogamat-juteeco\/#primaryimage"},"image":{"@id":"https:\/\/abilica.com\/sv\/yoga-2\/yogamatta\/abilica-yogamat-juteeco\/#primaryimage"},"thumbnailUrl":"https:\/\/abilica.com\/wp-content\/uploads\/2015\/09\/jute1.jpg","datePublished":"2020-02-12T13:51:59+00:00","dateModified":"2024-01-05T14:52:53+00:00","breadcrumb":{"@id":"https:\/\/abilica.com\/sv\/yoga-2\/yogamatta\/abilica-yogamat-juteeco\/#breadcrumb"},"inLanguage":"sv-SE","potentialAction":[{"@type":"ReadAction","target":["https:\/\/abilica.com\/sv\/yoga-2\/yogamatta\/abilica-yogamat-juteeco\/"]}]},{"@type":"ImageObject","inLanguage":"sv-SE","@id":"https:\/\/abilica.com\/sv\/yoga-2\/yogamatta\/abilica-yogamat-juteeco\/#primaryimage","url":"https:\/\/abilica.com\/wp-content\/uploads\/2015\/09\/jute1.jpg","contentUrl":"https:\/\/abilica.com\/wp-content\/uploads\/2015\/09\/jute1.jpg","width":1200,"height":1200},{"@type":"BreadcrumbList","@id":"https:\/\/abilica.com\/sv\/yoga-2\/yogamatta\/abilica-yogamat-juteeco\/#breadcrumb","itemListElement":[{"@type":"ListItem","position":1,"name":"Hem","item":"https:\/\/abilica.com\/sv\/"},{"@type":"ListItem","position":2,"name":"Produkter","item":"https:\/\/abilica.com\/sv\/shop\/"},{"@type":"ListItem","position":3,"name":"Abilica YogaMat Jute ECO"}]},{"@type":"WebSite","@id":"https:\/\/abilica.com\/#website","url":"https:\/\/abilica.com\/","name":"Abilica","description":"Abilica Home Training","potentialAction":[{"@type":"SearchAction","target":{"@type":"EntryPoint","urlTemplate":"https:\/\/abilica.com\/?s={search_term_string}"},"query-input":{"@type":"PropertyValueSpecification","valueRequired":true,"valueName":"search_term_string"}}],"inLanguage":"sv-SE"}]}},"_links":{"self":[{"href":"https:\/\/abilica.com\/sv\/wp-json\/wp\/v2\/product\/25550","targetHints":{"allow":["GET"]}}],"collection":[{"href":"https:\/\/abilica.com\/sv\/wp-json\/wp\/v2\/product"}],"about":[{"href":"https:\/\/abilica.com\/sv\/wp-json\/wp\/v2\/types\/product"}],"wp:featuredmedia":[{"embeddable":true,"href":"https:\/\/abilica.com\/sv\/wp-json\/wp\/v2\/media\/27268"}],"wp:attachment":[{"href":"https:\/\/abilica.com\/sv\/wp-json\/wp\/v2\/media?parent=25550"}],"wp:term":[{"taxonomy":"product_brand","embeddable":true,"href":"https:\/\/abilica.com\/sv\/wp-json\/wp\/v2\/product_brand?post=25550"},{"taxonomy":"product_cat","embeddable":true,"href":"https:\/\/abilica.com\/sv\/wp-json\/wp\/v2\/product_cat?post=25550"},{"taxonomy":"product_tag","embeddable":true,"href":"https:\/\/abilica.com\/sv\/wp-json\/wp\/v2\/product_tag?post=25550"}],"curies":[{"name":"wp","href":"https:\/\/api.w.org\/{rel}","templated":true}]}}