{"id":25655,"date":"2020-03-10T10:45:42","date_gmt":"2020-03-10T09:45:42","guid":{"rendered":"https:\/\/abilica.com\/se\/?post_type=product&#038;p=25655"},"modified":"2023-10-26T13:45:38","modified_gmt":"2023-10-26T12:45:38","slug":"abilica-premium-powertower-2-0","status":"publish","type":"product","link":"https:\/\/abilica.com\/sv\/styrka\/abilica-premium-powertower-2-0\/","title":{"rendered":"Abilica Premium PowerTower 2.0"},"content":{"rendered":"<div class=\"wpb-content-wrapper\"><p>[vc_row][vc_column][vc_column_text el_class=&#8221;product-video&#8221;]Abilica Premium PowerTower 2.0 \u00e4r en stabil och funktionell tr\u00e4ningsapparat som ger dig m\u00f6jlighet att tr\u00e4na styrka med din egen kroppsvikt.<span class=\"Apple-converted-space\">\u00a0<\/span>Premium PowerTower 2.0 ger dig m\u00f6jlighet att utf\u00f6ra ett antal effektiva styrke\u00f6vningar som dips, armh\u00e4vningar, chin-ups, pull-ups och mag\u00f6vningar som kn\u00e4lyft. Detta g\u00f6r att du kan tr\u00e4na b\u00e5de mage och rygg, axlar, br\u00f6st och armar p\u00e5 ett effektivt s\u00e4tt. Vill du g\u00f6ra \u00f6vningarna enklare eller sv\u00e5rare kan de g\u00f6ras med gummiband. F\u00e4st <a href=\"https:\/\/abilica.com\/se\/styrka\/gummiband\/abilica-powerband\/\"><strong>Abilica PowerBand<\/strong><\/a> p\u00e5 push-up-handtagen eller p\u00e5 pull-up-st\u00e5ngen. Abilica PowerTower 2.0 har bra vadderade kuddar och ett gummerat grepp f\u00f6r optimal komfort och tr\u00e4ningsupplevelse. Det finns \u00e4ven ett trappsteg p\u00e5 varje sida, s\u00e5 att du enkelt och snabbt kan ta dig upp och ner fr\u00e5n tr\u00e4ningsapparaten. Levereras med gummerade f\u00f6tter som skyddar golvet.<span class=\"Apple-converted-space\">\u00a0<\/span><\/p>\n<p><b>TEKNISK INFO<\/b><\/p>\n<p><strong>M\u00e5tt monterad\u00a0<\/strong><br \/>\n136 x 108 x 217 cm (L x B x H)<\/p>\n<p><strong>Ramstorlek<\/strong><br \/>\n50 x 50 mm<\/p>\n<p><strong>St\u00e5ltjocklek<\/strong><br \/>\n2 mm<\/p>\n<p><strong>Max belastning<\/strong><br \/>\n250 kg<\/p>\n<p><strong>Produktvikt<\/strong><br \/>\n34 kg<\/p>\n<p>&nbsp;<\/p>\n<div style=\"width: 640px;\" class=\"wp-video\"><!--[if lt IE 9]><script>document.createElement('video');<\/script><![endif]-->\n<video class=\"wp-video-shortcode\" id=\"video-25655-1\" width=\"640\" height=\"360\" poster=\"https:\/\/abilica.com\/se\/wp-content\/uploads\/2023\/02\/Abilica-PowerTower-2.0-hi_04.jpg\" preload=\"metadata\" controls=\"controls\"><source type=\"video\/mp4\" src=\"https:\/\/abilica.com\/se\/wp-content\/uploads\/2020\/03\/Abilica-Premium-PowerTower-2.0_product.mp4?_=1\" \/><a href=\"https:\/\/abilica.com\/se\/wp-content\/uploads\/2020\/03\/Abilica-Premium-PowerTower-2.0_product.mp4\">https:\/\/abilica.com\/se\/wp-content\/uploads\/2020\/03\/Abilica-Premium-PowerTower-2.0_product.mp4<\/a><\/video><\/div>\n<p>[\/vc_column_text][vc_empty_space height=&#8221;52px&#8221;][vc_btn title=&#8221;Teknisk information&#8221; style=&#8221;flat&#8221; color=&#8221;black&#8221; i_icon_fontawesome=&#8221;far fa-file-pdf&#8221; add_icon=&#8221;true&#8221; link=&#8221;url:https%3A%2F%2Fabilica.com%2Fse%2Fwp-content%2Fuploads%2F2021%2F06%2FBenker-mulitgym-osv-UK-1.pdf&#8221;][vc_btn title=&#8221;Anv\u00e4ndarmanual&#8221; style=&#8221;flat&#8221; color=&#8221;black&#8221; i_icon_fontawesome=&#8221;fa fa-file-pdf-o&#8221; add_icon=&#8221;true&#8221; link=&#8221;url:https%3A%2F%2Fabilica.com%2Fse%2Fwp-content%2Fuploads%2F2021%2F01%2FAbilica-Premium-PowerTower-2.0.pdf|||&#8221;][\/vc_column][\/vc_row]<\/p>\n<\/div>","protected":false},"excerpt":{"rendered":"<p>[vc_row][vc_column][vc_column_text el_class=&#8221;product-video&#8221;]Abilica Premium PowerTower 2.0 \u00e4r en stabil och funktionell tr\u00e4ningsapparat som ger dig m\u00f6jlighet&#8230;<\/p>\n","protected":false},"featured_media":31494,"template":"","meta":{"_acf_changed":false},"product_brand":[],"product_cat":[464,471],"product_tag":[49],"class_list":{"0":"post-25655","1":"product","2":"type-product","3":"status-publish","4":"has-post-thumbnail","6":"product_cat-cage-rack","7":"product_cat-styrka","8":"product_tag-premium","10":"first","11":"instock","12":"product-type-simple"},"acf":[],"yoast_head":"<!-- This site is optimized with the Yoast SEO Premium plugin v21.1 (Yoast SEO v25.4) - https:\/\/yoast.com\/wordpress\/plugins\/seo\/ -->\n<title>Abilica Premium PowerTower 2.0 Abilica<\/title>\n<meta name=\"robots\" content=\"index, follow, max-snippet:-1, max-image-preview:large, max-video-preview:-1\" \/>\n<link rel=\"canonical\" href=\"https:\/\/abilica.com\/sv\/styrka\/abilica-premium-powertower-2-0\/\" \/>\n<meta property=\"og:locale\" content=\"sv_SE\" \/>\n<meta property=\"og:type\" content=\"article\" \/>\n<meta property=\"og:title\" content=\"Abilica Premium PowerTower 2.0\" \/>\n<meta property=\"og:description\" content=\"[vc_row][vc_column][vc_column_text el_class=&#8221;product-video&#8221;]Abilica Premium PowerTower 2.0 \u00e4r en stabil och funktionell tr\u00e4ningsapparat som ger dig m\u00f6jlighet...\" \/>\n<meta property=\"og:url\" content=\"https:\/\/abilica.com\/sv\/styrka\/abilica-premium-powertower-2-0\/\" \/>\n<meta property=\"og:site_name\" content=\"Abilica\" \/>\n<meta property=\"article:publisher\" content=\"https:\/\/www.facebook.com\/abilicahometraining\/\" \/>\n<meta property=\"article:modified_time\" content=\"2023-10-26T12:45:38+00:00\" \/>\n<meta property=\"og:image\" content=\"https:\/\/abilica.com\/wp-content\/uploads\/2020\/03\/pt2.0.hoved_.jpg\" \/>\n\t<meta property=\"og:image:width\" content=\"1200\" \/>\n\t<meta property=\"og:image:height\" content=\"1200\" \/>\n\t<meta property=\"og:image:type\" content=\"image\/jpeg\" \/>\n<meta name=\"twitter:card\" content=\"summary_large_image\" \/>\n<meta name=\"twitter:label1\" content=\"Ber\u00e4knad l\u00e4stid\" \/>\n\t<meta name=\"twitter:data1\" content=\"1 minut\" \/>\n<script type=\"application\/ld+json\" class=\"yoast-schema-graph\">{\"@context\":\"https:\/\/schema.org\",\"@graph\":[{\"@type\":\"WebPage\",\"@id\":\"https:\/\/abilica.com\/sv\/styrka\/abilica-premium-powertower-2-0\/\",\"url\":\"https:\/\/abilica.com\/sv\/styrka\/abilica-premium-powertower-2-0\/\",\"name\":\"Abilica Premium PowerTower 2.0 Abilica\",\"isPartOf\":{\"@id\":\"https:\/\/abilica.com\/#website\"},\"primaryImageOfPage\":{\"@id\":\"https:\/\/abilica.com\/sv\/styrka\/abilica-premium-powertower-2-0\/#primaryimage\"},\"image\":{\"@id\":\"https:\/\/abilica.com\/sv\/styrka\/abilica-premium-powertower-2-0\/#primaryimage\"},\"thumbnailUrl\":\"https:\/\/abilica.com\/wp-content\/uploads\/2020\/03\/pt2.0.hoved_.jpg\",\"datePublished\":\"2020-03-10T09:45:42+00:00\",\"dateModified\":\"2023-10-26T12:45:38+00:00\",\"breadcrumb\":{\"@id\":\"https:\/\/abilica.com\/sv\/styrka\/abilica-premium-powertower-2-0\/#breadcrumb\"},\"inLanguage\":\"sv-SE\",\"potentialAction\":[{\"@type\":\"ReadAction\",\"target\":[\"https:\/\/abilica.com\/sv\/styrka\/abilica-premium-powertower-2-0\/\"]}]},{\"@type\":\"ImageObject\",\"inLanguage\":\"sv-SE\",\"@id\":\"https:\/\/abilica.com\/sv\/styrka\/abilica-premium-powertower-2-0\/#primaryimage\",\"url\":\"https:\/\/abilica.com\/wp-content\/uploads\/2020\/03\/pt2.0.hoved_.jpg\",\"contentUrl\":\"https:\/\/abilica.com\/wp-content\/uploads\/2020\/03\/pt2.0.hoved_.jpg\",\"width\":1200,\"height\":1200},{\"@type\":\"BreadcrumbList\",\"@id\":\"https:\/\/abilica.com\/sv\/styrka\/abilica-premium-powertower-2-0\/#breadcrumb\",\"itemListElement\":[{\"@type\":\"ListItem\",\"position\":1,\"name\":\"Hem\",\"item\":\"https:\/\/abilica.com\/sv\/\"},{\"@type\":\"ListItem\",\"position\":2,\"name\":\"Produkter\",\"item\":\"https:\/\/abilica.com\/sv\/shop\/\"},{\"@type\":\"ListItem\",\"position\":3,\"name\":\"Abilica Premium PowerTower 2.0\"}]},{\"@type\":\"WebSite\",\"@id\":\"https:\/\/abilica.com\/#website\",\"url\":\"https:\/\/abilica.com\/\",\"name\":\"Abilica\",\"description\":\"Abilica Home Training\",\"potentialAction\":[{\"@type\":\"SearchAction\",\"target\":{\"@type\":\"EntryPoint\",\"urlTemplate\":\"https:\/\/abilica.com\/?s={search_term_string}\"},\"query-input\":{\"@type\":\"PropertyValueSpecification\",\"valueRequired\":true,\"valueName\":\"search_term_string\"}}],\"inLanguage\":\"sv-SE\"}]}<\/script>\n<!-- \/ Yoast SEO Premium plugin. -->","yoast_head_json":{"title":"Abilica Premium PowerTower 2.0 Abilica","robots":{"index":"index","follow":"follow","max-snippet":"max-snippet:-1","max-image-preview":"max-image-preview:large","max-video-preview":"max-video-preview:-1"},"canonical":"https:\/\/abilica.com\/sv\/styrka\/abilica-premium-powertower-2-0\/","og_locale":"sv_SE","og_type":"article","og_title":"Abilica Premium PowerTower 2.0","og_description":"[vc_row][vc_column][vc_column_text el_class=&#8221;product-video&#8221;]Abilica Premium PowerTower 2.0 \u00e4r en stabil och funktionell tr\u00e4ningsapparat som ger dig m\u00f6jlighet...","og_url":"https:\/\/abilica.com\/sv\/styrka\/abilica-premium-powertower-2-0\/","og_site_name":"Abilica","article_publisher":"https:\/\/www.facebook.com\/abilicahometraining\/","article_modified_time":"2023-10-26T12:45:38+00:00","og_image":[{"width":1200,"height":1200,"url":"https:\/\/abilica.com\/wp-content\/uploads\/2020\/03\/pt2.0.hoved_.jpg","type":"image\/jpeg"}],"twitter_card":"summary_large_image","twitter_misc":{"Ber\u00e4knad l\u00e4stid":"1 minut"},"schema":{"@context":"https:\/\/schema.org","@graph":[{"@type":"WebPage","@id":"https:\/\/abilica.com\/sv\/styrka\/abilica-premium-powertower-2-0\/","url":"https:\/\/abilica.com\/sv\/styrka\/abilica-premium-powertower-2-0\/","name":"Abilica Premium PowerTower 2.0 Abilica","isPartOf":{"@id":"https:\/\/abilica.com\/#website"},"primaryImageOfPage":{"@id":"https:\/\/abilica.com\/sv\/styrka\/abilica-premium-powertower-2-0\/#primaryimage"},"image":{"@id":"https:\/\/abilica.com\/sv\/styrka\/abilica-premium-powertower-2-0\/#primaryimage"},"thumbnailUrl":"https:\/\/abilica.com\/wp-content\/uploads\/2020\/03\/pt2.0.hoved_.jpg","datePublished":"2020-03-10T09:45:42+00:00","dateModified":"2023-10-26T12:45:38+00:00","breadcrumb":{"@id":"https:\/\/abilica.com\/sv\/styrka\/abilica-premium-powertower-2-0\/#breadcrumb"},"inLanguage":"sv-SE","potentialAction":[{"@type":"ReadAction","target":["https:\/\/abilica.com\/sv\/styrka\/abilica-premium-powertower-2-0\/"]}]},{"@type":"ImageObject","inLanguage":"sv-SE","@id":"https:\/\/abilica.com\/sv\/styrka\/abilica-premium-powertower-2-0\/#primaryimage","url":"https:\/\/abilica.com\/wp-content\/uploads\/2020\/03\/pt2.0.hoved_.jpg","contentUrl":"https:\/\/abilica.com\/wp-content\/uploads\/2020\/03\/pt2.0.hoved_.jpg","width":1200,"height":1200},{"@type":"BreadcrumbList","@id":"https:\/\/abilica.com\/sv\/styrka\/abilica-premium-powertower-2-0\/#breadcrumb","itemListElement":[{"@type":"ListItem","position":1,"name":"Hem","item":"https:\/\/abilica.com\/sv\/"},{"@type":"ListItem","position":2,"name":"Produkter","item":"https:\/\/abilica.com\/sv\/shop\/"},{"@type":"ListItem","position":3,"name":"Abilica Premium PowerTower 2.0"}]},{"@type":"WebSite","@id":"https:\/\/abilica.com\/#website","url":"https:\/\/abilica.com\/","name":"Abilica","description":"Abilica Home Training","potentialAction":[{"@type":"SearchAction","target":{"@type":"EntryPoint","urlTemplate":"https:\/\/abilica.com\/?s={search_term_string}"},"query-input":{"@type":"PropertyValueSpecification","valueRequired":true,"valueName":"search_term_string"}}],"inLanguage":"sv-SE"}]}},"_links":{"self":[{"href":"https:\/\/abilica.com\/sv\/wp-json\/wp\/v2\/product\/25655","targetHints":{"allow":["GET"]}}],"collection":[{"href":"https:\/\/abilica.com\/sv\/wp-json\/wp\/v2\/product"}],"about":[{"href":"https:\/\/abilica.com\/sv\/wp-json\/wp\/v2\/types\/product"}],"wp:featuredmedia":[{"embeddable":true,"href":"https:\/\/abilica.com\/sv\/wp-json\/wp\/v2\/media\/31494"}],"wp:attachment":[{"href":"https:\/\/abilica.com\/sv\/wp-json\/wp\/v2\/media?parent=25655"}],"wp:term":[{"taxonomy":"product_brand","embeddable":true,"href":"https:\/\/abilica.com\/sv\/wp-json\/wp\/v2\/product_brand?post=25655"},{"taxonomy":"product_cat","embeddable":true,"href":"https:\/\/abilica.com\/sv\/wp-json\/wp\/v2\/product_cat?post=25655"},{"taxonomy":"product_tag","embeddable":true,"href":"https:\/\/abilica.com\/sv\/wp-json\/wp\/v2\/product_tag?post=25655"}],"curies":[{"name":"wp","href":"https:\/\/api.w.org\/{rel}","templated":true}]}}