{"id":25677,"date":"2020-03-17T10:45:16","date_gmt":"2020-03-17T09:45:16","guid":{"rendered":"https:\/\/abilica.com\/se\/?post_type=product&#038;p=25677"},"modified":"2023-10-16T20:37:06","modified_gmt":"2023-10-16T19:37:06","slug":"abilica-balancepad-large","status":"publish","type":"product","link":"https:\/\/abilica.com\/sv\/balans\/balanskudde\/abilica-balancepad-large\/","title":{"rendered":"Abilica BalancePad Large"},"content":{"rendered":"<div class=\"wpb-content-wrapper\"><p>[vc_row][vc_column][vc_column_text]Stor balanskudde i mjukt EVA-material, cirka 39 x 32 cm och 6 cm tjock. Avsedd f\u00f6r \u00f6vningar p\u00e5 tv\u00e5 ben och som underlag vid \u00f6vningar p\u00e5 kn\u00e4, skuldror och liknande. Balanstr\u00e4ning \u00e4r det allra b\u00e4sta hj\u00e4lpmedlet f\u00f6r att tr\u00e4na stabilitet, koordination och reaktion. Balanskudden ger dig en unik m\u00f6jlighet att tr\u00e4na upp muskulatur samt stabilitet i f\u00f6tter, anklar, kn\u00e4, h\u00f6fter och rygg. Tr\u00e4ningen stimulerar b\u00e5de blodcirkulation, nervsystem och muskulatur. M\u00e5ste anv\u00e4ndas utan skor.[\/vc_column_text][vc_empty_space height=&#8221;52px&#8221;][\/vc_column][\/vc_row][vc_row][vc_column][vc_btn title=&#8221;Tr\u00e4ningstips&#8221; style=&#8221;flat&#8221; color=&#8221;black&#8221; link=&#8221;url:http%3A%2F%2Fwww.hemmatraningsbloggen.se%2Fbalanstraning%2Ffa-battre-balans-med-balanskudde%2F||target:%20_blank|&#8221;][\/vc_column][\/vc_row]<\/p>\n<\/div>","protected":false},"excerpt":{"rendered":"<p>[vc_row][vc_column][vc_column_text]Stor balanskudde i mjukt EVA-material, cirka 39 x 32 cm och 6 cm tjock. Avsedd&#8230;<\/p>\n","protected":false},"featured_media":25678,"template":"","meta":{"_acf_changed":false},"product_brand":[],"product_cat":[487,498],"product_tag":[181,177],"class_list":{"0":"post-25677","1":"product","2":"type-product","3":"status-publish","4":"has-post-thumbnail","6":"product_cat-balans","7":"product_cat-balanskudde","8":"product_tag-home-gym","9":"product_tag-small-items","11":"first","12":"instock","13":"product-type-simple"},"acf":[],"yoast_head":"<!-- This site is optimized with the Yoast SEO Premium plugin v21.1 (Yoast SEO v25.4) - https:\/\/yoast.com\/wordpress\/plugins\/seo\/ -->\n<title>Abilica BalancePad Large Abilica<\/title>\n<meta name=\"robots\" content=\"index, follow, max-snippet:-1, max-image-preview:large, max-video-preview:-1\" \/>\n<link rel=\"canonical\" href=\"https:\/\/abilica.com\/sv\/balans\/balanskudde\/abilica-balancepad-large\/\" \/>\n<meta property=\"og:locale\" content=\"sv_SE\" \/>\n<meta property=\"og:type\" content=\"article\" \/>\n<meta property=\"og:title\" content=\"Abilica BalancePad Large\" \/>\n<meta property=\"og:description\" content=\"[vc_row][vc_column][vc_column_text]Stor balanskudde i mjukt EVA-material, cirka 39 x 32 cm och 6 cm tjock. Avsedd...\" \/>\n<meta property=\"og:url\" content=\"https:\/\/abilica.com\/sv\/balans\/balanskudde\/abilica-balancepad-large\/\" \/>\n<meta property=\"og:site_name\" content=\"Abilica\" \/>\n<meta property=\"article:publisher\" content=\"https:\/\/www.facebook.com\/abilicahometraining\/\" \/>\n<meta property=\"article:modified_time\" content=\"2023-10-16T19:37:06+00:00\" \/>\n<meta property=\"og:image\" content=\"https:\/\/abilica.com\/wp-content\/uploads\/2020\/03\/373285.jpg\" \/>\n\t<meta property=\"og:image:width\" content=\"1200\" \/>\n\t<meta property=\"og:image:height\" content=\"1200\" \/>\n\t<meta property=\"og:image:type\" content=\"image\/jpeg\" \/>\n<meta name=\"twitter:card\" content=\"summary_large_image\" \/>\n<meta name=\"twitter:label1\" content=\"Ber\u00e4knad l\u00e4stid\" \/>\n\t<meta name=\"twitter:data1\" content=\"1 minut\" \/>\n<script type=\"application\/ld+json\" class=\"yoast-schema-graph\">{\"@context\":\"https:\/\/schema.org\",\"@graph\":[{\"@type\":\"WebPage\",\"@id\":\"https:\/\/abilica.com\/sv\/balans\/balanskudde\/abilica-balancepad-large\/\",\"url\":\"https:\/\/abilica.com\/sv\/balans\/balanskudde\/abilica-balancepad-large\/\",\"name\":\"Abilica BalancePad Large Abilica\",\"isPartOf\":{\"@id\":\"https:\/\/abilica.com\/#website\"},\"primaryImageOfPage\":{\"@id\":\"https:\/\/abilica.com\/sv\/balans\/balanskudde\/abilica-balancepad-large\/#primaryimage\"},\"image\":{\"@id\":\"https:\/\/abilica.com\/sv\/balans\/balanskudde\/abilica-balancepad-large\/#primaryimage\"},\"thumbnailUrl\":\"https:\/\/abilica.com\/wp-content\/uploads\/2020\/03\/373285.jpg\",\"datePublished\":\"2020-03-17T09:45:16+00:00\",\"dateModified\":\"2023-10-16T19:37:06+00:00\",\"breadcrumb\":{\"@id\":\"https:\/\/abilica.com\/sv\/balans\/balanskudde\/abilica-balancepad-large\/#breadcrumb\"},\"inLanguage\":\"sv-SE\",\"potentialAction\":[{\"@type\":\"ReadAction\",\"target\":[\"https:\/\/abilica.com\/sv\/balans\/balanskudde\/abilica-balancepad-large\/\"]}]},{\"@type\":\"ImageObject\",\"inLanguage\":\"sv-SE\",\"@id\":\"https:\/\/abilica.com\/sv\/balans\/balanskudde\/abilica-balancepad-large\/#primaryimage\",\"url\":\"https:\/\/abilica.com\/wp-content\/uploads\/2020\/03\/373285.jpg\",\"contentUrl\":\"https:\/\/abilica.com\/wp-content\/uploads\/2020\/03\/373285.jpg\",\"width\":1200,\"height\":1200},{\"@type\":\"BreadcrumbList\",\"@id\":\"https:\/\/abilica.com\/sv\/balans\/balanskudde\/abilica-balancepad-large\/#breadcrumb\",\"itemListElement\":[{\"@type\":\"ListItem\",\"position\":1,\"name\":\"Hem\",\"item\":\"https:\/\/abilica.com\/sv\/\"},{\"@type\":\"ListItem\",\"position\":2,\"name\":\"Produkter\",\"item\":\"https:\/\/abilica.com\/sv\/shop\/\"},{\"@type\":\"ListItem\",\"position\":3,\"name\":\"Abilica BalancePad Large\"}]},{\"@type\":\"WebSite\",\"@id\":\"https:\/\/abilica.com\/#website\",\"url\":\"https:\/\/abilica.com\/\",\"name\":\"Abilica\",\"description\":\"Abilica Home Training\",\"potentialAction\":[{\"@type\":\"SearchAction\",\"target\":{\"@type\":\"EntryPoint\",\"urlTemplate\":\"https:\/\/abilica.com\/?s={search_term_string}\"},\"query-input\":{\"@type\":\"PropertyValueSpecification\",\"valueRequired\":true,\"valueName\":\"search_term_string\"}}],\"inLanguage\":\"sv-SE\"}]}<\/script>\n<!-- \/ Yoast SEO Premium plugin. -->","yoast_head_json":{"title":"Abilica BalancePad Large Abilica","robots":{"index":"index","follow":"follow","max-snippet":"max-snippet:-1","max-image-preview":"max-image-preview:large","max-video-preview":"max-video-preview:-1"},"canonical":"https:\/\/abilica.com\/sv\/balans\/balanskudde\/abilica-balancepad-large\/","og_locale":"sv_SE","og_type":"article","og_title":"Abilica BalancePad Large","og_description":"[vc_row][vc_column][vc_column_text]Stor balanskudde i mjukt EVA-material, cirka 39 x 32 cm och 6 cm tjock. Avsedd...","og_url":"https:\/\/abilica.com\/sv\/balans\/balanskudde\/abilica-balancepad-large\/","og_site_name":"Abilica","article_publisher":"https:\/\/www.facebook.com\/abilicahometraining\/","article_modified_time":"2023-10-16T19:37:06+00:00","og_image":[{"width":1200,"height":1200,"url":"https:\/\/abilica.com\/wp-content\/uploads\/2020\/03\/373285.jpg","type":"image\/jpeg"}],"twitter_card":"summary_large_image","twitter_misc":{"Ber\u00e4knad l\u00e4stid":"1 minut"},"schema":{"@context":"https:\/\/schema.org","@graph":[{"@type":"WebPage","@id":"https:\/\/abilica.com\/sv\/balans\/balanskudde\/abilica-balancepad-large\/","url":"https:\/\/abilica.com\/sv\/balans\/balanskudde\/abilica-balancepad-large\/","name":"Abilica BalancePad Large Abilica","isPartOf":{"@id":"https:\/\/abilica.com\/#website"},"primaryImageOfPage":{"@id":"https:\/\/abilica.com\/sv\/balans\/balanskudde\/abilica-balancepad-large\/#primaryimage"},"image":{"@id":"https:\/\/abilica.com\/sv\/balans\/balanskudde\/abilica-balancepad-large\/#primaryimage"},"thumbnailUrl":"https:\/\/abilica.com\/wp-content\/uploads\/2020\/03\/373285.jpg","datePublished":"2020-03-17T09:45:16+00:00","dateModified":"2023-10-16T19:37:06+00:00","breadcrumb":{"@id":"https:\/\/abilica.com\/sv\/balans\/balanskudde\/abilica-balancepad-large\/#breadcrumb"},"inLanguage":"sv-SE","potentialAction":[{"@type":"ReadAction","target":["https:\/\/abilica.com\/sv\/balans\/balanskudde\/abilica-balancepad-large\/"]}]},{"@type":"ImageObject","inLanguage":"sv-SE","@id":"https:\/\/abilica.com\/sv\/balans\/balanskudde\/abilica-balancepad-large\/#primaryimage","url":"https:\/\/abilica.com\/wp-content\/uploads\/2020\/03\/373285.jpg","contentUrl":"https:\/\/abilica.com\/wp-content\/uploads\/2020\/03\/373285.jpg","width":1200,"height":1200},{"@type":"BreadcrumbList","@id":"https:\/\/abilica.com\/sv\/balans\/balanskudde\/abilica-balancepad-large\/#breadcrumb","itemListElement":[{"@type":"ListItem","position":1,"name":"Hem","item":"https:\/\/abilica.com\/sv\/"},{"@type":"ListItem","position":2,"name":"Produkter","item":"https:\/\/abilica.com\/sv\/shop\/"},{"@type":"ListItem","position":3,"name":"Abilica BalancePad Large"}]},{"@type":"WebSite","@id":"https:\/\/abilica.com\/#website","url":"https:\/\/abilica.com\/","name":"Abilica","description":"Abilica Home Training","potentialAction":[{"@type":"SearchAction","target":{"@type":"EntryPoint","urlTemplate":"https:\/\/abilica.com\/?s={search_term_string}"},"query-input":{"@type":"PropertyValueSpecification","valueRequired":true,"valueName":"search_term_string"}}],"inLanguage":"sv-SE"}]}},"_links":{"self":[{"href":"https:\/\/abilica.com\/sv\/wp-json\/wp\/v2\/product\/25677","targetHints":{"allow":["GET"]}}],"collection":[{"href":"https:\/\/abilica.com\/sv\/wp-json\/wp\/v2\/product"}],"about":[{"href":"https:\/\/abilica.com\/sv\/wp-json\/wp\/v2\/types\/product"}],"wp:featuredmedia":[{"embeddable":true,"href":"https:\/\/abilica.com\/sv\/wp-json\/wp\/v2\/media\/25678"}],"wp:attachment":[{"href":"https:\/\/abilica.com\/sv\/wp-json\/wp\/v2\/media?parent=25677"}],"wp:term":[{"taxonomy":"product_brand","embeddable":true,"href":"https:\/\/abilica.com\/sv\/wp-json\/wp\/v2\/product_brand?post=25677"},{"taxonomy":"product_cat","embeddable":true,"href":"https:\/\/abilica.com\/sv\/wp-json\/wp\/v2\/product_cat?post=25677"},{"taxonomy":"product_tag","embeddable":true,"href":"https:\/\/abilica.com\/sv\/wp-json\/wp\/v2\/product_tag?post=25677"}],"curies":[{"name":"wp","href":"https:\/\/api.w.org\/{rel}","templated":true}]}}