{"id":25681,"date":"2020-03-17T10:45:49","date_gmt":"2020-03-17T09:45:49","guid":{"rendered":"https:\/\/abilica.com\/se\/?post_type=product&#038;p=25681"},"modified":"2023-10-16T20:37:07","modified_gmt":"2023-10-16T19:37:07","slug":"abilica-flexibag","status":"publish","type":"product","link":"https:\/\/abilica.com\/sv\/boxning\/boxningssack\/abilica-flexibag\/","title":{"rendered":"Abilica FlexiBag"},"content":{"rendered":"<div class=\"wpb-content-wrapper\"><p>[vc_row][vc_column][vc_column_text]Boxs\u00e4ck i konstl\u00e4der fylld med textil.\u00a0Vikt fr\u00e5n 22 kg. H\u00f6jd 105 cm och diameter 35 cm. Den unika s\u00e4cken har en inbyggd cylinder, f\u00f6r att kunna \u00f6ka vikten p\u00e5 s\u00e4cken upp till 40 kg. Detta g\u00f6rs med att fylla den medf\u00f6ljande nylonp\u00e5sen med exempelvis sand.\u00a0Boxningstr\u00e4ning \u00e4r en mycket h\u00e5rd och utmanande tr\u00e4ningsform. Tr\u00e4ningen\u00a0\u00e4r mycket m\u00e5ngsidig och du anv\u00e4nder absolut hela kroppen. N\u00e4r du tr\u00e4nar boxning arbetar du med b\u00e5de uth\u00e5llighet, styrka, smidighet och balans. Tr\u00e4ningen\u00a0inneh\u00e5ller ofta intervaller och explosiva \u00f6vningar och har ocks\u00e5 m\u00e5nga likheter med flera av de moment som finns inom den\u00a0popul\u00e4ra crossfittr\u00e4ningen.[\/vc_column_text][vc_empty_space height=&#8221;52px&#8221;][\/vc_column][\/vc_row][vc_row][vc_column][vc_btn title=&#8221;Tr\u00e4ningstips&#8221; style=&#8221;flat&#8221; color=&#8221;black&#8221; link=&#8221;url:http%3A%2F%2Fwww.hemmatraningsbloggen.se%2Fkondition%2Fkom-i-toppform-med-boxningstraning%2F||target:%20_blank|&#8221;][\/vc_column][\/vc_row]<\/p>\n<\/div>","protected":false},"excerpt":{"rendered":"<p>[vc_row][vc_column][vc_column_text]Boxs\u00e4ck i konstl\u00e4der fylld med textil.\u00a0Vikt fr\u00e5n 22 kg. H\u00f6jd 105 cm och diameter 35&#8230;<\/p>\n","protected":false},"featured_media":25682,"template":"","meta":{"_acf_changed":false},"product_brand":[],"product_cat":[473,500],"product_tag":[],"class_list":{"0":"post-25681","1":"product","2":"type-product","3":"status-publish","4":"has-post-thumbnail","6":"product_cat-boxning","7":"product_cat-boxningssack","9":"first","10":"instock","11":"product-type-simple"},"acf":[],"yoast_head":"<!-- This site is optimized with the Yoast SEO Premium plugin v21.1 (Yoast SEO v25.4) - https:\/\/yoast.com\/wordpress\/plugins\/seo\/ -->\n<title>Abilica FlexiBag Abilica<\/title>\n<meta name=\"robots\" content=\"index, follow, max-snippet:-1, max-image-preview:large, max-video-preview:-1\" \/>\n<link rel=\"canonical\" href=\"https:\/\/abilica.com\/sv\/boxning\/boxningssack\/abilica-flexibag\/\" \/>\n<meta property=\"og:locale\" content=\"sv_SE\" \/>\n<meta property=\"og:type\" content=\"article\" \/>\n<meta property=\"og:title\" content=\"Abilica FlexiBag\" \/>\n<meta property=\"og:description\" content=\"[vc_row][vc_column][vc_column_text]Boxs\u00e4ck i konstl\u00e4der fylld med textil.\u00a0Vikt fr\u00e5n 22 kg. H\u00f6jd 105 cm och diameter 35...\" \/>\n<meta property=\"og:url\" content=\"https:\/\/abilica.com\/sv\/boxning\/boxningssack\/abilica-flexibag\/\" \/>\n<meta property=\"og:site_name\" content=\"Abilica\" \/>\n<meta property=\"article:publisher\" content=\"https:\/\/www.facebook.com\/abilicahometraining\/\" \/>\n<meta property=\"article:modified_time\" content=\"2023-10-16T19:37:07+00:00\" \/>\n<meta property=\"og:image\" content=\"https:\/\/abilica.com\/wp-content\/uploads\/2020\/03\/373374.jpg\" \/>\n\t<meta property=\"og:image:width\" content=\"1200\" \/>\n\t<meta property=\"og:image:height\" content=\"1200\" \/>\n\t<meta property=\"og:image:type\" content=\"image\/jpeg\" \/>\n<meta name=\"twitter:card\" content=\"summary_large_image\" \/>\n<meta name=\"twitter:label1\" content=\"Ber\u00e4knad l\u00e4stid\" \/>\n\t<meta name=\"twitter:data1\" content=\"1 minut\" \/>\n<script type=\"application\/ld+json\" class=\"yoast-schema-graph\">{\"@context\":\"https:\/\/schema.org\",\"@graph\":[{\"@type\":\"WebPage\",\"@id\":\"https:\/\/abilica.com\/sv\/boxning\/boxningssack\/abilica-flexibag\/\",\"url\":\"https:\/\/abilica.com\/sv\/boxning\/boxningssack\/abilica-flexibag\/\",\"name\":\"Abilica FlexiBag Abilica\",\"isPartOf\":{\"@id\":\"https:\/\/abilica.com\/#website\"},\"primaryImageOfPage\":{\"@id\":\"https:\/\/abilica.com\/sv\/boxning\/boxningssack\/abilica-flexibag\/#primaryimage\"},\"image\":{\"@id\":\"https:\/\/abilica.com\/sv\/boxning\/boxningssack\/abilica-flexibag\/#primaryimage\"},\"thumbnailUrl\":\"https:\/\/abilica.com\/wp-content\/uploads\/2020\/03\/373374.jpg\",\"datePublished\":\"2020-03-17T09:45:49+00:00\",\"dateModified\":\"2023-10-16T19:37:07+00:00\",\"breadcrumb\":{\"@id\":\"https:\/\/abilica.com\/sv\/boxning\/boxningssack\/abilica-flexibag\/#breadcrumb\"},\"inLanguage\":\"sv-SE\",\"potentialAction\":[{\"@type\":\"ReadAction\",\"target\":[\"https:\/\/abilica.com\/sv\/boxning\/boxningssack\/abilica-flexibag\/\"]}]},{\"@type\":\"ImageObject\",\"inLanguage\":\"sv-SE\",\"@id\":\"https:\/\/abilica.com\/sv\/boxning\/boxningssack\/abilica-flexibag\/#primaryimage\",\"url\":\"https:\/\/abilica.com\/wp-content\/uploads\/2020\/03\/373374.jpg\",\"contentUrl\":\"https:\/\/abilica.com\/wp-content\/uploads\/2020\/03\/373374.jpg\",\"width\":1200,\"height\":1200},{\"@type\":\"BreadcrumbList\",\"@id\":\"https:\/\/abilica.com\/sv\/boxning\/boxningssack\/abilica-flexibag\/#breadcrumb\",\"itemListElement\":[{\"@type\":\"ListItem\",\"position\":1,\"name\":\"Hem\",\"item\":\"https:\/\/abilica.com\/sv\/\"},{\"@type\":\"ListItem\",\"position\":2,\"name\":\"Produkter\",\"item\":\"https:\/\/abilica.com\/sv\/shop\/\"},{\"@type\":\"ListItem\",\"position\":3,\"name\":\"Abilica FlexiBag\"}]},{\"@type\":\"WebSite\",\"@id\":\"https:\/\/abilica.com\/#website\",\"url\":\"https:\/\/abilica.com\/\",\"name\":\"Abilica\",\"description\":\"Abilica Home Training\",\"potentialAction\":[{\"@type\":\"SearchAction\",\"target\":{\"@type\":\"EntryPoint\",\"urlTemplate\":\"https:\/\/abilica.com\/?s={search_term_string}\"},\"query-input\":{\"@type\":\"PropertyValueSpecification\",\"valueRequired\":true,\"valueName\":\"search_term_string\"}}],\"inLanguage\":\"sv-SE\"}]}<\/script>\n<!-- \/ Yoast SEO Premium plugin. -->","yoast_head_json":{"title":"Abilica FlexiBag Abilica","robots":{"index":"index","follow":"follow","max-snippet":"max-snippet:-1","max-image-preview":"max-image-preview:large","max-video-preview":"max-video-preview:-1"},"canonical":"https:\/\/abilica.com\/sv\/boxning\/boxningssack\/abilica-flexibag\/","og_locale":"sv_SE","og_type":"article","og_title":"Abilica FlexiBag","og_description":"[vc_row][vc_column][vc_column_text]Boxs\u00e4ck i konstl\u00e4der fylld med textil.\u00a0Vikt fr\u00e5n 22 kg. H\u00f6jd 105 cm och diameter 35...","og_url":"https:\/\/abilica.com\/sv\/boxning\/boxningssack\/abilica-flexibag\/","og_site_name":"Abilica","article_publisher":"https:\/\/www.facebook.com\/abilicahometraining\/","article_modified_time":"2023-10-16T19:37:07+00:00","og_image":[{"width":1200,"height":1200,"url":"https:\/\/abilica.com\/wp-content\/uploads\/2020\/03\/373374.jpg","type":"image\/jpeg"}],"twitter_card":"summary_large_image","twitter_misc":{"Ber\u00e4knad l\u00e4stid":"1 minut"},"schema":{"@context":"https:\/\/schema.org","@graph":[{"@type":"WebPage","@id":"https:\/\/abilica.com\/sv\/boxning\/boxningssack\/abilica-flexibag\/","url":"https:\/\/abilica.com\/sv\/boxning\/boxningssack\/abilica-flexibag\/","name":"Abilica FlexiBag Abilica","isPartOf":{"@id":"https:\/\/abilica.com\/#website"},"primaryImageOfPage":{"@id":"https:\/\/abilica.com\/sv\/boxning\/boxningssack\/abilica-flexibag\/#primaryimage"},"image":{"@id":"https:\/\/abilica.com\/sv\/boxning\/boxningssack\/abilica-flexibag\/#primaryimage"},"thumbnailUrl":"https:\/\/abilica.com\/wp-content\/uploads\/2020\/03\/373374.jpg","datePublished":"2020-03-17T09:45:49+00:00","dateModified":"2023-10-16T19:37:07+00:00","breadcrumb":{"@id":"https:\/\/abilica.com\/sv\/boxning\/boxningssack\/abilica-flexibag\/#breadcrumb"},"inLanguage":"sv-SE","potentialAction":[{"@type":"ReadAction","target":["https:\/\/abilica.com\/sv\/boxning\/boxningssack\/abilica-flexibag\/"]}]},{"@type":"ImageObject","inLanguage":"sv-SE","@id":"https:\/\/abilica.com\/sv\/boxning\/boxningssack\/abilica-flexibag\/#primaryimage","url":"https:\/\/abilica.com\/wp-content\/uploads\/2020\/03\/373374.jpg","contentUrl":"https:\/\/abilica.com\/wp-content\/uploads\/2020\/03\/373374.jpg","width":1200,"height":1200},{"@type":"BreadcrumbList","@id":"https:\/\/abilica.com\/sv\/boxning\/boxningssack\/abilica-flexibag\/#breadcrumb","itemListElement":[{"@type":"ListItem","position":1,"name":"Hem","item":"https:\/\/abilica.com\/sv\/"},{"@type":"ListItem","position":2,"name":"Produkter","item":"https:\/\/abilica.com\/sv\/shop\/"},{"@type":"ListItem","position":3,"name":"Abilica FlexiBag"}]},{"@type":"WebSite","@id":"https:\/\/abilica.com\/#website","url":"https:\/\/abilica.com\/","name":"Abilica","description":"Abilica Home Training","potentialAction":[{"@type":"SearchAction","target":{"@type":"EntryPoint","urlTemplate":"https:\/\/abilica.com\/?s={search_term_string}"},"query-input":{"@type":"PropertyValueSpecification","valueRequired":true,"valueName":"search_term_string"}}],"inLanguage":"sv-SE"}]}},"_links":{"self":[{"href":"https:\/\/abilica.com\/sv\/wp-json\/wp\/v2\/product\/25681","targetHints":{"allow":["GET"]}}],"collection":[{"href":"https:\/\/abilica.com\/sv\/wp-json\/wp\/v2\/product"}],"about":[{"href":"https:\/\/abilica.com\/sv\/wp-json\/wp\/v2\/types\/product"}],"wp:featuredmedia":[{"embeddable":true,"href":"https:\/\/abilica.com\/sv\/wp-json\/wp\/v2\/media\/25682"}],"wp:attachment":[{"href":"https:\/\/abilica.com\/sv\/wp-json\/wp\/v2\/media?parent=25681"}],"wp:term":[{"taxonomy":"product_brand","embeddable":true,"href":"https:\/\/abilica.com\/sv\/wp-json\/wp\/v2\/product_brand?post=25681"},{"taxonomy":"product_cat","embeddable":true,"href":"https:\/\/abilica.com\/sv\/wp-json\/wp\/v2\/product_cat?post=25681"},{"taxonomy":"product_tag","embeddable":true,"href":"https:\/\/abilica.com\/sv\/wp-json\/wp\/v2\/product_tag?post=25681"}],"curies":[{"name":"wp","href":"https:\/\/api.w.org\/{rel}","templated":true}]}}