{"id":25685,"date":"2020-03-17T11:45:12","date_gmt":"2020-03-17T10:45:12","guid":{"rendered":"https:\/\/abilica.com\/se\/?post_type=product&#038;p=25685"},"modified":"2023-10-16T20:37:07","modified_gmt":"2023-10-16T19:37:07","slug":"abilica-weightbench-2-0","status":"publish","type":"product","link":"https:\/\/abilica.com\/sv\/styrka\/traningsbank\/abilica-weightbench-2-0\/","title":{"rendered":"Abilica WeightBench 2.0"},"content":{"rendered":"<div class=\"wpb-content-wrapper\"><p>[vc_row][vc_column][vc_column_text]Abilica WeightBench 2.0 \u00e4r en perfekt tr\u00e4ningsb\u00e4nk f\u00f6r dig som vill komma ig\u00e5ng med styrketr\u00e4ning. Platt b\u00e4nk f\u00f6r tr\u00e4ning med hantlar eller med din egen kroppsvikt. Tr\u00e4na arm-, br\u00f6st-, rygg- och axel\u00f6vningar, s\u00e5som enarmsrodd, br\u00f6stpress och dips. Ryggkudden har en bra l\u00e4ngd p\u00e5 121 cm och en h\u00f6jd fr\u00e5n golvet p\u00e5 46 cm, vilket g\u00f6r det enkelt att g\u00f6ra liggande \u00f6vningar samtidigt som du har bra fotf\u00e4ste. WeightBench 2.0 \u00e4r en solid och l\u00e4tt b\u00e4nk som enkelt kan f\u00f6rvaras n\u00e4r den inte anv\u00e4nds. Levereras med gummif\u00f6tter f\u00f6r golvskydd.<\/p>\n<p><strong>Specifikationer<\/strong><br \/>\nM\u00e5tt monterad: 121 x 36 x 46 cm (L x B x H)<br \/>\nRamstorlek: 60 x 60 mm<br \/>\nSt\u00e5ltjocklek: 1.5 mm<br \/>\nMax belastning inklusive anv\u00e4ndare: 160 kg<br \/>\nProduktvikt: 10 kg<br \/>\nM\u00e5tt p\u00e5 ryggkudden: 121 x 26 cm (L x B)<br \/>\nH\u00f6jd fr\u00e5n golv till sits: 46 cm[\/vc_column_text][vc_empty_space height=&#8221;52px&#8221;][\/vc_column][\/vc_row][vc_row][vc_column][vc_btn title=&#8221;Teknisk information&#8221; style=&#8221;flat&#8221; color=&#8221;black&#8221; link=&#8221;url:https%3A%2F%2Fabilica.com%2Fse%2Fwp-content%2Fuploads%2F2020%2F09%2FBenches-multigyms-racks.pdf|||&#8221;][vc_btn title=&#8221;Anv\u00e4ndarmanual&#8221; style=&#8221;flat&#8221; color=&#8221;black&#8221; link=&#8221;url:https%3A%2F%2Fabilica.com%2Fse%2Fwp-content%2Fuploads%2F2021%2F01%2FAbilica-WeightBench-2.0.pdf|||&#8221;][\/vc_column][\/vc_row]<\/p>\n<\/div>","protected":false},"excerpt":{"rendered":"<p>[vc_row][vc_column][vc_column_text]Abilica WeightBench 2.0 \u00e4r en perfekt tr\u00e4ningsb\u00e4nk f\u00f6r dig som vill komma ig\u00e5ng med styrketr\u00e4ning&#8230;.<\/p>\n","protected":false},"featured_media":31551,"template":"","meta":{"_acf_changed":false},"product_brand":[],"product_cat":[471,480],"product_tag":[],"class_list":{"0":"post-25685","1":"product","2":"type-product","3":"status-publish","4":"has-post-thumbnail","6":"product_cat-styrka","7":"product_cat-traningsbank","9":"first","10":"instock","11":"product-type-simple"},"acf":[],"yoast_head":"<!-- This site is optimized with the Yoast SEO Premium plugin v21.1 (Yoast SEO v25.4) - https:\/\/yoast.com\/wordpress\/plugins\/seo\/ -->\n<title>Abilica WeightBench 2.0 Abilica<\/title>\n<meta name=\"robots\" content=\"index, follow, max-snippet:-1, max-image-preview:large, max-video-preview:-1\" \/>\n<link rel=\"canonical\" href=\"https:\/\/abilica.com\/sv\/styrka\/traningsbank\/abilica-weightbench-2-0\/\" \/>\n<meta property=\"og:locale\" content=\"sv_SE\" \/>\n<meta property=\"og:type\" content=\"article\" \/>\n<meta property=\"og:title\" content=\"Abilica WeightBench 2.0\" \/>\n<meta property=\"og:description\" content=\"[vc_row][vc_column][vc_column_text]Abilica WeightBench 2.0 \u00e4r en perfekt tr\u00e4ningsb\u00e4nk f\u00f6r dig som vill komma ig\u00e5ng med styrketr\u00e4ning....\" \/>\n<meta property=\"og:url\" content=\"https:\/\/abilica.com\/sv\/styrka\/traningsbank\/abilica-weightbench-2-0\/\" \/>\n<meta property=\"og:site_name\" content=\"Abilica\" \/>\n<meta property=\"article:publisher\" content=\"https:\/\/www.facebook.com\/abilicahometraining\/\" \/>\n<meta property=\"article:modified_time\" content=\"2023-10-16T19:37:07+00:00\" \/>\n<meta property=\"og:image\" content=\"https:\/\/abilica.com\/wp-content\/uploads\/2023\/03\/weighrbench-2.0-3.jpg\" \/>\n\t<meta property=\"og:image:width\" content=\"1200\" \/>\n\t<meta property=\"og:image:height\" content=\"1200\" \/>\n\t<meta property=\"og:image:type\" content=\"image\/jpeg\" \/>\n<meta name=\"twitter:card\" content=\"summary_large_image\" \/>\n<meta name=\"twitter:label1\" content=\"Ber\u00e4knad l\u00e4stid\" \/>\n\t<meta name=\"twitter:data1\" content=\"1 minut\" \/>\n<script type=\"application\/ld+json\" class=\"yoast-schema-graph\">{\"@context\":\"https:\/\/schema.org\",\"@graph\":[{\"@type\":\"WebPage\",\"@id\":\"https:\/\/abilica.com\/sv\/styrka\/traningsbank\/abilica-weightbench-2-0\/\",\"url\":\"https:\/\/abilica.com\/sv\/styrka\/traningsbank\/abilica-weightbench-2-0\/\",\"name\":\"Abilica WeightBench 2.0 Abilica\",\"isPartOf\":{\"@id\":\"https:\/\/abilica.com\/#website\"},\"primaryImageOfPage\":{\"@id\":\"https:\/\/abilica.com\/sv\/styrka\/traningsbank\/abilica-weightbench-2-0\/#primaryimage\"},\"image\":{\"@id\":\"https:\/\/abilica.com\/sv\/styrka\/traningsbank\/abilica-weightbench-2-0\/#primaryimage\"},\"thumbnailUrl\":\"https:\/\/abilica.com\/wp-content\/uploads\/2023\/03\/weighrbench-2.0-3.jpg\",\"datePublished\":\"2020-03-17T10:45:12+00:00\",\"dateModified\":\"2023-10-16T19:37:07+00:00\",\"breadcrumb\":{\"@id\":\"https:\/\/abilica.com\/sv\/styrka\/traningsbank\/abilica-weightbench-2-0\/#breadcrumb\"},\"inLanguage\":\"sv-SE\",\"potentialAction\":[{\"@type\":\"ReadAction\",\"target\":[\"https:\/\/abilica.com\/sv\/styrka\/traningsbank\/abilica-weightbench-2-0\/\"]}]},{\"@type\":\"ImageObject\",\"inLanguage\":\"sv-SE\",\"@id\":\"https:\/\/abilica.com\/sv\/styrka\/traningsbank\/abilica-weightbench-2-0\/#primaryimage\",\"url\":\"https:\/\/abilica.com\/wp-content\/uploads\/2023\/03\/weighrbench-2.0-3.jpg\",\"contentUrl\":\"https:\/\/abilica.com\/wp-content\/uploads\/2023\/03\/weighrbench-2.0-3.jpg\",\"width\":1200,\"height\":1200},{\"@type\":\"BreadcrumbList\",\"@id\":\"https:\/\/abilica.com\/sv\/styrka\/traningsbank\/abilica-weightbench-2-0\/#breadcrumb\",\"itemListElement\":[{\"@type\":\"ListItem\",\"position\":1,\"name\":\"Hem\",\"item\":\"https:\/\/abilica.com\/sv\/\"},{\"@type\":\"ListItem\",\"position\":2,\"name\":\"Produkter\",\"item\":\"https:\/\/abilica.com\/sv\/shop\/\"},{\"@type\":\"ListItem\",\"position\":3,\"name\":\"Abilica WeightBench 2.0\"}]},{\"@type\":\"WebSite\",\"@id\":\"https:\/\/abilica.com\/#website\",\"url\":\"https:\/\/abilica.com\/\",\"name\":\"Abilica\",\"description\":\"Abilica Home Training\",\"potentialAction\":[{\"@type\":\"SearchAction\",\"target\":{\"@type\":\"EntryPoint\",\"urlTemplate\":\"https:\/\/abilica.com\/?s={search_term_string}\"},\"query-input\":{\"@type\":\"PropertyValueSpecification\",\"valueRequired\":true,\"valueName\":\"search_term_string\"}}],\"inLanguage\":\"sv-SE\"}]}<\/script>\n<!-- \/ Yoast SEO Premium plugin. -->","yoast_head_json":{"title":"Abilica WeightBench 2.0 Abilica","robots":{"index":"index","follow":"follow","max-snippet":"max-snippet:-1","max-image-preview":"max-image-preview:large","max-video-preview":"max-video-preview:-1"},"canonical":"https:\/\/abilica.com\/sv\/styrka\/traningsbank\/abilica-weightbench-2-0\/","og_locale":"sv_SE","og_type":"article","og_title":"Abilica WeightBench 2.0","og_description":"[vc_row][vc_column][vc_column_text]Abilica WeightBench 2.0 \u00e4r en perfekt tr\u00e4ningsb\u00e4nk f\u00f6r dig som vill komma ig\u00e5ng med styrketr\u00e4ning....","og_url":"https:\/\/abilica.com\/sv\/styrka\/traningsbank\/abilica-weightbench-2-0\/","og_site_name":"Abilica","article_publisher":"https:\/\/www.facebook.com\/abilicahometraining\/","article_modified_time":"2023-10-16T19:37:07+00:00","og_image":[{"width":1200,"height":1200,"url":"https:\/\/abilica.com\/wp-content\/uploads\/2023\/03\/weighrbench-2.0-3.jpg","type":"image\/jpeg"}],"twitter_card":"summary_large_image","twitter_misc":{"Ber\u00e4knad l\u00e4stid":"1 minut"},"schema":{"@context":"https:\/\/schema.org","@graph":[{"@type":"WebPage","@id":"https:\/\/abilica.com\/sv\/styrka\/traningsbank\/abilica-weightbench-2-0\/","url":"https:\/\/abilica.com\/sv\/styrka\/traningsbank\/abilica-weightbench-2-0\/","name":"Abilica WeightBench 2.0 Abilica","isPartOf":{"@id":"https:\/\/abilica.com\/#website"},"primaryImageOfPage":{"@id":"https:\/\/abilica.com\/sv\/styrka\/traningsbank\/abilica-weightbench-2-0\/#primaryimage"},"image":{"@id":"https:\/\/abilica.com\/sv\/styrka\/traningsbank\/abilica-weightbench-2-0\/#primaryimage"},"thumbnailUrl":"https:\/\/abilica.com\/wp-content\/uploads\/2023\/03\/weighrbench-2.0-3.jpg","datePublished":"2020-03-17T10:45:12+00:00","dateModified":"2023-10-16T19:37:07+00:00","breadcrumb":{"@id":"https:\/\/abilica.com\/sv\/styrka\/traningsbank\/abilica-weightbench-2-0\/#breadcrumb"},"inLanguage":"sv-SE","potentialAction":[{"@type":"ReadAction","target":["https:\/\/abilica.com\/sv\/styrka\/traningsbank\/abilica-weightbench-2-0\/"]}]},{"@type":"ImageObject","inLanguage":"sv-SE","@id":"https:\/\/abilica.com\/sv\/styrka\/traningsbank\/abilica-weightbench-2-0\/#primaryimage","url":"https:\/\/abilica.com\/wp-content\/uploads\/2023\/03\/weighrbench-2.0-3.jpg","contentUrl":"https:\/\/abilica.com\/wp-content\/uploads\/2023\/03\/weighrbench-2.0-3.jpg","width":1200,"height":1200},{"@type":"BreadcrumbList","@id":"https:\/\/abilica.com\/sv\/styrka\/traningsbank\/abilica-weightbench-2-0\/#breadcrumb","itemListElement":[{"@type":"ListItem","position":1,"name":"Hem","item":"https:\/\/abilica.com\/sv\/"},{"@type":"ListItem","position":2,"name":"Produkter","item":"https:\/\/abilica.com\/sv\/shop\/"},{"@type":"ListItem","position":3,"name":"Abilica WeightBench 2.0"}]},{"@type":"WebSite","@id":"https:\/\/abilica.com\/#website","url":"https:\/\/abilica.com\/","name":"Abilica","description":"Abilica Home Training","potentialAction":[{"@type":"SearchAction","target":{"@type":"EntryPoint","urlTemplate":"https:\/\/abilica.com\/?s={search_term_string}"},"query-input":{"@type":"PropertyValueSpecification","valueRequired":true,"valueName":"search_term_string"}}],"inLanguage":"sv-SE"}]}},"_links":{"self":[{"href":"https:\/\/abilica.com\/sv\/wp-json\/wp\/v2\/product\/25685","targetHints":{"allow":["GET"]}}],"collection":[{"href":"https:\/\/abilica.com\/sv\/wp-json\/wp\/v2\/product"}],"about":[{"href":"https:\/\/abilica.com\/sv\/wp-json\/wp\/v2\/types\/product"}],"wp:featuredmedia":[{"embeddable":true,"href":"https:\/\/abilica.com\/sv\/wp-json\/wp\/v2\/media\/31551"}],"wp:attachment":[{"href":"https:\/\/abilica.com\/sv\/wp-json\/wp\/v2\/media?parent=25685"}],"wp:term":[{"taxonomy":"product_brand","embeddable":true,"href":"https:\/\/abilica.com\/sv\/wp-json\/wp\/v2\/product_brand?post=25685"},{"taxonomy":"product_cat","embeddable":true,"href":"https:\/\/abilica.com\/sv\/wp-json\/wp\/v2\/product_cat?post=25685"},{"taxonomy":"product_tag","embeddable":true,"href":"https:\/\/abilica.com\/sv\/wp-json\/wp\/v2\/product_tag?post=25685"}],"curies":[{"name":"wp","href":"https:\/\/api.w.org\/{rel}","templated":true}]}}