{"id":25955,"date":"2020-03-31T10:45:12","date_gmt":"2020-03-31T09:45:12","guid":{"rendered":"https:\/\/abilica.com\/se\/?post_type=product&#038;p=25955"},"modified":"2023-10-16T20:37:08","modified_gmt":"2023-10-16T19:37:08","slug":"abilica-hangon","status":"publish","type":"product","link":"https:\/\/abilica.com\/sv\/styrka\/dorrtrapets\/abilica-hangon\/","title":{"rendered":"Abilica HangOn"},"content":{"rendered":"<p>Trapetsen f\u00e4stes i d\u00f6rrkarmen. Justerbar l\u00e4ngd fr\u00e5n 62-93 cm. N\u00e4r f\u00e4stena \u00e4r monterade i karmen, kan trapetsen enkelt s\u00e4ttas i och ta ur. Handtag i mjuk skumgummi f\u00f6r bra grepp. St\u00e4rker muskulatur i armar och br\u00f6st. De extra f\u00e4stena g\u00f6r det m\u00f6jligt att f\u00e4sta trapetsen ocks\u00e5 i d\u00f6rrkarmen nertill. Detta ger m\u00f6jlighet till magtr\u00e4ning och push-ups tr\u00e4ning.<\/p>\n","protected":false},"excerpt":{"rendered":"<p>Trapetsen f\u00e4stes i d\u00f6rrkarmen. Justerbar l\u00e4ngd fr\u00e5n 62-93 cm. N\u00e4r f\u00e4stena \u00e4r monterade i karmen,&#8230;<\/p>\n","protected":false},"featured_media":25956,"template":"","meta":{"_acf_changed":false},"product_brand":[],"product_cat":[504,471],"product_tag":[],"class_list":{"0":"post-25955","1":"product","2":"type-product","3":"status-publish","4":"has-post-thumbnail","6":"product_cat-dorrtrapets","7":"product_cat-styrka","9":"first","10":"instock","11":"product-type-simple"},"acf":[],"yoast_head":"<!-- This site is optimized with the Yoast SEO Premium plugin v21.1 (Yoast SEO v25.4) - https:\/\/yoast.com\/wordpress\/plugins\/seo\/ -->\n<title>Abilica HangOn Abilica<\/title>\n<meta name=\"robots\" content=\"index, follow, max-snippet:-1, max-image-preview:large, max-video-preview:-1\" \/>\n<link rel=\"canonical\" href=\"https:\/\/abilica.com\/sv\/styrka\/dorrtrapets\/abilica-hangon\/\" \/>\n<meta property=\"og:locale\" content=\"sv_SE\" \/>\n<meta property=\"og:type\" content=\"article\" \/>\n<meta property=\"og:title\" content=\"Abilica HangOn\" \/>\n<meta property=\"og:description\" content=\"Trapetsen f\u00e4stes i d\u00f6rrkarmen. Justerbar l\u00e4ngd fr\u00e5n 62-93 cm. N\u00e4r f\u00e4stena \u00e4r monterade i karmen,...\" \/>\n<meta property=\"og:url\" content=\"https:\/\/abilica.com\/sv\/styrka\/dorrtrapets\/abilica-hangon\/\" \/>\n<meta property=\"og:site_name\" content=\"Abilica\" \/>\n<meta property=\"article:publisher\" content=\"https:\/\/www.facebook.com\/abilicahometraining\/\" \/>\n<meta property=\"article:modified_time\" content=\"2023-10-16T19:37:08+00:00\" \/>\n<meta property=\"og:image\" content=\"https:\/\/abilica.com\/wp-content\/uploads\/2020\/03\/373528.jpg\" \/>\n\t<meta property=\"og:image:width\" content=\"1200\" \/>\n\t<meta property=\"og:image:height\" content=\"1200\" \/>\n\t<meta property=\"og:image:type\" content=\"image\/jpeg\" \/>\n<meta name=\"twitter:card\" content=\"summary_large_image\" \/>\n<script type=\"application\/ld+json\" class=\"yoast-schema-graph\">{\"@context\":\"https:\/\/schema.org\",\"@graph\":[{\"@type\":\"WebPage\",\"@id\":\"https:\/\/abilica.com\/sv\/styrka\/dorrtrapets\/abilica-hangon\/\",\"url\":\"https:\/\/abilica.com\/sv\/styrka\/dorrtrapets\/abilica-hangon\/\",\"name\":\"Abilica HangOn Abilica\",\"isPartOf\":{\"@id\":\"https:\/\/abilica.com\/#website\"},\"primaryImageOfPage\":{\"@id\":\"https:\/\/abilica.com\/sv\/styrka\/dorrtrapets\/abilica-hangon\/#primaryimage\"},\"image\":{\"@id\":\"https:\/\/abilica.com\/sv\/styrka\/dorrtrapets\/abilica-hangon\/#primaryimage\"},\"thumbnailUrl\":\"https:\/\/abilica.com\/wp-content\/uploads\/2020\/03\/373528.jpg\",\"datePublished\":\"2020-03-31T09:45:12+00:00\",\"dateModified\":\"2023-10-16T19:37:08+00:00\",\"breadcrumb\":{\"@id\":\"https:\/\/abilica.com\/sv\/styrka\/dorrtrapets\/abilica-hangon\/#breadcrumb\"},\"inLanguage\":\"sv-SE\",\"potentialAction\":[{\"@type\":\"ReadAction\",\"target\":[\"https:\/\/abilica.com\/sv\/styrka\/dorrtrapets\/abilica-hangon\/\"]}]},{\"@type\":\"ImageObject\",\"inLanguage\":\"sv-SE\",\"@id\":\"https:\/\/abilica.com\/sv\/styrka\/dorrtrapets\/abilica-hangon\/#primaryimage\",\"url\":\"https:\/\/abilica.com\/wp-content\/uploads\/2020\/03\/373528.jpg\",\"contentUrl\":\"https:\/\/abilica.com\/wp-content\/uploads\/2020\/03\/373528.jpg\",\"width\":1200,\"height\":1200},{\"@type\":\"BreadcrumbList\",\"@id\":\"https:\/\/abilica.com\/sv\/styrka\/dorrtrapets\/abilica-hangon\/#breadcrumb\",\"itemListElement\":[{\"@type\":\"ListItem\",\"position\":1,\"name\":\"Hem\",\"item\":\"https:\/\/abilica.com\/sv\/\"},{\"@type\":\"ListItem\",\"position\":2,\"name\":\"Produkter\",\"item\":\"https:\/\/abilica.com\/sv\/shop\/\"},{\"@type\":\"ListItem\",\"position\":3,\"name\":\"Abilica HangOn\"}]},{\"@type\":\"WebSite\",\"@id\":\"https:\/\/abilica.com\/#website\",\"url\":\"https:\/\/abilica.com\/\",\"name\":\"Abilica\",\"description\":\"Abilica Home Training\",\"potentialAction\":[{\"@type\":\"SearchAction\",\"target\":{\"@type\":\"EntryPoint\",\"urlTemplate\":\"https:\/\/abilica.com\/?s={search_term_string}\"},\"query-input\":{\"@type\":\"PropertyValueSpecification\",\"valueRequired\":true,\"valueName\":\"search_term_string\"}}],\"inLanguage\":\"sv-SE\"}]}<\/script>\n<!-- \/ Yoast SEO Premium plugin. -->","yoast_head_json":{"title":"Abilica HangOn Abilica","robots":{"index":"index","follow":"follow","max-snippet":"max-snippet:-1","max-image-preview":"max-image-preview:large","max-video-preview":"max-video-preview:-1"},"canonical":"https:\/\/abilica.com\/sv\/styrka\/dorrtrapets\/abilica-hangon\/","og_locale":"sv_SE","og_type":"article","og_title":"Abilica HangOn","og_description":"Trapetsen f\u00e4stes i d\u00f6rrkarmen. Justerbar l\u00e4ngd fr\u00e5n 62-93 cm. N\u00e4r f\u00e4stena \u00e4r monterade i karmen,...","og_url":"https:\/\/abilica.com\/sv\/styrka\/dorrtrapets\/abilica-hangon\/","og_site_name":"Abilica","article_publisher":"https:\/\/www.facebook.com\/abilicahometraining\/","article_modified_time":"2023-10-16T19:37:08+00:00","og_image":[{"width":1200,"height":1200,"url":"https:\/\/abilica.com\/wp-content\/uploads\/2020\/03\/373528.jpg","type":"image\/jpeg"}],"twitter_card":"summary_large_image","schema":{"@context":"https:\/\/schema.org","@graph":[{"@type":"WebPage","@id":"https:\/\/abilica.com\/sv\/styrka\/dorrtrapets\/abilica-hangon\/","url":"https:\/\/abilica.com\/sv\/styrka\/dorrtrapets\/abilica-hangon\/","name":"Abilica HangOn Abilica","isPartOf":{"@id":"https:\/\/abilica.com\/#website"},"primaryImageOfPage":{"@id":"https:\/\/abilica.com\/sv\/styrka\/dorrtrapets\/abilica-hangon\/#primaryimage"},"image":{"@id":"https:\/\/abilica.com\/sv\/styrka\/dorrtrapets\/abilica-hangon\/#primaryimage"},"thumbnailUrl":"https:\/\/abilica.com\/wp-content\/uploads\/2020\/03\/373528.jpg","datePublished":"2020-03-31T09:45:12+00:00","dateModified":"2023-10-16T19:37:08+00:00","breadcrumb":{"@id":"https:\/\/abilica.com\/sv\/styrka\/dorrtrapets\/abilica-hangon\/#breadcrumb"},"inLanguage":"sv-SE","potentialAction":[{"@type":"ReadAction","target":["https:\/\/abilica.com\/sv\/styrka\/dorrtrapets\/abilica-hangon\/"]}]},{"@type":"ImageObject","inLanguage":"sv-SE","@id":"https:\/\/abilica.com\/sv\/styrka\/dorrtrapets\/abilica-hangon\/#primaryimage","url":"https:\/\/abilica.com\/wp-content\/uploads\/2020\/03\/373528.jpg","contentUrl":"https:\/\/abilica.com\/wp-content\/uploads\/2020\/03\/373528.jpg","width":1200,"height":1200},{"@type":"BreadcrumbList","@id":"https:\/\/abilica.com\/sv\/styrka\/dorrtrapets\/abilica-hangon\/#breadcrumb","itemListElement":[{"@type":"ListItem","position":1,"name":"Hem","item":"https:\/\/abilica.com\/sv\/"},{"@type":"ListItem","position":2,"name":"Produkter","item":"https:\/\/abilica.com\/sv\/shop\/"},{"@type":"ListItem","position":3,"name":"Abilica HangOn"}]},{"@type":"WebSite","@id":"https:\/\/abilica.com\/#website","url":"https:\/\/abilica.com\/","name":"Abilica","description":"Abilica Home Training","potentialAction":[{"@type":"SearchAction","target":{"@type":"EntryPoint","urlTemplate":"https:\/\/abilica.com\/?s={search_term_string}"},"query-input":{"@type":"PropertyValueSpecification","valueRequired":true,"valueName":"search_term_string"}}],"inLanguage":"sv-SE"}]}},"_links":{"self":[{"href":"https:\/\/abilica.com\/sv\/wp-json\/wp\/v2\/product\/25955","targetHints":{"allow":["GET"]}}],"collection":[{"href":"https:\/\/abilica.com\/sv\/wp-json\/wp\/v2\/product"}],"about":[{"href":"https:\/\/abilica.com\/sv\/wp-json\/wp\/v2\/types\/product"}],"wp:featuredmedia":[{"embeddable":true,"href":"https:\/\/abilica.com\/sv\/wp-json\/wp\/v2\/media\/25956"}],"wp:attachment":[{"href":"https:\/\/abilica.com\/sv\/wp-json\/wp\/v2\/media?parent=25955"}],"wp:term":[{"taxonomy":"product_brand","embeddable":true,"href":"https:\/\/abilica.com\/sv\/wp-json\/wp\/v2\/product_brand?post=25955"},{"taxonomy":"product_cat","embeddable":true,"href":"https:\/\/abilica.com\/sv\/wp-json\/wp\/v2\/product_cat?post=25955"},{"taxonomy":"product_tag","embeddable":true,"href":"https:\/\/abilica.com\/sv\/wp-json\/wp\/v2\/product_tag?post=25955"}],"curies":[{"name":"wp","href":"https:\/\/api.w.org\/{rel}","templated":true}]}}