{"id":25957,"date":"2020-03-31T10:46:01","date_gmt":"2020-03-31T09:46:01","guid":{"rendered":"https:\/\/abilica.com\/se\/?post_type=product&#038;p=25957"},"modified":"2025-10-31T14:43:34","modified_gmt":"2025-10-31T13:43:34","slug":"abilica-wheel","status":"publish","type":"product","link":"https:\/\/abilica.com\/sv\/styrka\/abilica-wheel\/","title":{"rendered":"Abilica Wheel"},"content":{"rendered":"<p>Abilica Wheel ger mycket effektiv tr\u00e4ning av mage, rygg, armar och axlar. Ju starkare du blir, ju l\u00e4ngre ut rullar du. F\u00f6r extra magtr\u00e4ning lyfter du upp kn\u00e4na och har bara t\u00e5rna i golvet med rak kropp. Dubbla hjul ger extra god stabilitet. Handtag i skumgummi f\u00f6r bra grepp.<\/p>\n","protected":false},"excerpt":{"rendered":"<p>Abilica Wheel ger mycket effektiv tr\u00e4ning av mage, rygg, armar och axlar. Ju starkare du&#8230;<\/p>\n","protected":false},"featured_media":25958,"template":"","meta":{"_acf_changed":false},"product_brand":[],"product_cat":[471],"product_tag":[177],"class_list":{"0":"post-25957","1":"product","2":"type-product","3":"status-publish","4":"has-post-thumbnail","6":"product_cat-styrka","7":"product_tag-small-items","9":"first","10":"instock","11":"product-type-simple"},"acf":[],"yoast_head":"<!-- This site is optimized with the Yoast SEO Premium plugin v21.1 (Yoast SEO v25.4) - https:\/\/yoast.com\/wordpress\/plugins\/seo\/ -->\n<title>Abilica Wheel Abilica<\/title>\n<meta name=\"robots\" content=\"index, follow, max-snippet:-1, max-image-preview:large, max-video-preview:-1\" \/>\n<link rel=\"canonical\" href=\"https:\/\/abilica.com\/sv\/styrka\/abilica-wheel\/\" \/>\n<meta property=\"og:locale\" content=\"sv_SE\" \/>\n<meta property=\"og:type\" content=\"article\" \/>\n<meta property=\"og:title\" content=\"Abilica Wheel\" \/>\n<meta property=\"og:description\" content=\"Abilica Wheel ger mycket effektiv tr\u00e4ning av mage, rygg, armar och axlar. Ju starkare du...\" \/>\n<meta property=\"og:url\" content=\"https:\/\/abilica.com\/sv\/styrka\/abilica-wheel\/\" \/>\n<meta property=\"og:site_name\" content=\"Abilica\" \/>\n<meta property=\"article:publisher\" content=\"https:\/\/www.facebook.com\/abilicahometraining\/\" \/>\n<meta property=\"article:modified_time\" content=\"2025-10-31T13:43:34+00:00\" \/>\n<meta property=\"og:image\" content=\"https:\/\/abilica.com\/wp-content\/uploads\/2020\/03\/373317.jpg\" \/>\n\t<meta property=\"og:image:width\" content=\"1200\" \/>\n\t<meta property=\"og:image:height\" content=\"1200\" \/>\n\t<meta property=\"og:image:type\" content=\"image\/jpeg\" \/>\n<meta name=\"twitter:card\" content=\"summary_large_image\" \/>\n<script type=\"application\/ld+json\" class=\"yoast-schema-graph\">{\"@context\":\"https:\/\/schema.org\",\"@graph\":[{\"@type\":\"WebPage\",\"@id\":\"https:\/\/abilica.com\/sv\/styrka\/abilica-wheel\/\",\"url\":\"https:\/\/abilica.com\/sv\/styrka\/abilica-wheel\/\",\"name\":\"Abilica Wheel Abilica\",\"isPartOf\":{\"@id\":\"https:\/\/abilica.com\/#website\"},\"primaryImageOfPage\":{\"@id\":\"https:\/\/abilica.com\/sv\/styrka\/abilica-wheel\/#primaryimage\"},\"image\":{\"@id\":\"https:\/\/abilica.com\/sv\/styrka\/abilica-wheel\/#primaryimage\"},\"thumbnailUrl\":\"https:\/\/abilica.com\/wp-content\/uploads\/2020\/03\/373317.jpg\",\"datePublished\":\"2020-03-31T09:46:01+00:00\",\"dateModified\":\"2025-10-31T13:43:34+00:00\",\"breadcrumb\":{\"@id\":\"https:\/\/abilica.com\/sv\/styrka\/abilica-wheel\/#breadcrumb\"},\"inLanguage\":\"sv-SE\",\"potentialAction\":[{\"@type\":\"ReadAction\",\"target\":[\"https:\/\/abilica.com\/sv\/styrka\/abilica-wheel\/\"]}]},{\"@type\":\"ImageObject\",\"inLanguage\":\"sv-SE\",\"@id\":\"https:\/\/abilica.com\/sv\/styrka\/abilica-wheel\/#primaryimage\",\"url\":\"https:\/\/abilica.com\/wp-content\/uploads\/2020\/03\/373317.jpg\",\"contentUrl\":\"https:\/\/abilica.com\/wp-content\/uploads\/2020\/03\/373317.jpg\",\"width\":1200,\"height\":1200},{\"@type\":\"BreadcrumbList\",\"@id\":\"https:\/\/abilica.com\/sv\/styrka\/abilica-wheel\/#breadcrumb\",\"itemListElement\":[{\"@type\":\"ListItem\",\"position\":1,\"name\":\"Hem\",\"item\":\"https:\/\/abilica.com\/sv\/\"},{\"@type\":\"ListItem\",\"position\":2,\"name\":\"Produkter\",\"item\":\"https:\/\/abilica.com\/sv\/shop\/\"},{\"@type\":\"ListItem\",\"position\":3,\"name\":\"Abilica Wheel\"}]},{\"@type\":\"WebSite\",\"@id\":\"https:\/\/abilica.com\/#website\",\"url\":\"https:\/\/abilica.com\/\",\"name\":\"Abilica\",\"description\":\"Abilica Home Training\",\"potentialAction\":[{\"@type\":\"SearchAction\",\"target\":{\"@type\":\"EntryPoint\",\"urlTemplate\":\"https:\/\/abilica.com\/?s={search_term_string}\"},\"query-input\":{\"@type\":\"PropertyValueSpecification\",\"valueRequired\":true,\"valueName\":\"search_term_string\"}}],\"inLanguage\":\"sv-SE\"}]}<\/script>\n<!-- \/ Yoast SEO Premium plugin. -->","yoast_head_json":{"title":"Abilica Wheel Abilica","robots":{"index":"index","follow":"follow","max-snippet":"max-snippet:-1","max-image-preview":"max-image-preview:large","max-video-preview":"max-video-preview:-1"},"canonical":"https:\/\/abilica.com\/sv\/styrka\/abilica-wheel\/","og_locale":"sv_SE","og_type":"article","og_title":"Abilica Wheel","og_description":"Abilica Wheel ger mycket effektiv tr\u00e4ning av mage, rygg, armar och axlar. Ju starkare du...","og_url":"https:\/\/abilica.com\/sv\/styrka\/abilica-wheel\/","og_site_name":"Abilica","article_publisher":"https:\/\/www.facebook.com\/abilicahometraining\/","article_modified_time":"2025-10-31T13:43:34+00:00","og_image":[{"width":1200,"height":1200,"url":"https:\/\/abilica.com\/wp-content\/uploads\/2020\/03\/373317.jpg","type":"image\/jpeg"}],"twitter_card":"summary_large_image","schema":{"@context":"https:\/\/schema.org","@graph":[{"@type":"WebPage","@id":"https:\/\/abilica.com\/sv\/styrka\/abilica-wheel\/","url":"https:\/\/abilica.com\/sv\/styrka\/abilica-wheel\/","name":"Abilica Wheel Abilica","isPartOf":{"@id":"https:\/\/abilica.com\/#website"},"primaryImageOfPage":{"@id":"https:\/\/abilica.com\/sv\/styrka\/abilica-wheel\/#primaryimage"},"image":{"@id":"https:\/\/abilica.com\/sv\/styrka\/abilica-wheel\/#primaryimage"},"thumbnailUrl":"https:\/\/abilica.com\/wp-content\/uploads\/2020\/03\/373317.jpg","datePublished":"2020-03-31T09:46:01+00:00","dateModified":"2025-10-31T13:43:34+00:00","breadcrumb":{"@id":"https:\/\/abilica.com\/sv\/styrka\/abilica-wheel\/#breadcrumb"},"inLanguage":"sv-SE","potentialAction":[{"@type":"ReadAction","target":["https:\/\/abilica.com\/sv\/styrka\/abilica-wheel\/"]}]},{"@type":"ImageObject","inLanguage":"sv-SE","@id":"https:\/\/abilica.com\/sv\/styrka\/abilica-wheel\/#primaryimage","url":"https:\/\/abilica.com\/wp-content\/uploads\/2020\/03\/373317.jpg","contentUrl":"https:\/\/abilica.com\/wp-content\/uploads\/2020\/03\/373317.jpg","width":1200,"height":1200},{"@type":"BreadcrumbList","@id":"https:\/\/abilica.com\/sv\/styrka\/abilica-wheel\/#breadcrumb","itemListElement":[{"@type":"ListItem","position":1,"name":"Hem","item":"https:\/\/abilica.com\/sv\/"},{"@type":"ListItem","position":2,"name":"Produkter","item":"https:\/\/abilica.com\/sv\/shop\/"},{"@type":"ListItem","position":3,"name":"Abilica Wheel"}]},{"@type":"WebSite","@id":"https:\/\/abilica.com\/#website","url":"https:\/\/abilica.com\/","name":"Abilica","description":"Abilica Home Training","potentialAction":[{"@type":"SearchAction","target":{"@type":"EntryPoint","urlTemplate":"https:\/\/abilica.com\/?s={search_term_string}"},"query-input":{"@type":"PropertyValueSpecification","valueRequired":true,"valueName":"search_term_string"}}],"inLanguage":"sv-SE"}]}},"_links":{"self":[{"href":"https:\/\/abilica.com\/sv\/wp-json\/wp\/v2\/product\/25957","targetHints":{"allow":["GET"]}}],"collection":[{"href":"https:\/\/abilica.com\/sv\/wp-json\/wp\/v2\/product"}],"about":[{"href":"https:\/\/abilica.com\/sv\/wp-json\/wp\/v2\/types\/product"}],"wp:featuredmedia":[{"embeddable":true,"href":"https:\/\/abilica.com\/sv\/wp-json\/wp\/v2\/media\/25958"}],"wp:attachment":[{"href":"https:\/\/abilica.com\/sv\/wp-json\/wp\/v2\/media?parent=25957"}],"wp:term":[{"taxonomy":"product_brand","embeddable":true,"href":"https:\/\/abilica.com\/sv\/wp-json\/wp\/v2\/product_brand?post=25957"},{"taxonomy":"product_cat","embeddable":true,"href":"https:\/\/abilica.com\/sv\/wp-json\/wp\/v2\/product_cat?post=25957"},{"taxonomy":"product_tag","embeddable":true,"href":"https:\/\/abilica.com\/sv\/wp-json\/wp\/v2\/product_tag?post=25957"}],"curies":[{"name":"wp","href":"https:\/\/api.w.org\/{rel}","templated":true}]}}