{"id":26019,"date":"2020-04-08T09:46:01","date_gmt":"2020-04-08T08:46:01","guid":{"rendered":"https:\/\/abilica.com\/se\/?post_type=product&#038;p=26019"},"modified":"2024-02-16T12:59:57","modified_gmt":"2024-02-16T11:59:57","slug":"abilica-yogamat-breathe-eco","status":"publish","type":"product","link":"https:\/\/abilica.com\/sv\/yoga-2\/yogamatta\/abilica-yogamat-breathe-eco\/","title":{"rendered":"Abilica YogaMat Breathe ECO"},"content":{"rendered":"<div class=\"wpb-content-wrapper\"><p>[vc_row][vc_column][vc_column_text]<img loading=\"lazy\" decoding=\"async\" class=\"alignnone wp-image-30034\" src=\"https:\/\/abilica.com\/se\/wp-content\/uploads\/2021\/06\/ECO-hvit-150x150-1.png\" alt=\"\" width=\"91\" height=\"91\" \/><\/p>\n<p>Breathe and be Present! Yogamatta som produceras i ett nytt milj\u00f6v\u00e4nligt material PER, som \u00e4r det milj\u00f6v\u00e4nliga alternativet till PVC. PER \u00e4r 100% biologiskt nedbrytbart. Kommer med b\u00e4rrem. Storlek 175\u00d761 cm. Tjocklek p\u00e5 3 mm.[\/vc_column_text][vc_empty_space height=&#8221;52px&#8221;][\/vc_column][\/vc_row][vc_row][vc_column width=&#8221;1\/2&#8243;][vc_btn title=&#8221;Tr\u00e4ningsprogram&#8221; style=&#8221;flat&#8221; color=&#8221;black&#8221; align=&#8221;center&#8221; link=&#8221;url:https%3A%2F%2Fabilica.com%2Fse%2Ftraningsprogram%2Ftraningsprogram-till-abilica-yoga%2F||target:%20_blank|&#8221;][\/vc_column][vc_column width=&#8221;1\/2&#8243;][vc_btn title=&#8221;Tr\u00e4ningstips&#8221; style=&#8221;flat&#8221; color=&#8221;black&#8221; align=&#8221;center&#8221; link=&#8221;url:http%3A%2F%2Fwww.hemmatraningsbloggen.se%2Fyoga%2Fvarva-ner-med-yoga%2F||target:%20_blank|&#8221;][\/vc_column][\/vc_row]<\/p>\n<\/div>","protected":false},"excerpt":{"rendered":"<p>[vc_row][vc_column][vc_column_text] Breathe and be Present! Yogamatta som produceras i ett nytt milj\u00f6v\u00e4nligt material PER, som&#8230;<\/p>\n","protected":false},"featured_media":26020,"template":"","meta":{"_acf_changed":false},"product_brand":[],"product_cat":[486],"product_tag":[183,76],"class_list":{"0":"post-26019","1":"product","2":"type-product","3":"status-publish","4":"has-post-thumbnail","6":"product_cat-yogamatta","7":"product_tag-abilica-pregnancy","8":"product_tag-eco-friendly","10":"first","11":"instock","12":"product-type-simple"},"acf":[],"yoast_head":"<!-- This site is optimized with the Yoast SEO Premium plugin v21.1 (Yoast SEO v25.4) - https:\/\/yoast.com\/wordpress\/plugins\/seo\/ -->\n<title>Abilica YogaMat Breathe ECO Abilica<\/title>\n<meta name=\"robots\" content=\"index, follow, max-snippet:-1, max-image-preview:large, max-video-preview:-1\" \/>\n<link rel=\"canonical\" href=\"https:\/\/abilica.com\/sv\/yoga-2\/yogamatta\/abilica-yogamat-breathe-eco\/\" \/>\n<meta property=\"og:locale\" content=\"sv_SE\" \/>\n<meta property=\"og:type\" content=\"article\" \/>\n<meta property=\"og:title\" content=\"Abilica YogaMat Breathe ECO\" \/>\n<meta property=\"og:description\" content=\"[vc_row][vc_column][vc_column_text] Breathe and be Present! Yogamatta som produceras i ett nytt milj\u00f6v\u00e4nligt material PER, som...\" \/>\n<meta property=\"og:url\" content=\"https:\/\/abilica.com\/sv\/yoga-2\/yogamatta\/abilica-yogamat-breathe-eco\/\" \/>\n<meta property=\"og:site_name\" content=\"Abilica\" \/>\n<meta property=\"article:publisher\" content=\"https:\/\/www.facebook.com\/abilicahometraining\/\" \/>\n<meta property=\"article:modified_time\" content=\"2024-02-16T11:59:57+00:00\" \/>\n<meta property=\"og:image\" content=\"https:\/\/abilica.com\/wp-content\/uploads\/2020\/04\/373517.jpg\" \/>\n\t<meta property=\"og:image:width\" content=\"1200\" \/>\n\t<meta property=\"og:image:height\" content=\"1200\" \/>\n\t<meta property=\"og:image:type\" content=\"image\/jpeg\" \/>\n<meta name=\"twitter:card\" content=\"summary_large_image\" \/>\n<meta name=\"twitter:label1\" content=\"Ber\u00e4knad l\u00e4stid\" \/>\n\t<meta name=\"twitter:data1\" content=\"1 minut\" \/>\n<script type=\"application\/ld+json\" class=\"yoast-schema-graph\">{\"@context\":\"https:\/\/schema.org\",\"@graph\":[{\"@type\":\"WebPage\",\"@id\":\"https:\/\/abilica.com\/sv\/yoga-2\/yogamatta\/abilica-yogamat-breathe-eco\/\",\"url\":\"https:\/\/abilica.com\/sv\/yoga-2\/yogamatta\/abilica-yogamat-breathe-eco\/\",\"name\":\"Abilica YogaMat Breathe ECO Abilica\",\"isPartOf\":{\"@id\":\"https:\/\/abilica.com\/#website\"},\"primaryImageOfPage\":{\"@id\":\"https:\/\/abilica.com\/sv\/yoga-2\/yogamatta\/abilica-yogamat-breathe-eco\/#primaryimage\"},\"image\":{\"@id\":\"https:\/\/abilica.com\/sv\/yoga-2\/yogamatta\/abilica-yogamat-breathe-eco\/#primaryimage\"},\"thumbnailUrl\":\"https:\/\/abilica.com\/wp-content\/uploads\/2020\/04\/373517.jpg\",\"datePublished\":\"2020-04-08T08:46:01+00:00\",\"dateModified\":\"2024-02-16T11:59:57+00:00\",\"breadcrumb\":{\"@id\":\"https:\/\/abilica.com\/sv\/yoga-2\/yogamatta\/abilica-yogamat-breathe-eco\/#breadcrumb\"},\"inLanguage\":\"sv-SE\",\"potentialAction\":[{\"@type\":\"ReadAction\",\"target\":[\"https:\/\/abilica.com\/sv\/yoga-2\/yogamatta\/abilica-yogamat-breathe-eco\/\"]}]},{\"@type\":\"ImageObject\",\"inLanguage\":\"sv-SE\",\"@id\":\"https:\/\/abilica.com\/sv\/yoga-2\/yogamatta\/abilica-yogamat-breathe-eco\/#primaryimage\",\"url\":\"https:\/\/abilica.com\/wp-content\/uploads\/2020\/04\/373517.jpg\",\"contentUrl\":\"https:\/\/abilica.com\/wp-content\/uploads\/2020\/04\/373517.jpg\",\"width\":1200,\"height\":1200},{\"@type\":\"BreadcrumbList\",\"@id\":\"https:\/\/abilica.com\/sv\/yoga-2\/yogamatta\/abilica-yogamat-breathe-eco\/#breadcrumb\",\"itemListElement\":[{\"@type\":\"ListItem\",\"position\":1,\"name\":\"Hem\",\"item\":\"https:\/\/abilica.com\/sv\/\"},{\"@type\":\"ListItem\",\"position\":2,\"name\":\"Produkter\",\"item\":\"https:\/\/abilica.com\/sv\/shop\/\"},{\"@type\":\"ListItem\",\"position\":3,\"name\":\"Abilica YogaMat Breathe ECO\"}]},{\"@type\":\"WebSite\",\"@id\":\"https:\/\/abilica.com\/#website\",\"url\":\"https:\/\/abilica.com\/\",\"name\":\"Abilica\",\"description\":\"Abilica Home Training\",\"potentialAction\":[{\"@type\":\"SearchAction\",\"target\":{\"@type\":\"EntryPoint\",\"urlTemplate\":\"https:\/\/abilica.com\/?s={search_term_string}\"},\"query-input\":{\"@type\":\"PropertyValueSpecification\",\"valueRequired\":true,\"valueName\":\"search_term_string\"}}],\"inLanguage\":\"sv-SE\"}]}<\/script>\n<!-- \/ Yoast SEO Premium plugin. -->","yoast_head_json":{"title":"Abilica YogaMat Breathe ECO Abilica","robots":{"index":"index","follow":"follow","max-snippet":"max-snippet:-1","max-image-preview":"max-image-preview:large","max-video-preview":"max-video-preview:-1"},"canonical":"https:\/\/abilica.com\/sv\/yoga-2\/yogamatta\/abilica-yogamat-breathe-eco\/","og_locale":"sv_SE","og_type":"article","og_title":"Abilica YogaMat Breathe ECO","og_description":"[vc_row][vc_column][vc_column_text] Breathe and be Present! Yogamatta som produceras i ett nytt milj\u00f6v\u00e4nligt material PER, som...","og_url":"https:\/\/abilica.com\/sv\/yoga-2\/yogamatta\/abilica-yogamat-breathe-eco\/","og_site_name":"Abilica","article_publisher":"https:\/\/www.facebook.com\/abilicahometraining\/","article_modified_time":"2024-02-16T11:59:57+00:00","og_image":[{"width":1200,"height":1200,"url":"https:\/\/abilica.com\/wp-content\/uploads\/2020\/04\/373517.jpg","type":"image\/jpeg"}],"twitter_card":"summary_large_image","twitter_misc":{"Ber\u00e4knad l\u00e4stid":"1 minut"},"schema":{"@context":"https:\/\/schema.org","@graph":[{"@type":"WebPage","@id":"https:\/\/abilica.com\/sv\/yoga-2\/yogamatta\/abilica-yogamat-breathe-eco\/","url":"https:\/\/abilica.com\/sv\/yoga-2\/yogamatta\/abilica-yogamat-breathe-eco\/","name":"Abilica YogaMat Breathe ECO Abilica","isPartOf":{"@id":"https:\/\/abilica.com\/#website"},"primaryImageOfPage":{"@id":"https:\/\/abilica.com\/sv\/yoga-2\/yogamatta\/abilica-yogamat-breathe-eco\/#primaryimage"},"image":{"@id":"https:\/\/abilica.com\/sv\/yoga-2\/yogamatta\/abilica-yogamat-breathe-eco\/#primaryimage"},"thumbnailUrl":"https:\/\/abilica.com\/wp-content\/uploads\/2020\/04\/373517.jpg","datePublished":"2020-04-08T08:46:01+00:00","dateModified":"2024-02-16T11:59:57+00:00","breadcrumb":{"@id":"https:\/\/abilica.com\/sv\/yoga-2\/yogamatta\/abilica-yogamat-breathe-eco\/#breadcrumb"},"inLanguage":"sv-SE","potentialAction":[{"@type":"ReadAction","target":["https:\/\/abilica.com\/sv\/yoga-2\/yogamatta\/abilica-yogamat-breathe-eco\/"]}]},{"@type":"ImageObject","inLanguage":"sv-SE","@id":"https:\/\/abilica.com\/sv\/yoga-2\/yogamatta\/abilica-yogamat-breathe-eco\/#primaryimage","url":"https:\/\/abilica.com\/wp-content\/uploads\/2020\/04\/373517.jpg","contentUrl":"https:\/\/abilica.com\/wp-content\/uploads\/2020\/04\/373517.jpg","width":1200,"height":1200},{"@type":"BreadcrumbList","@id":"https:\/\/abilica.com\/sv\/yoga-2\/yogamatta\/abilica-yogamat-breathe-eco\/#breadcrumb","itemListElement":[{"@type":"ListItem","position":1,"name":"Hem","item":"https:\/\/abilica.com\/sv\/"},{"@type":"ListItem","position":2,"name":"Produkter","item":"https:\/\/abilica.com\/sv\/shop\/"},{"@type":"ListItem","position":3,"name":"Abilica YogaMat Breathe ECO"}]},{"@type":"WebSite","@id":"https:\/\/abilica.com\/#website","url":"https:\/\/abilica.com\/","name":"Abilica","description":"Abilica Home Training","potentialAction":[{"@type":"SearchAction","target":{"@type":"EntryPoint","urlTemplate":"https:\/\/abilica.com\/?s={search_term_string}"},"query-input":{"@type":"PropertyValueSpecification","valueRequired":true,"valueName":"search_term_string"}}],"inLanguage":"sv-SE"}]}},"_links":{"self":[{"href":"https:\/\/abilica.com\/sv\/wp-json\/wp\/v2\/product\/26019","targetHints":{"allow":["GET"]}}],"collection":[{"href":"https:\/\/abilica.com\/sv\/wp-json\/wp\/v2\/product"}],"about":[{"href":"https:\/\/abilica.com\/sv\/wp-json\/wp\/v2\/types\/product"}],"wp:featuredmedia":[{"embeddable":true,"href":"https:\/\/abilica.com\/sv\/wp-json\/wp\/v2\/media\/26020"}],"wp:attachment":[{"href":"https:\/\/abilica.com\/sv\/wp-json\/wp\/v2\/media?parent=26019"}],"wp:term":[{"taxonomy":"product_brand","embeddable":true,"href":"https:\/\/abilica.com\/sv\/wp-json\/wp\/v2\/product_brand?post=26019"},{"taxonomy":"product_cat","embeddable":true,"href":"https:\/\/abilica.com\/sv\/wp-json\/wp\/v2\/product_cat?post=26019"},{"taxonomy":"product_tag","embeddable":true,"href":"https:\/\/abilica.com\/sv\/wp-json\/wp\/v2\/product_tag?post=26019"}],"curies":[{"name":"wp","href":"https:\/\/api.w.org\/{rel}","templated":true}]}}