{"id":2639,"date":"2016-07-19T00:00:00","date_gmt":"2016-07-19T00:00:00","guid":{"rendered":"https:\/\/abilica.com\/se\/produkt\/abilica-weightvest-3kg\/"},"modified":"2023-10-16T20:36:33","modified_gmt":"2023-10-16T19:36:33","slug":"abilica-weightvest-3kg","status":"publish","type":"product","link":"https:\/\/abilica.com\/sv\/styrka\/viktvast\/abilica-weightvest-3kg\/","title":{"rendered":"Abilica WeightVest 3kg"},"content":{"rendered":"<div class=\"wpb-content-wrapper\"><p>[vc_row][vc_column][vc_column_text el_class=&#8221;product-video&#8221;]3 kg. viktv\u00e4st d\u00e4r tv\u00e5 av de halvkilos viktp\u00e5sarna kan tas ut om du endast vill ha lite l\u00e4ttare v\u00e4st. Levereras med tv\u00e5 justerbara sp\u00e4nnen och reflex. Ficka p\u00e5 baksidan. En fin v\u00e4st som sitter bra och \u00e4r bekv\u00e4m att b\u00e4ra. Tillverkad av mjuk neopren. Fylld med j\u00e4rnsand. F\u00f6r dig som vill f\u00e5 det d\u00e4r lilla extra ur din tr\u00e4ning. Kan anv\u00e4ndas i alla typer av tr\u00e4ning, till exempel n\u00e4r du g\u00e5r, joggar eller st\u00e4rkande \u00f6vningar.<\/p>\n<div style=\"width: 640px;\" class=\"wp-video\"><!--[if lt IE 9]><script>document.createElement('video');<\/script><![endif]-->\n<video class=\"wp-video-shortcode\" id=\"video-2639-1\" width=\"640\" height=\"360\" poster=\"https:\/\/abilica.com\/se\/wp-content\/uploads\/2015\/07\/Screenshot-2021-01-25-at-13.20.14.png\" preload=\"metadata\" controls=\"controls\"><source type=\"video\/mp4\" src=\"https:\/\/abilica.com\/se\/wp-content\/uploads\/2021\/01\/WeightVest.mp4?_=1\" \/><a href=\"https:\/\/abilica.com\/se\/wp-content\/uploads\/2021\/01\/WeightVest.mp4\">https:\/\/abilica.com\/se\/wp-content\/uploads\/2021\/01\/WeightVest.mp4<\/a><\/video><\/div>\n<p>[\/vc_column_text][vc_empty_space height=&#8221;52px&#8221;][\/vc_column][\/vc_row]<\/p>\n<p>[vc_row][vc_column width=&#8221;1\/3&#8243;][vc_btn title=&#8221;Tr\u00e4ningsprogram&#8221; style=&#8221;flat&#8221; color=&#8221;black&#8221; align=&#8221;center&#8221; i_icon_fontawesome=&#8221;fa fa-file-pdf-o&#8221; add_icon=&#8221;true&#8221; link=&#8221;url:http%3A%2F%2Fabilica.com\/se%2Fwp-content%2Fuploads%2F2017%2F02%2F160412-HSH-WeightVest-Flexi_yellow_Nett.pdf||target:%20_blank|&#8221;][\/vc_column][vc_column width=&#8221;1\/3&#8243;][vc_btn title=&#8221;Tr\u00e4ningstips&#8221; style=&#8221;flat&#8221; color=&#8221;black&#8221; align=&#8221;center&#8221; i_icon_fontawesome=&#8221;fa fa-align-left&#8221; add_icon=&#8221;true&#8221; link=&#8221;url:http%3A%2F%2Fwww.hemmatraningsbloggen.se%2Fstyrka%2Fovningar-med-viktvast%2F||target:%20_blank|&#8221;][\/vc_column][vc_column width=&#8221;1\/3&#8243;][vc_btn title=&#8221;Tr\u00e4ningsfilmer&#8221; style=&#8221;flat&#8221; color=&#8221;black&#8221; align=&#8221;center&#8221; i_icon_fontawesome=&#8221;fa fa-youtube&#8221; add_icon=&#8221;true&#8221; link=&#8221;url:http%3A%2F%2Fwww.hemmatraningsbloggen.se%2Fkondition%2Fintervall-pa-crosstrainer%2F||target:%20_blank|&#8221;][\/vc_column][\/vc_row]<\/p>\n<\/div>","protected":false},"excerpt":{"rendered":"<p>[vc_row][vc_column][vc_column_text el_class=&#8221;product-video&#8221;]3 kg. viktv\u00e4st d\u00e4r tv\u00e5 av de halvkilos viktp\u00e5sarna kan tas ut om du&#8230;<\/p>\n","protected":false},"featured_media":30938,"template":"","meta":{"_acf_changed":false},"product_brand":[],"product_cat":[471,495],"product_tag":[31,33,95,34,179],"class_list":{"0":"post-2639","1":"product","2":"type-product","3":"status-publish","4":"has-post-thumbnail","6":"product_cat-styrka","7":"product_cat-viktvast","8":"product_tag-circle","9":"product_tag-crossfit","10":"product_tag-nyheter","11":"product_tag-styrka","12":"product_tag-summer-workout","14":"first","15":"instock","16":"product-type-simple"},"acf":[],"yoast_head":"<!-- This site is optimized with the Yoast SEO Premium plugin v21.1 (Yoast SEO v25.4) - https:\/\/yoast.com\/wordpress\/plugins\/seo\/ -->\n<title>Abilica WeightVest 3kg Abilica<\/title>\n<meta name=\"robots\" content=\"index, follow, max-snippet:-1, max-image-preview:large, max-video-preview:-1\" \/>\n<link rel=\"canonical\" href=\"https:\/\/abilica.com\/sv\/styrka\/viktvast\/abilica-weightvest-3kg\/\" \/>\n<meta property=\"og:locale\" content=\"sv_SE\" \/>\n<meta property=\"og:type\" content=\"article\" \/>\n<meta property=\"og:title\" content=\"Abilica WeightVest 3kg\" \/>\n<meta property=\"og:description\" content=\"[vc_row][vc_column][vc_column_text el_class=&#8221;product-video&#8221;]3 kg. viktv\u00e4st d\u00e4r tv\u00e5 av de halvkilos viktp\u00e5sarna kan tas ut om du...\" \/>\n<meta property=\"og:url\" content=\"https:\/\/abilica.com\/sv\/styrka\/viktvast\/abilica-weightvest-3kg\/\" \/>\n<meta property=\"og:site_name\" content=\"Abilica\" \/>\n<meta property=\"article:publisher\" content=\"https:\/\/www.facebook.com\/abilicahometraining\/\" \/>\n<meta property=\"article:modified_time\" content=\"2023-10-16T19:36:33+00:00\" \/>\n<meta property=\"og:image\" content=\"https:\/\/abilica.com\/wp-content\/uploads\/2018\/08\/3kg-abilica.jpg\" \/>\n\t<meta property=\"og:image:width\" content=\"1200\" \/>\n\t<meta property=\"og:image:height\" content=\"1200\" \/>\n\t<meta property=\"og:image:type\" content=\"image\/jpeg\" \/>\n<meta name=\"twitter:card\" content=\"summary_large_image\" \/>\n<meta name=\"twitter:label1\" content=\"Ber\u00e4knad l\u00e4stid\" \/>\n\t<meta name=\"twitter:data1\" content=\"1 minut\" \/>\n<script type=\"application\/ld+json\" class=\"yoast-schema-graph\">{\"@context\":\"https:\/\/schema.org\",\"@graph\":[{\"@type\":\"WebPage\",\"@id\":\"https:\/\/abilica.com\/sv\/styrka\/viktvast\/abilica-weightvest-3kg\/\",\"url\":\"https:\/\/abilica.com\/sv\/styrka\/viktvast\/abilica-weightvest-3kg\/\",\"name\":\"Abilica WeightVest 3kg Abilica\",\"isPartOf\":{\"@id\":\"https:\/\/abilica.com\/#website\"},\"primaryImageOfPage\":{\"@id\":\"https:\/\/abilica.com\/sv\/styrka\/viktvast\/abilica-weightvest-3kg\/#primaryimage\"},\"image\":{\"@id\":\"https:\/\/abilica.com\/sv\/styrka\/viktvast\/abilica-weightvest-3kg\/#primaryimage\"},\"thumbnailUrl\":\"https:\/\/abilica.com\/wp-content\/uploads\/2018\/08\/3kg-abilica.jpg\",\"datePublished\":\"2016-07-19T00:00:00+00:00\",\"dateModified\":\"2023-10-16T19:36:33+00:00\",\"breadcrumb\":{\"@id\":\"https:\/\/abilica.com\/sv\/styrka\/viktvast\/abilica-weightvest-3kg\/#breadcrumb\"},\"inLanguage\":\"sv-SE\",\"potentialAction\":[{\"@type\":\"ReadAction\",\"target\":[\"https:\/\/abilica.com\/sv\/styrka\/viktvast\/abilica-weightvest-3kg\/\"]}]},{\"@type\":\"ImageObject\",\"inLanguage\":\"sv-SE\",\"@id\":\"https:\/\/abilica.com\/sv\/styrka\/viktvast\/abilica-weightvest-3kg\/#primaryimage\",\"url\":\"https:\/\/abilica.com\/wp-content\/uploads\/2018\/08\/3kg-abilica.jpg\",\"contentUrl\":\"https:\/\/abilica.com\/wp-content\/uploads\/2018\/08\/3kg-abilica.jpg\",\"width\":1200,\"height\":1200},{\"@type\":\"BreadcrumbList\",\"@id\":\"https:\/\/abilica.com\/sv\/styrka\/viktvast\/abilica-weightvest-3kg\/#breadcrumb\",\"itemListElement\":[{\"@type\":\"ListItem\",\"position\":1,\"name\":\"Hem\",\"item\":\"https:\/\/abilica.com\/sv\/\"},{\"@type\":\"ListItem\",\"position\":2,\"name\":\"Produkter\",\"item\":\"https:\/\/abilica.com\/sv\/shop\/\"},{\"@type\":\"ListItem\",\"position\":3,\"name\":\"Abilica WeightVest 3kg\"}]},{\"@type\":\"WebSite\",\"@id\":\"https:\/\/abilica.com\/#website\",\"url\":\"https:\/\/abilica.com\/\",\"name\":\"Abilica\",\"description\":\"Abilica Home Training\",\"potentialAction\":[{\"@type\":\"SearchAction\",\"target\":{\"@type\":\"EntryPoint\",\"urlTemplate\":\"https:\/\/abilica.com\/?s={search_term_string}\"},\"query-input\":{\"@type\":\"PropertyValueSpecification\",\"valueRequired\":true,\"valueName\":\"search_term_string\"}}],\"inLanguage\":\"sv-SE\"}]}<\/script>\n<!-- \/ Yoast SEO Premium plugin. -->","yoast_head_json":{"title":"Abilica WeightVest 3kg Abilica","robots":{"index":"index","follow":"follow","max-snippet":"max-snippet:-1","max-image-preview":"max-image-preview:large","max-video-preview":"max-video-preview:-1"},"canonical":"https:\/\/abilica.com\/sv\/styrka\/viktvast\/abilica-weightvest-3kg\/","og_locale":"sv_SE","og_type":"article","og_title":"Abilica WeightVest 3kg","og_description":"[vc_row][vc_column][vc_column_text el_class=&#8221;product-video&#8221;]3 kg. viktv\u00e4st d\u00e4r tv\u00e5 av de halvkilos viktp\u00e5sarna kan tas ut om du...","og_url":"https:\/\/abilica.com\/sv\/styrka\/viktvast\/abilica-weightvest-3kg\/","og_site_name":"Abilica","article_publisher":"https:\/\/www.facebook.com\/abilicahometraining\/","article_modified_time":"2023-10-16T19:36:33+00:00","og_image":[{"width":1200,"height":1200,"url":"https:\/\/abilica.com\/wp-content\/uploads\/2018\/08\/3kg-abilica.jpg","type":"image\/jpeg"}],"twitter_card":"summary_large_image","twitter_misc":{"Ber\u00e4knad l\u00e4stid":"1 minut"},"schema":{"@context":"https:\/\/schema.org","@graph":[{"@type":"WebPage","@id":"https:\/\/abilica.com\/sv\/styrka\/viktvast\/abilica-weightvest-3kg\/","url":"https:\/\/abilica.com\/sv\/styrka\/viktvast\/abilica-weightvest-3kg\/","name":"Abilica WeightVest 3kg Abilica","isPartOf":{"@id":"https:\/\/abilica.com\/#website"},"primaryImageOfPage":{"@id":"https:\/\/abilica.com\/sv\/styrka\/viktvast\/abilica-weightvest-3kg\/#primaryimage"},"image":{"@id":"https:\/\/abilica.com\/sv\/styrka\/viktvast\/abilica-weightvest-3kg\/#primaryimage"},"thumbnailUrl":"https:\/\/abilica.com\/wp-content\/uploads\/2018\/08\/3kg-abilica.jpg","datePublished":"2016-07-19T00:00:00+00:00","dateModified":"2023-10-16T19:36:33+00:00","breadcrumb":{"@id":"https:\/\/abilica.com\/sv\/styrka\/viktvast\/abilica-weightvest-3kg\/#breadcrumb"},"inLanguage":"sv-SE","potentialAction":[{"@type":"ReadAction","target":["https:\/\/abilica.com\/sv\/styrka\/viktvast\/abilica-weightvest-3kg\/"]}]},{"@type":"ImageObject","inLanguage":"sv-SE","@id":"https:\/\/abilica.com\/sv\/styrka\/viktvast\/abilica-weightvest-3kg\/#primaryimage","url":"https:\/\/abilica.com\/wp-content\/uploads\/2018\/08\/3kg-abilica.jpg","contentUrl":"https:\/\/abilica.com\/wp-content\/uploads\/2018\/08\/3kg-abilica.jpg","width":1200,"height":1200},{"@type":"BreadcrumbList","@id":"https:\/\/abilica.com\/sv\/styrka\/viktvast\/abilica-weightvest-3kg\/#breadcrumb","itemListElement":[{"@type":"ListItem","position":1,"name":"Hem","item":"https:\/\/abilica.com\/sv\/"},{"@type":"ListItem","position":2,"name":"Produkter","item":"https:\/\/abilica.com\/sv\/shop\/"},{"@type":"ListItem","position":3,"name":"Abilica WeightVest 3kg"}]},{"@type":"WebSite","@id":"https:\/\/abilica.com\/#website","url":"https:\/\/abilica.com\/","name":"Abilica","description":"Abilica Home Training","potentialAction":[{"@type":"SearchAction","target":{"@type":"EntryPoint","urlTemplate":"https:\/\/abilica.com\/?s={search_term_string}"},"query-input":{"@type":"PropertyValueSpecification","valueRequired":true,"valueName":"search_term_string"}}],"inLanguage":"sv-SE"}]}},"_links":{"self":[{"href":"https:\/\/abilica.com\/sv\/wp-json\/wp\/v2\/product\/2639","targetHints":{"allow":["GET"]}}],"collection":[{"href":"https:\/\/abilica.com\/sv\/wp-json\/wp\/v2\/product"}],"about":[{"href":"https:\/\/abilica.com\/sv\/wp-json\/wp\/v2\/types\/product"}],"wp:featuredmedia":[{"embeddable":true,"href":"https:\/\/abilica.com\/sv\/wp-json\/wp\/v2\/media\/30938"}],"wp:attachment":[{"href":"https:\/\/abilica.com\/sv\/wp-json\/wp\/v2\/media?parent=2639"}],"wp:term":[{"taxonomy":"product_brand","embeddable":true,"href":"https:\/\/abilica.com\/sv\/wp-json\/wp\/v2\/product_brand?post=2639"},{"taxonomy":"product_cat","embeddable":true,"href":"https:\/\/abilica.com\/sv\/wp-json\/wp\/v2\/product_cat?post=2639"},{"taxonomy":"product_tag","embeddable":true,"href":"https:\/\/abilica.com\/sv\/wp-json\/wp\/v2\/product_tag?post=2639"}],"curies":[{"name":"wp","href":"https:\/\/api.w.org\/{rel}","templated":true}]}}