{"id":26447,"date":"2020-05-04T09:45:11","date_gmt":"2020-05-04T08:45:11","guid":{"rendered":"https:\/\/abilica.com\/se\/?post_type=product&#038;p=26447"},"modified":"2025-10-20T15:41:09","modified_gmt":"2025-10-20T14:41:09","slug":"abilica-powersling","status":"publish","type":"product","link":"https:\/\/abilica.com\/sv\/styrka\/slinga\/abilica-powersling\/","title":{"rendered":"Abilica PowerSling"},"content":{"rendered":"<div class=\"wpb-content-wrapper\"><p>[vc_row][vc_column][vc_column_text el_class=&#8221;product-video&#8221;]Med Abilica PowerSling tr\u00e4nar du inifr\u00e5n och ut\u00e5t med fokus p\u00e5 neuromuskul\u00e4r tr\u00e4ning av de sm\u00e5 st\u00f6dmusklerna. Detta g\u00f6r dig s\u00e5v\u00e4l stark och uth\u00e5llig som frisk. Slingan \u00e4r justerbar och kan snabbt och enkelt anpassas till \u00f6nskad \u00f6vning. P\u00e5sydda m\u00e5ttband hj\u00e4lper dig att justera slingan likadant p\u00e5 b\u00e5da sidor. 2 justerbara handtag f\u00f6r armar och ben m\u00f6jligg\u00f6r en l\u00e5ng rad \u00f6vningar. Slingan kan anv\u00e4ndas s\u00e5v\u00e4l inne som ute. Anv\u00e4nd den upph\u00e4ngd p\u00e5 det s\u00e4tt som passar dig b\u00e4st, s\u00e5v\u00e4l krok som d\u00f6rrf\u00e4ste medf\u00f6ljer. Kan f\u00e4stas i en d\u00f6rr, en gren, en ribbv\u00e4gg eller en gungst\u00e4llning.<\/p>\n<div style=\"width: 640px;\" class=\"wp-video\"><!--[if lt IE 9]><script>document.createElement('video');<\/script><![endif]-->\n<video class=\"wp-video-shortcode\" id=\"video-26447-1\" width=\"640\" height=\"360\" poster=\"https:\/\/abilica.com\/wp-content\/uploads\/2023\/10\/CleanShot-2024-05-23-at-09.37.51@2x.jpg\" preload=\"metadata\" controls=\"controls\"><source type=\"video\/mp4\" src=\"https:\/\/abilica.com\/wp-content\/uploads\/2024\/05\/Abilica-PowerSling-bredde.mp4?_=1\" \/><a href=\"https:\/\/abilica.com\/wp-content\/uploads\/2024\/05\/Abilica-PowerSling-bredde.mp4\">https:\/\/abilica.com\/wp-content\/uploads\/2024\/05\/Abilica-PowerSling-bredde.mp4<\/a><\/video><\/div>\n<div style=\"width: 640px;\" class=\"wp-video\"><video class=\"wp-video-shortcode\" id=\"video-26447-2\" width=\"640\" height=\"360\" poster=\"https:\/\/abilica.com\/se\/wp-content\/uploads\/2020\/10\/foldable4.jpg\" preload=\"metadata\" controls=\"controls\"><source type=\"video\/mp4\" src=\"https:\/\/abilica.com\/se\/wp-content\/uploads\/2015\/07\/PowerSling-.mp4?_=2\" \/><a href=\"https:\/\/abilica.com\/se\/wp-content\/uploads\/2015\/07\/PowerSling-.mp4\">https:\/\/abilica.com\/se\/wp-content\/uploads\/2015\/07\/PowerSling-.mp4<\/a><\/video><\/div>\n<p>[\/vc_column_text][vc_empty_space][\/vc_column][\/vc_row][vc_row][vc_column][vc_column_text]<\/p>\n<p>[\/vc_column_text][\/vc_column][\/vc_row][vc_row][vc_column width=&#8221;1\/3&#8243;][vc_btn title=&#8221;Tr\u00e4ningsprogram&#8221; style=&#8221;flat&#8221; color=&#8221;black&#8221; link=&#8221;url:https%3A%2F%2Fabilica.com%2Fse%2Ftraningsprogram%2Ftraningsprogram-till-abilica-powersling%2F|||&#8221;][\/vc_column][vc_column width=&#8221;1\/3&#8243;][vc_btn title=&#8221;Tr\u00e4ningstips&#8221; style=&#8221;flat&#8221; color=&#8221;black&#8221; link=&#8221;url:http%3A%2F%2Fwww.hemmatraningsbloggen.se%2Fstyrka%2Fovningar-med-slinga%2F||target:%20_blank|&#8221;][\/vc_column][vc_column width=&#8221;1\/3&#8243;][vc_btn title=&#8221;Tr\u00e4ningsfilmer&#8221; style=&#8221;flat&#8221; color=&#8221;black&#8221; link=&#8221;url:https%3A%2F%2Fwww.youtube.com%2Fwatch%3Fv%3D307kzd2MB5M%26list%3DPLQHQh8gb5L2a-czdBLy74YbP8o-4Yo-9m||target:%20_blank|&#8221;][\/vc_column][\/vc_row]<\/p>\n<\/div>","protected":false},"excerpt":{"rendered":"<p>[vc_row][vc_column][vc_column_text el_class=&#8221;product-video&#8221;]Med Abilica PowerSling tr\u00e4nar du inifr\u00e5n och ut\u00e5t med fokus p\u00e5 neuromuskul\u00e4r tr\u00e4ning av&#8230;<\/p>\n","protected":false},"featured_media":26448,"template":"","meta":{"_acf_changed":false},"product_brand":[],"product_cat":[506,471],"product_tag":[182,177],"class_list":{"0":"post-26447","1":"product","2":"type-product","3":"status-publish","4":"has-post-thumbnail","6":"product_cat-slinga","7":"product_cat-styrka","8":"product_tag-garage-gym","9":"product_tag-small-items","11":"first","12":"instock","13":"product-type-simple"},"acf":[],"yoast_head":"<!-- This site is optimized with the Yoast SEO Premium plugin v21.1 (Yoast SEO v25.4) - https:\/\/yoast.com\/wordpress\/plugins\/seo\/ -->\n<title>Abilica PowerSling Abilica<\/title>\n<meta name=\"robots\" content=\"index, follow, max-snippet:-1, max-image-preview:large, max-video-preview:-1\" \/>\n<link rel=\"canonical\" href=\"https:\/\/abilica.com\/sv\/styrka\/slinga\/abilica-powersling\/\" \/>\n<meta property=\"og:locale\" content=\"sv_SE\" \/>\n<meta property=\"og:type\" content=\"article\" \/>\n<meta property=\"og:title\" content=\"Abilica PowerSling\" \/>\n<meta property=\"og:description\" content=\"[vc_row][vc_column][vc_column_text el_class=&#8221;product-video&#8221;]Med Abilica PowerSling tr\u00e4nar du inifr\u00e5n och ut\u00e5t med fokus p\u00e5 neuromuskul\u00e4r tr\u00e4ning av...\" \/>\n<meta property=\"og:url\" content=\"https:\/\/abilica.com\/sv\/styrka\/slinga\/abilica-powersling\/\" \/>\n<meta property=\"og:site_name\" content=\"Abilica\" \/>\n<meta property=\"article:publisher\" content=\"https:\/\/www.facebook.com\/abilicahometraining\/\" \/>\n<meta property=\"article:modified_time\" content=\"2025-10-20T14:41:09+00:00\" \/>\n<meta property=\"og:image\" content=\"https:\/\/abilica.com\/wp-content\/uploads\/2020\/05\/373362.jpg\" \/>\n\t<meta property=\"og:image:width\" content=\"1200\" \/>\n\t<meta property=\"og:image:height\" content=\"1200\" \/>\n\t<meta property=\"og:image:type\" content=\"image\/jpeg\" \/>\n<meta name=\"twitter:card\" content=\"summary_large_image\" \/>\n<meta name=\"twitter:label1\" content=\"Ber\u00e4knad l\u00e4stid\" \/>\n\t<meta name=\"twitter:data1\" content=\"2 minuter\" \/>\n<script type=\"application\/ld+json\" class=\"yoast-schema-graph\">{\"@context\":\"https:\/\/schema.org\",\"@graph\":[{\"@type\":\"WebPage\",\"@id\":\"https:\/\/abilica.com\/sv\/styrka\/slinga\/abilica-powersling\/\",\"url\":\"https:\/\/abilica.com\/sv\/styrka\/slinga\/abilica-powersling\/\",\"name\":\"Abilica PowerSling Abilica\",\"isPartOf\":{\"@id\":\"https:\/\/abilica.com\/#website\"},\"primaryImageOfPage\":{\"@id\":\"https:\/\/abilica.com\/sv\/styrka\/slinga\/abilica-powersling\/#primaryimage\"},\"image\":{\"@id\":\"https:\/\/abilica.com\/sv\/styrka\/slinga\/abilica-powersling\/#primaryimage\"},\"thumbnailUrl\":\"https:\/\/abilica.com\/wp-content\/uploads\/2020\/05\/373362.jpg\",\"datePublished\":\"2020-05-04T08:45:11+00:00\",\"dateModified\":\"2025-10-20T14:41:09+00:00\",\"breadcrumb\":{\"@id\":\"https:\/\/abilica.com\/sv\/styrka\/slinga\/abilica-powersling\/#breadcrumb\"},\"inLanguage\":\"sv-SE\",\"potentialAction\":[{\"@type\":\"ReadAction\",\"target\":[\"https:\/\/abilica.com\/sv\/styrka\/slinga\/abilica-powersling\/\"]}]},{\"@type\":\"ImageObject\",\"inLanguage\":\"sv-SE\",\"@id\":\"https:\/\/abilica.com\/sv\/styrka\/slinga\/abilica-powersling\/#primaryimage\",\"url\":\"https:\/\/abilica.com\/wp-content\/uploads\/2020\/05\/373362.jpg\",\"contentUrl\":\"https:\/\/abilica.com\/wp-content\/uploads\/2020\/05\/373362.jpg\",\"width\":1200,\"height\":1200},{\"@type\":\"BreadcrumbList\",\"@id\":\"https:\/\/abilica.com\/sv\/styrka\/slinga\/abilica-powersling\/#breadcrumb\",\"itemListElement\":[{\"@type\":\"ListItem\",\"position\":1,\"name\":\"Hem\",\"item\":\"https:\/\/abilica.com\/sv\/\"},{\"@type\":\"ListItem\",\"position\":2,\"name\":\"Produkter\",\"item\":\"https:\/\/abilica.com\/sv\/shop\/\"},{\"@type\":\"ListItem\",\"position\":3,\"name\":\"Abilica PowerSling\"}]},{\"@type\":\"WebSite\",\"@id\":\"https:\/\/abilica.com\/#website\",\"url\":\"https:\/\/abilica.com\/\",\"name\":\"Abilica\",\"description\":\"Abilica Home Training\",\"potentialAction\":[{\"@type\":\"SearchAction\",\"target\":{\"@type\":\"EntryPoint\",\"urlTemplate\":\"https:\/\/abilica.com\/?s={search_term_string}\"},\"query-input\":{\"@type\":\"PropertyValueSpecification\",\"valueRequired\":true,\"valueName\":\"search_term_string\"}}],\"inLanguage\":\"sv-SE\"}]}<\/script>\n<!-- \/ Yoast SEO Premium plugin. -->","yoast_head_json":{"title":"Abilica PowerSling Abilica","robots":{"index":"index","follow":"follow","max-snippet":"max-snippet:-1","max-image-preview":"max-image-preview:large","max-video-preview":"max-video-preview:-1"},"canonical":"https:\/\/abilica.com\/sv\/styrka\/slinga\/abilica-powersling\/","og_locale":"sv_SE","og_type":"article","og_title":"Abilica PowerSling","og_description":"[vc_row][vc_column][vc_column_text el_class=&#8221;product-video&#8221;]Med Abilica PowerSling tr\u00e4nar du inifr\u00e5n och ut\u00e5t med fokus p\u00e5 neuromuskul\u00e4r tr\u00e4ning av...","og_url":"https:\/\/abilica.com\/sv\/styrka\/slinga\/abilica-powersling\/","og_site_name":"Abilica","article_publisher":"https:\/\/www.facebook.com\/abilicahometraining\/","article_modified_time":"2025-10-20T14:41:09+00:00","og_image":[{"width":1200,"height":1200,"url":"https:\/\/abilica.com\/wp-content\/uploads\/2020\/05\/373362.jpg","type":"image\/jpeg"}],"twitter_card":"summary_large_image","twitter_misc":{"Ber\u00e4knad l\u00e4stid":"2 minuter"},"schema":{"@context":"https:\/\/schema.org","@graph":[{"@type":"WebPage","@id":"https:\/\/abilica.com\/sv\/styrka\/slinga\/abilica-powersling\/","url":"https:\/\/abilica.com\/sv\/styrka\/slinga\/abilica-powersling\/","name":"Abilica PowerSling Abilica","isPartOf":{"@id":"https:\/\/abilica.com\/#website"},"primaryImageOfPage":{"@id":"https:\/\/abilica.com\/sv\/styrka\/slinga\/abilica-powersling\/#primaryimage"},"image":{"@id":"https:\/\/abilica.com\/sv\/styrka\/slinga\/abilica-powersling\/#primaryimage"},"thumbnailUrl":"https:\/\/abilica.com\/wp-content\/uploads\/2020\/05\/373362.jpg","datePublished":"2020-05-04T08:45:11+00:00","dateModified":"2025-10-20T14:41:09+00:00","breadcrumb":{"@id":"https:\/\/abilica.com\/sv\/styrka\/slinga\/abilica-powersling\/#breadcrumb"},"inLanguage":"sv-SE","potentialAction":[{"@type":"ReadAction","target":["https:\/\/abilica.com\/sv\/styrka\/slinga\/abilica-powersling\/"]}]},{"@type":"ImageObject","inLanguage":"sv-SE","@id":"https:\/\/abilica.com\/sv\/styrka\/slinga\/abilica-powersling\/#primaryimage","url":"https:\/\/abilica.com\/wp-content\/uploads\/2020\/05\/373362.jpg","contentUrl":"https:\/\/abilica.com\/wp-content\/uploads\/2020\/05\/373362.jpg","width":1200,"height":1200},{"@type":"BreadcrumbList","@id":"https:\/\/abilica.com\/sv\/styrka\/slinga\/abilica-powersling\/#breadcrumb","itemListElement":[{"@type":"ListItem","position":1,"name":"Hem","item":"https:\/\/abilica.com\/sv\/"},{"@type":"ListItem","position":2,"name":"Produkter","item":"https:\/\/abilica.com\/sv\/shop\/"},{"@type":"ListItem","position":3,"name":"Abilica PowerSling"}]},{"@type":"WebSite","@id":"https:\/\/abilica.com\/#website","url":"https:\/\/abilica.com\/","name":"Abilica","description":"Abilica Home Training","potentialAction":[{"@type":"SearchAction","target":{"@type":"EntryPoint","urlTemplate":"https:\/\/abilica.com\/?s={search_term_string}"},"query-input":{"@type":"PropertyValueSpecification","valueRequired":true,"valueName":"search_term_string"}}],"inLanguage":"sv-SE"}]}},"_links":{"self":[{"href":"https:\/\/abilica.com\/sv\/wp-json\/wp\/v2\/product\/26447","targetHints":{"allow":["GET"]}}],"collection":[{"href":"https:\/\/abilica.com\/sv\/wp-json\/wp\/v2\/product"}],"about":[{"href":"https:\/\/abilica.com\/sv\/wp-json\/wp\/v2\/types\/product"}],"wp:featuredmedia":[{"embeddable":true,"href":"https:\/\/abilica.com\/sv\/wp-json\/wp\/v2\/media\/26448"}],"wp:attachment":[{"href":"https:\/\/abilica.com\/sv\/wp-json\/wp\/v2\/media?parent=26447"}],"wp:term":[{"taxonomy":"product_brand","embeddable":true,"href":"https:\/\/abilica.com\/sv\/wp-json\/wp\/v2\/product_brand?post=26447"},{"taxonomy":"product_cat","embeddable":true,"href":"https:\/\/abilica.com\/sv\/wp-json\/wp\/v2\/product_cat?post=26447"},{"taxonomy":"product_tag","embeddable":true,"href":"https:\/\/abilica.com\/sv\/wp-json\/wp\/v2\/product_tag?post=26447"}],"curies":[{"name":"wp","href":"https:\/\/api.w.org\/{rel}","templated":true}]}}