{"id":2665,"date":"2016-08-05T00:00:00","date_gmt":"2016-08-04T23:00:00","guid":{"rendered":"https:\/\/abilica.com\/se\/produkt\/abilica-stream-voyage\/"},"modified":"2023-10-16T20:36:33","modified_gmt":"2023-10-16T19:36:33","slug":"abilica-stream-voyage","status":"publish","type":"product","link":"https:\/\/abilica.com\/sv\/kondition\/motionscykel\/abilica-stream-voyage\/","title":{"rendered":"Abilica Stream Voyage"},"content":{"rendered":"<div class=\"wpb-content-wrapper\"><p>[vc_row][vc_column][vc_column_text]Abilica Stream Voyage \u00e4r en robust motionscykel med l\u00e5gt insteg som g\u00f6r den ideell f\u00f6r rehabilitering. 8 kg sv\u00e4nghjul och elektroniskt justerbart magnetmotst\u00e5nd ger ett bra motst\u00e5nd och ett j\u00e4mnt tramp. 32 motst\u00e5ndsniv\u00e5er och 12 olika program ger en god variation i tr\u00e4ningen och ser till att alla hittar sin tr\u00e4ningsniv\u00e5. Justerbar sitth\u00f6jd g\u00f6r att den passar till anv\u00e4ndare fr\u00e5n 135 cm till 195 cm. Dator med inbyggd Bluetooth f\u00f6r att ansluta till iPad\/iPhone och Android surfplattor. Med gratisappen iConsole + kan du skapa en rutt i Google Maps var som helst i v\u00e4rlden, och se bilder fr\u00e5n gatuniv\u00e5 i Google Street View n\u00e4r du tr\u00e4nar. Motst\u00e5ndet justeras automatiskt till terr\u00e4ngen f\u00f6r den mest realistiska upplevelsen. N\u00e4r du har kommit i m\u00e5l kan du enkelt dela dina tr\u00e4ningsresultat p\u00e5 sociala medier som Facebook och Twitter. Motionscykeln har handpuls-sensorer p\u00e5 styret och tr\u00e5dl\u00f6s pulsmottagare i datorn.<\/p>\n<p>\u2022 32 motst\u00e5ndsniv\u00e5er<br \/>\n\u2022 12 tr\u00e4ningsprogram<br \/>\n\u2022 8 kg sv\u00e4nghjul<br \/>\n\u2022 Justerbar sadel<br \/>\n\u2022 Passar anv\u00e4ndare fr\u00e5n ca 135 cm till ca 195 cm[\/vc_column_text][vc_empty_space height=&#8221;52px&#8221;][\/vc_column][\/vc_row][vc_row][vc_column width=&#8221;1\/3&#8243;][vc_btn title=&#8221;Teknisk information&#8221; color=&#8221;black&#8221; align=&#8221;center&#8221; i_icon_fontawesome=&#8221;fa fa-file-pdf-o&#8221; add_icon=&#8221;true&#8221; link=&#8221;url:http%3A%2F%2Fabilica.com\/se%2Fwp-content%2Fuploads%2F2017%2F04%2FStream-Voyage.pdf|||&#8221;][\/vc_column][vc_column width=&#8221;1\/3&#8243;][vc_btn title=&#8221;Tr\u00e4ningstips&#8221; color=&#8221;black&#8221; align=&#8221;center&#8221; i_icon_fontawesome=&#8221;fa fa-file-pdf-o&#8221; add_icon=&#8221;true&#8221; link=&#8221;url:http%3A%2F%2Fwww.hemmatraningsbloggen.se%2Fkondition%2Fsa-valjer-du-ratt-motionscykel%2F||target:%20_blank|&#8221;][\/vc_column][vc_column width=&#8221;1\/3&#8243;][vc_btn title=&#8221;Abilica Stream&#8221; color=&#8221;black&#8221; align=&#8221;center&#8221; i_icon_fontawesome=&#8221;fa fa-bluetooth-b&#8221; add_icon=&#8221;true&#8221; link=&#8221;url:http%3A%2F%2Fabilica.com\/se%2Fabilica-stream%2F||target:%20_blank|&#8221;][\/vc_column][\/vc_row]<\/p>\n<\/div>","protected":false},"excerpt":{"rendered":"<p>[vc_row][vc_column][vc_column_text]Abilica Stream Voyage \u00e4r en robust motionscykel med l\u00e5gt insteg som g\u00f6r den ideell f\u00f6r&#8230;<\/p>\n","protected":false},"featured_media":15819,"template":"","meta":{"_acf_changed":false},"product_brand":[],"product_cat":[475,490],"product_tag":[42,95,44],"class_list":{"0":"post-2665","1":"product","2":"type-product","3":"status-publish","4":"has-post-thumbnail","6":"product_cat-kondition","7":"product_cat-motionscykel","8":"product_tag-kondition","9":"product_tag-nyheter","10":"product_tag-stream","12":"first","13":"instock","14":"product-type-simple"},"acf":[],"yoast_head":"<!-- This site is optimized with the Yoast SEO Premium plugin v21.1 (Yoast SEO v25.4) - https:\/\/yoast.com\/wordpress\/plugins\/seo\/ -->\n<title>Abilica Stream Voyage Abilica<\/title>\n<meta name=\"robots\" content=\"index, follow, max-snippet:-1, max-image-preview:large, max-video-preview:-1\" \/>\n<link rel=\"canonical\" href=\"https:\/\/abilica.com\/sv\/kondition\/motionscykel\/abilica-stream-voyage\/\" \/>\n<meta property=\"og:locale\" content=\"sv_SE\" \/>\n<meta property=\"og:type\" content=\"article\" \/>\n<meta property=\"og:title\" content=\"Abilica Stream Voyage\" \/>\n<meta property=\"og:description\" content=\"[vc_row][vc_column][vc_column_text]Abilica Stream Voyage \u00e4r en robust motionscykel med l\u00e5gt insteg som g\u00f6r den ideell f\u00f6r...\" \/>\n<meta property=\"og:url\" content=\"https:\/\/abilica.com\/sv\/kondition\/motionscykel\/abilica-stream-voyage\/\" \/>\n<meta property=\"og:site_name\" content=\"Abilica\" \/>\n<meta property=\"article:publisher\" content=\"https:\/\/www.facebook.com\/abilicahometraining\/\" \/>\n<meta property=\"article:modified_time\" content=\"2023-10-16T19:36:33+00:00\" \/>\n<meta property=\"og:image\" content=\"https:\/\/abilica.com\/wp-content\/uploads\/2017\/03\/300475.jpg\" \/>\n\t<meta property=\"og:image:width\" content=\"1200\" \/>\n\t<meta property=\"og:image:height\" content=\"1200\" \/>\n\t<meta property=\"og:image:type\" content=\"image\/jpeg\" \/>\n<meta name=\"twitter:card\" content=\"summary_large_image\" \/>\n<meta name=\"twitter:label1\" content=\"Ber\u00e4knad l\u00e4stid\" \/>\n\t<meta name=\"twitter:data1\" content=\"2 minuter\" \/>\n<script type=\"application\/ld+json\" class=\"yoast-schema-graph\">{\"@context\":\"https:\/\/schema.org\",\"@graph\":[{\"@type\":\"WebPage\",\"@id\":\"https:\/\/abilica.com\/sv\/kondition\/motionscykel\/abilica-stream-voyage\/\",\"url\":\"https:\/\/abilica.com\/sv\/kondition\/motionscykel\/abilica-stream-voyage\/\",\"name\":\"Abilica Stream Voyage Abilica\",\"isPartOf\":{\"@id\":\"https:\/\/abilica.com\/#website\"},\"primaryImageOfPage\":{\"@id\":\"https:\/\/abilica.com\/sv\/kondition\/motionscykel\/abilica-stream-voyage\/#primaryimage\"},\"image\":{\"@id\":\"https:\/\/abilica.com\/sv\/kondition\/motionscykel\/abilica-stream-voyage\/#primaryimage\"},\"thumbnailUrl\":\"https:\/\/abilica.com\/wp-content\/uploads\/2017\/03\/300475.jpg\",\"datePublished\":\"2016-08-04T23:00:00+00:00\",\"dateModified\":\"2023-10-16T19:36:33+00:00\",\"breadcrumb\":{\"@id\":\"https:\/\/abilica.com\/sv\/kondition\/motionscykel\/abilica-stream-voyage\/#breadcrumb\"},\"inLanguage\":\"sv-SE\",\"potentialAction\":[{\"@type\":\"ReadAction\",\"target\":[\"https:\/\/abilica.com\/sv\/kondition\/motionscykel\/abilica-stream-voyage\/\"]}]},{\"@type\":\"ImageObject\",\"inLanguage\":\"sv-SE\",\"@id\":\"https:\/\/abilica.com\/sv\/kondition\/motionscykel\/abilica-stream-voyage\/#primaryimage\",\"url\":\"https:\/\/abilica.com\/wp-content\/uploads\/2017\/03\/300475.jpg\",\"contentUrl\":\"https:\/\/abilica.com\/wp-content\/uploads\/2017\/03\/300475.jpg\",\"width\":1200,\"height\":1200},{\"@type\":\"BreadcrumbList\",\"@id\":\"https:\/\/abilica.com\/sv\/kondition\/motionscykel\/abilica-stream-voyage\/#breadcrumb\",\"itemListElement\":[{\"@type\":\"ListItem\",\"position\":1,\"name\":\"Hem\",\"item\":\"https:\/\/abilica.com\/sv\/\"},{\"@type\":\"ListItem\",\"position\":2,\"name\":\"Produkter\",\"item\":\"https:\/\/abilica.com\/sv\/shop\/\"},{\"@type\":\"ListItem\",\"position\":3,\"name\":\"Abilica Stream Voyage\"}]},{\"@type\":\"WebSite\",\"@id\":\"https:\/\/abilica.com\/#website\",\"url\":\"https:\/\/abilica.com\/\",\"name\":\"Abilica\",\"description\":\"Abilica Home Training\",\"potentialAction\":[{\"@type\":\"SearchAction\",\"target\":{\"@type\":\"EntryPoint\",\"urlTemplate\":\"https:\/\/abilica.com\/?s={search_term_string}\"},\"query-input\":{\"@type\":\"PropertyValueSpecification\",\"valueRequired\":true,\"valueName\":\"search_term_string\"}}],\"inLanguage\":\"sv-SE\"}]}<\/script>\n<!-- \/ Yoast SEO Premium plugin. -->","yoast_head_json":{"title":"Abilica Stream Voyage Abilica","robots":{"index":"index","follow":"follow","max-snippet":"max-snippet:-1","max-image-preview":"max-image-preview:large","max-video-preview":"max-video-preview:-1"},"canonical":"https:\/\/abilica.com\/sv\/kondition\/motionscykel\/abilica-stream-voyage\/","og_locale":"sv_SE","og_type":"article","og_title":"Abilica Stream Voyage","og_description":"[vc_row][vc_column][vc_column_text]Abilica Stream Voyage \u00e4r en robust motionscykel med l\u00e5gt insteg som g\u00f6r den ideell f\u00f6r...","og_url":"https:\/\/abilica.com\/sv\/kondition\/motionscykel\/abilica-stream-voyage\/","og_site_name":"Abilica","article_publisher":"https:\/\/www.facebook.com\/abilicahometraining\/","article_modified_time":"2023-10-16T19:36:33+00:00","og_image":[{"width":1200,"height":1200,"url":"https:\/\/abilica.com\/wp-content\/uploads\/2017\/03\/300475.jpg","type":"image\/jpeg"}],"twitter_card":"summary_large_image","twitter_misc":{"Ber\u00e4knad l\u00e4stid":"2 minuter"},"schema":{"@context":"https:\/\/schema.org","@graph":[{"@type":"WebPage","@id":"https:\/\/abilica.com\/sv\/kondition\/motionscykel\/abilica-stream-voyage\/","url":"https:\/\/abilica.com\/sv\/kondition\/motionscykel\/abilica-stream-voyage\/","name":"Abilica Stream Voyage Abilica","isPartOf":{"@id":"https:\/\/abilica.com\/#website"},"primaryImageOfPage":{"@id":"https:\/\/abilica.com\/sv\/kondition\/motionscykel\/abilica-stream-voyage\/#primaryimage"},"image":{"@id":"https:\/\/abilica.com\/sv\/kondition\/motionscykel\/abilica-stream-voyage\/#primaryimage"},"thumbnailUrl":"https:\/\/abilica.com\/wp-content\/uploads\/2017\/03\/300475.jpg","datePublished":"2016-08-04T23:00:00+00:00","dateModified":"2023-10-16T19:36:33+00:00","breadcrumb":{"@id":"https:\/\/abilica.com\/sv\/kondition\/motionscykel\/abilica-stream-voyage\/#breadcrumb"},"inLanguage":"sv-SE","potentialAction":[{"@type":"ReadAction","target":["https:\/\/abilica.com\/sv\/kondition\/motionscykel\/abilica-stream-voyage\/"]}]},{"@type":"ImageObject","inLanguage":"sv-SE","@id":"https:\/\/abilica.com\/sv\/kondition\/motionscykel\/abilica-stream-voyage\/#primaryimage","url":"https:\/\/abilica.com\/wp-content\/uploads\/2017\/03\/300475.jpg","contentUrl":"https:\/\/abilica.com\/wp-content\/uploads\/2017\/03\/300475.jpg","width":1200,"height":1200},{"@type":"BreadcrumbList","@id":"https:\/\/abilica.com\/sv\/kondition\/motionscykel\/abilica-stream-voyage\/#breadcrumb","itemListElement":[{"@type":"ListItem","position":1,"name":"Hem","item":"https:\/\/abilica.com\/sv\/"},{"@type":"ListItem","position":2,"name":"Produkter","item":"https:\/\/abilica.com\/sv\/shop\/"},{"@type":"ListItem","position":3,"name":"Abilica Stream Voyage"}]},{"@type":"WebSite","@id":"https:\/\/abilica.com\/#website","url":"https:\/\/abilica.com\/","name":"Abilica","description":"Abilica Home Training","potentialAction":[{"@type":"SearchAction","target":{"@type":"EntryPoint","urlTemplate":"https:\/\/abilica.com\/?s={search_term_string}"},"query-input":{"@type":"PropertyValueSpecification","valueRequired":true,"valueName":"search_term_string"}}],"inLanguage":"sv-SE"}]}},"_links":{"self":[{"href":"https:\/\/abilica.com\/sv\/wp-json\/wp\/v2\/product\/2665","targetHints":{"allow":["GET"]}}],"collection":[{"href":"https:\/\/abilica.com\/sv\/wp-json\/wp\/v2\/product"}],"about":[{"href":"https:\/\/abilica.com\/sv\/wp-json\/wp\/v2\/types\/product"}],"wp:featuredmedia":[{"embeddable":true,"href":"https:\/\/abilica.com\/sv\/wp-json\/wp\/v2\/media\/15819"}],"wp:attachment":[{"href":"https:\/\/abilica.com\/sv\/wp-json\/wp\/v2\/media?parent=2665"}],"wp:term":[{"taxonomy":"product_brand","embeddable":true,"href":"https:\/\/abilica.com\/sv\/wp-json\/wp\/v2\/product_brand?post=2665"},{"taxonomy":"product_cat","embeddable":true,"href":"https:\/\/abilica.com\/sv\/wp-json\/wp\/v2\/product_cat?post=2665"},{"taxonomy":"product_tag","embeddable":true,"href":"https:\/\/abilica.com\/sv\/wp-json\/wp\/v2\/product_tag?post=2665"}],"curies":[{"name":"wp","href":"https:\/\/api.w.org\/{rel}","templated":true}]}}