{"id":2693,"date":"2017-02-05T00:00:00","date_gmt":"2017-02-04T23:00:00","guid":{"rendered":"https:\/\/abilica.com\/se\/produkt\/abilica-stream-vagabond\/"},"modified":"2023-10-16T20:36:34","modified_gmt":"2023-10-16T19:36:34","slug":"abilica-stream-vagabond","status":"publish","type":"product","link":"https:\/\/abilica.com\/sv\/kondition\/crosstrainers\/abilica-stream-vagabond\/","title":{"rendered":"Abilica Stream Vagabond"},"content":{"rendered":"<div class=\"wpb-content-wrapper\"><p>[vc_row][vc_column][vc_column_text]En crosstrainer f\u00f6r dig som tycker om design och kvalitet. V\u00e5r toppmodell f\u00f6r hemmatr\u00e4ning. Stor framdriven crosstrainer som ger \u00e4nnu b\u00e4ttre tr\u00e4ning av \u00f6verkroppen. Med front-drivna crosstrainers f\u00e5r du l\u00e4ngre stegr\u00f6relser utan att det g\u00e5r ut \u00f6ver stabiliteten. Abilica Stream Vagabond \u00e4r en stor crosstrainer med hela 51 cm. stegl\u00e4ngd, som erbjuder solid kvalitet p\u00e5 hemmatr\u00e4ningsniv\u00e5. Pedalerna \u00e4r 36 cm \u00f6ver golvet som g\u00f6r att den passar om du har begr\u00e4nsad takh\u00f6jd. Justerbara pedaler i fem olika niv\u00e5er. Perfekt f\u00f6r varierad tr\u00e4ning av olika muskler. Utrustad med dator och 12 tr\u00e4ningsprogram f\u00f6r god och varierat tr\u00e4ning. Kraftiga transporthjul i PVC g\u00f6r att produkten kan flyttas enkelt och skonsamt. Dator med inbyggd Bluetooth f\u00f6r att ansluta till iPad\/iPhone och Android surfplattor. Med gratisappen iConsole + kan du skapa en rutt i Google Maps var som helst i v\u00e4rlden, och se bilder fr\u00e5n gatuniv\u00e5 i Google Street View n\u00e4r du tr\u00e4nar. Motst\u00e5ndet justeras automatiskt till terr\u00e4ngen f\u00f6r den mest realistiska upplevelsen. N\u00e4r du har kommit i m\u00e5l kan du enkelt dela dina tr\u00e4ningsresultat p\u00e5 sociala medier som Facebook och Twitter.<\/p>\n<p>\u2022 12 tr\u00e4ningsprogram<br \/>\n\u2022 Stegl\u00e4ngd p\u00e5 51 cm<br \/>\n\u2022 Google Maps\/Google StreetView<br \/>\n\u2022 Transporthjul[\/vc_column_text][vc_empty_space height=&#8221;52px&#8221;][\/vc_column][\/vc_row][vc_row][vc_column width=&#8221;1\/3&#8243;][vc_btn title=&#8221;Teknisk information&#8221; style=&#8221;flat&#8221; color=&#8221;black&#8221; align=&#8221;center&#8221; i_icon_fontawesome=&#8221;fa fa-file-pdf-o&#8221; add_icon=&#8221;true&#8221; link=&#8221;url:http%3A%2F%2Fabilica.com\/se%2Fwp-content%2Fuploads%2F2017%2F04%2FStream-Vagabond.pdf|||&#8221;][\/vc_column][vc_column width=&#8221;1\/3&#8243;][vc_btn title=&#8221;Tr\u00e4ningstips&#8221; style=&#8221;flat&#8221; color=&#8221;black&#8221; align=&#8221;center&#8221; i_icon_fontawesome=&#8221;fa fa-align-left&#8221; add_icon=&#8221;true&#8221; link=&#8221;url:http%3A%2F%2Fwww.hemmatraningsbloggen.se%2Fkondition%2Fintervall-pa-crosstrainer%2F||target:%20_blank|&#8221;][\/vc_column][vc_column width=&#8221;1\/3&#8243;][vc_btn title=&#8221;Abilica Stream&#8221; style=&#8221;flat&#8221; color=&#8221;black&#8221; align=&#8221;center&#8221; i_icon_fontawesome=&#8221;fa fa-bluetooth-b&#8221; add_icon=&#8221;true&#8221; link=&#8221;url:http%3A%2F%2Fabilica.com\/se%2Fabilica-stream%2F||target:%20_blank|&#8221;][\/vc_column][\/vc_row]<\/p>\n<\/div>","protected":false},"excerpt":{"rendered":"<p>[vc_row][vc_column][vc_column_text]En crosstrainer f\u00f6r dig som tycker om design och kvalitet. V\u00e5r toppmodell f\u00f6r hemmatr\u00e4ning. Stor&#8230;<\/p>\n","protected":false},"featured_media":15651,"template":"","meta":{"_acf_changed":false},"product_brand":[],"product_cat":[496,475],"product_tag":[42,95,44],"class_list":{"0":"post-2693","1":"product","2":"type-product","3":"status-publish","4":"has-post-thumbnail","6":"product_cat-crosstrainers","7":"product_cat-kondition","8":"product_tag-kondition","9":"product_tag-nyheter","10":"product_tag-stream","12":"first","13":"outofstock","14":"product-type-simple"},"acf":[],"yoast_head":"<!-- This site is optimized with the Yoast SEO Premium plugin v21.1 (Yoast SEO v25.4) - https:\/\/yoast.com\/wordpress\/plugins\/seo\/ -->\n<title>Abilica Stream Vagabond Abilica<\/title>\n<meta name=\"robots\" content=\"index, follow, max-snippet:-1, max-image-preview:large, max-video-preview:-1\" \/>\n<link rel=\"canonical\" href=\"https:\/\/abilica.com\/sv\/kondition\/crosstrainers\/abilica-stream-vagabond\/\" \/>\n<meta property=\"og:locale\" content=\"sv_SE\" \/>\n<meta property=\"og:type\" content=\"article\" \/>\n<meta property=\"og:title\" content=\"Abilica Stream Vagabond\" \/>\n<meta property=\"og:description\" content=\"[vc_row][vc_column][vc_column_text]En crosstrainer f\u00f6r dig som tycker om design och kvalitet. V\u00e5r toppmodell f\u00f6r hemmatr\u00e4ning. Stor...\" \/>\n<meta property=\"og:url\" content=\"https:\/\/abilica.com\/sv\/kondition\/crosstrainers\/abilica-stream-vagabond\/\" \/>\n<meta property=\"og:site_name\" content=\"Abilica\" \/>\n<meta property=\"article:publisher\" content=\"https:\/\/www.facebook.com\/abilicahometraining\/\" \/>\n<meta property=\"article:modified_time\" content=\"2023-10-16T19:36:34+00:00\" \/>\n<meta property=\"og:image\" content=\"https:\/\/abilica.com\/wp-content\/uploads\/2017\/03\/300472.jpg\" \/>\n\t<meta property=\"og:image:width\" content=\"1200\" \/>\n\t<meta property=\"og:image:height\" content=\"1200\" \/>\n\t<meta property=\"og:image:type\" content=\"image\/jpeg\" \/>\n<meta name=\"twitter:card\" content=\"summary_large_image\" \/>\n<meta name=\"twitter:label1\" content=\"Ber\u00e4knad l\u00e4stid\" \/>\n\t<meta name=\"twitter:data1\" content=\"2 minuter\" \/>\n<script type=\"application\/ld+json\" class=\"yoast-schema-graph\">{\"@context\":\"https:\/\/schema.org\",\"@graph\":[{\"@type\":\"WebPage\",\"@id\":\"https:\/\/abilica.com\/sv\/kondition\/crosstrainers\/abilica-stream-vagabond\/\",\"url\":\"https:\/\/abilica.com\/sv\/kondition\/crosstrainers\/abilica-stream-vagabond\/\",\"name\":\"Abilica Stream Vagabond Abilica\",\"isPartOf\":{\"@id\":\"https:\/\/abilica.com\/#website\"},\"primaryImageOfPage\":{\"@id\":\"https:\/\/abilica.com\/sv\/kondition\/crosstrainers\/abilica-stream-vagabond\/#primaryimage\"},\"image\":{\"@id\":\"https:\/\/abilica.com\/sv\/kondition\/crosstrainers\/abilica-stream-vagabond\/#primaryimage\"},\"thumbnailUrl\":\"https:\/\/abilica.com\/wp-content\/uploads\/2017\/03\/300472.jpg\",\"datePublished\":\"2017-02-04T23:00:00+00:00\",\"dateModified\":\"2023-10-16T19:36:34+00:00\",\"breadcrumb\":{\"@id\":\"https:\/\/abilica.com\/sv\/kondition\/crosstrainers\/abilica-stream-vagabond\/#breadcrumb\"},\"inLanguage\":\"sv-SE\",\"potentialAction\":[{\"@type\":\"ReadAction\",\"target\":[\"https:\/\/abilica.com\/sv\/kondition\/crosstrainers\/abilica-stream-vagabond\/\"]}]},{\"@type\":\"ImageObject\",\"inLanguage\":\"sv-SE\",\"@id\":\"https:\/\/abilica.com\/sv\/kondition\/crosstrainers\/abilica-stream-vagabond\/#primaryimage\",\"url\":\"https:\/\/abilica.com\/wp-content\/uploads\/2017\/03\/300472.jpg\",\"contentUrl\":\"https:\/\/abilica.com\/wp-content\/uploads\/2017\/03\/300472.jpg\",\"width\":1200,\"height\":1200},{\"@type\":\"BreadcrumbList\",\"@id\":\"https:\/\/abilica.com\/sv\/kondition\/crosstrainers\/abilica-stream-vagabond\/#breadcrumb\",\"itemListElement\":[{\"@type\":\"ListItem\",\"position\":1,\"name\":\"Hem\",\"item\":\"https:\/\/abilica.com\/sv\/\"},{\"@type\":\"ListItem\",\"position\":2,\"name\":\"Produkter\",\"item\":\"https:\/\/abilica.com\/sv\/shop\/\"},{\"@type\":\"ListItem\",\"position\":3,\"name\":\"Abilica Stream Vagabond\"}]},{\"@type\":\"WebSite\",\"@id\":\"https:\/\/abilica.com\/#website\",\"url\":\"https:\/\/abilica.com\/\",\"name\":\"Abilica\",\"description\":\"Abilica Home Training\",\"potentialAction\":[{\"@type\":\"SearchAction\",\"target\":{\"@type\":\"EntryPoint\",\"urlTemplate\":\"https:\/\/abilica.com\/?s={search_term_string}\"},\"query-input\":{\"@type\":\"PropertyValueSpecification\",\"valueRequired\":true,\"valueName\":\"search_term_string\"}}],\"inLanguage\":\"sv-SE\"}]}<\/script>\n<!-- \/ Yoast SEO Premium plugin. -->","yoast_head_json":{"title":"Abilica Stream Vagabond Abilica","robots":{"index":"index","follow":"follow","max-snippet":"max-snippet:-1","max-image-preview":"max-image-preview:large","max-video-preview":"max-video-preview:-1"},"canonical":"https:\/\/abilica.com\/sv\/kondition\/crosstrainers\/abilica-stream-vagabond\/","og_locale":"sv_SE","og_type":"article","og_title":"Abilica Stream Vagabond","og_description":"[vc_row][vc_column][vc_column_text]En crosstrainer f\u00f6r dig som tycker om design och kvalitet. V\u00e5r toppmodell f\u00f6r hemmatr\u00e4ning. Stor...","og_url":"https:\/\/abilica.com\/sv\/kondition\/crosstrainers\/abilica-stream-vagabond\/","og_site_name":"Abilica","article_publisher":"https:\/\/www.facebook.com\/abilicahometraining\/","article_modified_time":"2023-10-16T19:36:34+00:00","og_image":[{"width":1200,"height":1200,"url":"https:\/\/abilica.com\/wp-content\/uploads\/2017\/03\/300472.jpg","type":"image\/jpeg"}],"twitter_card":"summary_large_image","twitter_misc":{"Ber\u00e4knad l\u00e4stid":"2 minuter"},"schema":{"@context":"https:\/\/schema.org","@graph":[{"@type":"WebPage","@id":"https:\/\/abilica.com\/sv\/kondition\/crosstrainers\/abilica-stream-vagabond\/","url":"https:\/\/abilica.com\/sv\/kondition\/crosstrainers\/abilica-stream-vagabond\/","name":"Abilica Stream Vagabond Abilica","isPartOf":{"@id":"https:\/\/abilica.com\/#website"},"primaryImageOfPage":{"@id":"https:\/\/abilica.com\/sv\/kondition\/crosstrainers\/abilica-stream-vagabond\/#primaryimage"},"image":{"@id":"https:\/\/abilica.com\/sv\/kondition\/crosstrainers\/abilica-stream-vagabond\/#primaryimage"},"thumbnailUrl":"https:\/\/abilica.com\/wp-content\/uploads\/2017\/03\/300472.jpg","datePublished":"2017-02-04T23:00:00+00:00","dateModified":"2023-10-16T19:36:34+00:00","breadcrumb":{"@id":"https:\/\/abilica.com\/sv\/kondition\/crosstrainers\/abilica-stream-vagabond\/#breadcrumb"},"inLanguage":"sv-SE","potentialAction":[{"@type":"ReadAction","target":["https:\/\/abilica.com\/sv\/kondition\/crosstrainers\/abilica-stream-vagabond\/"]}]},{"@type":"ImageObject","inLanguage":"sv-SE","@id":"https:\/\/abilica.com\/sv\/kondition\/crosstrainers\/abilica-stream-vagabond\/#primaryimage","url":"https:\/\/abilica.com\/wp-content\/uploads\/2017\/03\/300472.jpg","contentUrl":"https:\/\/abilica.com\/wp-content\/uploads\/2017\/03\/300472.jpg","width":1200,"height":1200},{"@type":"BreadcrumbList","@id":"https:\/\/abilica.com\/sv\/kondition\/crosstrainers\/abilica-stream-vagabond\/#breadcrumb","itemListElement":[{"@type":"ListItem","position":1,"name":"Hem","item":"https:\/\/abilica.com\/sv\/"},{"@type":"ListItem","position":2,"name":"Produkter","item":"https:\/\/abilica.com\/sv\/shop\/"},{"@type":"ListItem","position":3,"name":"Abilica Stream Vagabond"}]},{"@type":"WebSite","@id":"https:\/\/abilica.com\/#website","url":"https:\/\/abilica.com\/","name":"Abilica","description":"Abilica Home Training","potentialAction":[{"@type":"SearchAction","target":{"@type":"EntryPoint","urlTemplate":"https:\/\/abilica.com\/?s={search_term_string}"},"query-input":{"@type":"PropertyValueSpecification","valueRequired":true,"valueName":"search_term_string"}}],"inLanguage":"sv-SE"}]}},"_links":{"self":[{"href":"https:\/\/abilica.com\/sv\/wp-json\/wp\/v2\/product\/2693","targetHints":{"allow":["GET"]}}],"collection":[{"href":"https:\/\/abilica.com\/sv\/wp-json\/wp\/v2\/product"}],"about":[{"href":"https:\/\/abilica.com\/sv\/wp-json\/wp\/v2\/types\/product"}],"wp:featuredmedia":[{"embeddable":true,"href":"https:\/\/abilica.com\/sv\/wp-json\/wp\/v2\/media\/15651"}],"wp:attachment":[{"href":"https:\/\/abilica.com\/sv\/wp-json\/wp\/v2\/media?parent=2693"}],"wp:term":[{"taxonomy":"product_brand","embeddable":true,"href":"https:\/\/abilica.com\/sv\/wp-json\/wp\/v2\/product_brand?post=2693"},{"taxonomy":"product_cat","embeddable":true,"href":"https:\/\/abilica.com\/sv\/wp-json\/wp\/v2\/product_cat?post=2693"},{"taxonomy":"product_tag","embeddable":true,"href":"https:\/\/abilica.com\/sv\/wp-json\/wp\/v2\/product_tag?post=2693"}],"curies":[{"name":"wp","href":"https:\/\/api.w.org\/{rel}","templated":true}]}}