{"id":27082,"date":"2020-06-02T14:45:02","date_gmt":"2020-06-02T13:45:02","guid":{"rendered":"https:\/\/abilica.com\/se\/?post_type=product&#038;p=27082"},"modified":"2025-11-17T09:39:49","modified_gmt":"2025-11-17T08:39:49","slug":"abilica-journey-bt","status":"publish","type":"product","link":"https:\/\/abilica.com\/sv\/kondition\/crosstrainers\/abilica-journey-bt\/","title":{"rendered":"Abilica Journey BT"},"content":{"rendered":"<div class=\"wpb-content-wrapper\"><p>[vc_row][vc_column][vc_column_text css=&#8221;&#8221; el_class=&#8221;product-video&#8221;]<\/p>\n<p class=\"lead\">Abilica Journey BT \u00e4r en crosstrainer f\u00f6r dig som brinner f\u00f6r design och kvalitet. V\u00e5r toppmodell f\u00f6r hemmabruk.\u00a0Abilica Journey BT kommer i exklusiv design. Utrustad med elektroniskt justerbart magnetiskt motst\u00e5nd i 32 niv\u00e5er och l\u00e4ttl\u00e4st dator med 12 tr\u00e4ningsprogram. Stegl\u00e4ngd p\u00e5 40 cm ger bra r\u00f6relser och bra tr\u00e4ningsresultat f\u00f6r hela kroppen. Samtidigt \u00e4r pedalerna bara 19 cm \u00f6ver golvet, vilket g\u00f6r det l\u00e4mpligt att anv\u00e4nda i rum med n\u00e5got begr\u00e4nsad takh\u00f6jd. Sv\u00e4nghjul p\u00e5 8 kg g\u00f6r crosstrainern smidig och ger tillr\u00e4ckligt motst\u00e5nd f\u00f6r ett riktigt bra tr\u00e4ningspass. Crosstrainern har handpuls p\u00e5 styret och tr\u00e5dl\u00f6s pulsmottagare i datoren. Dator med inbyggd Bluetooth f\u00f6r anslutning av iPad \/ iPhone och Android-surfplattor. Med gratisappen iConsole + kan du enkelt skapa dina egna intervallpass och tr\u00e4ningsruttar i \u00abmap my route\u00bb och i betalningsappen Kinomap tr\u00e4na till filmer\u00a0fr\u00e5n sp\u00e4nnande tr\u00e4ningsruttar fr\u00e5n hela v\u00e4rlden.\u00a0Motst\u00e5ndet anpassas automatiskt till terr\u00e4ngen f\u00f6r en s\u00e5 realistisk upplevelse som m\u00f6jligt. Med gratisappen ZWIFT (cykelmodus) har du m\u00f6jlighet att k\u00f6ra tr\u00e4ningsprogram som l\u00e5ter dig tr\u00e4na och t\u00e4vla i en virtuell v\u00e4rld mot dig sj\u00e4lv och andra. <a href=\"https:\/\/abilica.com\/se\/kinomap\/\"><strong>L\u00e4s mer om Kinomap h\u00e4r.<\/strong><\/a><\/p>\n<p><img loading=\"lazy\" decoding=\"async\" class=\"alignnone wp-image-35587\" src=\"https:\/\/abilica.com\/no\/wp-content\/uploads\/2017\/08\/Kinomap-150x150.png\" alt=\"\" width=\"100\" height=\"100\" \/><img loading=\"lazy\" decoding=\"async\" class=\"alignnone wp-image-35589\" src=\"https:\/\/abilica.com\/no\/wp-content\/uploads\/2017\/08\/iconsole-150x150.png\" alt=\"\" width=\"100\" height=\"100\" \/><img loading=\"lazy\" decoding=\"async\" class=\"alignnone wp-image-35588\" src=\"https:\/\/abilica.com\/no\/wp-content\/uploads\/2017\/08\/zwift-150x150.png\" alt=\"\" width=\"100\" height=\"100\" \/><\/p>\n<div style=\"width: 640px;\" class=\"wp-video\"><!--[if lt IE 9]><script>document.createElement('video');<\/script><![endif]-->\n<video class=\"wp-video-shortcode\" id=\"video-27082-1\" width=\"640\" height=\"360\" poster=\"https:\/\/abilica.com\/wp-content\/uploads\/2023\/10\/373609_Journey-BT_9.jpg\" preload=\"metadata\" controls=\"controls\"><source type=\"video\/mp4\" src=\"https:\/\/abilica.com\/wp-content\/uploads\/2023\/10\/Abilica-Journey-BT-bredde.mp4?_=1\" \/><a href=\"https:\/\/abilica.com\/wp-content\/uploads\/2023\/10\/Abilica-Journey-BT-bredde.mp4\">https:\/\/abilica.com\/wp-content\/uploads\/2023\/10\/Abilica-Journey-BT-bredde.mp4<\/a><\/video><\/div>\n<p>[\/vc_column_text][vc_empty_space height=&#8221;52px&#8221;][\/vc_column][\/vc_row][vc_row][vc_column][vc_btn title=&#8221;Teknisk information&#8221; style=&#8221;flat&#8221; color=&#8221;black&#8221; i_icon_fontawesome=&#8221;&#8221; add_icon=&#8221;true&#8221; link=&#8221;url:https%3A%2F%2Fabilica.com%2Fse%2Fwp-content%2Fuploads%2F2021%2F06%2FEllipsemaskiner-UK-1.pdf|target:_blank&#8221;][vc_btn title=&#8221;Anv\u00e4ndarmanual&#8221; style=&#8221;flat&#8221; color=&#8221;black&#8221; i_icon_fontawesome=&#8221;fa fa-file-pdf-o&#8221; add_icon=&#8221;true&#8221; link=&#8221;url:https%3A%2F%2Fabilica.com%2Fse%2Fwp-content%2Fuploads%2F2021%2F01%2FAbilica-Journey-BT.pdf||target:%20_blank|&#8221;][vc_btn title=&#8221;Underh\u00e5llstips&#8221; style=&#8221;flat&#8221; color=&#8221;black&#8221; i_icon_fontawesome=&#8221;fa fa-align-left&#8221; add_icon=&#8221;true&#8221; link=&#8221;url:https%3A%2F%2Fabilica.com%2Fse%2Ftraningsartiklar%2Ftraningstips-for-kondition%2Funderhall-av-traningsmaskiner%2F||target:%20_blank|&#8221;][vc_btn title=&#8221;Tr\u00e4ningstips&#8221; style=&#8221;flat&#8221; color=&#8221;black&#8221; i_icon_fontawesome=&#8221;fa fa-align-left&#8221; add_icon=&#8221;true&#8221; link=&#8221;url:http%3A%2F%2Fwww.hemmatraningsbloggen.se%2Fkondition%2Fintervall-pa-crosstrainer%2F||target:%20_blank|&#8221;][\/vc_column][\/vc_row]<\/p>\n<\/div>","protected":false},"excerpt":{"rendered":"<p>[vc_row][vc_column][vc_column_text css=&#8221;&#8221; el_class=&#8221;product-video&#8221;] Abilica Journey BT \u00e4r en crosstrainer f\u00f6r dig som brinner f\u00f6r design&#8230;<\/p>\n","protected":false},"featured_media":27463,"template":"","meta":{"_acf_changed":false},"product_brand":[],"product_cat":[496,475],"product_tag":[186,42],"class_list":{"0":"post-27082","1":"product","2":"type-product","3":"status-publish","4":"has-post-thumbnail","6":"product_cat-crosstrainers","7":"product_cat-kondition","8":"product_tag-kinomap","9":"product_tag-kondition","11":"first","12":"instock","13":"product-type-simple"},"acf":[],"yoast_head":"<!-- This site is optimized with the Yoast SEO Premium plugin v21.1 (Yoast SEO v25.4) - https:\/\/yoast.com\/wordpress\/plugins\/seo\/ -->\n<title>Abilica Journey BT Abilica<\/title>\n<meta name=\"robots\" content=\"index, follow, max-snippet:-1, max-image-preview:large, max-video-preview:-1\" \/>\n<link rel=\"canonical\" href=\"https:\/\/abilica.com\/sv\/kondition\/crosstrainers\/abilica-journey-bt\/\" \/>\n<meta property=\"og:locale\" content=\"sv_SE\" \/>\n<meta property=\"og:type\" content=\"article\" \/>\n<meta property=\"og:title\" content=\"Abilica Journey BT\" \/>\n<meta property=\"og:description\" content=\"[vc_row][vc_column][vc_column_text css=&#8221;&#8221; el_class=&#8221;product-video&#8221;] Abilica Journey BT \u00e4r en crosstrainer f\u00f6r dig som brinner f\u00f6r design...\" \/>\n<meta property=\"og:url\" content=\"https:\/\/abilica.com\/sv\/kondition\/crosstrainers\/abilica-journey-bt\/\" \/>\n<meta property=\"og:site_name\" content=\"Abilica\" \/>\n<meta property=\"article:publisher\" content=\"https:\/\/www.facebook.com\/abilicahometraining\/\" \/>\n<meta property=\"article:modified_time\" content=\"2025-11-17T08:39:49+00:00\" \/>\n<meta property=\"og:image\" content=\"https:\/\/abilica.com\/wp-content\/uploads\/2020\/06\/373609.jpg\" \/>\n\t<meta property=\"og:image:width\" content=\"1200\" \/>\n\t<meta property=\"og:image:height\" content=\"1200\" \/>\n\t<meta property=\"og:image:type\" content=\"image\/jpeg\" \/>\n<meta name=\"twitter:card\" content=\"summary_large_image\" \/>\n<meta name=\"twitter:label1\" content=\"Ber\u00e4knad l\u00e4stid\" \/>\n\t<meta name=\"twitter:data1\" content=\"2 minuter\" \/>\n<script type=\"application\/ld+json\" class=\"yoast-schema-graph\">{\"@context\":\"https:\/\/schema.org\",\"@graph\":[{\"@type\":\"WebPage\",\"@id\":\"https:\/\/abilica.com\/sv\/kondition\/crosstrainers\/abilica-journey-bt\/\",\"url\":\"https:\/\/abilica.com\/sv\/kondition\/crosstrainers\/abilica-journey-bt\/\",\"name\":\"Abilica Journey BT Abilica\",\"isPartOf\":{\"@id\":\"https:\/\/abilica.com\/#website\"},\"primaryImageOfPage\":{\"@id\":\"https:\/\/abilica.com\/sv\/kondition\/crosstrainers\/abilica-journey-bt\/#primaryimage\"},\"image\":{\"@id\":\"https:\/\/abilica.com\/sv\/kondition\/crosstrainers\/abilica-journey-bt\/#primaryimage\"},\"thumbnailUrl\":\"https:\/\/abilica.com\/wp-content\/uploads\/2020\/06\/373609.jpg\",\"datePublished\":\"2020-06-02T13:45:02+00:00\",\"dateModified\":\"2025-11-17T08:39:49+00:00\",\"breadcrumb\":{\"@id\":\"https:\/\/abilica.com\/sv\/kondition\/crosstrainers\/abilica-journey-bt\/#breadcrumb\"},\"inLanguage\":\"sv-SE\",\"potentialAction\":[{\"@type\":\"ReadAction\",\"target\":[\"https:\/\/abilica.com\/sv\/kondition\/crosstrainers\/abilica-journey-bt\/\"]}]},{\"@type\":\"ImageObject\",\"inLanguage\":\"sv-SE\",\"@id\":\"https:\/\/abilica.com\/sv\/kondition\/crosstrainers\/abilica-journey-bt\/#primaryimage\",\"url\":\"https:\/\/abilica.com\/wp-content\/uploads\/2020\/06\/373609.jpg\",\"contentUrl\":\"https:\/\/abilica.com\/wp-content\/uploads\/2020\/06\/373609.jpg\",\"width\":1200,\"height\":1200},{\"@type\":\"BreadcrumbList\",\"@id\":\"https:\/\/abilica.com\/sv\/kondition\/crosstrainers\/abilica-journey-bt\/#breadcrumb\",\"itemListElement\":[{\"@type\":\"ListItem\",\"position\":1,\"name\":\"Hem\",\"item\":\"https:\/\/abilica.com\/sv\/\"},{\"@type\":\"ListItem\",\"position\":2,\"name\":\"Produkter\",\"item\":\"https:\/\/abilica.com\/sv\/shop\/\"},{\"@type\":\"ListItem\",\"position\":3,\"name\":\"Abilica Journey BT\"}]},{\"@type\":\"WebSite\",\"@id\":\"https:\/\/abilica.com\/#website\",\"url\":\"https:\/\/abilica.com\/\",\"name\":\"Abilica\",\"description\":\"Abilica Home Training\",\"potentialAction\":[{\"@type\":\"SearchAction\",\"target\":{\"@type\":\"EntryPoint\",\"urlTemplate\":\"https:\/\/abilica.com\/?s={search_term_string}\"},\"query-input\":{\"@type\":\"PropertyValueSpecification\",\"valueRequired\":true,\"valueName\":\"search_term_string\"}}],\"inLanguage\":\"sv-SE\"}]}<\/script>\n<!-- \/ Yoast SEO Premium plugin. -->","yoast_head_json":{"title":"Abilica Journey BT Abilica","robots":{"index":"index","follow":"follow","max-snippet":"max-snippet:-1","max-image-preview":"max-image-preview:large","max-video-preview":"max-video-preview:-1"},"canonical":"https:\/\/abilica.com\/sv\/kondition\/crosstrainers\/abilica-journey-bt\/","og_locale":"sv_SE","og_type":"article","og_title":"Abilica Journey BT","og_description":"[vc_row][vc_column][vc_column_text css=&#8221;&#8221; el_class=&#8221;product-video&#8221;] Abilica Journey BT \u00e4r en crosstrainer f\u00f6r dig som brinner f\u00f6r design...","og_url":"https:\/\/abilica.com\/sv\/kondition\/crosstrainers\/abilica-journey-bt\/","og_site_name":"Abilica","article_publisher":"https:\/\/www.facebook.com\/abilicahometraining\/","article_modified_time":"2025-11-17T08:39:49+00:00","og_image":[{"width":1200,"height":1200,"url":"https:\/\/abilica.com\/wp-content\/uploads\/2020\/06\/373609.jpg","type":"image\/jpeg"}],"twitter_card":"summary_large_image","twitter_misc":{"Ber\u00e4knad l\u00e4stid":"2 minuter"},"schema":{"@context":"https:\/\/schema.org","@graph":[{"@type":"WebPage","@id":"https:\/\/abilica.com\/sv\/kondition\/crosstrainers\/abilica-journey-bt\/","url":"https:\/\/abilica.com\/sv\/kondition\/crosstrainers\/abilica-journey-bt\/","name":"Abilica Journey BT Abilica","isPartOf":{"@id":"https:\/\/abilica.com\/#website"},"primaryImageOfPage":{"@id":"https:\/\/abilica.com\/sv\/kondition\/crosstrainers\/abilica-journey-bt\/#primaryimage"},"image":{"@id":"https:\/\/abilica.com\/sv\/kondition\/crosstrainers\/abilica-journey-bt\/#primaryimage"},"thumbnailUrl":"https:\/\/abilica.com\/wp-content\/uploads\/2020\/06\/373609.jpg","datePublished":"2020-06-02T13:45:02+00:00","dateModified":"2025-11-17T08:39:49+00:00","breadcrumb":{"@id":"https:\/\/abilica.com\/sv\/kondition\/crosstrainers\/abilica-journey-bt\/#breadcrumb"},"inLanguage":"sv-SE","potentialAction":[{"@type":"ReadAction","target":["https:\/\/abilica.com\/sv\/kondition\/crosstrainers\/abilica-journey-bt\/"]}]},{"@type":"ImageObject","inLanguage":"sv-SE","@id":"https:\/\/abilica.com\/sv\/kondition\/crosstrainers\/abilica-journey-bt\/#primaryimage","url":"https:\/\/abilica.com\/wp-content\/uploads\/2020\/06\/373609.jpg","contentUrl":"https:\/\/abilica.com\/wp-content\/uploads\/2020\/06\/373609.jpg","width":1200,"height":1200},{"@type":"BreadcrumbList","@id":"https:\/\/abilica.com\/sv\/kondition\/crosstrainers\/abilica-journey-bt\/#breadcrumb","itemListElement":[{"@type":"ListItem","position":1,"name":"Hem","item":"https:\/\/abilica.com\/sv\/"},{"@type":"ListItem","position":2,"name":"Produkter","item":"https:\/\/abilica.com\/sv\/shop\/"},{"@type":"ListItem","position":3,"name":"Abilica Journey BT"}]},{"@type":"WebSite","@id":"https:\/\/abilica.com\/#website","url":"https:\/\/abilica.com\/","name":"Abilica","description":"Abilica Home Training","potentialAction":[{"@type":"SearchAction","target":{"@type":"EntryPoint","urlTemplate":"https:\/\/abilica.com\/?s={search_term_string}"},"query-input":{"@type":"PropertyValueSpecification","valueRequired":true,"valueName":"search_term_string"}}],"inLanguage":"sv-SE"}]}},"_links":{"self":[{"href":"https:\/\/abilica.com\/sv\/wp-json\/wp\/v2\/product\/27082","targetHints":{"allow":["GET"]}}],"collection":[{"href":"https:\/\/abilica.com\/sv\/wp-json\/wp\/v2\/product"}],"about":[{"href":"https:\/\/abilica.com\/sv\/wp-json\/wp\/v2\/types\/product"}],"wp:featuredmedia":[{"embeddable":true,"href":"https:\/\/abilica.com\/sv\/wp-json\/wp\/v2\/media\/27463"}],"wp:attachment":[{"href":"https:\/\/abilica.com\/sv\/wp-json\/wp\/v2\/media?parent=27082"}],"wp:term":[{"taxonomy":"product_brand","embeddable":true,"href":"https:\/\/abilica.com\/sv\/wp-json\/wp\/v2\/product_brand?post=27082"},{"taxonomy":"product_cat","embeddable":true,"href":"https:\/\/abilica.com\/sv\/wp-json\/wp\/v2\/product_cat?post=27082"},{"taxonomy":"product_tag","embeddable":true,"href":"https:\/\/abilica.com\/sv\/wp-json\/wp\/v2\/product_tag?post=27082"}],"curies":[{"name":"wp","href":"https:\/\/api.w.org\/{rel}","templated":true}]}}