{"id":27273,"date":"2020-06-24T17:46:35","date_gmt":"2020-06-24T16:46:35","guid":{"rendered":"https:\/\/abilica.com\/se\/?post_type=product&#038;p=27273"},"modified":"2024-05-23T12:52:52","modified_gmt":"2024-05-23T11:52:52","slug":"abilica-elastictube-eco","status":"publish","type":"product","link":"https:\/\/abilica.com\/sv\/styrka\/gummiband\/abilica-elastictube-eco\/","title":{"rendered":"Abilica ElasticTube ECO"},"content":{"rendered":"<div class=\"wpb-content-wrapper\"><p>[vc_row][vc_column][vc_column_text]Abilica ElasticTube ECO \u00e4r ett m\u00e5ngsidigt gummiband, \u00e4ven avsedd f\u00f6r utomhusbruk. Med slitstark nylon som skyddar gummibandet fr\u00e5n sol och skarpa f\u00f6rem\u00e5l. Gummibandet \u00e4r producerad i 100% naturgummi av h\u00f6gsta kvalitet. Handtagen \u00e4r i mjuk plast som klarar stora belastningar och \u00e4r l\u00e4tta att h\u00e5lla rena. Medium h\u00e5rdhet. 140 cm l\u00e5ng. Motst\u00e5nd ca 5 \u2013 18 kg.[\/vc_column_text][vc_empty_space height=&#8221;52px&#8221;][\/vc_column][\/vc_row][vc_row][vc_column width=&#8221;1\/3&#8243;][vc_btn title=&#8221;Tr\u00e4ningsprogram&#8221; style=&#8221;flat&#8221; color=&#8221;black&#8221; link=&#8221;url:https%3A%2F%2Fabilica.com%2Fse%2Fwp-content%2Fuploads%2F2017%2F02%2FAbilica-ExerTube.pdf||target:%20_blank|&#8221;][\/vc_column][vc_column width=&#8221;1\/3&#8243;][vc_btn title=&#8221;Tr\u00e4ningstips&#8221; style=&#8221;flat&#8221; color=&#8221;black&#8221; link=&#8221;url:http%3A%2F%2Fwww.hemmatraningsbloggen.se%2Fstyrka%2Ftraning-med-gummiband%2F||target:%20_blank|&#8221;][\/vc_column][vc_column width=&#8221;1\/3&#8243;][vc_btn title=&#8221;Tr\u00e4ningsfilmer&#8221; style=&#8221;flat&#8221; color=&#8221;black&#8221; link=&#8221;url:https%3A%2F%2Fwww.youtube.com%2Fwatch%3Fv%3DTmsSN8XvKaI%26list%3DPLQHQh8gb5L2aWRVbVmhFsuAc_fSDJV-9y||target:%20_blank|&#8221;][\/vc_column][\/vc_row]<\/p>\n<\/div>","protected":false},"excerpt":{"rendered":"<p>[vc_row][vc_column][vc_column_text]Abilica ElasticTube ECO \u00e4r ett m\u00e5ngsidigt gummiband, \u00e4ven avsedd f\u00f6r utomhusbruk. Med slitstark nylon som&#8230;<\/p>\n","protected":false},"featured_media":27278,"template":"","meta":{"_acf_changed":false},"product_brand":[],"product_cat":[484,471],"product_tag":[182,177],"class_list":{"0":"post-27273","1":"product","2":"type-product","3":"status-publish","4":"has-post-thumbnail","6":"product_cat-gummiband","7":"product_cat-styrka","8":"product_tag-garage-gym","9":"product_tag-small-items","11":"first","12":"instock","13":"product-type-simple"},"acf":[],"yoast_head":"<!-- This site is optimized with the Yoast SEO Premium plugin v21.1 (Yoast SEO v25.4) - https:\/\/yoast.com\/wordpress\/plugins\/seo\/ -->\n<title>Abilica ElasticTube ECO Abilica<\/title>\n<meta name=\"robots\" content=\"index, follow, max-snippet:-1, max-image-preview:large, max-video-preview:-1\" \/>\n<link rel=\"canonical\" href=\"https:\/\/abilica.com\/sv\/styrka\/gummiband\/abilica-elastictube-eco\/\" \/>\n<meta property=\"og:locale\" content=\"sv_SE\" \/>\n<meta property=\"og:type\" content=\"article\" \/>\n<meta property=\"og:title\" content=\"Abilica ElasticTube ECO\" \/>\n<meta property=\"og:description\" content=\"[vc_row][vc_column][vc_column_text]Abilica ElasticTube ECO \u00e4r ett m\u00e5ngsidigt gummiband, \u00e4ven avsedd f\u00f6r utomhusbruk. Med slitstark nylon som...\" \/>\n<meta property=\"og:url\" content=\"https:\/\/abilica.com\/sv\/styrka\/gummiband\/abilica-elastictube-eco\/\" \/>\n<meta property=\"og:site_name\" content=\"Abilica\" \/>\n<meta property=\"article:publisher\" content=\"https:\/\/www.facebook.com\/abilicahometraining\/\" \/>\n<meta property=\"article:modified_time\" content=\"2024-05-23T11:52:52+00:00\" \/>\n<meta property=\"og:image\" content=\"https:\/\/abilica.com\/wp-content\/uploads\/2020\/06\/373561.jpg\" \/>\n\t<meta property=\"og:image:width\" content=\"1200\" \/>\n\t<meta property=\"og:image:height\" content=\"1200\" \/>\n\t<meta property=\"og:image:type\" content=\"image\/jpeg\" \/>\n<meta name=\"twitter:card\" content=\"summary_large_image\" \/>\n<meta name=\"twitter:label1\" content=\"Ber\u00e4knad l\u00e4stid\" \/>\n\t<meta name=\"twitter:data1\" content=\"1 minut\" \/>\n<script type=\"application\/ld+json\" class=\"yoast-schema-graph\">{\"@context\":\"https:\/\/schema.org\",\"@graph\":[{\"@type\":\"WebPage\",\"@id\":\"https:\/\/abilica.com\/sv\/styrka\/gummiband\/abilica-elastictube-eco\/\",\"url\":\"https:\/\/abilica.com\/sv\/styrka\/gummiband\/abilica-elastictube-eco\/\",\"name\":\"Abilica ElasticTube ECO Abilica\",\"isPartOf\":{\"@id\":\"https:\/\/abilica.com\/#website\"},\"primaryImageOfPage\":{\"@id\":\"https:\/\/abilica.com\/sv\/styrka\/gummiband\/abilica-elastictube-eco\/#primaryimage\"},\"image\":{\"@id\":\"https:\/\/abilica.com\/sv\/styrka\/gummiband\/abilica-elastictube-eco\/#primaryimage\"},\"thumbnailUrl\":\"https:\/\/abilica.com\/wp-content\/uploads\/2020\/06\/373561.jpg\",\"datePublished\":\"2020-06-24T16:46:35+00:00\",\"dateModified\":\"2024-05-23T11:52:52+00:00\",\"breadcrumb\":{\"@id\":\"https:\/\/abilica.com\/sv\/styrka\/gummiband\/abilica-elastictube-eco\/#breadcrumb\"},\"inLanguage\":\"sv-SE\",\"potentialAction\":[{\"@type\":\"ReadAction\",\"target\":[\"https:\/\/abilica.com\/sv\/styrka\/gummiband\/abilica-elastictube-eco\/\"]}]},{\"@type\":\"ImageObject\",\"inLanguage\":\"sv-SE\",\"@id\":\"https:\/\/abilica.com\/sv\/styrka\/gummiband\/abilica-elastictube-eco\/#primaryimage\",\"url\":\"https:\/\/abilica.com\/wp-content\/uploads\/2020\/06\/373561.jpg\",\"contentUrl\":\"https:\/\/abilica.com\/wp-content\/uploads\/2020\/06\/373561.jpg\",\"width\":1200,\"height\":1200},{\"@type\":\"BreadcrumbList\",\"@id\":\"https:\/\/abilica.com\/sv\/styrka\/gummiband\/abilica-elastictube-eco\/#breadcrumb\",\"itemListElement\":[{\"@type\":\"ListItem\",\"position\":1,\"name\":\"Hem\",\"item\":\"https:\/\/abilica.com\/sv\/\"},{\"@type\":\"ListItem\",\"position\":2,\"name\":\"Produkter\",\"item\":\"https:\/\/abilica.com\/sv\/shop\/\"},{\"@type\":\"ListItem\",\"position\":3,\"name\":\"Abilica ElasticTube ECO\"}]},{\"@type\":\"WebSite\",\"@id\":\"https:\/\/abilica.com\/#website\",\"url\":\"https:\/\/abilica.com\/\",\"name\":\"Abilica\",\"description\":\"Abilica Home Training\",\"potentialAction\":[{\"@type\":\"SearchAction\",\"target\":{\"@type\":\"EntryPoint\",\"urlTemplate\":\"https:\/\/abilica.com\/?s={search_term_string}\"},\"query-input\":{\"@type\":\"PropertyValueSpecification\",\"valueRequired\":true,\"valueName\":\"search_term_string\"}}],\"inLanguage\":\"sv-SE\"}]}<\/script>\n<!-- \/ Yoast SEO Premium plugin. -->","yoast_head_json":{"title":"Abilica ElasticTube ECO Abilica","robots":{"index":"index","follow":"follow","max-snippet":"max-snippet:-1","max-image-preview":"max-image-preview:large","max-video-preview":"max-video-preview:-1"},"canonical":"https:\/\/abilica.com\/sv\/styrka\/gummiband\/abilica-elastictube-eco\/","og_locale":"sv_SE","og_type":"article","og_title":"Abilica ElasticTube ECO","og_description":"[vc_row][vc_column][vc_column_text]Abilica ElasticTube ECO \u00e4r ett m\u00e5ngsidigt gummiband, \u00e4ven avsedd f\u00f6r utomhusbruk. Med slitstark nylon som...","og_url":"https:\/\/abilica.com\/sv\/styrka\/gummiband\/abilica-elastictube-eco\/","og_site_name":"Abilica","article_publisher":"https:\/\/www.facebook.com\/abilicahometraining\/","article_modified_time":"2024-05-23T11:52:52+00:00","og_image":[{"width":1200,"height":1200,"url":"https:\/\/abilica.com\/wp-content\/uploads\/2020\/06\/373561.jpg","type":"image\/jpeg"}],"twitter_card":"summary_large_image","twitter_misc":{"Ber\u00e4knad l\u00e4stid":"1 minut"},"schema":{"@context":"https:\/\/schema.org","@graph":[{"@type":"WebPage","@id":"https:\/\/abilica.com\/sv\/styrka\/gummiband\/abilica-elastictube-eco\/","url":"https:\/\/abilica.com\/sv\/styrka\/gummiband\/abilica-elastictube-eco\/","name":"Abilica ElasticTube ECO Abilica","isPartOf":{"@id":"https:\/\/abilica.com\/#website"},"primaryImageOfPage":{"@id":"https:\/\/abilica.com\/sv\/styrka\/gummiband\/abilica-elastictube-eco\/#primaryimage"},"image":{"@id":"https:\/\/abilica.com\/sv\/styrka\/gummiband\/abilica-elastictube-eco\/#primaryimage"},"thumbnailUrl":"https:\/\/abilica.com\/wp-content\/uploads\/2020\/06\/373561.jpg","datePublished":"2020-06-24T16:46:35+00:00","dateModified":"2024-05-23T11:52:52+00:00","breadcrumb":{"@id":"https:\/\/abilica.com\/sv\/styrka\/gummiband\/abilica-elastictube-eco\/#breadcrumb"},"inLanguage":"sv-SE","potentialAction":[{"@type":"ReadAction","target":["https:\/\/abilica.com\/sv\/styrka\/gummiband\/abilica-elastictube-eco\/"]}]},{"@type":"ImageObject","inLanguage":"sv-SE","@id":"https:\/\/abilica.com\/sv\/styrka\/gummiband\/abilica-elastictube-eco\/#primaryimage","url":"https:\/\/abilica.com\/wp-content\/uploads\/2020\/06\/373561.jpg","contentUrl":"https:\/\/abilica.com\/wp-content\/uploads\/2020\/06\/373561.jpg","width":1200,"height":1200},{"@type":"BreadcrumbList","@id":"https:\/\/abilica.com\/sv\/styrka\/gummiband\/abilica-elastictube-eco\/#breadcrumb","itemListElement":[{"@type":"ListItem","position":1,"name":"Hem","item":"https:\/\/abilica.com\/sv\/"},{"@type":"ListItem","position":2,"name":"Produkter","item":"https:\/\/abilica.com\/sv\/shop\/"},{"@type":"ListItem","position":3,"name":"Abilica ElasticTube ECO"}]},{"@type":"WebSite","@id":"https:\/\/abilica.com\/#website","url":"https:\/\/abilica.com\/","name":"Abilica","description":"Abilica Home Training","potentialAction":[{"@type":"SearchAction","target":{"@type":"EntryPoint","urlTemplate":"https:\/\/abilica.com\/?s={search_term_string}"},"query-input":{"@type":"PropertyValueSpecification","valueRequired":true,"valueName":"search_term_string"}}],"inLanguage":"sv-SE"}]}},"_links":{"self":[{"href":"https:\/\/abilica.com\/sv\/wp-json\/wp\/v2\/product\/27273","targetHints":{"allow":["GET"]}}],"collection":[{"href":"https:\/\/abilica.com\/sv\/wp-json\/wp\/v2\/product"}],"about":[{"href":"https:\/\/abilica.com\/sv\/wp-json\/wp\/v2\/types\/product"}],"wp:featuredmedia":[{"embeddable":true,"href":"https:\/\/abilica.com\/sv\/wp-json\/wp\/v2\/media\/27278"}],"wp:attachment":[{"href":"https:\/\/abilica.com\/sv\/wp-json\/wp\/v2\/media?parent=27273"}],"wp:term":[{"taxonomy":"product_brand","embeddable":true,"href":"https:\/\/abilica.com\/sv\/wp-json\/wp\/v2\/product_brand?post=27273"},{"taxonomy":"product_cat","embeddable":true,"href":"https:\/\/abilica.com\/sv\/wp-json\/wp\/v2\/product_cat?post=27273"},{"taxonomy":"product_tag","embeddable":true,"href":"https:\/\/abilica.com\/sv\/wp-json\/wp\/v2\/product_tag?post=27273"}],"curies":[{"name":"wp","href":"https:\/\/api.w.org\/{rel}","templated":true}]}}