{"id":2731,"date":"2016-08-23T00:00:00","date_gmt":"2016-08-22T23:00:00","guid":{"rendered":"https:\/\/abilica.com\/se\/produkt\/abilica-outdoor-dips-handle\/"},"modified":"2023-10-16T20:36:34","modified_gmt":"2023-10-16T19:36:34","slug":"abilica-outdoor-dips-handle","status":"publish","type":"product","link":"https:\/\/abilica.com\/sv\/styrka\/abilica-outdoor-dips-handle\/","title":{"rendered":"Abilica Outdoor Dips Handle"},"content":{"rendered":"<p>Kraftfulla handtag till dips f\u00f6r montering p\u00e5 v\u00e4gg utomhus. Samma galvaniserade yta som Abilica CageTrainer g\u00f6r att den kan h\u00e4nga ute i v\u00e4der och vind. 50 mm tjockt handtag g\u00f6r tr\u00e4ningen bekv\u00e4m f\u00f6r h\u00e4nder och sp\u00e5r i ytan g\u00f6r greppet fast och s\u00e4kert. Skruvh\u00e5l med 60 cm avst\u00e5nd g\u00f6r att den f\u00e4stas s\u00e4kert och l\u00e4tt i alla vanliga v\u00e4ggar. Profilerade handtag ger valfritt avst\u00e5nd fr\u00e5n 45 till 75 cm, vilket ger bra passform f\u00f6r olika grepp, \u00f6vningar och m\u00e4nniskor. Max anv\u00e4ndarvikt med r\u00e4tt s\u00e4kring till v\u00e4ggen \u00e4r 150 kg.<\/p>\n","protected":false},"excerpt":{"rendered":"<p>Kraftfulla handtag till dips f\u00f6r montering p\u00e5 v\u00e4gg utomhus. Samma galvaniserade yta som Abilica CageTrainer&#8230;<\/p>\n","protected":false},"featured_media":15566,"template":"","meta":{"_acf_changed":false},"product_brand":[],"product_cat":[423,471],"product_tag":[95,49,34],"class_list":{"0":"post-2731","1":"product","2":"type-product","3":"status-publish","4":"has-post-thumbnail","6":"product_cat-smaprodukter","7":"product_cat-styrka","8":"product_tag-nyheter","9":"product_tag-premium","10":"product_tag-styrka","12":"first","13":"outofstock","14":"product-type-simple"},"acf":[],"yoast_head":"<!-- This site is optimized with the Yoast SEO Premium plugin v21.1 (Yoast SEO v25.4) - https:\/\/yoast.com\/wordpress\/plugins\/seo\/ -->\n<title>Abilica Outdoor Dips Handle Abilica<\/title>\n<meta name=\"robots\" content=\"index, follow, max-snippet:-1, max-image-preview:large, max-video-preview:-1\" \/>\n<link rel=\"canonical\" href=\"https:\/\/abilica.com\/sv\/styrka\/abilica-outdoor-dips-handle\/\" \/>\n<meta property=\"og:locale\" content=\"sv_SE\" \/>\n<meta property=\"og:type\" content=\"article\" \/>\n<meta property=\"og:title\" content=\"Abilica Outdoor Dips Handle\" \/>\n<meta property=\"og:description\" content=\"Kraftfulla handtag till dips f\u00f6r montering p\u00e5 v\u00e4gg utomhus. Samma galvaniserade yta som Abilica CageTrainer...\" \/>\n<meta property=\"og:url\" content=\"https:\/\/abilica.com\/sv\/styrka\/abilica-outdoor-dips-handle\/\" \/>\n<meta property=\"og:site_name\" content=\"Abilica\" \/>\n<meta property=\"article:publisher\" content=\"https:\/\/www.facebook.com\/abilicahometraining\/\" \/>\n<meta property=\"article:modified_time\" content=\"2023-10-16T19:36:34+00:00\" \/>\n<meta property=\"og:image\" content=\"https:\/\/abilica.com\/wp-content\/uploads\/2017\/03\/300592.jpg\" \/>\n\t<meta property=\"og:image:width\" content=\"1200\" \/>\n\t<meta property=\"og:image:height\" content=\"1200\" \/>\n\t<meta property=\"og:image:type\" content=\"image\/jpeg\" \/>\n<meta name=\"twitter:card\" content=\"summary_large_image\" \/>\n<meta name=\"twitter:label1\" content=\"Ber\u00e4knad l\u00e4stid\" \/>\n\t<meta name=\"twitter:data1\" content=\"1 minut\" \/>\n<script type=\"application\/ld+json\" class=\"yoast-schema-graph\">{\"@context\":\"https:\/\/schema.org\",\"@graph\":[{\"@type\":\"WebPage\",\"@id\":\"https:\/\/abilica.com\/sv\/styrka\/abilica-outdoor-dips-handle\/\",\"url\":\"https:\/\/abilica.com\/sv\/styrka\/abilica-outdoor-dips-handle\/\",\"name\":\"Abilica Outdoor Dips Handle Abilica\",\"isPartOf\":{\"@id\":\"https:\/\/abilica.com\/#website\"},\"primaryImageOfPage\":{\"@id\":\"https:\/\/abilica.com\/sv\/styrka\/abilica-outdoor-dips-handle\/#primaryimage\"},\"image\":{\"@id\":\"https:\/\/abilica.com\/sv\/styrka\/abilica-outdoor-dips-handle\/#primaryimage\"},\"thumbnailUrl\":\"https:\/\/abilica.com\/wp-content\/uploads\/2017\/03\/300592.jpg\",\"datePublished\":\"2016-08-22T23:00:00+00:00\",\"dateModified\":\"2023-10-16T19:36:34+00:00\",\"breadcrumb\":{\"@id\":\"https:\/\/abilica.com\/sv\/styrka\/abilica-outdoor-dips-handle\/#breadcrumb\"},\"inLanguage\":\"sv-SE\",\"potentialAction\":[{\"@type\":\"ReadAction\",\"target\":[\"https:\/\/abilica.com\/sv\/styrka\/abilica-outdoor-dips-handle\/\"]}]},{\"@type\":\"ImageObject\",\"inLanguage\":\"sv-SE\",\"@id\":\"https:\/\/abilica.com\/sv\/styrka\/abilica-outdoor-dips-handle\/#primaryimage\",\"url\":\"https:\/\/abilica.com\/wp-content\/uploads\/2017\/03\/300592.jpg\",\"contentUrl\":\"https:\/\/abilica.com\/wp-content\/uploads\/2017\/03\/300592.jpg\",\"width\":1200,\"height\":1200},{\"@type\":\"BreadcrumbList\",\"@id\":\"https:\/\/abilica.com\/sv\/styrka\/abilica-outdoor-dips-handle\/#breadcrumb\",\"itemListElement\":[{\"@type\":\"ListItem\",\"position\":1,\"name\":\"Hem\",\"item\":\"https:\/\/abilica.com\/sv\/\"},{\"@type\":\"ListItem\",\"position\":2,\"name\":\"Produkter\",\"item\":\"https:\/\/abilica.com\/sv\/shop\/\"},{\"@type\":\"ListItem\",\"position\":3,\"name\":\"Abilica Outdoor Dips Handle\"}]},{\"@type\":\"WebSite\",\"@id\":\"https:\/\/abilica.com\/#website\",\"url\":\"https:\/\/abilica.com\/\",\"name\":\"Abilica\",\"description\":\"Abilica Home Training\",\"potentialAction\":[{\"@type\":\"SearchAction\",\"target\":{\"@type\":\"EntryPoint\",\"urlTemplate\":\"https:\/\/abilica.com\/?s={search_term_string}\"},\"query-input\":{\"@type\":\"PropertyValueSpecification\",\"valueRequired\":true,\"valueName\":\"search_term_string\"}}],\"inLanguage\":\"sv-SE\"}]}<\/script>\n<!-- \/ Yoast SEO Premium plugin. -->","yoast_head_json":{"title":"Abilica Outdoor Dips Handle Abilica","robots":{"index":"index","follow":"follow","max-snippet":"max-snippet:-1","max-image-preview":"max-image-preview:large","max-video-preview":"max-video-preview:-1"},"canonical":"https:\/\/abilica.com\/sv\/styrka\/abilica-outdoor-dips-handle\/","og_locale":"sv_SE","og_type":"article","og_title":"Abilica Outdoor Dips Handle","og_description":"Kraftfulla handtag till dips f\u00f6r montering p\u00e5 v\u00e4gg utomhus. Samma galvaniserade yta som Abilica CageTrainer...","og_url":"https:\/\/abilica.com\/sv\/styrka\/abilica-outdoor-dips-handle\/","og_site_name":"Abilica","article_publisher":"https:\/\/www.facebook.com\/abilicahometraining\/","article_modified_time":"2023-10-16T19:36:34+00:00","og_image":[{"width":1200,"height":1200,"url":"https:\/\/abilica.com\/wp-content\/uploads\/2017\/03\/300592.jpg","type":"image\/jpeg"}],"twitter_card":"summary_large_image","twitter_misc":{"Ber\u00e4knad l\u00e4stid":"1 minut"},"schema":{"@context":"https:\/\/schema.org","@graph":[{"@type":"WebPage","@id":"https:\/\/abilica.com\/sv\/styrka\/abilica-outdoor-dips-handle\/","url":"https:\/\/abilica.com\/sv\/styrka\/abilica-outdoor-dips-handle\/","name":"Abilica Outdoor Dips Handle Abilica","isPartOf":{"@id":"https:\/\/abilica.com\/#website"},"primaryImageOfPage":{"@id":"https:\/\/abilica.com\/sv\/styrka\/abilica-outdoor-dips-handle\/#primaryimage"},"image":{"@id":"https:\/\/abilica.com\/sv\/styrka\/abilica-outdoor-dips-handle\/#primaryimage"},"thumbnailUrl":"https:\/\/abilica.com\/wp-content\/uploads\/2017\/03\/300592.jpg","datePublished":"2016-08-22T23:00:00+00:00","dateModified":"2023-10-16T19:36:34+00:00","breadcrumb":{"@id":"https:\/\/abilica.com\/sv\/styrka\/abilica-outdoor-dips-handle\/#breadcrumb"},"inLanguage":"sv-SE","potentialAction":[{"@type":"ReadAction","target":["https:\/\/abilica.com\/sv\/styrka\/abilica-outdoor-dips-handle\/"]}]},{"@type":"ImageObject","inLanguage":"sv-SE","@id":"https:\/\/abilica.com\/sv\/styrka\/abilica-outdoor-dips-handle\/#primaryimage","url":"https:\/\/abilica.com\/wp-content\/uploads\/2017\/03\/300592.jpg","contentUrl":"https:\/\/abilica.com\/wp-content\/uploads\/2017\/03\/300592.jpg","width":1200,"height":1200},{"@type":"BreadcrumbList","@id":"https:\/\/abilica.com\/sv\/styrka\/abilica-outdoor-dips-handle\/#breadcrumb","itemListElement":[{"@type":"ListItem","position":1,"name":"Hem","item":"https:\/\/abilica.com\/sv\/"},{"@type":"ListItem","position":2,"name":"Produkter","item":"https:\/\/abilica.com\/sv\/shop\/"},{"@type":"ListItem","position":3,"name":"Abilica Outdoor Dips Handle"}]},{"@type":"WebSite","@id":"https:\/\/abilica.com\/#website","url":"https:\/\/abilica.com\/","name":"Abilica","description":"Abilica Home Training","potentialAction":[{"@type":"SearchAction","target":{"@type":"EntryPoint","urlTemplate":"https:\/\/abilica.com\/?s={search_term_string}"},"query-input":{"@type":"PropertyValueSpecification","valueRequired":true,"valueName":"search_term_string"}}],"inLanguage":"sv-SE"}]}},"_links":{"self":[{"href":"https:\/\/abilica.com\/sv\/wp-json\/wp\/v2\/product\/2731","targetHints":{"allow":["GET"]}}],"collection":[{"href":"https:\/\/abilica.com\/sv\/wp-json\/wp\/v2\/product"}],"about":[{"href":"https:\/\/abilica.com\/sv\/wp-json\/wp\/v2\/types\/product"}],"wp:featuredmedia":[{"embeddable":true,"href":"https:\/\/abilica.com\/sv\/wp-json\/wp\/v2\/media\/15566"}],"wp:attachment":[{"href":"https:\/\/abilica.com\/sv\/wp-json\/wp\/v2\/media?parent=2731"}],"wp:term":[{"taxonomy":"product_brand","embeddable":true,"href":"https:\/\/abilica.com\/sv\/wp-json\/wp\/v2\/product_brand?post=2731"},{"taxonomy":"product_cat","embeddable":true,"href":"https:\/\/abilica.com\/sv\/wp-json\/wp\/v2\/product_cat?post=2731"},{"taxonomy":"product_tag","embeddable":true,"href":"https:\/\/abilica.com\/sv\/wp-json\/wp\/v2\/product_tag?post=2731"}],"curies":[{"name":"wp","href":"https:\/\/api.w.org\/{rel}","templated":true}]}}