{"id":27342,"date":"2020-07-02T13:06:40","date_gmt":"2020-07-02T12:06:40","guid":{"rendered":"https:\/\/abilica.com\/se\/?post_type=product&#038;p=27342"},"modified":"2024-09-30T13:01:08","modified_gmt":"2024-09-30T12:01:08","slug":"abilica-wallbar-eco","status":"publish","type":"product","link":"https:\/\/abilica.com\/sv\/styrka\/abilica-wallbar-eco\/","title":{"rendered":"Abilica WallBar ECO"},"content":{"rendered":"<p>Abilica Wall Bar ECO \u00e4r en milj\u00f6v\u00e4nlig ribbstol som \u00e4r en klassisk favorit p\u00e5 gymmet som passar f\u00f6r alla \u00e5ldrar. Med 9 ovala ribbor, inklusive en som sticker ut 5,5 cm, ger denna ribbstol ett brett utbud av \u00f6vningar p\u00e5 olika h\u00f6jder f\u00f6r att tr\u00e4na greppstyrka och magmuskler.<\/p>\n<p>Du kan h\u00e4nga fr\u00e5n ribborna, lyfta benen f\u00f6r att tr\u00e4na magmusklerna, eller prova en bensb\u00f6j genom att vila foten mot en ribba. Dessutom kan du f\u00e4sta gummiband f\u00f6r \u00e4nnu mer variation eller g\u00f6ra leken &#8221;golvet \u00e4r lava&#8221;. Den naturliga f\u00e4rgen g\u00f6r att den passar perfekt i skandinaviska hem och du kan \u00e4ven g\u00f6ra den personlig genom att m\u00e5la den i din favoritf\u00e4rg. <span class=\"ui-provider a b c d e f g h i j k l m n o p q r s t u v w x y z ab ac ae af ag ah ai aj ak\" dir=\"ltr\">Skruvar och beslag f\u00f6ljer med.\u00a0 Vikt: 9 kg.<\/span><\/p>\n<p><b>Storlek<\/b><br \/>\n230 x 70 cm (H x B)<\/p>\n","protected":false},"excerpt":{"rendered":"<p>Abilica Wall Bar ECO \u00e4r en milj\u00f6v\u00e4nlig ribbstol som \u00e4r en klassisk favorit p\u00e5 gymmet&#8230;<\/p>\n","protected":false},"featured_media":63164,"template":"","meta":{"_acf_changed":false},"product_brand":[],"product_cat":[471],"product_tag":[174,76],"class_list":{"0":"post-27342","1":"product","2":"type-product","3":"status-publish","4":"has-post-thumbnail","6":"product_cat-styrka","7":"product_tag-active","8":"product_tag-eco-friendly","10":"first","11":"instock","12":"product-type-variable"},"acf":[],"yoast_head":"<!-- This site is optimized with the Yoast SEO Premium plugin v21.1 (Yoast SEO v25.4) - https:\/\/yoast.com\/wordpress\/plugins\/seo\/ -->\n<title>Abilica WallBar ECO Abilica<\/title>\n<meta name=\"robots\" content=\"index, follow, max-snippet:-1, max-image-preview:large, max-video-preview:-1\" \/>\n<link rel=\"canonical\" href=\"https:\/\/abilica.com\/sv\/styrka\/abilica-wallbar-eco\/\" \/>\n<meta property=\"og:locale\" content=\"sv_SE\" \/>\n<meta property=\"og:type\" content=\"article\" \/>\n<meta property=\"og:title\" content=\"Abilica WallBar ECO\" \/>\n<meta property=\"og:description\" content=\"Abilica Wall Bar ECO \u00e4r en milj\u00f6v\u00e4nlig ribbstol som \u00e4r en klassisk favorit p\u00e5 gymmet...\" \/>\n<meta property=\"og:url\" content=\"https:\/\/abilica.com\/sv\/styrka\/abilica-wallbar-eco\/\" \/>\n<meta property=\"og:site_name\" content=\"Abilica\" \/>\n<meta property=\"article:publisher\" content=\"https:\/\/www.facebook.com\/abilicahometraining\/\" \/>\n<meta property=\"article:modified_time\" content=\"2024-09-30T12:01:08+00:00\" \/>\n<meta property=\"og:image\" content=\"https:\/\/abilica.com\/wp-content\/uploads\/2023\/10\/300827.jpg\" \/>\n\t<meta property=\"og:image:width\" content=\"1200\" \/>\n\t<meta property=\"og:image:height\" content=\"1200\" \/>\n\t<meta property=\"og:image:type\" content=\"image\/jpeg\" \/>\n<meta name=\"twitter:card\" content=\"summary_large_image\" \/>\n<meta name=\"twitter:label1\" content=\"Ber\u00e4knad l\u00e4stid\" \/>\n\t<meta name=\"twitter:data1\" content=\"1 minut\" \/>\n<script type=\"application\/ld+json\" class=\"yoast-schema-graph\">{\"@context\":\"https:\/\/schema.org\",\"@graph\":[{\"@type\":\"WebPage\",\"@id\":\"https:\/\/abilica.com\/sv\/styrka\/abilica-wallbar-eco\/\",\"url\":\"https:\/\/abilica.com\/sv\/styrka\/abilica-wallbar-eco\/\",\"name\":\"Abilica WallBar ECO Abilica\",\"isPartOf\":{\"@id\":\"https:\/\/abilica.com\/#website\"},\"primaryImageOfPage\":{\"@id\":\"https:\/\/abilica.com\/sv\/styrka\/abilica-wallbar-eco\/#primaryimage\"},\"image\":{\"@id\":\"https:\/\/abilica.com\/sv\/styrka\/abilica-wallbar-eco\/#primaryimage\"},\"thumbnailUrl\":\"https:\/\/abilica.com\/wp-content\/uploads\/2023\/10\/300827.jpg\",\"datePublished\":\"2020-07-02T12:06:40+00:00\",\"dateModified\":\"2024-09-30T12:01:08+00:00\",\"breadcrumb\":{\"@id\":\"https:\/\/abilica.com\/sv\/styrka\/abilica-wallbar-eco\/#breadcrumb\"},\"inLanguage\":\"sv-SE\",\"potentialAction\":[{\"@type\":\"ReadAction\",\"target\":[\"https:\/\/abilica.com\/sv\/styrka\/abilica-wallbar-eco\/\"]}]},{\"@type\":\"ImageObject\",\"inLanguage\":\"sv-SE\",\"@id\":\"https:\/\/abilica.com\/sv\/styrka\/abilica-wallbar-eco\/#primaryimage\",\"url\":\"https:\/\/abilica.com\/wp-content\/uploads\/2023\/10\/300827.jpg\",\"contentUrl\":\"https:\/\/abilica.com\/wp-content\/uploads\/2023\/10\/300827.jpg\",\"width\":1200,\"height\":1200},{\"@type\":\"BreadcrumbList\",\"@id\":\"https:\/\/abilica.com\/sv\/styrka\/abilica-wallbar-eco\/#breadcrumb\",\"itemListElement\":[{\"@type\":\"ListItem\",\"position\":1,\"name\":\"Hem\",\"item\":\"https:\/\/abilica.com\/sv\/\"},{\"@type\":\"ListItem\",\"position\":2,\"name\":\"Produkter\",\"item\":\"https:\/\/abilica.com\/sv\/shop\/\"},{\"@type\":\"ListItem\",\"position\":3,\"name\":\"Abilica WallBar ECO\"}]},{\"@type\":\"WebSite\",\"@id\":\"https:\/\/abilica.com\/#website\",\"url\":\"https:\/\/abilica.com\/\",\"name\":\"Abilica\",\"description\":\"Abilica Home Training\",\"potentialAction\":[{\"@type\":\"SearchAction\",\"target\":{\"@type\":\"EntryPoint\",\"urlTemplate\":\"https:\/\/abilica.com\/?s={search_term_string}\"},\"query-input\":{\"@type\":\"PropertyValueSpecification\",\"valueRequired\":true,\"valueName\":\"search_term_string\"}}],\"inLanguage\":\"sv-SE\"}]}<\/script>\n<!-- \/ Yoast SEO Premium plugin. -->","yoast_head_json":{"title":"Abilica WallBar ECO Abilica","robots":{"index":"index","follow":"follow","max-snippet":"max-snippet:-1","max-image-preview":"max-image-preview:large","max-video-preview":"max-video-preview:-1"},"canonical":"https:\/\/abilica.com\/sv\/styrka\/abilica-wallbar-eco\/","og_locale":"sv_SE","og_type":"article","og_title":"Abilica WallBar ECO","og_description":"Abilica Wall Bar ECO \u00e4r en milj\u00f6v\u00e4nlig ribbstol som \u00e4r en klassisk favorit p\u00e5 gymmet...","og_url":"https:\/\/abilica.com\/sv\/styrka\/abilica-wallbar-eco\/","og_site_name":"Abilica","article_publisher":"https:\/\/www.facebook.com\/abilicahometraining\/","article_modified_time":"2024-09-30T12:01:08+00:00","og_image":[{"width":1200,"height":1200,"url":"https:\/\/abilica.com\/wp-content\/uploads\/2023\/10\/300827.jpg","type":"image\/jpeg"}],"twitter_card":"summary_large_image","twitter_misc":{"Ber\u00e4knad l\u00e4stid":"1 minut"},"schema":{"@context":"https:\/\/schema.org","@graph":[{"@type":"WebPage","@id":"https:\/\/abilica.com\/sv\/styrka\/abilica-wallbar-eco\/","url":"https:\/\/abilica.com\/sv\/styrka\/abilica-wallbar-eco\/","name":"Abilica WallBar ECO Abilica","isPartOf":{"@id":"https:\/\/abilica.com\/#website"},"primaryImageOfPage":{"@id":"https:\/\/abilica.com\/sv\/styrka\/abilica-wallbar-eco\/#primaryimage"},"image":{"@id":"https:\/\/abilica.com\/sv\/styrka\/abilica-wallbar-eco\/#primaryimage"},"thumbnailUrl":"https:\/\/abilica.com\/wp-content\/uploads\/2023\/10\/300827.jpg","datePublished":"2020-07-02T12:06:40+00:00","dateModified":"2024-09-30T12:01:08+00:00","breadcrumb":{"@id":"https:\/\/abilica.com\/sv\/styrka\/abilica-wallbar-eco\/#breadcrumb"},"inLanguage":"sv-SE","potentialAction":[{"@type":"ReadAction","target":["https:\/\/abilica.com\/sv\/styrka\/abilica-wallbar-eco\/"]}]},{"@type":"ImageObject","inLanguage":"sv-SE","@id":"https:\/\/abilica.com\/sv\/styrka\/abilica-wallbar-eco\/#primaryimage","url":"https:\/\/abilica.com\/wp-content\/uploads\/2023\/10\/300827.jpg","contentUrl":"https:\/\/abilica.com\/wp-content\/uploads\/2023\/10\/300827.jpg","width":1200,"height":1200},{"@type":"BreadcrumbList","@id":"https:\/\/abilica.com\/sv\/styrka\/abilica-wallbar-eco\/#breadcrumb","itemListElement":[{"@type":"ListItem","position":1,"name":"Hem","item":"https:\/\/abilica.com\/sv\/"},{"@type":"ListItem","position":2,"name":"Produkter","item":"https:\/\/abilica.com\/sv\/shop\/"},{"@type":"ListItem","position":3,"name":"Abilica WallBar ECO"}]},{"@type":"WebSite","@id":"https:\/\/abilica.com\/#website","url":"https:\/\/abilica.com\/","name":"Abilica","description":"Abilica Home Training","potentialAction":[{"@type":"SearchAction","target":{"@type":"EntryPoint","urlTemplate":"https:\/\/abilica.com\/?s={search_term_string}"},"query-input":{"@type":"PropertyValueSpecification","valueRequired":true,"valueName":"search_term_string"}}],"inLanguage":"sv-SE"}]}},"_links":{"self":[{"href":"https:\/\/abilica.com\/sv\/wp-json\/wp\/v2\/product\/27342","targetHints":{"allow":["GET"]}}],"collection":[{"href":"https:\/\/abilica.com\/sv\/wp-json\/wp\/v2\/product"}],"about":[{"href":"https:\/\/abilica.com\/sv\/wp-json\/wp\/v2\/types\/product"}],"wp:featuredmedia":[{"embeddable":true,"href":"https:\/\/abilica.com\/sv\/wp-json\/wp\/v2\/media\/63164"}],"wp:attachment":[{"href":"https:\/\/abilica.com\/sv\/wp-json\/wp\/v2\/media?parent=27342"}],"wp:term":[{"taxonomy":"product_brand","embeddable":true,"href":"https:\/\/abilica.com\/sv\/wp-json\/wp\/v2\/product_brand?post=27342"},{"taxonomy":"product_cat","embeddable":true,"href":"https:\/\/abilica.com\/sv\/wp-json\/wp\/v2\/product_cat?post=27342"},{"taxonomy":"product_tag","embeddable":true,"href":"https:\/\/abilica.com\/sv\/wp-json\/wp\/v2\/product_tag?post=27342"}],"curies":[{"name":"wp","href":"https:\/\/api.w.org\/{rel}","templated":true}]}}