{"id":2762,"date":"2016-08-24T00:00:00","date_gmt":"2016-08-23T23:00:00","guid":{"rendered":"https:\/\/abilica.com\/se\/produkt\/abilica-backstretcher\/"},"modified":"2023-10-16T20:36:34","modified_gmt":"2023-10-16T19:36:34","slug":"abilica-backstretcher","status":"publish","type":"product","link":"https:\/\/abilica.com\/sv\/restitution-och-skadeforebyggande\/massage\/abilica-backstretcher\/","title":{"rendered":"Abilica BackStretcher"},"content":{"rendered":"<p>Str\u00e4cker och sl\u00e4pper sp\u00e4nningarna i ryggen. Ger \u00f6kad flexibilitet i ryggen och f\u00f6rb\u00e4ttrar din h\u00e5llning. Prova och upplev skillnaden. Placera den under ryggen n\u00e4r du ligger och slappnar av. Placera den bakom ryggen n\u00e4r du sitter. Du kan \u00e4ven anv\u00e4nda den f\u00f6r att st\u00f6dja nacken n\u00e4r du ligger p\u00e5 golvet. Perfekt \u00e4ven vid situps. Strukturen p\u00e5 Abilica BackStretcher stimulerar blodcirkulationen och ger en massageeffekt. Tillverkad i EVA-material. Storlek: 35x31x7 cm.<\/p>\n","protected":false},"excerpt":{"rendered":"<p>Str\u00e4cker och sl\u00e4pper sp\u00e4nningarna i ryggen. Ger \u00f6kad flexibilitet i ryggen och f\u00f6rb\u00e4ttrar din h\u00e5llning&#8230;.<\/p>\n","protected":false},"featured_media":15613,"template":"","meta":{"_acf_changed":false},"product_brand":[],"product_cat":[510,481],"product_tag":[95,49,55,177],"class_list":{"0":"post-2762","1":"product","2":"type-product","3":"status-publish","4":"has-post-thumbnail","6":"product_cat-massage","7":"product_cat-restitution-och-skadeforebyggande","8":"product_tag-nyheter","9":"product_tag-premium","10":"product_tag-restitution-och-skadeforebyggande","11":"product_tag-small-items","13":"first","14":"outofstock","15":"product-type-simple"},"acf":[],"yoast_head":"<!-- This site is optimized with the Yoast SEO Premium plugin v21.1 (Yoast SEO v25.4) - https:\/\/yoast.com\/wordpress\/plugins\/seo\/ -->\n<title>Abilica BackStretcher Abilica<\/title>\n<meta name=\"robots\" content=\"index, follow, max-snippet:-1, max-image-preview:large, max-video-preview:-1\" \/>\n<link rel=\"canonical\" href=\"https:\/\/abilica.com\/sv\/restitution-och-skadeforebyggande\/massage\/abilica-backstretcher\/\" \/>\n<meta property=\"og:locale\" content=\"sv_SE\" \/>\n<meta property=\"og:type\" content=\"article\" \/>\n<meta property=\"og:title\" content=\"Abilica BackStretcher\" \/>\n<meta property=\"og:description\" content=\"Str\u00e4cker och sl\u00e4pper sp\u00e4nningarna i ryggen. Ger \u00f6kad flexibilitet i ryggen och f\u00f6rb\u00e4ttrar din h\u00e5llning....\" \/>\n<meta property=\"og:url\" content=\"https:\/\/abilica.com\/sv\/restitution-och-skadeforebyggande\/massage\/abilica-backstretcher\/\" \/>\n<meta property=\"og:site_name\" content=\"Abilica\" \/>\n<meta property=\"article:publisher\" content=\"https:\/\/www.facebook.com\/abilicahometraining\/\" \/>\n<meta property=\"article:modified_time\" content=\"2023-10-16T19:36:34+00:00\" \/>\n<meta property=\"og:image\" content=\"https:\/\/abilica.com\/wp-content\/uploads\/2017\/03\/300519.jpg\" \/>\n\t<meta property=\"og:image:width\" content=\"1200\" \/>\n\t<meta property=\"og:image:height\" content=\"1200\" \/>\n\t<meta property=\"og:image:type\" content=\"image\/jpeg\" \/>\n<meta name=\"twitter:card\" content=\"summary_large_image\" \/>\n<script type=\"application\/ld+json\" class=\"yoast-schema-graph\">{\"@context\":\"https:\/\/schema.org\",\"@graph\":[{\"@type\":\"WebPage\",\"@id\":\"https:\/\/abilica.com\/sv\/restitution-och-skadeforebyggande\/massage\/abilica-backstretcher\/\",\"url\":\"https:\/\/abilica.com\/sv\/restitution-och-skadeforebyggande\/massage\/abilica-backstretcher\/\",\"name\":\"Abilica BackStretcher Abilica\",\"isPartOf\":{\"@id\":\"https:\/\/abilica.com\/#website\"},\"primaryImageOfPage\":{\"@id\":\"https:\/\/abilica.com\/sv\/restitution-och-skadeforebyggande\/massage\/abilica-backstretcher\/#primaryimage\"},\"image\":{\"@id\":\"https:\/\/abilica.com\/sv\/restitution-och-skadeforebyggande\/massage\/abilica-backstretcher\/#primaryimage\"},\"thumbnailUrl\":\"https:\/\/abilica.com\/wp-content\/uploads\/2017\/03\/300519.jpg\",\"datePublished\":\"2016-08-23T23:00:00+00:00\",\"dateModified\":\"2023-10-16T19:36:34+00:00\",\"breadcrumb\":{\"@id\":\"https:\/\/abilica.com\/sv\/restitution-och-skadeforebyggande\/massage\/abilica-backstretcher\/#breadcrumb\"},\"inLanguage\":\"sv-SE\",\"potentialAction\":[{\"@type\":\"ReadAction\",\"target\":[\"https:\/\/abilica.com\/sv\/restitution-och-skadeforebyggande\/massage\/abilica-backstretcher\/\"]}]},{\"@type\":\"ImageObject\",\"inLanguage\":\"sv-SE\",\"@id\":\"https:\/\/abilica.com\/sv\/restitution-och-skadeforebyggande\/massage\/abilica-backstretcher\/#primaryimage\",\"url\":\"https:\/\/abilica.com\/wp-content\/uploads\/2017\/03\/300519.jpg\",\"contentUrl\":\"https:\/\/abilica.com\/wp-content\/uploads\/2017\/03\/300519.jpg\",\"width\":1200,\"height\":1200},{\"@type\":\"BreadcrumbList\",\"@id\":\"https:\/\/abilica.com\/sv\/restitution-och-skadeforebyggande\/massage\/abilica-backstretcher\/#breadcrumb\",\"itemListElement\":[{\"@type\":\"ListItem\",\"position\":1,\"name\":\"Hem\",\"item\":\"https:\/\/abilica.com\/sv\/\"},{\"@type\":\"ListItem\",\"position\":2,\"name\":\"Produkter\",\"item\":\"https:\/\/abilica.com\/sv\/shop\/\"},{\"@type\":\"ListItem\",\"position\":3,\"name\":\"Abilica BackStretcher\"}]},{\"@type\":\"WebSite\",\"@id\":\"https:\/\/abilica.com\/#website\",\"url\":\"https:\/\/abilica.com\/\",\"name\":\"Abilica\",\"description\":\"Abilica Home Training\",\"potentialAction\":[{\"@type\":\"SearchAction\",\"target\":{\"@type\":\"EntryPoint\",\"urlTemplate\":\"https:\/\/abilica.com\/?s={search_term_string}\"},\"query-input\":{\"@type\":\"PropertyValueSpecification\",\"valueRequired\":true,\"valueName\":\"search_term_string\"}}],\"inLanguage\":\"sv-SE\"}]}<\/script>\n<!-- \/ Yoast SEO Premium plugin. -->","yoast_head_json":{"title":"Abilica BackStretcher Abilica","robots":{"index":"index","follow":"follow","max-snippet":"max-snippet:-1","max-image-preview":"max-image-preview:large","max-video-preview":"max-video-preview:-1"},"canonical":"https:\/\/abilica.com\/sv\/restitution-och-skadeforebyggande\/massage\/abilica-backstretcher\/","og_locale":"sv_SE","og_type":"article","og_title":"Abilica BackStretcher","og_description":"Str\u00e4cker och sl\u00e4pper sp\u00e4nningarna i ryggen. Ger \u00f6kad flexibilitet i ryggen och f\u00f6rb\u00e4ttrar din h\u00e5llning....","og_url":"https:\/\/abilica.com\/sv\/restitution-och-skadeforebyggande\/massage\/abilica-backstretcher\/","og_site_name":"Abilica","article_publisher":"https:\/\/www.facebook.com\/abilicahometraining\/","article_modified_time":"2023-10-16T19:36:34+00:00","og_image":[{"width":1200,"height":1200,"url":"https:\/\/abilica.com\/wp-content\/uploads\/2017\/03\/300519.jpg","type":"image\/jpeg"}],"twitter_card":"summary_large_image","schema":{"@context":"https:\/\/schema.org","@graph":[{"@type":"WebPage","@id":"https:\/\/abilica.com\/sv\/restitution-och-skadeforebyggande\/massage\/abilica-backstretcher\/","url":"https:\/\/abilica.com\/sv\/restitution-och-skadeforebyggande\/massage\/abilica-backstretcher\/","name":"Abilica BackStretcher Abilica","isPartOf":{"@id":"https:\/\/abilica.com\/#website"},"primaryImageOfPage":{"@id":"https:\/\/abilica.com\/sv\/restitution-och-skadeforebyggande\/massage\/abilica-backstretcher\/#primaryimage"},"image":{"@id":"https:\/\/abilica.com\/sv\/restitution-och-skadeforebyggande\/massage\/abilica-backstretcher\/#primaryimage"},"thumbnailUrl":"https:\/\/abilica.com\/wp-content\/uploads\/2017\/03\/300519.jpg","datePublished":"2016-08-23T23:00:00+00:00","dateModified":"2023-10-16T19:36:34+00:00","breadcrumb":{"@id":"https:\/\/abilica.com\/sv\/restitution-och-skadeforebyggande\/massage\/abilica-backstretcher\/#breadcrumb"},"inLanguage":"sv-SE","potentialAction":[{"@type":"ReadAction","target":["https:\/\/abilica.com\/sv\/restitution-och-skadeforebyggande\/massage\/abilica-backstretcher\/"]}]},{"@type":"ImageObject","inLanguage":"sv-SE","@id":"https:\/\/abilica.com\/sv\/restitution-och-skadeforebyggande\/massage\/abilica-backstretcher\/#primaryimage","url":"https:\/\/abilica.com\/wp-content\/uploads\/2017\/03\/300519.jpg","contentUrl":"https:\/\/abilica.com\/wp-content\/uploads\/2017\/03\/300519.jpg","width":1200,"height":1200},{"@type":"BreadcrumbList","@id":"https:\/\/abilica.com\/sv\/restitution-och-skadeforebyggande\/massage\/abilica-backstretcher\/#breadcrumb","itemListElement":[{"@type":"ListItem","position":1,"name":"Hem","item":"https:\/\/abilica.com\/sv\/"},{"@type":"ListItem","position":2,"name":"Produkter","item":"https:\/\/abilica.com\/sv\/shop\/"},{"@type":"ListItem","position":3,"name":"Abilica BackStretcher"}]},{"@type":"WebSite","@id":"https:\/\/abilica.com\/#website","url":"https:\/\/abilica.com\/","name":"Abilica","description":"Abilica Home Training","potentialAction":[{"@type":"SearchAction","target":{"@type":"EntryPoint","urlTemplate":"https:\/\/abilica.com\/?s={search_term_string}"},"query-input":{"@type":"PropertyValueSpecification","valueRequired":true,"valueName":"search_term_string"}}],"inLanguage":"sv-SE"}]}},"_links":{"self":[{"href":"https:\/\/abilica.com\/sv\/wp-json\/wp\/v2\/product\/2762","targetHints":{"allow":["GET"]}}],"collection":[{"href":"https:\/\/abilica.com\/sv\/wp-json\/wp\/v2\/product"}],"about":[{"href":"https:\/\/abilica.com\/sv\/wp-json\/wp\/v2\/types\/product"}],"wp:featuredmedia":[{"embeddable":true,"href":"https:\/\/abilica.com\/sv\/wp-json\/wp\/v2\/media\/15613"}],"wp:attachment":[{"href":"https:\/\/abilica.com\/sv\/wp-json\/wp\/v2\/media?parent=2762"}],"wp:term":[{"taxonomy":"product_brand","embeddable":true,"href":"https:\/\/abilica.com\/sv\/wp-json\/wp\/v2\/product_brand?post=2762"},{"taxonomy":"product_cat","embeddable":true,"href":"https:\/\/abilica.com\/sv\/wp-json\/wp\/v2\/product_cat?post=2762"},{"taxonomy":"product_tag","embeddable":true,"href":"https:\/\/abilica.com\/sv\/wp-json\/wp\/v2\/product_tag?post=2762"}],"curies":[{"name":"wp","href":"https:\/\/api.w.org\/{rel}","templated":true}]}}