{"id":27698,"date":"2020-09-14T12:45:53","date_gmt":"2020-09-14T11:45:53","guid":{"rendered":"https:\/\/abilica.com\/se\/?post_type=product&#038;p=27698"},"modified":"2025-06-23T09:35:51","modified_gmt":"2025-06-23T08:35:51","slug":"abilica-yogabolster-2","status":"publish","type":"product","link":"https:\/\/abilica.com\/sv\/yoga-2\/yogatillbehor\/abilica-yogabolster-2\/","title":{"rendered":"Abilica YogaBolster"},"content":{"rendered":"<div class=\"wpb-content-wrapper\"><p>[vc_row][vc_column][vc_column_text]En YogaBolster \u00e4r en kudde som \u00e4r utformad f\u00f6r att ge ett bra st\u00f6d i olika yoga\u00f6vningar. Anv\u00e4nds ocks\u00e5 ofta i meditation. \u00d6verdraget i canvas tyg (100% bomull) har dragkedja och \u00e4r avtagbart. Kan maskintv\u00e4ttas p\u00e5 40 grader. Kudden \u00e4r fylld med 100% polyesterfiber. Gr\u00f6n rem p\u00e5 sidan kan anv\u00e4ndas som handtag. L\u00e4ngd 58 cm och 16 cm i diameter.[\/vc_column_text][vc_empty_space height=&#8221;52px&#8221;][\/vc_column][\/vc_row][vc_row][vc_column][vc_btn title=&#8221;Tr\u00e4ningstips&#8221; style=&#8221;flat&#8221; color=&#8221;black&#8221; align=&#8221;center&#8221; link=&#8221;url:http%3A%2F%2Fwww.hemmatraningsbloggen.se%2Fyoga%2F||target:%20_blank|&#8221;][\/vc_column][\/vc_row]<\/p>\n<\/div>","protected":false},"excerpt":{"rendered":"<p>[vc_row][vc_column][vc_column_text]En YogaBolster \u00e4r en kudde som \u00e4r utformad f\u00f6r att ge ett bra st\u00f6d i&#8230;<\/p>\n","protected":false},"featured_media":27702,"template":"","meta":{"_acf_changed":false},"product_brand":[],"product_cat":[491],"product_tag":[49,177],"class_list":{"0":"post-27698","1":"product","2":"type-product","3":"status-publish","4":"has-post-thumbnail","6":"product_cat-yogatillbehor","7":"product_tag-premium","8":"product_tag-small-items","10":"first","11":"instock","12":"product-type-simple"},"acf":[],"yoast_head":"<!-- This site is optimized with the Yoast SEO Premium plugin v21.1 (Yoast SEO v25.4) - https:\/\/yoast.com\/wordpress\/plugins\/seo\/ -->\n<title>Abilica YogaBolster Abilica<\/title>\n<meta name=\"robots\" content=\"index, follow, max-snippet:-1, max-image-preview:large, max-video-preview:-1\" \/>\n<link rel=\"canonical\" href=\"https:\/\/abilica.com\/sv\/yoga-2\/yogatillbehor\/abilica-yogabolster-2\/\" \/>\n<meta property=\"og:locale\" content=\"sv_SE\" \/>\n<meta property=\"og:type\" content=\"article\" \/>\n<meta property=\"og:title\" content=\"Abilica YogaBolster\" \/>\n<meta property=\"og:description\" content=\"[vc_row][vc_column][vc_column_text]En YogaBolster \u00e4r en kudde som \u00e4r utformad f\u00f6r att ge ett bra st\u00f6d i...\" \/>\n<meta property=\"og:url\" content=\"https:\/\/abilica.com\/sv\/yoga-2\/yogatillbehor\/abilica-yogabolster-2\/\" \/>\n<meta property=\"og:site_name\" content=\"Abilica\" \/>\n<meta property=\"article:publisher\" content=\"https:\/\/www.facebook.com\/abilicahometraining\/\" \/>\n<meta property=\"article:modified_time\" content=\"2025-06-23T08:35:51+00:00\" \/>\n<meta property=\"og:image\" content=\"https:\/\/abilica.com\/wp-content\/uploads\/2020\/09\/373302.jpg\" \/>\n\t<meta property=\"og:image:width\" content=\"1200\" \/>\n\t<meta property=\"og:image:height\" content=\"1200\" \/>\n\t<meta property=\"og:image:type\" content=\"image\/jpeg\" \/>\n<meta name=\"twitter:card\" content=\"summary_large_image\" \/>\n<meta name=\"twitter:label1\" content=\"Ber\u00e4knad l\u00e4stid\" \/>\n\t<meta name=\"twitter:data1\" content=\"1 minut\" \/>\n<script type=\"application\/ld+json\" class=\"yoast-schema-graph\">{\"@context\":\"https:\/\/schema.org\",\"@graph\":[{\"@type\":\"WebPage\",\"@id\":\"https:\/\/abilica.com\/sv\/yoga-2\/yogatillbehor\/abilica-yogabolster-2\/\",\"url\":\"https:\/\/abilica.com\/sv\/yoga-2\/yogatillbehor\/abilica-yogabolster-2\/\",\"name\":\"Abilica YogaBolster Abilica\",\"isPartOf\":{\"@id\":\"https:\/\/abilica.com\/#website\"},\"primaryImageOfPage\":{\"@id\":\"https:\/\/abilica.com\/sv\/yoga-2\/yogatillbehor\/abilica-yogabolster-2\/#primaryimage\"},\"image\":{\"@id\":\"https:\/\/abilica.com\/sv\/yoga-2\/yogatillbehor\/abilica-yogabolster-2\/#primaryimage\"},\"thumbnailUrl\":\"https:\/\/abilica.com\/wp-content\/uploads\/2020\/09\/373302.jpg\",\"datePublished\":\"2020-09-14T11:45:53+00:00\",\"dateModified\":\"2025-06-23T08:35:51+00:00\",\"breadcrumb\":{\"@id\":\"https:\/\/abilica.com\/sv\/yoga-2\/yogatillbehor\/abilica-yogabolster-2\/#breadcrumb\"},\"inLanguage\":\"sv-SE\",\"potentialAction\":[{\"@type\":\"ReadAction\",\"target\":[\"https:\/\/abilica.com\/sv\/yoga-2\/yogatillbehor\/abilica-yogabolster-2\/\"]}]},{\"@type\":\"ImageObject\",\"inLanguage\":\"sv-SE\",\"@id\":\"https:\/\/abilica.com\/sv\/yoga-2\/yogatillbehor\/abilica-yogabolster-2\/#primaryimage\",\"url\":\"https:\/\/abilica.com\/wp-content\/uploads\/2020\/09\/373302.jpg\",\"contentUrl\":\"https:\/\/abilica.com\/wp-content\/uploads\/2020\/09\/373302.jpg\",\"width\":1200,\"height\":1200},{\"@type\":\"BreadcrumbList\",\"@id\":\"https:\/\/abilica.com\/sv\/yoga-2\/yogatillbehor\/abilica-yogabolster-2\/#breadcrumb\",\"itemListElement\":[{\"@type\":\"ListItem\",\"position\":1,\"name\":\"Hem\",\"item\":\"https:\/\/abilica.com\/sv\/\"},{\"@type\":\"ListItem\",\"position\":2,\"name\":\"Produkter\",\"item\":\"https:\/\/abilica.com\/sv\/shop\/\"},{\"@type\":\"ListItem\",\"position\":3,\"name\":\"Abilica YogaBolster\"}]},{\"@type\":\"WebSite\",\"@id\":\"https:\/\/abilica.com\/#website\",\"url\":\"https:\/\/abilica.com\/\",\"name\":\"Abilica\",\"description\":\"Abilica Home Training\",\"potentialAction\":[{\"@type\":\"SearchAction\",\"target\":{\"@type\":\"EntryPoint\",\"urlTemplate\":\"https:\/\/abilica.com\/?s={search_term_string}\"},\"query-input\":{\"@type\":\"PropertyValueSpecification\",\"valueRequired\":true,\"valueName\":\"search_term_string\"}}],\"inLanguage\":\"sv-SE\"}]}<\/script>\n<!-- \/ Yoast SEO Premium plugin. -->","yoast_head_json":{"title":"Abilica YogaBolster Abilica","robots":{"index":"index","follow":"follow","max-snippet":"max-snippet:-1","max-image-preview":"max-image-preview:large","max-video-preview":"max-video-preview:-1"},"canonical":"https:\/\/abilica.com\/sv\/yoga-2\/yogatillbehor\/abilica-yogabolster-2\/","og_locale":"sv_SE","og_type":"article","og_title":"Abilica YogaBolster","og_description":"[vc_row][vc_column][vc_column_text]En YogaBolster \u00e4r en kudde som \u00e4r utformad f\u00f6r att ge ett bra st\u00f6d i...","og_url":"https:\/\/abilica.com\/sv\/yoga-2\/yogatillbehor\/abilica-yogabolster-2\/","og_site_name":"Abilica","article_publisher":"https:\/\/www.facebook.com\/abilicahometraining\/","article_modified_time":"2025-06-23T08:35:51+00:00","og_image":[{"width":1200,"height":1200,"url":"https:\/\/abilica.com\/wp-content\/uploads\/2020\/09\/373302.jpg","type":"image\/jpeg"}],"twitter_card":"summary_large_image","twitter_misc":{"Ber\u00e4knad l\u00e4stid":"1 minut"},"schema":{"@context":"https:\/\/schema.org","@graph":[{"@type":"WebPage","@id":"https:\/\/abilica.com\/sv\/yoga-2\/yogatillbehor\/abilica-yogabolster-2\/","url":"https:\/\/abilica.com\/sv\/yoga-2\/yogatillbehor\/abilica-yogabolster-2\/","name":"Abilica YogaBolster Abilica","isPartOf":{"@id":"https:\/\/abilica.com\/#website"},"primaryImageOfPage":{"@id":"https:\/\/abilica.com\/sv\/yoga-2\/yogatillbehor\/abilica-yogabolster-2\/#primaryimage"},"image":{"@id":"https:\/\/abilica.com\/sv\/yoga-2\/yogatillbehor\/abilica-yogabolster-2\/#primaryimage"},"thumbnailUrl":"https:\/\/abilica.com\/wp-content\/uploads\/2020\/09\/373302.jpg","datePublished":"2020-09-14T11:45:53+00:00","dateModified":"2025-06-23T08:35:51+00:00","breadcrumb":{"@id":"https:\/\/abilica.com\/sv\/yoga-2\/yogatillbehor\/abilica-yogabolster-2\/#breadcrumb"},"inLanguage":"sv-SE","potentialAction":[{"@type":"ReadAction","target":["https:\/\/abilica.com\/sv\/yoga-2\/yogatillbehor\/abilica-yogabolster-2\/"]}]},{"@type":"ImageObject","inLanguage":"sv-SE","@id":"https:\/\/abilica.com\/sv\/yoga-2\/yogatillbehor\/abilica-yogabolster-2\/#primaryimage","url":"https:\/\/abilica.com\/wp-content\/uploads\/2020\/09\/373302.jpg","contentUrl":"https:\/\/abilica.com\/wp-content\/uploads\/2020\/09\/373302.jpg","width":1200,"height":1200},{"@type":"BreadcrumbList","@id":"https:\/\/abilica.com\/sv\/yoga-2\/yogatillbehor\/abilica-yogabolster-2\/#breadcrumb","itemListElement":[{"@type":"ListItem","position":1,"name":"Hem","item":"https:\/\/abilica.com\/sv\/"},{"@type":"ListItem","position":2,"name":"Produkter","item":"https:\/\/abilica.com\/sv\/shop\/"},{"@type":"ListItem","position":3,"name":"Abilica YogaBolster"}]},{"@type":"WebSite","@id":"https:\/\/abilica.com\/#website","url":"https:\/\/abilica.com\/","name":"Abilica","description":"Abilica Home Training","potentialAction":[{"@type":"SearchAction","target":{"@type":"EntryPoint","urlTemplate":"https:\/\/abilica.com\/?s={search_term_string}"},"query-input":{"@type":"PropertyValueSpecification","valueRequired":true,"valueName":"search_term_string"}}],"inLanguage":"sv-SE"}]}},"_links":{"self":[{"href":"https:\/\/abilica.com\/sv\/wp-json\/wp\/v2\/product\/27698","targetHints":{"allow":["GET"]}}],"collection":[{"href":"https:\/\/abilica.com\/sv\/wp-json\/wp\/v2\/product"}],"about":[{"href":"https:\/\/abilica.com\/sv\/wp-json\/wp\/v2\/types\/product"}],"wp:featuredmedia":[{"embeddable":true,"href":"https:\/\/abilica.com\/sv\/wp-json\/wp\/v2\/media\/27702"}],"wp:attachment":[{"href":"https:\/\/abilica.com\/sv\/wp-json\/wp\/v2\/media?parent=27698"}],"wp:term":[{"taxonomy":"product_brand","embeddable":true,"href":"https:\/\/abilica.com\/sv\/wp-json\/wp\/v2\/product_brand?post=27698"},{"taxonomy":"product_cat","embeddable":true,"href":"https:\/\/abilica.com\/sv\/wp-json\/wp\/v2\/product_cat?post=27698"},{"taxonomy":"product_tag","embeddable":true,"href":"https:\/\/abilica.com\/sv\/wp-json\/wp\/v2\/product_tag?post=27698"}],"curies":[{"name":"wp","href":"https:\/\/api.w.org\/{rel}","templated":true}]}}