{"id":2775,"date":"2016-09-16T00:00:00","date_gmt":"2016-09-15T23:00:00","guid":{"rendered":"https:\/\/abilica.com\/se\/produkt\/abilica-focuspads\/"},"modified":"2023-10-16T20:36:35","modified_gmt":"2023-10-16T19:36:35","slug":"abilica-focuspads-gammel","status":"publish","type":"product","link":"https:\/\/abilica.com\/sv\/boxning\/slagkudde\/abilica-focuspads-gammel\/","title":{"rendered":"Abilica FocusPads"},"content":{"rendered":"<div class=\"wpb-content-wrapper\"><p>[vc_row][vc_column][vc_column_text]Funktionella slagkuddar i h\u00f6g kvalitet. M\u00e5tt: 20 x 26cm. 45-65 mm gjutna och ergonomiskt anpassad stoppning och justeringsm\u00f6jligheter p\u00e5 handleden f\u00f6r optimal passform och god kontroll. Tillverkad av PU \/ PVC material, med skydd \u00f6ver fingertoppar f\u00f6r \u00f6kad s\u00e4kerhet. Levereras i par.[\/vc_column_text][vc_empty_space height=&#8221;52px&#8221;][\/vc_column][\/vc_row][vc_row][vc_column][vc_btn title=&#8221;Tr\u00e4ningstips&#8221; style=&#8221;flat&#8221; color=&#8221;black&#8221; align=&#8221;center&#8221; i_icon_fontawesome=&#8221;fa fa-align-left&#8221; add_icon=&#8221;true&#8221; link=&#8221;url:http%3A%2F%2Fwww.hemmatraningsbloggen.se%2Fkondition%2Fkom-i-toppform-med-boxningstraning%2F||target:%20_blank|&#8221;][\/vc_column][\/vc_row]<\/p>\n<\/div>","protected":false},"excerpt":{"rendered":"<p>[vc_row][vc_column][vc_column_text]Funktionella slagkuddar i h\u00f6g kvalitet. M\u00e5tt: 20 x 26cm. 45-65 mm gjutna och ergonomiskt anpassad&#8230;<\/p>\n","protected":false},"featured_media":15539,"template":"","meta":{"_acf_changed":false},"product_brand":[],"product_cat":[473,501],"product_tag":[37],"class_list":{"0":"post-2775","1":"product","2":"type-product","3":"status-publish","4":"has-post-thumbnail","6":"product_cat-boxning","7":"product_cat-slagkudde","8":"product_tag-boxning","10":"first","11":"instock","12":"product-type-simple"},"acf":[],"yoast_head":"<!-- This site is optimized with the Yoast SEO Premium plugin v21.1 (Yoast SEO v25.4) - https:\/\/yoast.com\/wordpress\/plugins\/seo\/ -->\n<title>Abilica FocusPads Abilica<\/title>\n<meta name=\"robots\" content=\"index, follow, max-snippet:-1, max-image-preview:large, max-video-preview:-1\" \/>\n<link rel=\"canonical\" href=\"https:\/\/abilica.com\/sv\/boxning\/slagkudde\/abilica-focuspads-gammel\/\" \/>\n<meta property=\"og:locale\" content=\"sv_SE\" \/>\n<meta property=\"og:type\" content=\"article\" \/>\n<meta property=\"og:title\" content=\"Abilica FocusPads\" \/>\n<meta property=\"og:description\" content=\"[vc_row][vc_column][vc_column_text]Funktionella slagkuddar i h\u00f6g kvalitet. M\u00e5tt: 20 x 26cm. 45-65 mm gjutna och ergonomiskt anpassad...\" \/>\n<meta property=\"og:url\" content=\"https:\/\/abilica.com\/sv\/boxning\/slagkudde\/abilica-focuspads-gammel\/\" \/>\n<meta property=\"og:site_name\" content=\"Abilica\" \/>\n<meta property=\"article:publisher\" content=\"https:\/\/www.facebook.com\/abilicahometraining\/\" \/>\n<meta property=\"article:modified_time\" content=\"2023-10-16T19:36:35+00:00\" \/>\n<meta property=\"og:image\" content=\"https:\/\/abilica.com\/wp-content\/uploads\/2017\/03\/300019.jpg\" \/>\n\t<meta property=\"og:image:width\" content=\"1200\" \/>\n\t<meta property=\"og:image:height\" content=\"1200\" \/>\n\t<meta property=\"og:image:type\" content=\"image\/jpeg\" \/>\n<meta name=\"twitter:card\" content=\"summary_large_image\" \/>\n<meta name=\"twitter:label1\" content=\"Ber\u00e4knad l\u00e4stid\" \/>\n\t<meta name=\"twitter:data1\" content=\"1 minut\" \/>\n<script type=\"application\/ld+json\" class=\"yoast-schema-graph\">{\"@context\":\"https:\/\/schema.org\",\"@graph\":[{\"@type\":\"WebPage\",\"@id\":\"https:\/\/abilica.com\/sv\/boxning\/slagkudde\/abilica-focuspads-gammel\/\",\"url\":\"https:\/\/abilica.com\/sv\/boxning\/slagkudde\/abilica-focuspads-gammel\/\",\"name\":\"Abilica FocusPads Abilica\",\"isPartOf\":{\"@id\":\"https:\/\/abilica.com\/#website\"},\"primaryImageOfPage\":{\"@id\":\"https:\/\/abilica.com\/sv\/boxning\/slagkudde\/abilica-focuspads-gammel\/#primaryimage\"},\"image\":{\"@id\":\"https:\/\/abilica.com\/sv\/boxning\/slagkudde\/abilica-focuspads-gammel\/#primaryimage\"},\"thumbnailUrl\":\"https:\/\/abilica.com\/wp-content\/uploads\/2017\/03\/300019.jpg\",\"datePublished\":\"2016-09-15T23:00:00+00:00\",\"dateModified\":\"2023-10-16T19:36:35+00:00\",\"breadcrumb\":{\"@id\":\"https:\/\/abilica.com\/sv\/boxning\/slagkudde\/abilica-focuspads-gammel\/#breadcrumb\"},\"inLanguage\":\"sv-SE\",\"potentialAction\":[{\"@type\":\"ReadAction\",\"target\":[\"https:\/\/abilica.com\/sv\/boxning\/slagkudde\/abilica-focuspads-gammel\/\"]}]},{\"@type\":\"ImageObject\",\"inLanguage\":\"sv-SE\",\"@id\":\"https:\/\/abilica.com\/sv\/boxning\/slagkudde\/abilica-focuspads-gammel\/#primaryimage\",\"url\":\"https:\/\/abilica.com\/wp-content\/uploads\/2017\/03\/300019.jpg\",\"contentUrl\":\"https:\/\/abilica.com\/wp-content\/uploads\/2017\/03\/300019.jpg\",\"width\":1200,\"height\":1200},{\"@type\":\"BreadcrumbList\",\"@id\":\"https:\/\/abilica.com\/sv\/boxning\/slagkudde\/abilica-focuspads-gammel\/#breadcrumb\",\"itemListElement\":[{\"@type\":\"ListItem\",\"position\":1,\"name\":\"Hem\",\"item\":\"https:\/\/abilica.com\/sv\/\"},{\"@type\":\"ListItem\",\"position\":2,\"name\":\"Produkter\",\"item\":\"https:\/\/abilica.com\/sv\/shop\/\"},{\"@type\":\"ListItem\",\"position\":3,\"name\":\"Abilica FocusPads\"}]},{\"@type\":\"WebSite\",\"@id\":\"https:\/\/abilica.com\/#website\",\"url\":\"https:\/\/abilica.com\/\",\"name\":\"Abilica\",\"description\":\"Abilica Home Training\",\"potentialAction\":[{\"@type\":\"SearchAction\",\"target\":{\"@type\":\"EntryPoint\",\"urlTemplate\":\"https:\/\/abilica.com\/?s={search_term_string}\"},\"query-input\":{\"@type\":\"PropertyValueSpecification\",\"valueRequired\":true,\"valueName\":\"search_term_string\"}}],\"inLanguage\":\"sv-SE\"}]}<\/script>\n<!-- \/ Yoast SEO Premium plugin. -->","yoast_head_json":{"title":"Abilica FocusPads Abilica","robots":{"index":"index","follow":"follow","max-snippet":"max-snippet:-1","max-image-preview":"max-image-preview:large","max-video-preview":"max-video-preview:-1"},"canonical":"https:\/\/abilica.com\/sv\/boxning\/slagkudde\/abilica-focuspads-gammel\/","og_locale":"sv_SE","og_type":"article","og_title":"Abilica FocusPads","og_description":"[vc_row][vc_column][vc_column_text]Funktionella slagkuddar i h\u00f6g kvalitet. M\u00e5tt: 20 x 26cm. 45-65 mm gjutna och ergonomiskt anpassad...","og_url":"https:\/\/abilica.com\/sv\/boxning\/slagkudde\/abilica-focuspads-gammel\/","og_site_name":"Abilica","article_publisher":"https:\/\/www.facebook.com\/abilicahometraining\/","article_modified_time":"2023-10-16T19:36:35+00:00","og_image":[{"width":1200,"height":1200,"url":"https:\/\/abilica.com\/wp-content\/uploads\/2017\/03\/300019.jpg","type":"image\/jpeg"}],"twitter_card":"summary_large_image","twitter_misc":{"Ber\u00e4knad l\u00e4stid":"1 minut"},"schema":{"@context":"https:\/\/schema.org","@graph":[{"@type":"WebPage","@id":"https:\/\/abilica.com\/sv\/boxning\/slagkudde\/abilica-focuspads-gammel\/","url":"https:\/\/abilica.com\/sv\/boxning\/slagkudde\/abilica-focuspads-gammel\/","name":"Abilica FocusPads Abilica","isPartOf":{"@id":"https:\/\/abilica.com\/#website"},"primaryImageOfPage":{"@id":"https:\/\/abilica.com\/sv\/boxning\/slagkudde\/abilica-focuspads-gammel\/#primaryimage"},"image":{"@id":"https:\/\/abilica.com\/sv\/boxning\/slagkudde\/abilica-focuspads-gammel\/#primaryimage"},"thumbnailUrl":"https:\/\/abilica.com\/wp-content\/uploads\/2017\/03\/300019.jpg","datePublished":"2016-09-15T23:00:00+00:00","dateModified":"2023-10-16T19:36:35+00:00","breadcrumb":{"@id":"https:\/\/abilica.com\/sv\/boxning\/slagkudde\/abilica-focuspads-gammel\/#breadcrumb"},"inLanguage":"sv-SE","potentialAction":[{"@type":"ReadAction","target":["https:\/\/abilica.com\/sv\/boxning\/slagkudde\/abilica-focuspads-gammel\/"]}]},{"@type":"ImageObject","inLanguage":"sv-SE","@id":"https:\/\/abilica.com\/sv\/boxning\/slagkudde\/abilica-focuspads-gammel\/#primaryimage","url":"https:\/\/abilica.com\/wp-content\/uploads\/2017\/03\/300019.jpg","contentUrl":"https:\/\/abilica.com\/wp-content\/uploads\/2017\/03\/300019.jpg","width":1200,"height":1200},{"@type":"BreadcrumbList","@id":"https:\/\/abilica.com\/sv\/boxning\/slagkudde\/abilica-focuspads-gammel\/#breadcrumb","itemListElement":[{"@type":"ListItem","position":1,"name":"Hem","item":"https:\/\/abilica.com\/sv\/"},{"@type":"ListItem","position":2,"name":"Produkter","item":"https:\/\/abilica.com\/sv\/shop\/"},{"@type":"ListItem","position":3,"name":"Abilica FocusPads"}]},{"@type":"WebSite","@id":"https:\/\/abilica.com\/#website","url":"https:\/\/abilica.com\/","name":"Abilica","description":"Abilica Home Training","potentialAction":[{"@type":"SearchAction","target":{"@type":"EntryPoint","urlTemplate":"https:\/\/abilica.com\/?s={search_term_string}"},"query-input":{"@type":"PropertyValueSpecification","valueRequired":true,"valueName":"search_term_string"}}],"inLanguage":"sv-SE"}]}},"_links":{"self":[{"href":"https:\/\/abilica.com\/sv\/wp-json\/wp\/v2\/product\/2775","targetHints":{"allow":["GET"]}}],"collection":[{"href":"https:\/\/abilica.com\/sv\/wp-json\/wp\/v2\/product"}],"about":[{"href":"https:\/\/abilica.com\/sv\/wp-json\/wp\/v2\/types\/product"}],"wp:featuredmedia":[{"embeddable":true,"href":"https:\/\/abilica.com\/sv\/wp-json\/wp\/v2\/media\/15539"}],"wp:attachment":[{"href":"https:\/\/abilica.com\/sv\/wp-json\/wp\/v2\/media?parent=2775"}],"wp:term":[{"taxonomy":"product_brand","embeddable":true,"href":"https:\/\/abilica.com\/sv\/wp-json\/wp\/v2\/product_brand?post=2775"},{"taxonomy":"product_cat","embeddable":true,"href":"https:\/\/abilica.com\/sv\/wp-json\/wp\/v2\/product_cat?post=2775"},{"taxonomy":"product_tag","embeddable":true,"href":"https:\/\/abilica.com\/sv\/wp-json\/wp\/v2\/product_tag?post=2775"}],"curies":[{"name":"wp","href":"https:\/\/api.w.org\/{rel}","templated":true}]}}