{"id":27773,"date":"2020-09-29T10:45:51","date_gmt":"2020-09-29T09:45:51","guid":{"rendered":"https:\/\/abilica.com\/se\/?post_type=product&#038;p=27773"},"modified":"2023-10-16T20:37:24","modified_gmt":"2023-10-16T19:37:24","slug":"abilica-powerslides","status":"publish","type":"product","link":"https:\/\/abilica.com\/sv\/styrka\/abilica-powerslides\/","title":{"rendered":"Abilica PowerSlides"},"content":{"rendered":"<div class=\"wpb-content-wrapper\"><p>[vc_row][vc_column][vc_column_text]PowerSlide \u00e4r k\u00e4rntr\u00e4ning p\u00e5 sitt b\u00e4sta! Med hj\u00e4lp av dessa mattorna f\u00e5r du en komplett tr\u00e4nings\u00f6kt med \u00f6vningar som b\u00e5de \u00e4r funktionella och stabiliserande. Ligg ner p\u00e5 golvet och l\u00e5t armar och ben glida fram och tillbaka, in och ut fr\u00e5n kroppen. PowerSlide ger dig en komplett tr\u00e4nings\u00f6kt med funktionell och stabiliserande \u00f6vningar, l\u00e4tta och tunga. Med PowerSlide f\u00e5r du utvecklat muskulaturen och samspelet i kroppen med en del \u00f6vningar f\u00f6r armarna, skuldra, br\u00f6st, mage, rygg, s\u00e4te och l\u00e5r. Den best\u00e5r av tv\u00e5 kuddar. Praktisk p\u00e5se f\u00f6r f\u00f6rvaring medf\u00f6ljer.[\/vc_column_text][vc_empty_space height=&#8221;52px&#8221;][\/vc_column][\/vc_row][vc_row][vc_column width=&#8221;1\/2&#8243;][vc_btn title=&#8221;Tr\u00e4ningsprogram&#8221; style=&#8221;flat&#8221; color=&#8221;black&#8221; align=&#8221;center&#8221; link=&#8221;url:https%3A%2F%2Fabilica.com%2Fse%2Ftraningsprogram%2Ftraningsprogram-till-abilica-powerslide%2F|||&#8221;][\/vc_column][vc_column width=&#8221;1\/2&#8243;][vc_btn title=&#8221;Tr\u00e4ningstips&#8221; style=&#8221;flat&#8221; color=&#8221;black&#8221; align=&#8221;center&#8221; link=&#8221;url:http%3A%2F%2Fwww.hemmatraningsbloggen.se%2Fstyrka%2Fovningar-med-glidmatta%2F||target:%20_blank|&#8221;][\/vc_column][\/vc_row]<\/p>\n<\/div>","protected":false},"excerpt":{"rendered":"<p>[vc_row][vc_column][vc_column_text]PowerSlide \u00e4r k\u00e4rntr\u00e4ning p\u00e5 sitt b\u00e4sta! Med hj\u00e4lp av dessa mattorna f\u00e5r du en komplett&#8230;<\/p>\n","protected":false},"featured_media":27776,"template":"","meta":{"_acf_changed":false},"product_brand":[],"product_cat":[423,471],"product_tag":[177],"class_list":{"0":"post-27773","1":"product","2":"type-product","3":"status-publish","4":"has-post-thumbnail","6":"product_cat-smaprodukter","7":"product_cat-styrka","8":"product_tag-small-items","10":"first","11":"instock","12":"product-type-simple"},"acf":[],"yoast_head":"<!-- This site is optimized with the Yoast SEO Premium plugin v21.1 (Yoast SEO v25.4) - https:\/\/yoast.com\/wordpress\/plugins\/seo\/ -->\n<title>Abilica PowerSlides Abilica<\/title>\n<meta name=\"robots\" content=\"index, follow, max-snippet:-1, max-image-preview:large, max-video-preview:-1\" \/>\n<link rel=\"canonical\" href=\"https:\/\/abilica.com\/sv\/styrka\/abilica-powerslides\/\" \/>\n<meta property=\"og:locale\" content=\"sv_SE\" \/>\n<meta property=\"og:type\" content=\"article\" \/>\n<meta property=\"og:title\" content=\"Abilica PowerSlides\" \/>\n<meta property=\"og:description\" content=\"[vc_row][vc_column][vc_column_text]PowerSlide \u00e4r k\u00e4rntr\u00e4ning p\u00e5 sitt b\u00e4sta! Med hj\u00e4lp av dessa mattorna f\u00e5r du en komplett...\" \/>\n<meta property=\"og:url\" content=\"https:\/\/abilica.com\/sv\/styrka\/abilica-powerslides\/\" \/>\n<meta property=\"og:site_name\" content=\"Abilica\" \/>\n<meta property=\"article:publisher\" content=\"https:\/\/www.facebook.com\/abilicahometraining\/\" \/>\n<meta property=\"article:modified_time\" content=\"2023-10-16T19:37:24+00:00\" \/>\n<meta property=\"og:image\" content=\"https:\/\/abilica.com\/wp-content\/uploads\/2020\/09\/373590.jpg\" \/>\n\t<meta property=\"og:image:width\" content=\"1200\" \/>\n\t<meta property=\"og:image:height\" content=\"1200\" \/>\n\t<meta property=\"og:image:type\" content=\"image\/jpeg\" \/>\n<meta name=\"twitter:card\" content=\"summary_large_image\" \/>\n<meta name=\"twitter:label1\" content=\"Ber\u00e4knad l\u00e4stid\" \/>\n\t<meta name=\"twitter:data1\" content=\"1 minut\" \/>\n<script type=\"application\/ld+json\" class=\"yoast-schema-graph\">{\"@context\":\"https:\/\/schema.org\",\"@graph\":[{\"@type\":\"WebPage\",\"@id\":\"https:\/\/abilica.com\/sv\/styrka\/abilica-powerslides\/\",\"url\":\"https:\/\/abilica.com\/sv\/styrka\/abilica-powerslides\/\",\"name\":\"Abilica PowerSlides Abilica\",\"isPartOf\":{\"@id\":\"https:\/\/abilica.com\/#website\"},\"primaryImageOfPage\":{\"@id\":\"https:\/\/abilica.com\/sv\/styrka\/abilica-powerslides\/#primaryimage\"},\"image\":{\"@id\":\"https:\/\/abilica.com\/sv\/styrka\/abilica-powerslides\/#primaryimage\"},\"thumbnailUrl\":\"https:\/\/abilica.com\/wp-content\/uploads\/2020\/09\/373590.jpg\",\"datePublished\":\"2020-09-29T09:45:51+00:00\",\"dateModified\":\"2023-10-16T19:37:24+00:00\",\"breadcrumb\":{\"@id\":\"https:\/\/abilica.com\/sv\/styrka\/abilica-powerslides\/#breadcrumb\"},\"inLanguage\":\"sv-SE\",\"potentialAction\":[{\"@type\":\"ReadAction\",\"target\":[\"https:\/\/abilica.com\/sv\/styrka\/abilica-powerslides\/\"]}]},{\"@type\":\"ImageObject\",\"inLanguage\":\"sv-SE\",\"@id\":\"https:\/\/abilica.com\/sv\/styrka\/abilica-powerslides\/#primaryimage\",\"url\":\"https:\/\/abilica.com\/wp-content\/uploads\/2020\/09\/373590.jpg\",\"contentUrl\":\"https:\/\/abilica.com\/wp-content\/uploads\/2020\/09\/373590.jpg\",\"width\":1200,\"height\":1200},{\"@type\":\"BreadcrumbList\",\"@id\":\"https:\/\/abilica.com\/sv\/styrka\/abilica-powerslides\/#breadcrumb\",\"itemListElement\":[{\"@type\":\"ListItem\",\"position\":1,\"name\":\"Hem\",\"item\":\"https:\/\/abilica.com\/sv\/\"},{\"@type\":\"ListItem\",\"position\":2,\"name\":\"Produkter\",\"item\":\"https:\/\/abilica.com\/sv\/shop\/\"},{\"@type\":\"ListItem\",\"position\":3,\"name\":\"Abilica PowerSlides\"}]},{\"@type\":\"WebSite\",\"@id\":\"https:\/\/abilica.com\/#website\",\"url\":\"https:\/\/abilica.com\/\",\"name\":\"Abilica\",\"description\":\"Abilica Home Training\",\"potentialAction\":[{\"@type\":\"SearchAction\",\"target\":{\"@type\":\"EntryPoint\",\"urlTemplate\":\"https:\/\/abilica.com\/?s={search_term_string}\"},\"query-input\":{\"@type\":\"PropertyValueSpecification\",\"valueRequired\":true,\"valueName\":\"search_term_string\"}}],\"inLanguage\":\"sv-SE\"}]}<\/script>\n<!-- \/ Yoast SEO Premium plugin. -->","yoast_head_json":{"title":"Abilica PowerSlides Abilica","robots":{"index":"index","follow":"follow","max-snippet":"max-snippet:-1","max-image-preview":"max-image-preview:large","max-video-preview":"max-video-preview:-1"},"canonical":"https:\/\/abilica.com\/sv\/styrka\/abilica-powerslides\/","og_locale":"sv_SE","og_type":"article","og_title":"Abilica PowerSlides","og_description":"[vc_row][vc_column][vc_column_text]PowerSlide \u00e4r k\u00e4rntr\u00e4ning p\u00e5 sitt b\u00e4sta! Med hj\u00e4lp av dessa mattorna f\u00e5r du en komplett...","og_url":"https:\/\/abilica.com\/sv\/styrka\/abilica-powerslides\/","og_site_name":"Abilica","article_publisher":"https:\/\/www.facebook.com\/abilicahometraining\/","article_modified_time":"2023-10-16T19:37:24+00:00","og_image":[{"width":1200,"height":1200,"url":"https:\/\/abilica.com\/wp-content\/uploads\/2020\/09\/373590.jpg","type":"image\/jpeg"}],"twitter_card":"summary_large_image","twitter_misc":{"Ber\u00e4knad l\u00e4stid":"1 minut"},"schema":{"@context":"https:\/\/schema.org","@graph":[{"@type":"WebPage","@id":"https:\/\/abilica.com\/sv\/styrka\/abilica-powerslides\/","url":"https:\/\/abilica.com\/sv\/styrka\/abilica-powerslides\/","name":"Abilica PowerSlides Abilica","isPartOf":{"@id":"https:\/\/abilica.com\/#website"},"primaryImageOfPage":{"@id":"https:\/\/abilica.com\/sv\/styrka\/abilica-powerslides\/#primaryimage"},"image":{"@id":"https:\/\/abilica.com\/sv\/styrka\/abilica-powerslides\/#primaryimage"},"thumbnailUrl":"https:\/\/abilica.com\/wp-content\/uploads\/2020\/09\/373590.jpg","datePublished":"2020-09-29T09:45:51+00:00","dateModified":"2023-10-16T19:37:24+00:00","breadcrumb":{"@id":"https:\/\/abilica.com\/sv\/styrka\/abilica-powerslides\/#breadcrumb"},"inLanguage":"sv-SE","potentialAction":[{"@type":"ReadAction","target":["https:\/\/abilica.com\/sv\/styrka\/abilica-powerslides\/"]}]},{"@type":"ImageObject","inLanguage":"sv-SE","@id":"https:\/\/abilica.com\/sv\/styrka\/abilica-powerslides\/#primaryimage","url":"https:\/\/abilica.com\/wp-content\/uploads\/2020\/09\/373590.jpg","contentUrl":"https:\/\/abilica.com\/wp-content\/uploads\/2020\/09\/373590.jpg","width":1200,"height":1200},{"@type":"BreadcrumbList","@id":"https:\/\/abilica.com\/sv\/styrka\/abilica-powerslides\/#breadcrumb","itemListElement":[{"@type":"ListItem","position":1,"name":"Hem","item":"https:\/\/abilica.com\/sv\/"},{"@type":"ListItem","position":2,"name":"Produkter","item":"https:\/\/abilica.com\/sv\/shop\/"},{"@type":"ListItem","position":3,"name":"Abilica PowerSlides"}]},{"@type":"WebSite","@id":"https:\/\/abilica.com\/#website","url":"https:\/\/abilica.com\/","name":"Abilica","description":"Abilica Home Training","potentialAction":[{"@type":"SearchAction","target":{"@type":"EntryPoint","urlTemplate":"https:\/\/abilica.com\/?s={search_term_string}"},"query-input":{"@type":"PropertyValueSpecification","valueRequired":true,"valueName":"search_term_string"}}],"inLanguage":"sv-SE"}]}},"_links":{"self":[{"href":"https:\/\/abilica.com\/sv\/wp-json\/wp\/v2\/product\/27773","targetHints":{"allow":["GET"]}}],"collection":[{"href":"https:\/\/abilica.com\/sv\/wp-json\/wp\/v2\/product"}],"about":[{"href":"https:\/\/abilica.com\/sv\/wp-json\/wp\/v2\/types\/product"}],"wp:featuredmedia":[{"embeddable":true,"href":"https:\/\/abilica.com\/sv\/wp-json\/wp\/v2\/media\/27776"}],"wp:attachment":[{"href":"https:\/\/abilica.com\/sv\/wp-json\/wp\/v2\/media?parent=27773"}],"wp:term":[{"taxonomy":"product_brand","embeddable":true,"href":"https:\/\/abilica.com\/sv\/wp-json\/wp\/v2\/product_brand?post=27773"},{"taxonomy":"product_cat","embeddable":true,"href":"https:\/\/abilica.com\/sv\/wp-json\/wp\/v2\/product_cat?post=27773"},{"taxonomy":"product_tag","embeddable":true,"href":"https:\/\/abilica.com\/sv\/wp-json\/wp\/v2\/product_tag?post=27773"}],"curies":[{"name":"wp","href":"https:\/\/api.w.org\/{rel}","templated":true}]}}